{"id":82,"date":"2012-11-25T22:43:07","date_gmt":"2012-11-25T21:43:07","guid":{"rendered":"http:\/\/deutschamstrand.wordpress.com\/?page_id=82"},"modified":"2024-03-25T15:29:47","modified_gmt":"2024-03-25T15:29:47","slug":"audios","status":"publish","type":"page","link":"https:\/\/reflejarte.es\/DeutschamStrand\/es\/audios\/","title":{"rendered":"Aprender con audios: la importancia de la pronunciaci\u00f3n"},"content":{"rendered":"<p>&nbsp;<\/p>\n<p><span style='color: #fd6300;position: relative; top: -25px; bottom: -45px;'>\u00daltima actualizaci\u00f3n: 25\/03\/2024<\/span> <a href=\"https:\/\/reflejarte.es\/DeutschamStrand\/de\/audios\/\" target=\"_blank\" rel=\"noopener\"><img loading=\"lazy\" decoding=\"async\" class=\"alignright wp-image-3689 size-full\" title=\"leer en alem\u00e1n - auf Deutsch lesen\" src=\"https:\/\/reflejarte.es\/DeutschamStrand\/es\/wp-content\/uploads\/2021\/01\/auf-Deutsch-lesen.png\" alt=\"leer en alem\u00e1n - auf Deutsch lesen\" width=\"182\" height=\"31\" srcset=\"https:\/\/reflejarte.es\/DeutschamStrand\/es\/wp-content\/uploads\/2021\/01\/auf-Deutsch-lesen.png 182w, https:\/\/reflejarte.es\/DeutschamStrand\/es\/wp-content\/uploads\/2021\/01\/auf-Deutsch-lesen-150x26.png 150w\" sizes=\"auto, (max-width: 182px) 100vw, 182px\" \/><\/a><\/p>\n<p>&nbsp;<\/p>\n<h1 style=\"text-align: center;\">Audios para aprender alem\u00e1n<\/h1>\n<h4 style=\"text-align: center;\"><a href=\"https:\/\/reflejarte.es\/DeutschamStrand\/es\/kategorie-audio-liste-aller-beitraege\/\">Ir al LISTADO de AUDIOS de Deutsch am Strand<\/a><\/h4>\n<hr \/>\n<h2 style=\"text-align: center;\">\u00bfC\u00f3mo aprovechar bien los audios?<\/h2>\n<p><img loading=\"lazy\" decoding=\"async\" class=\"aligncenter wp-image-794 size-full\" title=\"escuchar audios para aprender alem\u00e1n\" src=\"https:\/\/reflejarte.es\/DeutschamStrand\/es\/wp-content\/uploads\/2017\/01\/hoeren.png\" alt=\"escuchar ficheros de audio\" width=\"300\" height=\"133\" \/><\/p>\n<p>Los audios no solo te sirven para que ir reconociendo palabras y comprendiendo frases. Tambi\u00e9n te van acostumbrando al sonido del idioma en general.<br \/>\nSi escuchas muchos audios, te costar\u00e1 cada vez menos esfuerzo reconocer determinados sonidos &#8216;extra\u00f1os&#8217;, y tambi\u00e9n te dar\u00e1s cuenta de que los sonidos &#8216;normales&#8217; en realidad no son los mismos que en tu idioma&#8230;<br \/>\nF\u00edjate bien e intenta imitar lo que oyes como si fueras un loro &#8211; as\u00ed conseguir\u00e1s grandes progresos.<\/p>\n<p>&nbsp;<\/p>\n<h3 style=\"text-align: center;\">Instrucciones b\u00e1sicas para aprovechar bien un audio<\/h3>\n<p><strong>Escucha el audio repetidas veces<\/strong>, e <strong>imita<\/strong> lo que <em><strong>oyes<\/strong><\/em>, hasta que te sepas todo<strong> de memoria<\/strong>. Cada vez que lo escuches, sigue fij\u00e1ndote en detalles. Hay MUCHO por descubrir.<\/p>\n<h1 style=\"text-align: center;\"><span style=\"color: #008000;\">Un consejo importante:<\/span><\/h1>\n<p><span style=\"color: #000000;\">Conviene que intentes<\/span><span style=\"color: #333333;\"><em><strong> entender<\/strong><\/em><\/span><span style=\"color: #008000;\"> \u00a0<span style=\"color: #ff0000;\"> &#8211; <\/span><strong><span style=\"color: #ff0000;\">e<\/span> <span style=\"color: #ff0000;\">imitar <\/span><\/strong><span style=\"color: #ff0000;\">&#8211;<\/span>\u00a0 <em><strong><span style=\"color: #333333;\">el audio<\/span><\/strong><\/em>\u00a0\u00a0 <strong><span style=\"color: #ff0000;\">antes<\/span> <span style=\"color: #ff0000;\">de leer<\/span><\/strong> <span style=\"color: #333333;\">la transcripci\u00f3n<\/span><\/span>: esto te permitir\u00e1\u00a0<strong><span style=\"color: #008000;\"> entrenar tu o\u00eddo<\/span><\/strong> a <strong><span style=\"color: #008000;\">captar el lenguaje hablado<\/span><\/strong> mejor y m\u00e1s r\u00e1pidamente.<\/p>\n<p>&nbsp;<\/p>\n<h3 style=\"text-align: center;\">La importancia de la pronunciaci\u00f3n<\/h3>\n<p><img loading=\"lazy\" decoding=\"async\" class=\"aligncenter wp-image-786 size-full\" title=\"sprechen - hablar: repite de memoria y f\u00edjate en la pronunciaci\u00f3n\" src=\"https:\/\/reflejarte.es\/DeutschamStrand\/es\/wp-content\/uploads\/2017\/03\/sprechen.png\" alt=\"sprechen - hablar: repite de memoria y f\u00edjate en la pronunciaci\u00f3n\" width=\"150\" height=\"141\" \/><\/p>\n<h3 style=\"text-align: center;\">\u00bfQu\u00e9 importancia tiene una buena pronunciaci\u00f3n y qu\u00e9 me impide conseguirla?<\/h3>\n<p>Tambi\u00e9n desde el punto de vista de la pronunciaci\u00f3n es <strong><span style=\"color: #008000;\">mejor<\/span> <\/strong>que <strong><span style=\"color: #008000;\"><span style=\"color: #ff0000;\">escuches<\/span> con atenci\u00f3n <span style=\"color: #ff0000;\">antes<\/span> <span style=\"color: #ff0000;\">de ver<\/span> las <span style=\"color: #ff0000;\">palabras escritas<\/span><\/span><\/strong> porque las <a href=\"https:\/\/reflejarte.es\/DeutschamStrand\/es\/orthographie-vs-aussprache-nuetzliche-informationen-zur-deutschen-rechtschreibung\/\" target=\"_blank\" rel=\"noopener\"><em><strong>peculiaridades<\/strong><\/em><\/a> de la <strong><em>ortograf\u00eda alemana distorsionar\u00e1n tu sensibilidad auditiva<\/em> <\/strong>incit\u00e1ndote a <strong>pronunciar letras<\/strong> <strong>que<\/strong> en realidad <em><strong><span style=\"color: #ff0000;\">no<\/span> se oyen<\/strong><\/em>!!!!<\/p>\n<p>&nbsp;<\/p>\n<h2 style=\"text-align: center;\">La entonaci\u00f3n<\/h2>\n<p>Otra cosa que muchas veces pasa desapercibida: \u00a1<strong>f\u00edjate<\/strong> tambi\u00e9n en la <strong>melod\u00eda de la frase<\/strong>!<br \/>\nEn cada idioma, <strong>las frases se <\/strong>\u00ab<strong>cantan<\/strong>\u00bb de otra manera. La <strong>melod\u00eda sube\u00a0<\/strong> y\u00a0<strong> baja<\/strong>.<\/p>\n<p>Y adem\u00e1s, en alem\u00e1n <strong>se enfatizan <\/strong>determinadas<strong> partes<\/strong> del discurso, dando m\u00e1s \u00e9nfasis a algunas <strong>palabras<\/strong> que son <strong>de especial importancia <\/strong>en ese<strong> momento<\/strong>.<\/p>\n<p>La <em>enfatizaci\u00f3n<\/em> de parte de una frase es una caracter\u00edstica t\u00edpica de las lenguas germ\u00e1nicas como el alem\u00e1n o el ingl\u00e9s. El idioma espa\u00f1ol no suele usar ese recurso: en vez de acentuar una palabra concreta, se utilizan construcciones sint\u00e1cticas que hacen destacar la parte del mensaje que interesa m\u00e1s. Por eso, los hispanohablantes no suelen darse cuenta del fen\u00f3meno; e incluso sabiendo que existe, les cuesta mucho captarlo realmente.<br \/>\nEs algo que tendr\u00e1s que practicar activamente.<\/p>\n<p>La <strong>entonaci\u00f3n<\/strong> (prosodia) es dif\u00edcil de detectar cuando, buscando comprender, te fijas sobre todo en las palabras.<br \/>\nAs\u00ed que <strong>aprovecha la primera audici\u00f3n<\/strong> -mientras todav\u00eda tengas problemas de captar el contenido- <em>a <strong>oir la melod\u00eda de la frase<\/strong> y a <strong>descubrir qu\u00e9 segmento se enfatiza m\u00e1s<\/strong><\/em>.<br \/>\nPensar\u00e1s que no es tan importante: pero<em><span style=\"color: #ff0000;\"> en realidad, la entonaci\u00f3n y acentuaci\u00f3n adecuadas son lo que convencen a tu interlocutor de que realmente SABES hablar el idioma<\/span><\/em>.<\/p>\n<h2 style=\"text-align: center;\">La importancia de la pronunciaci\u00f3n<\/h2>\n<p>No te lo vas a creer, pero es cierto:<br \/>\n<em><strong>Si consigues imitar bien la pronunciaci\u00f3n y la entonaci\u00f3n, \u00a1la gente no se da cuenta de tus errores gramaticales!<\/strong><\/em><br \/>\nEso ocurre en todos los idiomas: cuando lo que dices <em><strong>suena<\/strong><\/em> aut\u00e9ntico, a los nativos les resulta f\u00e1cil entenderte y les dificulta notar tus fallos &#8230;<\/p>\n<p>As\u00ed que procura vencer tu resistencia natural a adoptar una nueva forma de expresarte.<br \/>\nEs dif\u00edcil, sobre todo al principio, porque uno se IDENTIFICA con su acostumbrada manera de hablar.<\/p>\n<p><span style=\"color: #ff0000;\">Al adoptar una pronunciaci\u00f3n extra\u00f1a, te sientes rid\u00edculo, como si no fueras t\u00fa mism@.<\/span><br \/>\n<span style=\"color: #ff0000;\">Y es cierto: adoptando una forma diferente de expresarte, \u00a1<strong><em>a\u00f1ades<\/em><\/strong> una nueva personalidad a tus recursos personales!<\/span><br \/>\n<span style=\"color: #ff0000;\">Significa que aprender un nuevo idioma te brinda la oportunidad de adquirir nuevas facetas\u00a0 ADICIONALES, sin perder nada a cambio.<\/span><\/p>\n<p>Si te cuesta acostumbrarte a esa forma extra\u00f1a de hablar, utiliza el <em><strong>truco del actor<\/strong><\/em>: imag\u00ednate que est\u00e1s actuando en una escena teatral, haciendo como si fueras un personaje diferente, un &#8216;guiri&#8217; alem\u00e1n, por ejemplo.<br \/>\nJugando al teatro a ratos, t\u00fa, en tu papel de actor, te ir\u00e1s acostumbrando al acento &#8216;raro&#8217;. Y al cabo de alg\u00fan tiempo, ya no te parecer\u00e1 raro en absoluto, sino completamente natural para ese idioma.<br \/>\nPru\u00e9balo: funciona.<\/p>\n<p style=\"text-align: center;\"><img loading=\"lazy\" decoding=\"async\" class=\"size-full wp-image-788 aligncenter\" src=\"https:\/\/reflejarte.es\/DeutschamStrand\/es\/wp-content\/uploads\/2017\/03\/wiederholen.png\" alt=\"wiederholen \/ nachsprechen - repetir\/imitar\" width=\"151\" height=\"88\" \/> repetir \/imitar<\/p>\n<p>&nbsp;<\/p>\n<h3 style=\"text-align: center;\">Audios para memorizar estructuras gramaticales<\/h3>\n<p>Este enlace te lleva a la <em><strong>lista<\/strong> <\/em>de todos los\u00a0 <a title=\"ir a los archivos de audio de Deutsch am Strand - zu den H\u00f6rdateien\" href=\"https:\/\/reflejarte.es\/DeutschamStrand\/es\/kategorie-audio-liste-aller-beitraege\/\">AUDIOS de Deutsch am <\/a><a title=\"ir a los archivos de audio de Deutsch am Strand - zu den H\u00f6rdateien\" href=\"http:\/\/reflejarte.es\/DeutschamStrand\/es\/kategorie\/audio\/strukturen\/\">Strand.<br \/>\n<\/a>Aqu\u00ed encuentras conjugaciones, textos\u00a0 que te ayudan a automatizar estructuras sint\u00e1cticas, ejercicios de pronunciaci\u00f3n,\u00a0 &#8230;<br \/>\nY aqu\u00ed puedes <em><strong>ver<\/strong><\/em> todos los <strong><a href=\"https:\/\/reflejarte.es\/DeutschamStrand\/es\/kategorie\/audio-mp3\/\">posts con audios<\/a><\/strong>.<\/p>\n<h3 style=\"text-align: center;\">Canciones en alem\u00e1n<\/h3>\n<p>\u00bfTe gusta escuchar canciones y cantar? Cantando en alem\u00e1n aprender\u00e1s un mont\u00f3n.<br \/>\nApr\u00e9ndete las canciones de memoria, repiti\u00e9ndolas muchas veces: \u00a1\u00a1\u00a1podr\u00e1s usar las expresiones en muchas situaciones!!!!<br \/>\nEste enlace te lleva a las <a title=\"ir a los archivos de audio de Deutsch am Strand - zu den H\u00f6rdateien\" href=\"https:\/\/reflejarte.es\/DeutschamStrand\/es\/kategorie\/audio-mp3\/lieder-deutsch_canciones-en-aleman\/\">CANCIONES en\u00a0 mp3 de Deutsch am Strand<\/a><\/p>\n<p>&nbsp;<\/p>\n<p>&nbsp;<\/p>\n<p>&nbsp;<\/p>\n<p>&nbsp;<\/p>\n","protected":false},"excerpt":{"rendered":"<p>&nbsp; &nbsp; Audios para aprender alem\u00e1n Ir al LISTADO de AUDIOS de Deutsch am Strand \u00bfC\u00f3mo aprovechar bien los audios? Los audios no solo te sirven para que ir reconociendo palabras y comprendiendo frases. Tambi\u00e9n te van acostumbrando al sonido del idioma en general. Si escuchas muchos audios, te costar\u00e1&#8230;<\/p>\n<p> <a class=\"continue-reading-link\" href=\"https:\/\/reflejarte.es\/DeutschamStrand\/es\/audios\/\"><span>seguir leyendo &#8230;<\/span><i class=\"crycon-right-dir\"><\/i><\/a> <\/p>\n","protected":false},"author":2,"featured_media":794,"parent":0,"menu_order":3,"comment_status":"closed","ping_status":"closed","template":"","meta":{"footnotes":""},"class_list":["post-82","page","type-page","status-publish","has-post-thumbnail","hentry"],"_links":{"self":[{"href":"https:\/\/reflejarte.es\/DeutschamStrand\/es\/wp-json\/wp\/v2\/pages\/82","targetHints":{"allow":["GET"]}}],"collection":[{"href":"https:\/\/reflejarte.es\/DeutschamStrand\/es\/wp-json\/wp\/v2\/pages"}],"about":[{"href":"https:\/\/reflejarte.es\/DeutschamStrand\/es\/wp-json\/wp\/v2\/types\/page"}],"author":[{"embeddable":true,"href":"https:\/\/reflejarte.es\/DeutschamStrand\/es\/wp-json\/wp\/v2\/users\/2"}],"replies":[{"embeddable":true,"href":"https:\/\/reflejarte.es\/DeutschamStrand\/es\/wp-json\/wp\/v2\/comments?post=82"}],"version-history":[{"count":4,"href":"https:\/\/reflejarte.es\/DeutschamStrand\/es\/wp-json\/wp\/v2\/pages\/82\/revisions"}],"predecessor-version":[{"id":4534,"href":"https:\/\/reflejarte.es\/DeutschamStrand\/es\/wp-json\/wp\/v2\/pages\/82\/revisions\/4534"}],"wp:featuredmedia":[{"embeddable":true,"href":"https:\/\/reflejarte.es\/DeutschamStrand\/es\/wp-json\/wp\/v2\/media\/794"}],"wp:attachment":[{"href":"https:\/\/reflejarte.es\/DeutschamStrand\/es\/wp-json\/wp\/v2\/media?parent=82"}],"curies":[{"name":"wp","href":"https:\/\/api.w.org\/{rel}","templated":true}]}}