{"id":72,"date":"2016-10-20T17:53:25","date_gmt":"2016-10-20T15:53:25","guid":{"rendered":"http:\/\/deutschamstrand.wordpress.com\/?page_id=72"},"modified":"2024-03-24T16:09:12","modified_gmt":"2024-03-24T16:09:12","slug":"brettspiele","status":"publish","type":"page","link":"https:\/\/reflejarte.es\/DeutschamStrand\/es\/spiele\/brettspiele\/","title":{"rendered":"Aprender alem\u00e1n con juegos de mesa, cartas, memory, dados, domin\u00f3&#8230;"},"content":{"rendered":"<p>&nbsp;<\/p>\n<p><span style='color: #fd6300;position: relative; top: -25px; bottom: -45px;'>\u00daltima actualizaci\u00f3n: 24\/03\/2024<\/span> <a href=\"https:\/\/reflejarte.es\/DeutschamStrand\/de\/\/\" target=\"_blank\" rel=\"noopener\"><img loading=\"lazy\" decoding=\"async\" class=\"alignright wp-image-3689 size-full\" title=\"leer en alem\u00e1n - auf Deutsch lesen\" src=\"https:\/\/reflejarte.es\/DeutschamStrand\/es\/wp-content\/uploads\/2021\/01\/auf-Deutsch-lesen.png\" alt=\"leer en alem\u00e1n - auf Deutsch lesen\" width=\"182\" height=\"31\" srcset=\"https:\/\/reflejarte.es\/DeutschamStrand\/es\/wp-content\/uploads\/2021\/01\/auf-Deutsch-lesen.png 182w, https:\/\/reflejarte.es\/DeutschamStrand\/es\/wp-content\/uploads\/2021\/01\/auf-Deutsch-lesen-150x26.png 150w\" sizes=\"auto, (max-width: 182px) 100vw, 182px\" \/><\/a><\/p>\n<p>&nbsp;<\/p>\n<h1 style=\"text-align: center;\">Aprender alem\u00e1n con<br \/>\njuegos de mesa, cartas, memory, dados, domin\u00f3 etc.<\/h1>\n<p>&nbsp;<\/p>\n<h3>\u00bfTe gusta jugar?<img loading=\"lazy\" decoding=\"async\" class=\"wp-image-105 size-full alignleft\" style=\"border: 0 none;\" title=\"Auf Deutsch spielen mit Deutsch am Strand\" src=\"https:\/\/reflejarte.es\/DeutschamStrand\/es\/wp-content\/uploads\/2012\/11\/spielen.gif\" alt=\"Auf Deutsch spielen mit Deutsch am Strand\" width=\"150\" height=\"141\" \/><\/h3>\n<p>Aqu\u00ed encuentras juegos de mesa, de cartas y otros para practicar y aprender alem\u00e1n.<br \/>\nAl jugar con otros participantes necesitas hablar, y \u00a1hablando aprendes alem\u00e1n!<br \/>\nAs\u00ed de sencillo.\u00a0\u00a0 As\u00ed que \u00a1p\u00e1satelo bien jugando!<\/p>\n<p>&nbsp;<\/p>\n<h3><strong>\u00bfQu\u00e9 son los\u00a0 <span style=\"color: #ff9900;\">juegos de mesa<\/span><\/strong> (<span style=\"color: #ff9900;\"><span style=\"color: #339966;\">das Brettspiel,-e<\/span><\/span>)<strong>?\u00a0<\/strong><img loading=\"lazy\" decoding=\"async\" class=\"alignright wp-image-109 size-full\" style=\"border: 0 none;\" title=\"Das Mensch-\u00e4rgere-dich-nicht-Spiel \" src=\"https:\/\/reflejarte.es\/DeutschamStrand\/es\/wp-content\/uploads\/2012\/11\/menschc3a4regerdichnicht.jpg\" alt=\"Brettspiele zum Deutschlernen von Deutsch am Strand\" width=\"176\" height=\"176\" srcset=\"https:\/\/reflejarte.es\/DeutschamStrand\/es\/wp-content\/uploads\/2012\/11\/menschc3a4regerdichnicht.jpg 176w, https:\/\/reflejarte.es\/DeutschamStrand\/es\/wp-content\/uploads\/2012\/11\/menschc3a4regerdichnicht-150x150.jpg 150w\" sizes=\"auto, (max-width: 176px) 100vw, 176px\" \/><\/h3>\n<p>Est\u00e1is sentados en la mesa alrededor de un tablero de juego (<span style=\"color: #339966;\">das Spielbrett,-er<\/span>).<br \/>\nEch\u00e1is los dados y mov\u00e9is fichas (como p.ej. en el parch\u00eds).<\/p>\n<p>Tambi\u00e9n pueden ser juegos en los que est\u00e1is jugando alrededor de una mesa, con fichas, cartas, dados&#8230;<\/p>\n<p>&nbsp;<\/p>\n<p>Juegos de mesa<br \/>\n<ul class=\"lcp_catlist\" id=\"lcp_instance_0\"><li><a href=\"https:\/\/reflejarte.es\/DeutschamStrand\/es\/das-woerterspiel\/\">Das W\u00f6rterspiel: el Juego de las Palabras \u00b7 un juego de mesa muy vers\u00e1til<\/a><\/li><li><a href=\"https:\/\/reflejarte.es\/DeutschamStrand\/es\/memory-der-koerper-spielkarten-arbeitsblaetter-zum-ausdrucken_mi-cuerpo-en-aleman-fichas-imprimir\/\">Mi cuerpo  \u00b7  memory \/ juego de cartas  \u00b7  fichas para imprimir<\/a><\/li><\/ul><\/p>\n<p>Juegos de cartas<br \/>\n<ul class=\"lcp_catlist\" id=\"lcp_instance_0\"><li><a href=\"https:\/\/reflejarte.es\/DeutschamStrand\/es\/akkusativ-spielend-ueben-mit-bilderquartett-juego-de-cartas-con-imagenes-para-acusativo\/\">Juego de las familias \u00b7 Practicar el acusativo jugando a las cartas, con vocabulario b\u00e1sico en im\u00e1genes<\/a><\/li><li><a href=\"https:\/\/reflejarte.es\/DeutschamStrand\/es\/memory-der-koerper-spielkarten-arbeitsblaetter-zum-ausdrucken_mi-cuerpo-en-aleman-fichas-imprimir\/\">Mi cuerpo  \u00b7  memory \/ juego de cartas  \u00b7  fichas para imprimir<\/a><\/li><li><a href=\"https:\/\/reflejarte.es\/DeutschamStrand\/es\/der-laengste-satz-kartenspiel-deutsche-syntax-juego-de-cartas-sintaxis-alemana2\/\">\u00abLa frase m\u00e1s larga\u00bb \u00b7 Juego de cartas para descubrir las funciones sint\u00e1cticas<\/a><\/li><\/ul><\/p>\n<p>Jugar con dados<br \/>\n<ul class=\"lcp_catlist\" id=\"lcp_instance_0\"><li><a href=\"https:\/\/reflejarte.es\/DeutschamStrand\/es\/bilderwuerfel-kinderaktivitaeten-dado-didactico-actividades-infantiles\/\">Dado did\u00e1ctico, ilustrado con actividades infantiles b\u00e1sicas, para practicar estructuras verbales<\/a><\/li><li><a href=\"https:\/\/reflejarte.es\/DeutschamStrand\/es\/das-woerterspiel\/\">Das W\u00f6rterspiel: el Juego de las Palabras \u00b7 un juego de mesa muy vers\u00e1til<\/a><\/li><\/ul><\/p>\n<p><img loading=\"lazy\" decoding=\"async\" class=\"wp-image-102 size-full alignright\" title=\"W\u00fcrfel! Du bist dran! Brettspiele von Deutsch am Strand\" src=\"https:\/\/reflejarte.es\/DeutschamStrand\/es\/wp-content\/uploads\/2012\/11\/wc3bcrfel.jpg\" alt=\"Du bist dran mit W\u00fcrfeln ! Brettspiele von Deutsch am Strand\" width=\"150\" height=\"150\" \/><\/p>\n<p>Juegos de memory<br \/>\n<ul class=\"lcp_catlist\" id=\"lcp_instance_0\"><li><a href=\"https:\/\/reflejarte.es\/DeutschamStrand\/es\/anfaengerlied-das-ist-gross-und-das-ist-klein\/\">Canci\u00f3n din\u00e1mica gestos y juegos para principiantes \u00abDas ist gro\u00df und das ist klein\u00bb<\/a><\/li><li><a href=\"https:\/\/reflejarte.es\/DeutschamStrand\/es\/das-ist-trinken-das-ist-essen-didaktisches-lied-mit-gestik-cancion-didactica-con-gestos\/\">&#8216;Das ist trinken, das ist essen&#8217; &#8211; Canci\u00f3n did\u00e1ctica con gestos \u00b7 tem\u00e1tica COMIDA \u00b7 ficha de trabajo<\/a><\/li><li><a href=\"https:\/\/reflejarte.es\/DeutschamStrand\/es\/memory-der-koerper-spielkarten-arbeitsblaetter-zum-ausdrucken_mi-cuerpo-en-aleman-fichas-imprimir\/\">Mi cuerpo  \u00b7  memory \/ juego de cartas  \u00b7  fichas para imprimir<\/a><\/li><\/ul><\/p>\n<p>Juegos de domin\u00f3<br \/>\n<ul class=\"lcp_catlist\" id=\"lcp_instance_0\"><li><a href=\"https:\/\/reflejarte.es\/DeutschamStrand\/es\/das-wetter-dominospiel-a1-a2\/\">Das Wetter \u00b7 El tiempo en alem\u00e1n &#8211; juego de domin\u00f3 para imprimir  \u00b7 A1.3 \/ A2<\/a><\/li><\/ul><\/p>\n<p>Juegos din\u00e1micos<br \/>\n<ul class=\"lcp_catlist\" id=\"lcp_instance_0\"><li><a href=\"https:\/\/reflejarte.es\/DeutschamStrand\/es\/anfaengerlied-das-ist-gross-und-das-ist-klein\/\">Canci\u00f3n din\u00e1mica gestos y juegos para principiantes \u00abDas ist gro\u00df und das ist klein\u00bb<\/a><\/li><li><a href=\"https:\/\/reflejarte.es\/DeutschamStrand\/es\/der-quizsessel-kein-streit-bei-wettbewerben-el-sillon-del-turno-para-juegos-tipo-quiz\/\">El &#8216;sill\u00f3n del turno&#8217; para juegos de tipo quiz: concursos din\u00e1micos sin peleas<\/a><\/li><\/ul><\/p>\n<hr \/>\n<p>&nbsp;<\/p>\n","protected":false},"excerpt":{"rendered":"<p>&nbsp; &nbsp; Aprender alem\u00e1n con juegos de mesa, cartas, memory, dados, domin\u00f3 etc. &nbsp; \u00bfTe gusta jugar? Aqu\u00ed encuentras juegos de mesa, de cartas y otros para practicar y aprender alem\u00e1n. Al jugar con otros participantes necesitas hablar, y \u00a1hablando aprendes alem\u00e1n! As\u00ed de sencillo.\u00a0\u00a0 As\u00ed que \u00a1p\u00e1satelo bien jugando!&#8230;<\/p>\n<p> <a class=\"continue-reading-link\" href=\"https:\/\/reflejarte.es\/DeutschamStrand\/es\/spiele\/brettspiele\/\"><span>seguir leyendo &#8230;<\/span><i class=\"crycon-right-dir\"><\/i><\/a> <\/p>\n","protected":false},"author":2,"featured_media":105,"parent":56,"menu_order":0,"comment_status":"open","ping_status":"closed","template":"","meta":{"footnotes":""},"class_list":["post-72","page","type-page","status-publish","has-post-thumbnail","hentry"],"_links":{"self":[{"href":"https:\/\/reflejarte.es\/DeutschamStrand\/es\/wp-json\/wp\/v2\/pages\/72","targetHints":{"allow":["GET"]}}],"collection":[{"href":"https:\/\/reflejarte.es\/DeutschamStrand\/es\/wp-json\/wp\/v2\/pages"}],"about":[{"href":"https:\/\/reflejarte.es\/DeutschamStrand\/es\/wp-json\/wp\/v2\/types\/page"}],"author":[{"embeddable":true,"href":"https:\/\/reflejarte.es\/DeutschamStrand\/es\/wp-json\/wp\/v2\/users\/2"}],"replies":[{"embeddable":true,"href":"https:\/\/reflejarte.es\/DeutschamStrand\/es\/wp-json\/wp\/v2\/comments?post=72"}],"version-history":[{"count":10,"href":"https:\/\/reflejarte.es\/DeutschamStrand\/es\/wp-json\/wp\/v2\/pages\/72\/revisions"}],"predecessor-version":[{"id":4497,"href":"https:\/\/reflejarte.es\/DeutschamStrand\/es\/wp-json\/wp\/v2\/pages\/72\/revisions\/4497"}],"up":[{"embeddable":true,"href":"https:\/\/reflejarte.es\/DeutschamStrand\/es\/wp-json\/wp\/v2\/pages\/56"}],"wp:featuredmedia":[{"embeddable":true,"href":"https:\/\/reflejarte.es\/DeutschamStrand\/es\/wp-json\/wp\/v2\/media\/105"}],"wp:attachment":[{"href":"https:\/\/reflejarte.es\/DeutschamStrand\/es\/wp-json\/wp\/v2\/media?parent=72"}],"curies":[{"name":"wp","href":"https:\/\/api.w.org\/{rel}","templated":true}]}}