{"id":67,"date":"2012-11-25T17:44:25","date_gmt":"2012-11-25T16:44:25","guid":{"rendered":"http:\/\/deutschamstrand.wordpress.com\/?page_id=67"},"modified":"2024-03-24T13:06:32","modified_gmt":"2024-03-24T13:06:32","slug":"deutsch-lernen-aprender-aleman","status":"publish","type":"page","link":"https:\/\/reflejarte.es\/DeutschamStrand\/es\/deutsch-lernen-aprender-aleman\/","title":{"rendered":"Ejercicios para aprender alem\u00e1n"},"content":{"rendered":"<p>&nbsp;<\/p>\n<p><span style='color: #fd6300;position: relative; top: -25px; bottom: -45px;'>\u00daltima actualizaci\u00f3n: 24\/03\/2024<\/span> <a href=\"https:\/\/reflejarte.es\/DeutschamStrand\/de\/deutsch-lernen-aprender-aleman\/\" target=\"_blank\" rel=\"noopener\"><img loading=\"lazy\" decoding=\"async\" class=\"alignright wp-image-3689 size-full\" title=\"leer en alem\u00e1n - auf Deutsch lesen\" src=\"https:\/\/reflejarte.es\/DeutschamStrand\/es\/wp-content\/uploads\/2021\/01\/auf-Deutsch-lesen.png\" alt=\"leer en alem\u00e1n - auf Deutsch lesen\" width=\"182\" height=\"31\" srcset=\"https:\/\/reflejarte.es\/DeutschamStrand\/es\/wp-content\/uploads\/2021\/01\/auf-Deutsch-lesen.png 182w, https:\/\/reflejarte.es\/DeutschamStrand\/es\/wp-content\/uploads\/2021\/01\/auf-Deutsch-lesen-150x26.png 150w\" sizes=\"auto, (max-width: 182px) 100vw, 182px\" \/><\/a><\/p>\n<p>&nbsp;<\/p>\n<h1 style=\"text-align: center;\">Ejercicios para aprender alem\u00e1n<\/h1>\n<p style=\"text-align: center;\"><img loading=\"lazy\" decoding=\"async\" class=\"aligncenter\" style=\"border: 0 none;\" title=\"Eine Sprache ist ein buntes Puzzle! Puzzle spielen macht Spa\u00df!\" src=\"https:\/\/reflejarte.es\/DeutschamStrand\/es\/wp-content\/uploads\/2012\/11\/tangram_diagram.png?w=150\" alt=\"Eine Sprache ist ein buntes Puzzle! Puzzle spielen macht Spa\u00df!\" width=\"150\" height=\"150\" \/><\/p>\n<p style=\"text-align: center;\">Un idioma es un puzzle multicolor,<br \/>\nun puzzle con muchas piezas<br \/>\nque puedes combinar de diferentes formas<br \/>\npara expresar algo nuevo cada vez.<\/p>\n<p style=\"text-align: center;\">Experimentar con puzzles nuevos es divertido!<\/p>\n<p style=\"text-align: center;\">Aqu\u00ed encuentras ideas y una <a href=\"#ejercicios\">lista de ejercicios<\/a> para que te resulte m\u00e1s f\u00e1cil e interesante aprender alem\u00e1n.\u00a0 Porque aprender idiomas es fascinante.<\/p>\n<p style=\"text-align: center;\">Deutsch am Strand te propone ejercicios interactivos y fichas<br \/>\nde <strong>comunicaci\u00f3n hablada <\/strong>y<strong> escrita<\/strong>, de<strong> lectura<\/strong> y de <strong>comprensi\u00f3n<\/strong>,<br \/>\npara entrenarte hablando, leyendo, escribiendo, jugando&#8230;<br \/>\ncon muchas im\u00e1genes, canciones y con juegos.<br \/>\n\u00a1An\u00edmate y p\u00e1satelo bien!<\/p>\n<hr \/>\n<hr \/>\n<p><a name=\"ejercicios\"><\/a><\/p>\n<p>&nbsp;<\/p>\n<p style=\"text-align: center;\">Categor\u00eda\u00a0 EJERCICIOS:<\/p>\n<ul class=\"lcp_catlist\" id=\"lcp_instance_0\"><li><a href=\"https:\/\/reflejarte.es\/DeutschamStrand\/es\/trennbare-verben-schnelleinfuhrung_los-verbos-separables-en-aleman-introduccion-rapida\/\">Los verbos separables en alem\u00e1n: introducci\u00f3n r\u00e1pida e interactiva<\/a><\/li><li><a href=\"https:\/\/reflejarte.es\/DeutschamStrand\/es\/der-laengste-satz-kartenspiel-deutsche-syntax-juego-de-cartas-sintaxis-alemana2\/\">\u00abLa frase m\u00e1s larga\u00bb \u00b7 Juego de cartas para descubrir las funciones sint\u00e1cticas<\/a><\/li><li><a href=\"https:\/\/reflejarte.es\/DeutschamStrand\/es\/unterschiede-zwischen_zuerst_erst_nur_diferencia-explicada-con-ejemplos\/\">La part\u00edcula &#8216;erst&#8217; &#8211; usos y significados &#8211;  explicaci\u00f3n y ejemplos<\/a><\/li><li><a href=\"https:\/\/reflejarte.es\/DeutschamStrand\/es\/training-zur-fehlersuche-und-selbstkorrektur_ejercicio-interactivo-para-entrenar-la-autocorreccion\/\">\u00bfC\u00f3mo corregir mis textos? \u00b7 Ejercicio interactivo + ficha para entrenar la autocorrecci\u00f3n<\/a><\/li><li><a href=\"https:\/\/reflejarte.es\/DeutschamStrand\/es\/online-uebung-zu-wechselpraepositionen-a2_preposiciones-variables-ejercicio-interactivo-nivel-a2\/\">Vacaciones y actividades de ocio \u00b7 Ejercicio online de preposiciones variables (nivel A2)<\/a><\/li><li><a href=\"https:\/\/reflejarte.es\/DeutschamStrand\/es\/schultag-praesens-konjugieren-uebung_ejercicio-interactivo-dia-de-cole-conjugar-en-presente-aleman\/\">Describir el presente en alem\u00e1n  &#8211; ejercicio interactivo + ficha<\/a><\/li><li><a href=\"https:\/\/reflejarte.es\/DeutschamStrand\/es\/partizip-perfekt-onlineuebung_ejercicio-interactivo-participio-perfecto-aleman\/\">Contar el pasado: el pret\u00e9rito perfecto en alem\u00e1n  &#8211; ejercicio interactivo + ficha<\/a><\/li><li><a href=\"https:\/\/reflejarte.es\/DeutschamStrand\/es\/wo-wohin-uebung-wechselpraepositionen_interactiv_ejercicio-preposiciones-variables-aleman\/\">Wo? Wohin? \u00bfD\u00f3nde? o \u00bfHacia d\u00f3nde? \u00bfEst\u00e1tico o din\u00e1mico? Ejercicio interactivo de preposiciones variables<\/a><\/li><li><a href=\"https:\/\/reflejarte.es\/DeutschamStrand\/es\/uhrzeit-auf-deutsch-lern-quiz-interactivo-para-aprender-la-hora-en-aleman\/\">La HORA en alem\u00e1n, formal e informal.<br>Explicaci\u00f3n y ejercicios interactivos A1\/A2<\/a><\/li><li><a href=\"https:\/\/reflejarte.es\/DeutschamStrand\/es\/silbenraetsel-planetino2-l24-uebung5-alltagsverben_verbos-cotidianos-sopa-de-silabas-interactiva-a1\/\">Sopa de s\u00edlabas &#8211; Verbos de la vida cotidiana &#8211; ejercicio interactivo  &#8211; A1<\/a><\/li><li><a href=\"https:\/\/reflejarte.es\/DeutschamStrand\/es\/flashcard-vokabeltrainer-alltagsverben_planetino2-l24_verbos-vida-cotidiana-aleman\/\">Entrenador de vocabulario con im\u00e1genes: 10 verbos de la vida cotidiana en alem\u00e1n \u00b7 para Planetino2 L24 AB \u00dcbung 5<\/a><\/li><li><a href=\"https:\/\/reflejarte.es\/DeutschamStrand\/es\/koerperteile-vokabeltrainer-deutsch-el-cuerpo-en-aleman-quiz\/\">El cuerpo \u00b7 quiz \u00b7 3 entrenadores de vocabulario con im\u00e1genes+audio \u00b7 ejercicios interactivos<\/a><\/li><li><a href=\"https:\/\/reflejarte.es\/DeutschamStrand\/es\/wer-ist-das-personenraten-%c2%b7-interaktiver-quiz-a1\/\">Adivina \u00bfqui\u00e9n es? Comprender descripciones de personas \u00b7 Quiz interactivo, A1<\/a><\/li><li><a href=\"https:\/\/reflejarte.es\/DeutschamStrand\/es\/personenbeschreibung-lueckentext-uebung-a1-ejercicio-interactivo-partes-cuerpo-adjetivos-en-aleman\/\">Describir personas: partes del cuerpo y adjetivos \u00b7 Ejercicio interactivo de completar huecos, A1<\/a><\/li><li><a href=\"https:\/\/reflejarte.es\/DeutschamStrand\/es\/duerfen-koennen-oder-muessen-interaktive-uebung-zu-den-modalverben-im-deutschen\/\">\u00bfD\u00fcrfen, k\u00f6nnen o m\u00fcssen? &#8211; Ejercicio interactivo para entrenar los verbos modales del alem\u00e1n<\/a><\/li><li><a href=\"https:\/\/reflejarte.es\/DeutschamStrand\/es\/deutsch-zahlen-von-0-bis-1000-contar-en-aleman-mp3-audio\/\">WELT-REISEN \u00b7 Los n\u00fameros de 0 al 1000 \u00b7 audio mp3 + ejercicios interactivos<\/a><\/li><li><a href=\"https:\/\/reflejarte.es\/DeutschamStrand\/es\/a1-0-personalpronomen-in-bild-person-geste-farbe-ton-schrift-anfaenger-kinder\/\">ich, du, er, sie, es&#8230; <b>Los pronombres personales alemanes<\/b> \u00b7 Quiz con imagen (persona, gesto, color) + sonido + graf\u00eda<\/a><\/li><li><a href=\"https:\/\/reflejarte.es\/DeutschamStrand\/es\/konjugation-von-haben-und-sein\/\">Conjugar HABEN y SEIN en presente \u00b7 Ejemplos, audio mp3+transcripci\u00f3n<\/a><\/li><li><a href=\"https:\/\/reflejarte.es\/DeutschamStrand\/es\/uebung-verben-mit-stammvokalwechsel_ejercicio-verbos-alemanes-con-cambio-de-la-vocal-radical\/\">Ein Monster sieht Liebesfilme \u00b7 Verbos con cambios de la vocal radical \u00b7 ficha de trabajo \u00b7 ejercicio interactivo<\/a><\/li><li><a href=\"https:\/\/reflejarte.es\/DeutschamStrand\/es\/akkusativ-spielend-ueben-mit-bilderquartett-juego-de-cartas-con-imagenes-para-acusativo\/\">Juego de las familias \u00b7 Practicar el acusativo jugando a las cartas, con vocabulario b\u00e1sico en im\u00e1genes<\/a><\/li><li><a href=\"https:\/\/reflejarte.es\/DeutschamStrand\/es\/ratespiel-personen-beschreiben-farben-kleidung-quiz-describir-adjetivos-colores-vestimenta\/\">Quiz \u00bfQui\u00e9n es? <br>Juego de describir personas: colores y vestimenta A1 (+ declinaci\u00f3n de adjetivos A2 )<\/a><\/li><li><a href=\"https:\/\/reflejarte.es\/DeutschamStrand\/es\/welt-reisen-comic-audiovisual-zum-deutschlernen-para-aprender-aleman-lektion-2-im-reisebuero\/\">WELT-REISEN 2 \u00b7 C\u00d3MIC audiovisual para aprender alem\u00e1n<br>Lecci\u00f3n 2: Im Reiseb\u00fcro WELT-REISEN<\/a><\/li><li><a href=\"https:\/\/reflejarte.es\/DeutschamStrand\/es\/ein-fall-fuer-detektiv-ak-die-trennverben-im-deutschen-hauptsatz-arbeitsblatt-ficha\/\">Un caso para detective A.K. &#8211; los verbos separables en la oraci\u00f3n principal alemana<\/a><\/li><li><a href=\"https:\/\/reflejarte.es\/DeutschamStrand\/es\/das-wetter-dominospiel-a1-a2\/\">Das Wetter \u00b7 El tiempo en alem\u00e1n &#8211; juego de domin\u00f3 para imprimir  \u00b7 A1.3 \/ A2<\/a><\/li><li><a href=\"https:\/\/reflejarte.es\/DeutschamStrand\/es\/bilderwuerfel-kinderaktivitaeten-dado-didactico-actividades-infantiles\/\">Dado did\u00e1ctico, ilustrado con actividades infantiles b\u00e1sicas, para practicar estructuras verbales<\/a><\/li><li><a href=\"https:\/\/reflejarte.es\/DeutschamStrand\/es\/ein-fall-fuer-detektive-trennverbe-verbos-separables-en-aleman\/\">Un caso para detectives: los <strong>verbos separables<\/strong> del alem\u00e1n<\/a><\/li><li><a href=\"https:\/\/reflejarte.es\/DeutschamStrand\/es\/streiten-comic-prosodie-satzakzent\/\">Di\u00e1logo \u00abPelear\u00bb \u00b7 c\u00f3mic \u00abStreiten!?\u00bb (ejercicio de prosodia: palabras enfatizadas) \u00b7 ficha + audio<\/a><\/li><li><a href=\"https:\/\/reflejarte.es\/DeutschamStrand\/es\/didaktisches-lied-mit-gesten-basisstrukturen-cancion-gestos-conjugacion-melodie-haenschen-klein\/\">Canci\u00f3n infantil vers\u00e1til para practicar estructuras, con gestos \u00b7 Melod\u00eda de \u00abH\u00e4nschen klein\u00bb  fichas + audio<\/a><\/li><li><a href=\"https:\/\/reflejarte.es\/DeutschamStrand\/es\/wo-wohin-interaktive-uebung-zu-wechselpraepositionen\/\">Wo ? Wohin?  Ejercicio interactivo de las preposiciones variables en alem\u00e1n<\/a><\/li><li><a href=\"https:\/\/reflejarte.es\/DeutschamStrand\/es\/morgens-frueh-um-6-kommt-die-kleine-hex-%c2%b7-lied-%c2%b7-mp3\/\">Canci\u00f3n de la Brujita: Morgens fr\u00fch um sechs kommt die kleine Hex&#8217; \u00b7 mp3 \u00b7 fichas<\/a><\/li><\/ul>\n<p>&nbsp;<\/p>\n<p>&nbsp;<\/p>\n","protected":false},"excerpt":{"rendered":"<p>&nbsp; &nbsp; Ejercicios para aprender alem\u00e1n Un idioma es un puzzle multicolor, un puzzle con muchas piezas que puedes combinar de diferentes formas para expresar algo nuevo cada vez. Experimentar con puzzles nuevos es divertido! Aqu\u00ed encuentras ideas y una lista de ejercicios para que te resulte m\u00e1s f\u00e1cil e&#8230;<\/p>\n<p> <a class=\"continue-reading-link\" href=\"https:\/\/reflejarte.es\/DeutschamStrand\/es\/deutsch-lernen-aprender-aleman\/\"><span>seguir leyendo &#8230;<\/span><i class=\"crycon-right-dir\"><\/i><\/a> <\/p>\n","protected":false},"author":2,"featured_media":0,"parent":0,"menu_order":2,"comment_status":"open","ping_status":"open","template":"","meta":{"footnotes":""},"class_list":["post-67","page","type-page","status-publish","hentry"],"_links":{"self":[{"href":"https:\/\/reflejarte.es\/DeutschamStrand\/es\/wp-json\/wp\/v2\/pages\/67","targetHints":{"allow":["GET"]}}],"collection":[{"href":"https:\/\/reflejarte.es\/DeutschamStrand\/es\/wp-json\/wp\/v2\/pages"}],"about":[{"href":"https:\/\/reflejarte.es\/DeutschamStrand\/es\/wp-json\/wp\/v2\/types\/page"}],"author":[{"embeddable":true,"href":"https:\/\/reflejarte.es\/DeutschamStrand\/es\/wp-json\/wp\/v2\/users\/2"}],"replies":[{"embeddable":true,"href":"https:\/\/reflejarte.es\/DeutschamStrand\/es\/wp-json\/wp\/v2\/comments?post=67"}],"version-history":[{"count":2,"href":"https:\/\/reflejarte.es\/DeutschamStrand\/es\/wp-json\/wp\/v2\/pages\/67\/revisions"}],"predecessor-version":[{"id":4484,"href":"https:\/\/reflejarte.es\/DeutschamStrand\/es\/wp-json\/wp\/v2\/pages\/67\/revisions\/4484"}],"wp:attachment":[{"href":"https:\/\/reflejarte.es\/DeutschamStrand\/es\/wp-json\/wp\/v2\/media?parent=67"}],"curies":[{"name":"wp","href":"https:\/\/api.w.org\/{rel}","templated":true}]}}