{"id":56,"date":"2012-11-25T14:25:49","date_gmt":"2012-11-25T13:25:49","guid":{"rendered":"http:\/\/deutschamstrand.wordpress.com\/?page_id=56"},"modified":"2024-03-24T19:19:38","modified_gmt":"2024-03-24T19:19:38","slug":"spiele","status":"publish","type":"page","link":"https:\/\/reflejarte.es\/DeutschamStrand\/es\/spiele\/","title":{"rendered":"Juegos"},"content":{"rendered":"<p>&nbsp;<\/p>\n<p>&nbsp;<\/p>\n<p><span style='color: #fd6300;position: relative; top: -25px; bottom: -45px;'>\u00daltima actualizaci\u00f3n: 24\/03\/2024<\/span> <a href=\"https:\/\/reflejarte.es\/DeutschamStrand\/de\/spiele\/\" target=\"_blank\" rel=\"noopener\"><img loading=\"lazy\" decoding=\"async\" class=\"alignright wp-image-3689 size-full\" title=\"leer en alem\u00e1n - auf Deutsch lesen\" src=\"https:\/\/reflejarte.es\/DeutschamStrand\/es\/wp-content\/uploads\/2021\/01\/auf-Deutsch-lesen.png\" alt=\"leer en alem\u00e1n - auf Deutsch lesen\" width=\"182\" height=\"31\" srcset=\"https:\/\/reflejarte.es\/DeutschamStrand\/es\/wp-content\/uploads\/2021\/01\/auf-Deutsch-lesen.png 182w, https:\/\/reflejarte.es\/DeutschamStrand\/es\/wp-content\/uploads\/2021\/01\/auf-Deutsch-lesen-150x26.png 150w\" sizes=\"auto, (max-width: 182px) 100vw, 182px\" \/><\/a><\/p>\n<h1><\/h1>\n<h1 style=\"text-align: center;\">Juegos para aprender alem\u00e1n<\/h1>\n<h2 style=\"text-align: center;\">\u00bfTe gusta jugar?<\/h2>\n<h2><img loading=\"lazy\" decoding=\"async\" class=\"wp-image-42 alignleft\" title=\"Spielend Deutsch lernen f\u00fcr Kinder, mit Deutsch am Strand\" src=\"https:\/\/reflejarte.es\/DeutschamStrand\/es\/wp-content\/uploads\/2012\/11\/legohaus.png\" alt=\"Spielend Deutsch lernen f\u00fcr Kinder, mit Deutsch am Strand\" width=\"187\" height=\"151\" srcset=\"https:\/\/reflejarte.es\/DeutschamStrand\/es\/wp-content\/uploads\/2012\/11\/legohaus.png 350w, https:\/\/reflejarte.es\/DeutschamStrand\/es\/wp-content\/uploads\/2012\/11\/legohaus-300x242.png 300w\" sizes=\"auto, (max-width: 187px) 100vw, 187px\" \/><\/h2>\n<p>Aqu\u00ed encuentras juegos para aprender alem\u00e1n.<br \/>\nLo importante es que HABLES en ALEM\u00c1N mientras juegues, porque es <strong><em>hablando<\/em>\u00a0<\/strong> como entrenas tus habilidades <strong>en alem\u00e1n<\/strong>, practicando el vocabulario y usando las frases que se suelen decir en cada situaci\u00f3n.<\/p>\n<p style=\"text-align: right;\"><strong>\u00abWer ist dran?\u00bb &#8211; \u00abDu bist dran!\u00bb<br \/>\n<\/strong><em>\u00ab\u00bfA qui\u00e9n le toca? \u00bfQui\u00e9n se la queda?\u00bb &#8211; !\u00a1Te toca a t\u00ed!\u00bb<\/em><\/p>\n<p style=\"text-align: right;\">\u00a1As\u00ed de f\u00e1cil y divertido es practicar un idioma!<\/p>\n<p style=\"text-align: left;\"><span style=\"color: #ff0000;\">NOTA: Algunas entradas de las listas siguientes no SUENAN a juegos: solo te dicen la tem\u00e1tica que se trabaja con el juego correspondiente.<\/span><br \/>\n<span style=\"color: #ff0000;\">Tambi\u00e9n ver\u00e1s repeticiones: eso se debe a que los materiales propuestos sirven para diferentes tipos de juegos.<\/span><\/p>\n<p>&nbsp;<\/p>\n<hr \/>\n<p><img loading=\"lazy\" decoding=\"async\" class=\"wp-image-109 size-thumbnail alignleft\" src=\"https:\/\/reflejarte.es\/DeutschamStrand\/es\/wp-content\/uploads\/2012\/11\/menschc3a4regerdichnicht-150x150.jpg\" alt=\"Brettspiele zum Deutschlernen von Deutsch am Strand\" width=\"150\" height=\"150\" srcset=\"https:\/\/reflejarte.es\/DeutschamStrand\/es\/wp-content\/uploads\/2012\/11\/menschc3a4regerdichnicht-150x150.jpg 150w, https:\/\/reflejarte.es\/DeutschamStrand\/es\/wp-content\/uploads\/2012\/11\/menschc3a4regerdichnicht.jpg 176w\" sizes=\"auto, (max-width: 150px) 100vw, 150px\" \/><span style=\"text-decoration: underline;\"><strong>Brettspiele <\/strong><\/span>\u00a0\u00a0 =\u00a0 juegos de mesa (juegos de &#8216;tablero&#8217;).<br \/>\nEl tablero de juego es<strong><span style=\"color: #339966;\"> das Spielbrett,-er<\/span><\/strong>.<br \/>\nBrettspiele son juegos como por ejemplo el parch\u00eds, que en alem\u00e1n se llama \u00abMensch-\u00e4rgere-dich-nicht\u00bb, lo que significa \u00abHombre, no te enfades\u00bb.<br \/>\nSe juega echando dados (<strong>w\u00fcrfeln<\/strong>) y moviendo fichas (<strong><span style=\"color: #ff6600;\">Spielfigur,-<img loading=\"lazy\" decoding=\"async\" class=\"alignright wp-image-102\" src=\"https:\/\/reflejarte.es\/DeutschamStrand\/es\/wp-content\/uploads\/2012\/11\/wc3bcrfel-150x150.jpg\" alt=\"Du bist dran mit W\u00fcrfeln ! Brettspiele von Deutsch am Strand\" width=\"84\" height=\"84\" \/>en<\/span><\/strong>).<br \/>\n<ul class=\"lcp_catlist\" id=\"lcp_instance_0\"><li><a href=\"https:\/\/reflejarte.es\/DeutschamStrand\/es\/das-woerterspiel\/\">Das W\u00f6rterspiel: el Juego de las Palabras \u00b7 un juego de mesa muy vers\u00e1til<\/a><\/li><li><a href=\"https:\/\/reflejarte.es\/DeutschamStrand\/es\/memory-der-koerper-spielkarten-arbeitsblaetter-zum-ausdrucken_mi-cuerpo-en-aleman-fichas-imprimir\/\">Mi cuerpo  \u00b7  memory \/ juego de cartas  \u00b7  fichas para imprimir<\/a><\/li><li><a href=\"https:\/\/reflejarte.es\/DeutschamStrand\/es\/partizip-perfekt-onlineuebung_ejercicio-interactivo-participio-perfecto-aleman\/\">Contar el pasado: el pret\u00e9rito perfecto en alem\u00e1n  &#8211; ejercicio interactivo + ficha<\/a><\/li><li><a href=\"https:\/\/reflejarte.es\/DeutschamStrand\/es\/schultag-praesens-konjugieren-uebung_ejercicio-interactivo-dia-de-cole-conjugar-en-presente-aleman\/\">Describir el presente en alem\u00e1n  &#8211; ejercicio interactivo + ficha<\/a><\/li><li><a href=\"https:\/\/reflejarte.es\/DeutschamStrand\/es\/der-laengste-satz-kartenspiel-deutsche-syntax-juego-de-cartas-sintaxis-alemana2\/\">\u00abLa frase m\u00e1s larga\u00bb \u00b7 Juego de cartas para descubrir las funciones sint\u00e1cticas<\/a><\/li><\/ul><br \/>\n<ul class=\"lcp_catlist\" id=\"lcp_instance_0\"><li><a href=\"https:\/\/reflejarte.es\/DeutschamStrand\/es\/bilderwuerfel-kinderaktivitaeten-dado-didactico-actividades-infantiles\/\">Dado did\u00e1ctico, ilustrado con actividades infantiles b\u00e1sicas, para practicar estructuras verbales<\/a><\/li><\/ul><\/p>\n<p>&nbsp;<\/p>\n<hr \/>\n<p><img loading=\"lazy\" decoding=\"async\" class=\"alignleft wp-image-2331 \" src=\"https:\/\/reflejarte.es\/DeutschamStrand\/es\/wp-content\/uploads\/2020\/02\/Bilderquartett-Akkusativ1-213x300.jpg\" alt=\"Bilderquartett \u00b7 Akkusativ \u00fcben 1\" width=\"131\" height=\"185\" srcset=\"https:\/\/reflejarte.es\/DeutschamStrand\/es\/wp-content\/uploads\/2020\/02\/Bilderquartett-Akkusativ1-213x300.jpg 213w, https:\/\/reflejarte.es\/DeutschamStrand\/es\/wp-content\/uploads\/2020\/02\/Bilderquartett-Akkusativ1-107x150.jpg 107w, https:\/\/reflejarte.es\/DeutschamStrand\/es\/wp-content\/uploads\/2020\/02\/Bilderquartett-Akkusativ1.jpg 300w\" sizes=\"auto, (max-width: 131px) 100vw, 131px\" \/><\/p>\n<p><strong>Kartenspiele und Memoryspiele <\/strong>= juegos de cartas y de memory<\/p>\n<p>\u00bfQui\u00e9n junta m\u00e1s cartas?<br \/>\nLos juegos de cartas te piden repetir muchas veces las mismas palabras y estructuras. Eso es muy bueno para practicar estructuras gramaticales\u00a0 y memorizar todo tipo de vocabulario.<br \/>\nIncluso te pueden servir para comprender mejor algunos fen\u00f3menos gramaticales (formaci\u00f3n del plural, uso del acusativo, cuestiones sint\u00e1cticas&#8230;)<\/p>\n<p>Naipes<br \/>\n<ul class=\"lcp_catlist\" id=\"lcp_instance_0\"><li><a href=\"https:\/\/reflejarte.es\/DeutschamStrand\/es\/akkusativ-spielend-ueben-mit-bilderquartett-juego-de-cartas-con-imagenes-para-acusativo\/\">Juego de las familias \u00b7 Practicar el acusativo jugando a las cartas, con vocabulario b\u00e1sico en im\u00e1genes<\/a><\/li><li><a href=\"https:\/\/reflejarte.es\/DeutschamStrand\/es\/memory-der-koerper-spielkarten-arbeitsblaetter-zum-ausdrucken_mi-cuerpo-en-aleman-fichas-imprimir\/\">Mi cuerpo  \u00b7  memory \/ juego de cartas  \u00b7  fichas para imprimir<\/a><\/li><li><a href=\"https:\/\/reflejarte.es\/DeutschamStrand\/es\/der-laengste-satz-kartenspiel-deutsche-syntax-juego-de-cartas-sintaxis-alemana2\/\">\u00abLa frase m\u00e1s larga\u00bb \u00b7 Juego de cartas para descubrir las funciones sint\u00e1cticas<\/a><\/li><\/ul><br \/>\nMemory<br \/>\n<ul class=\"lcp_catlist\" id=\"lcp_instance_0\"><li><a href=\"https:\/\/reflejarte.es\/DeutschamStrand\/es\/anfaengerlied-das-ist-gross-und-das-ist-klein\/\">Canci\u00f3n din\u00e1mica gestos y juegos para principiantes \u00abDas ist gro\u00df und das ist klein\u00bb<\/a><\/li><li><a href=\"https:\/\/reflejarte.es\/DeutschamStrand\/es\/das-ist-trinken-das-ist-essen-didaktisches-lied-mit-gestik-cancion-didactica-con-gestos\/\">&#8216;Das ist trinken, das ist essen&#8217; &#8211; Canci\u00f3n did\u00e1ctica con gestos \u00b7 tem\u00e1tica COMIDA \u00b7 ficha de trabajo<\/a><\/li><li><a href=\"https:\/\/reflejarte.es\/DeutschamStrand\/es\/memory-der-koerper-spielkarten-arbeitsblaetter-zum-ausdrucken_mi-cuerpo-en-aleman-fichas-imprimir\/\">Mi cuerpo  \u00b7  memory \/ juego de cartas  \u00b7  fichas para imprimir<\/a><\/li><\/ul><\/p>\n<hr \/>\n<p>&nbsp;<\/p>\n<p><img loading=\"lazy\" decoding=\"async\" class=\"alignleft size-medium wp-image-2272\" src=\"https:\/\/reflejarte.es\/DeutschamStrand\/es\/wp-content\/uploads\/2020\/01\/Didacflash-Akkusativ-vs-Nominativ1-DeutschamStrand-300x206.jpg\" alt=\"Didacflash-Gruppenspiel: Akkusativ vs Nominativ 1 \u00b7 DeutschamStrand\" width=\"300\" height=\"206\" srcset=\"https:\/\/reflejarte.es\/DeutschamStrand\/es\/wp-content\/uploads\/2020\/01\/Didacflash-Akkusativ-vs-Nominativ1-DeutschamStrand-300x206.jpg 300w, https:\/\/reflejarte.es\/DeutschamStrand\/es\/wp-content\/uploads\/2020\/01\/Didacflash-Akkusativ-vs-Nominativ1-DeutschamStrand-768x527.jpg 768w, https:\/\/reflejarte.es\/DeutschamStrand\/es\/wp-content\/uploads\/2020\/01\/Didacflash-Akkusativ-vs-Nominativ1-DeutschamStrand-150x103.jpg 150w, https:\/\/reflejarte.es\/DeutschamStrand\/es\/wp-content\/uploads\/2020\/01\/Didacflash-Akkusativ-vs-Nominativ1-DeutschamStrand.jpg 800w\" sizes=\"auto, (max-width: 300px) 100vw, 300px\" \/><\/p>\n<p><strong>Ratespiele<\/strong> =\u00a0 juegos de adivinanzas \/ quiz<\/p>\n<p>En estos juegos hay que adivinar (<strong>raten<\/strong>) cu\u00e1l es la soluci\u00f3n (<strong><span style=\"color: #ff6600;\">die L\u00f6sung,-en<\/span><\/strong>)\u00a0 de una enigma o problema (<strong><span style=\"color: #339966;\">R\u00e4tsel,-<\/span><\/strong>) planteado por uno de los jugadores.<br \/>\nEstos juegos suelen usar unas f\u00f3rmulas fijas que hay que repetir una y otra vez.<br \/>\nRepetir muchas veces lo mismo es muy bueno para recordarlo bien.<\/p>\n<ul class=\"lcp_catlist\" id=\"lcp_instance_0\"><li><a href=\"https:\/\/reflejarte.es\/DeutschamStrand\/es\/anfaengerlied-das-ist-gross-und-das-ist-klein\/\">Canci\u00f3n din\u00e1mica gestos y juegos para principiantes \u00abDas ist gro\u00df und das ist klein\u00bb<\/a><\/li><li><a href=\"https:\/\/reflejarte.es\/DeutschamStrand\/es\/der-quizsessel-kein-streit-bei-wettbewerben-el-sillon-del-turno-para-juegos-tipo-quiz\/\">El &#8216;sill\u00f3n del turno&#8217; para juegos de tipo quiz: concursos din\u00e1micos sin peleas<\/a><\/li><li><a href=\"https:\/\/reflejarte.es\/DeutschamStrand\/es\/das-wetter-dominospiel-a1-a2\/\">Das Wetter \u00b7 El tiempo en alem\u00e1n &#8211; juego de domin\u00f3 para imprimir  \u00b7 A1.3 \/ A2<\/a><\/li><li><a href=\"https:\/\/reflejarte.es\/DeutschamStrand\/es\/ein-fall-fuer-detektiv-ak-die-trennverben-im-deutschen-hauptsatz-arbeitsblatt-ficha\/\">Un caso para detective A.K. &#8211; los verbos separables en la oraci\u00f3n principal alemana<\/a><\/li><li><a href=\"https:\/\/reflejarte.es\/DeutschamStrand\/es\/ratespiel-personen-beschreiben-farben-kleidung-quiz-describir-adjetivos-colores-vestimenta\/\">Quiz \u00bfQui\u00e9n es? <br>Juego de describir personas: colores y vestimenta A1 (+ declinaci\u00f3n de adjetivos A2 )<\/a><\/li><li><a href=\"https:\/\/reflejarte.es\/DeutschamStrand\/es\/memory-der-koerper-spielkarten-arbeitsblaetter-zum-ausdrucken_mi-cuerpo-en-aleman-fichas-imprimir\/\">Mi cuerpo  \u00b7  memory \/ juego de cartas  \u00b7  fichas para imprimir<\/a><\/li><li><a href=\"https:\/\/reflejarte.es\/DeutschamStrand\/es\/koerperteile-vokabeltrainer-deutsch-el-cuerpo-en-aleman-quiz\/\">El cuerpo \u00b7 quiz \u00b7 3 entrenadores de vocabulario con im\u00e1genes+audio \u00b7 ejercicios interactivos<\/a><\/li><li><a href=\"https:\/\/reflejarte.es\/DeutschamStrand\/es\/uhrzeit-auf-deutsch-lern-quiz-interactivo-para-aprender-la-hora-en-aleman\/\">La HORA en alem\u00e1n, formal e informal.<br>Explicaci\u00f3n y ejercicios interactivos A1\/A2<\/a><\/li><\/ul>\n<hr \/>\n<p><strong><img loading=\"lazy\" decoding=\"async\" class=\"alignleft wp-image-542\" src=\"https:\/\/reflejarte.es\/DeutschamStrand\/es\/wp-content\/uploads\/2017\/01\/3a-300x202.jpg\" alt=\"Streiten\" width=\"149\" height=\"100\" srcset=\"https:\/\/reflejarte.es\/DeutschamStrand\/es\/wp-content\/uploads\/2017\/01\/3a-300x202.jpg 300w, https:\/\/reflejarte.es\/DeutschamStrand\/es\/wp-content\/uploads\/2017\/01\/3a.jpg 328w\" sizes=\"auto, (max-width: 149px) 100vw, 149px\" \/><a href=\"https:\/\/reflejarte.es\/DeutschamStrand\/es\/streiten-comic-prosodie-satzakzent\/\">Rollenspiele<\/a><\/strong>\u00a0 =\u00a0 juegos de rol.<br \/>\nOs invent\u00e1is una situaci\u00f3n o actividad, por ejemplo\u00a0 &#8216;Einkaufen &#8211; Hacer la compra&#8217;:<br \/>\nUno de vosotros hace de vendedor (der <strong><span style=\"color: #0000ff;\">Verk\u00e4ufer,-<\/span><\/strong>) y los dem\u00e1s son los clientes (der <strong><span style=\"color: #0000ff;\">Kunde,-n<\/span><\/strong>).\u00a0 Los clientes quieren comprar algo (<strong><span style=\"color: #99cc00;\">etwas<\/span> kaufen<\/strong>).\u00a0 Preguntan por\u00a0 lo que cuestan las cosas (\u00abWie viel kostet das?\u00bb) y pagan con dinero de juguete (das <strong><span style=\"color: #339966;\">Spielgeld<\/span><\/strong>) que pod\u00e9is hacer vosotros mismos.<\/p>\n<p>En los <em><strong>juegos de rol<\/strong> <\/em>suelen escenificarse unos di\u00e1logos adecuados para una situaci\u00f3n concreta de la vida real, dialoguitos en los que se introducen peque\u00f1as variaciones.<br \/>\nLos juegos de rol son muy apropiados para recordar frases \u00fatiles y para <em><strong>trabajar la pronunciaci\u00f3n<\/strong><\/em>: f\u00edjate en el modelo e imita la forma de hablar, de &#8216;cantar&#8217; las frases, de enfatizar determinadas palabras&#8230; Imag\u00ednate que no eres t\u00fa quien dice las frases: m\u00e9tete en el rol del personaje propuesto, no tengas miedo al rid\u00edculo, asume otra personalidad! Es as\u00ed como consigues \u00a1<em><strong>hablar como un nativo<\/strong><\/em>!<\/p>\n<ul class=\"lcp_catlist\" id=\"lcp_instance_0\"><li><a href=\"https:\/\/reflejarte.es\/DeutschamStrand\/es\/streiten-comic-prosodie-satzakzent\/\">Di\u00e1logo \u00abPelear\u00bb \u00b7 c\u00f3mic \u00abStreiten!?\u00bb (ejercicio de prosodia: palabras enfatizadas) \u00b7 ficha + audio<\/a><\/li><\/ul>\n<hr \/>\n<p><strong><img loading=\"lazy\" decoding=\"async\" class=\"alignleft wp-image-333 \" src=\"https:\/\/reflejarte.es\/DeutschamStrand\/es\/wp-content\/uploads\/2013\/09\/pantomimelied-221x300.gif\" alt=\"Das Pantomime-Lied\" width=\"136\" height=\"185\" \/> Bewegungsspiele = Juegos din\u00e1micos<\/strong><\/p>\n<p>Os mov\u00e9is o hac\u00e9is gestos mientras cant\u00e1is, o hac\u00e9is las pantomimas correspondientes a los textos que otros deben adivinar&#8230;<br \/>\nEs divertido y os ayuda a memorizar muchas cosas usando los diferentes sentidos.<\/p>\n<p><ul class=\"lcp_catlist\" id=\"lcp_instance_0\"><li><a href=\"https:\/\/reflejarte.es\/DeutschamStrand\/es\/anfaengerlied-das-ist-gross-und-das-ist-klein\/\">Canci\u00f3n din\u00e1mica gestos y juegos para principiantes \u00abDas ist gro\u00df und das ist klein\u00bb<\/a><\/li><li><a href=\"https:\/\/reflejarte.es\/DeutschamStrand\/es\/der-quizsessel-kein-streit-bei-wettbewerben-el-sillon-del-turno-para-juegos-tipo-quiz\/\">El &#8216;sill\u00f3n del turno&#8217; para juegos de tipo quiz: concursos din\u00e1micos sin peleas<\/a><\/li><\/ul><br \/>\n<ul class=\"lcp_catlist\" id=\"lcp_instance_0\"><li><a href=\"https:\/\/reflejarte.es\/DeutschamStrand\/es\/das-pantomime-lied-%c2%b7-mp3\/\">Canci\u00f3n con pantomima \u00b7 mp3 (Cantar con gestos para practicar conjugaciones)<\/a><\/li><li><a href=\"https:\/\/reflejarte.es\/DeutschamStrand\/es\/anfaengerlied-das-ist-gross-und-das-ist-klein\/\">Canci\u00f3n din\u00e1mica gestos y juegos para principiantes \u00abDas ist gro\u00df und das ist klein\u00bb<\/a><\/li><li><a href=\"https:\/\/reflejarte.es\/DeutschamStrand\/es\/didaktisches-lied-mit-gesten-basisstrukturen-cancion-gestos-conjugacion-melodie-haenschen-klein\/\">Canci\u00f3n infantil vers\u00e1til para practicar estructuras, con gestos \u00b7 Melod\u00eda de \u00abH\u00e4nschen klein\u00bb  fichas + audio<\/a><\/li><li><a href=\"https:\/\/reflejarte.es\/DeutschamStrand\/es\/das-ist-trinken-das-ist-essen-didaktisches-lied-mit-gestik-cancion-didactica-con-gestos\/\">&#8216;Das ist trinken, das ist essen&#8217; &#8211; Canci\u00f3n did\u00e1ctica con gestos \u00b7 tem\u00e1tica COMIDA \u00b7 ficha de trabajo<\/a><\/li><li><a href=\"https:\/\/reflejarte.es\/DeutschamStrand\/es\/auge-auge-nase-mund-wir-malen-ein-maennchen\/\">Auge, Auge, Nase, Mund &#8230; Ojo, ojo, nariz, boca&#8230;  Pintamos un mu\u00f1eco (vocabulario: partes del cuerpo)<\/a><\/li><li><a href=\"https:\/\/reflejarte.es\/DeutschamStrand\/es\/kinderlied-zum-tagesablauf-aufstehen-duschen-kleider-anziehen-ich-kann-alles-schon-allein\/\">Canci\u00f3n infantil DaF sobre rutinas diarias &#8216;Aufstehen, duschen, Kleider anziehen&#8230; Ich kann alles schon allein&#8217;<\/a><\/li><li><a href=\"https:\/\/reflejarte.es\/DeutschamStrand\/es\/wechsel-praepositionen-deutsch-in-bild-text-gestik_preposiciones-variables-aleman-en-imagen-gestos-texto\/\">Las preposiciones variables del alem\u00e1n, explicadas en im\u00e1genes, textos y gestos<\/a><\/li><\/ul><\/p>\n<p>&nbsp;<\/p>\n<hr \/>\n<p><img loading=\"lazy\" decoding=\"async\" class=\"alignleft wp-image-169 size-thumbnail\" src=\"https:\/\/reflejarte.es\/DeutschamStrand\/es\/wp-content\/uploads\/2012\/11\/kreuzwortrc3a4tsel-150x150.jpg\" alt=\"Kreuzwortr\u00e4tsel\" width=\"150\" height=\"150\" \/><\/p>\n<p><span style=\"text-decoration: underline;\"><strong><a title=\"R\u00e4tsel zum Deutschlernen\" href=\"https:\/\/reflejarte.es\/DeutschamStrand\/es\/spiele\/raetsel-ratespiele-quizspiele-juegos-de-quiz-y-adivinanzas\/\">R\u00e4tsel<\/a><\/strong><\/span>\u00a0 =\u00a0 Adivinanzas, acertijos, rompecabezas<\/p>\n<p>Aqu\u00ed encuentras <a href=\"https:\/\/reflejarte.es\/DeutschamStrand\/es\/spiele\/raetsel-ratespiele-quizspiele-juegos-de-quiz-y-adivinanzas\/\">crucigramas<\/a> (das <strong><span style=\"color: #339966;\">Kreuzwortr\u00e4tsel,-<\/span><\/strong>) y otros rompecabezas con palabras\u00a0 para un solo jugador o varios contrincantes.<\/p>\n<ul class=\"lcp_catlist\" id=\"lcp_instance_0\"><li><a href=\"https:\/\/reflejarte.es\/DeutschamStrand\/es\/anfaengerlied-das-ist-gross-und-das-ist-klein\/\">Canci\u00f3n din\u00e1mica gestos y juegos para principiantes \u00abDas ist gro\u00df und das ist klein\u00bb<\/a><\/li><li><a href=\"https:\/\/reflejarte.es\/DeutschamStrand\/es\/der-quizsessel-kein-streit-bei-wettbewerben-el-sillon-del-turno-para-juegos-tipo-quiz\/\">El &#8216;sill\u00f3n del turno&#8217; para juegos de tipo quiz: concursos din\u00e1micos sin peleas<\/a><\/li><li><a href=\"https:\/\/reflejarte.es\/DeutschamStrand\/es\/das-wetter-dominospiel-a1-a2\/\">Das Wetter \u00b7 El tiempo en alem\u00e1n &#8211; juego de domin\u00f3 para imprimir  \u00b7 A1.3 \/ A2<\/a><\/li><li><a href=\"https:\/\/reflejarte.es\/DeutschamStrand\/es\/ein-fall-fuer-detektiv-ak-die-trennverben-im-deutschen-hauptsatz-arbeitsblatt-ficha\/\">Un caso para detective A.K. &#8211; los verbos separables en la oraci\u00f3n principal alemana<\/a><\/li><li><a href=\"https:\/\/reflejarte.es\/DeutschamStrand\/es\/ratespiel-personen-beschreiben-farben-kleidung-quiz-describir-adjetivos-colores-vestimenta\/\">Quiz \u00bfQui\u00e9n es? <br>Juego de describir personas: colores y vestimenta A1 (+ declinaci\u00f3n de adjetivos A2 )<\/a><\/li><li><a href=\"https:\/\/reflejarte.es\/DeutschamStrand\/es\/memory-der-koerper-spielkarten-arbeitsblaetter-zum-ausdrucken_mi-cuerpo-en-aleman-fichas-imprimir\/\">Mi cuerpo  \u00b7  memory \/ juego de cartas  \u00b7  fichas para imprimir<\/a><\/li><li><a href=\"https:\/\/reflejarte.es\/DeutschamStrand\/es\/koerperteile-vokabeltrainer-deutsch-el-cuerpo-en-aleman-quiz\/\">El cuerpo \u00b7 quiz \u00b7 3 entrenadores de vocabulario con im\u00e1genes+audio \u00b7 ejercicios interactivos<\/a><\/li><li><a href=\"https:\/\/reflejarte.es\/DeutschamStrand\/es\/uhrzeit-auf-deutsch-lern-quiz-interactivo-para-aprender-la-hora-en-aleman\/\">La HORA en alem\u00e1n, formal e informal.<br>Explicaci\u00f3n y ejercicios interactivos A1\/A2<\/a><\/li><\/ul>\n<hr \/>\n<h2 style=\"text-align: center;\">TODOS LOS JUEGOS<\/h2>\n<p style=\"text-align: center;\">Juegos din\u00e1micos \u00b7 juegos de mesa \u00b7 juegos de domin\u00f3<br \/>\njuegos de cartas \u00b7 memory \u00b7 adivinanzas \u00b7 juegos de rol \u00b7 jugar con dados<\/p>\n<ul class=\"lcp_catlist\" id=\"lcp_instance_0\"><li><a href=\"https:\/\/reflejarte.es\/DeutschamStrand\/es\/bauer-hans-hat-einen-hof-old-mac-donald-has-a-farm\/\">La canci\u00f3n de la granja: Bauer Hans hat einen Hof  + mp3<\/a><\/li><li><a href=\"https:\/\/reflejarte.es\/DeutschamStrand\/es\/bilderwuerfel-kinderaktivitaeten-dado-didactico-actividades-infantiles\/\">Dado did\u00e1ctico, ilustrado con actividades infantiles b\u00e1sicas, para practicar estructuras verbales<\/a><\/li><li><a href=\"https:\/\/reflejarte.es\/DeutschamStrand\/es\/das-woerterspiel\/\">Das W\u00f6rterspiel: el Juego de las Palabras \u00b7 un juego de mesa muy vers\u00e1til<\/a><\/li><li><a href=\"https:\/\/reflejarte.es\/DeutschamStrand\/es\/ratespiel-personen-beschreiben-farben-kleidung-quiz-describir-adjetivos-colores-vestimenta\/\">Quiz \u00bfQui\u00e9n es? <br>Juego de describir personas: colores y vestimenta A1 (+ declinaci\u00f3n de adjetivos A2 )<\/a><\/li><li><a href=\"https:\/\/reflejarte.es\/DeutschamStrand\/es\/akkusativ-spielend-ueben-mit-bilderquartett-juego-de-cartas-con-imagenes-para-acusativo\/\">Juego de las familias \u00b7 Practicar el acusativo jugando a las cartas, con vocabulario b\u00e1sico en im\u00e1genes<\/a><\/li><li><a href=\"https:\/\/reflejarte.es\/DeutschamStrand\/es\/koerperteile-vokabeltrainer-deutsch-el-cuerpo-en-aleman-quiz\/\">El cuerpo \u00b7 quiz \u00b7 3 entrenadores de vocabulario con im\u00e1genes+audio \u00b7 ejercicios interactivos<\/a><\/li><li><a href=\"https:\/\/reflejarte.es\/DeutschamStrand\/es\/partizip-perfekt-onlineuebung_ejercicio-interactivo-participio-perfecto-aleman\/\">Contar el pasado: el pret\u00e9rito perfecto en alem\u00e1n  &#8211; ejercicio interactivo + ficha<\/a><\/li><li><a href=\"https:\/\/reflejarte.es\/DeutschamStrand\/es\/schultag-praesens-konjugieren-uebung_ejercicio-interactivo-dia-de-cole-conjugar-en-presente-aleman\/\">Describir el presente en alem\u00e1n  &#8211; ejercicio interactivo + ficha<\/a><\/li><li><a href=\"https:\/\/reflejarte.es\/DeutschamStrand\/es\/der-laengste-satz-kartenspiel-deutsche-syntax-juego-de-cartas-sintaxis-alemana2\/\">\u00abLa frase m\u00e1s larga\u00bb \u00b7 Juego de cartas para descubrir las funciones sint\u00e1cticas<\/a><\/li><\/ul>\n","protected":false},"excerpt":{"rendered":"<p>&nbsp; &nbsp; Juegos para aprender alem\u00e1n \u00bfTe gusta jugar? Aqu\u00ed encuentras juegos para aprender alem\u00e1n. Lo importante es que HABLES en ALEM\u00c1N mientras juegues, porque es hablando\u00a0 como entrenas tus habilidades en alem\u00e1n, practicando el vocabulario y usando las frases que se suelen decir en cada situaci\u00f3n. \u00abWer ist dran?\u00bb&#8230;<\/p>\n<p> <a class=\"continue-reading-link\" href=\"https:\/\/reflejarte.es\/DeutschamStrand\/es\/spiele\/\"><span>seguir leyendo &#8230;<\/span><i class=\"crycon-right-dir\"><\/i><\/a> <\/p>\n","protected":false},"author":2,"featured_media":0,"parent":0,"menu_order":1,"comment_status":"open","ping_status":"closed","template":"","meta":{"footnotes":""},"class_list":["post-56","page","type-page","status-publish","hentry"],"_links":{"self":[{"href":"https:\/\/reflejarte.es\/DeutschamStrand\/es\/wp-json\/wp\/v2\/pages\/56","targetHints":{"allow":["GET"]}}],"collection":[{"href":"https:\/\/reflejarte.es\/DeutschamStrand\/es\/wp-json\/wp\/v2\/pages"}],"about":[{"href":"https:\/\/reflejarte.es\/DeutschamStrand\/es\/wp-json\/wp\/v2\/types\/page"}],"author":[{"embeddable":true,"href":"https:\/\/reflejarte.es\/DeutschamStrand\/es\/wp-json\/wp\/v2\/users\/2"}],"replies":[{"embeddable":true,"href":"https:\/\/reflejarte.es\/DeutschamStrand\/es\/wp-json\/wp\/v2\/comments?post=56"}],"version-history":[{"count":8,"href":"https:\/\/reflejarte.es\/DeutschamStrand\/es\/wp-json\/wp\/v2\/pages\/56\/revisions"}],"predecessor-version":[{"id":4506,"href":"https:\/\/reflejarte.es\/DeutschamStrand\/es\/wp-json\/wp\/v2\/pages\/56\/revisions\/4506"}],"wp:attachment":[{"href":"https:\/\/reflejarte.es\/DeutschamStrand\/es\/wp-json\/wp\/v2\/media?parent=56"}],"curies":[{"name":"wp","href":"https:\/\/api.w.org\/{rel}","templated":true}]}}