{"id":5,"date":"2012-11-21T09:52:57","date_gmt":"2012-11-21T08:52:57","guid":{"rendered":"http:\/\/deutschamstrand.wordpress.com\/?page_id=2"},"modified":"2023-05-16T18:36:24","modified_gmt":"2023-05-16T18:36:24","slug":"blog-fuer-deutschschueler","status":"publish","type":"page","link":"https:\/\/reflejarte.es\/DeutschamStrand\/es\/blog-fuer-deutschschueler\/","title":{"rendered":"Sch\u00fclerblog \u00b7 blog de alem\u00e1n"},"content":{"rendered":"<p><a href=\"https:\/\/reflejarte.es\/DeutschamStrand\/de\/blog-fuer-deutschschueler\/\" target=\"_blank\" rel=\"noopener\"><img loading=\"lazy\" decoding=\"async\" class=\"alignright wp-image-3689 size-full\" title=\"leer en alem\u00e1n - auf Deutsch lesen\" src=\"https:\/\/reflejarte.es\/DeutschamStrand\/es\/wp-content\/uploads\/2021\/01\/auf-Deutsch-lesen.png\" alt=\"leer en alem\u00e1n - auf Deutsch lesen\" width=\"182\" height=\"31\" srcset=\"https:\/\/reflejarte.es\/DeutschamStrand\/es\/wp-content\/uploads\/2021\/01\/auf-Deutsch-lesen.png 182w, https:\/\/reflejarte.es\/DeutschamStrand\/es\/wp-content\/uploads\/2021\/01\/auf-Deutsch-lesen-150x26.png 150w\" sizes=\"auto, (max-width: 182px) 100vw, 182px\" \/><\/a><\/p>\n<p>&nbsp;<\/p>\n<h1 style=\"text-align: center;\">Sch\u00fclerblog \u00b7 blog de alem\u00e1n<\/h1>\n<p>&nbsp;<\/p>\n<p style=\"text-align: left;\"><a href=\"https:\/\/www.laplayaidiomas.com\/\" target=\"_blank\" rel=\"noopener\"><img loading=\"lazy\" decoding=\"async\" class=\"wp-image-20 alignleft\" style=\"margin-left: 10px; border: 0px none; margin-top: 0px; margin-bottom: 10px;\" title=\"Deutsch am Strand von La Cala del Moral\" src=\"https:\/\/reflejarte.es\/DeutschamStrand\/es\/wp-content\/uploads\/2012\/11\/deutschamstrand.gif?w=300\" alt=\"Wir lernen Deutsch bei LA PLAYA IDIOMAS\" width=\"545\" height=\"150\" \/><\/a>DEUTSCH AM STRAND<br \/>\nist der<br \/>\n<span style=\"color: #ff6600;\">Blog f\u00fcr Deutsch<\/span><br \/>\nbei LA PLAYA IDIOMAS.<\/p>\n<p>Lernst du auch Deutsch?<\/p>\n<p style=\"text-align: left;\">Hier schreiben wir Texte und Kommentare \u00fcber Hobbys, Schule, Freizeit, Fu\u00dfball, Musik, Geschichte, La Cala del Moral, M\u00e1laga, Andalusien, Spanien, Deutschland, Europa und den Rest der Welt&#8230;<br \/>\nWir erz\u00e4hlen Geschichten, machen Foto-Stories und Comics, erfinden Spiele und l\u00f6sen R\u00e4tsel &#8230;<br \/>\nWer sind WIR?<br \/>\nHier pr\u00e4sentieren wir uns!<\/p>\n<div id=\"attachment_38\" style=\"width: 235px\" class=\"wp-caption alignleft\"><img loading=\"lazy\" decoding=\"async\" aria-describedby=\"caption-attachment-38\" class=\"wp-image-38 size-medium\" title=\"LA PLAYA: hier lernen wir Deutsch\" src=\"https:\/\/reflejarte.es\/DeutschamStrand\/es\/wp-content\/uploads\/2012\/11\/la-playa-el-mar-img_2914-225x300.jpg\" alt=\"LA PLAYA: hier lernen wir Deutsch\" width=\"225\" height=\"300\" srcset=\"https:\/\/reflejarte.es\/DeutschamStrand\/es\/wp-content\/uploads\/2012\/11\/la-playa-el-mar-img_2914-225x300.jpg 225w, https:\/\/reflejarte.es\/DeutschamStrand\/es\/wp-content\/uploads\/2012\/11\/la-playa-el-mar-img_2914.jpg 300w\" sizes=\"auto, (max-width: 225px) 100vw, 225px\" \/><p id=\"caption-attachment-38\" class=\"wp-caption-text\">LA PLAYA: hier lernen wir Deutsch<\/p><\/div>\n<p>Hallo! Wir sind Deutsch-Sch\u00fcler aus Andalusien.<br \/>\nWir\u00a0sind in La Cala del Moral,\u00a0in M\u00e1laga.<br \/>\nUnsere Schule \u00a0hei\u00dft LA PLAYA.<br \/>\nWir sind\u00a0 <span style=\"color: #339966;\"><span style=\"color: #000000;\">der<\/span> Deutschkurs f\u00fcr Jugendliche.<\/span><br \/>\nWir schreiben \u00fcber Hobbys:<br \/>\nFu\u00dfball, Geschichte, Surfen, Reiten, Videospiele, B\u00fccher, La Cala, M\u00e1laga, Musik, &#8230;<br \/>\nWie sind wir? Lies die Kommentare:<\/p>\n<p>&nbsp;<\/p>\n<p style=\"text-align: center;\">F\u00fcr deinen Kommentar:<br \/>\n<strong>deutsche Buchstaben zum Kopieren!<\/strong><br \/>\n\u00e4 \u00f6 \u00fc \u00c4 \u00d6 \u00dc \u00df<\/p>\n","protected":false},"excerpt":{"rendered":"<p>&nbsp; Sch\u00fclerblog \u00b7 blog de alem\u00e1n &nbsp; DEUTSCH AM STRAND ist der Blog f\u00fcr Deutsch bei LA PLAYA IDIOMAS. Lernst du auch Deutsch? Hier schreiben wir Texte und Kommentare \u00fcber Hobbys, Schule, Freizeit, Fu\u00dfball, Musik, Geschichte, La Cala del Moral, M\u00e1laga, Andalusien, Spanien, Deutschland, Europa und den Rest der Welt&#8230;&#8230;<\/p>\n<p> <a class=\"continue-reading-link\" href=\"https:\/\/reflejarte.es\/DeutschamStrand\/es\/blog-fuer-deutschschueler\/\"><span>seguir leyendo &#8230;<\/span><i class=\"crycon-right-dir\"><\/i><\/a> <\/p>\n","protected":false},"author":2,"featured_media":0,"parent":0,"menu_order":0,"comment_status":"open","ping_status":"closed","template":"","meta":{"footnotes":""},"class_list":["post-5","page","type-page","status-publish","hentry"],"_links":{"self":[{"href":"https:\/\/reflejarte.es\/DeutschamStrand\/es\/wp-json\/wp\/v2\/pages\/5","targetHints":{"allow":["GET"]}}],"collection":[{"href":"https:\/\/reflejarte.es\/DeutschamStrand\/es\/wp-json\/wp\/v2\/pages"}],"about":[{"href":"https:\/\/reflejarte.es\/DeutschamStrand\/es\/wp-json\/wp\/v2\/types\/page"}],"author":[{"embeddable":true,"href":"https:\/\/reflejarte.es\/DeutschamStrand\/es\/wp-json\/wp\/v2\/users\/2"}],"replies":[{"embeddable":true,"href":"https:\/\/reflejarte.es\/DeutschamStrand\/es\/wp-json\/wp\/v2\/comments?post=5"}],"version-history":[{"count":0,"href":"https:\/\/reflejarte.es\/DeutschamStrand\/es\/wp-json\/wp\/v2\/pages\/5\/revisions"}],"wp:attachment":[{"href":"https:\/\/reflejarte.es\/DeutschamStrand\/es\/wp-json\/wp\/v2\/media?parent=5"}],"curies":[{"name":"wp","href":"https:\/\/api.w.org\/{rel}","templated":true}]}}