{"id":396,"date":"2016-10-10T09:08:36","date_gmt":"2016-10-10T07:08:36","guid":{"rendered":"https:\/\/deutschamstrand.wordpress.com\/?page_id=396"},"modified":"2024-03-29T12:42:18","modified_gmt":"2024-03-29T12:42:18","slug":"lehren","status":"publish","type":"page","link":"https:\/\/reflejarte.es\/DeutschamStrand\/es\/lehren\/","title":{"rendered":"Ense\u00f1ar"},"content":{"rendered":"<p><a href=\"https:\/\/reflejarte.es\/DeutschamStrand\/de\/lehren\/\" target=\"_blank\" rel=\"noopener\"><img loading=\"lazy\" decoding=\"async\" class=\"alignleft wp-image-3689 size-full\" title=\"leer en alem\u00e1n - auf Deutsch lesen\" src=\"https:\/\/reflejarte.es\/DeutschamStrand\/es\/wp-content\/uploads\/2021\/01\/auf-Deutsch-lesen.png\" alt=\"leer en alem\u00e1n - auf Deutsch lesen\" width=\"182\" height=\"31\" srcset=\"https:\/\/reflejarte.es\/DeutschamStrand\/es\/wp-content\/uploads\/2021\/01\/auf-Deutsch-lesen.png 182w, https:\/\/reflejarte.es\/DeutschamStrand\/es\/wp-content\/uploads\/2021\/01\/auf-Deutsch-lesen-150x26.png 150w\" sizes=\"auto, (max-width: 182px) 100vw, 182px\" \/><\/a><\/p>\n<p>&nbsp;<\/p>\n<h1 style=\"text-align: center;\">Ense\u00f1ar alem\u00e1n con Deutsch am Strand<\/h1>\n<h3 style=\"text-align: center;\">y c\u00f3mo entendemos la cuesti\u00f3n de los g\u00e9neros<\/h3>\n<p>&nbsp;<\/p>\n<p>\u00a1Hola, profesores<strong>*<\/strong> de alem\u00e1n!\u00a0 Hallo Deutschlehrer<strong>*<\/strong>!<\/p>\n<p>En <strong>Deutsch am Strand<\/strong> encontr\u00e1is materiales did\u00e1cticos de<span style=\"color: #ff6600;\"> reflejArte.es <\/span>para la ense\u00f1anza DaF &#8211; Alem\u00e1n como lengua extranjera: canciones &#8211; populares y otras- didactizadas, con audios y material gr\u00e1fico, juegos para la clase de alem\u00e1n,explicaciones, reflexiones, ejercicios y mucho m\u00e1s, en especial para las edades de preescolar y juvenil<\/p>\n<p>Pod\u00e9is usar los materiales libremente para vuestras clases, descargarlos y hacer copias (se ruega incluir la referencia a <span style=\"color: #ff6600;\">reflejarte.es\/DeutschamStrand\/<\/span>).<br \/>\nNo se permite el uso comercial de nuestros contenidos ni su publicaci\u00f3n en otras p\u00e1ginas web sin la expresa autorizaci\u00f3n escrita de <a href=\"https:\/\/reflejarte.es\/DeutschamStrand\/de\/kontakt\/\" target=\"_blank\" rel=\"noopener\"><span style=\"color: #ff6600;\">reflejarte.es<\/span><\/a>.<\/p>\n<p>Espero que os sirva. <img loading=\"lazy\" decoding=\"async\" class=\"wp-image-397 alignleft\" src=\"https:\/\/reflejarte.es\/DeutschamStrand\/es\/wp-content\/uploads\/2016\/10\/jovenw-233x300.jpg\" alt=\"Marie Wohlfeil - P\u00e9rez , Deutsch am Strand @ reflejArte.es\" width=\"66\" height=\"85\" srcset=\"https:\/\/reflejarte.es\/DeutschamStrand\/es\/wp-content\/uploads\/2016\/10\/jovenw-233x300.jpg 233w, https:\/\/reflejarte.es\/DeutschamStrand\/es\/wp-content\/uploads\/2016\/10\/jovenw.jpg 536w\" sizes=\"auto, (max-width: 66px) 100vw, 66px\" \/><\/p>\n<p>Marie<\/p>\n<p>&nbsp;<\/p>\n<p><strong>*<\/strong>Pod\u00e9is leer estas denominaciones generales como m\u00e1s os guste: Deutschlehrerinnen und Deutschlehrer, Deutschlehrer und Deutschlehrerinnen, Deutschlehrer\/innen, DeutschlehrerInnen, Deutschlehrer:innen, profesor@s, profesorxs, docentes, profes, profesoras y profesores,\u00a0 &#8230;<\/p>\n<p><em>Opino que las mujeres de hoy no necesitamos <\/em><em>que se nos discrimine positivamente ni que se inventen <\/em><em>formas ling\u00fc\u00edsticas &#8216;pol\u00edticamente correctas&#8217; para dirigirse a nosotras.<br \/>\nPienso que ya queda suficientemente demostrado que somos personas con identidad, valor y derecho propios. En eso ayudaron mucho los movimientos feministas, muy necesarios y \u00fatiles en la primera mitad del siglo XX.<\/em><\/p>\n<p><em>Pero ya va siendo hora de que dejemos atr\u00e1s los rencores hist\u00f3ricos: emancip\u00e9monos del apoyo institucional y trabajemos juntos en favor de una <strong>relaci\u00f3n equilibrada y constructiva entre los g\u00e9neros<\/strong>.<\/em><\/p>\n<p><em>Esa buena cooperaci\u00f3n<\/em><em> entre iguales<\/em><em>, no creo que vayamos a conseguirla <\/em><em>discriminando y frustrando al g\u00e9nero que antes ten\u00eda prerrogativas, y aplicando medidas legales compensatorias.\u00a0 A la larga,\u00a0 resultar\u00e1 contraproducente.<\/em><\/p>\n<p><em>Y visto que las mujeres ya sabemos lo que valemos, podemos dejar de lado las acrobacias ling\u00fc\u00edsticas cuando nos dirigimos a ambos g\u00e9neros a la vez: estas f\u00f3rmulas del lenguaje ya han cumplido con su misi\u00f3n de despertar la conciencia del gran p\u00fablico;\u00a0 avancemos ahora hacia la <strong>igualdad de fondo<\/strong>,\u00a0 sin rizar el rizo como <\/em>\u00abportavozas\u00bb <em>&#8230;<br \/>\n<\/em><\/p>\n<p>Por eso, y para aumentar la legibilidad de los textos, empleamos a menudo las denominaciones (gramaticalmente) masculinas (tanto en plural como en singular), entendi\u00e9ndolas como expresiones neutras:\u00a0 que cada <span style=\"text-decoration: underline;\">persona<\/span> (<em>\u00bf\u00bfdeber\u00edan los hombres sentirse discriminados al aplicarseles este sustantivo femenino??<\/em>), que cada uno lea o pronuncie\u00a0 <strong>el profe<\/strong>, <strong>el ni\u00f1o<\/strong>, <strong>los alumnos<\/strong> como m\u00e1s le guste en cada caso.<\/p>\n","protected":false},"excerpt":{"rendered":"<p>&nbsp; Ense\u00f1ar alem\u00e1n con Deutsch am Strand y c\u00f3mo entendemos la cuesti\u00f3n de los g\u00e9neros &nbsp; \u00a1Hola, profesores* de alem\u00e1n!\u00a0 Hallo Deutschlehrer*! En Deutsch am Strand encontr\u00e1is materiales did\u00e1cticos de reflejArte.es para la ense\u00f1anza DaF &#8211; Alem\u00e1n como lengua extranjera: canciones &#8211; populares y otras- didactizadas, con audios y material&#8230;<\/p>\n<p> <a class=\"continue-reading-link\" href=\"https:\/\/reflejarte.es\/DeutschamStrand\/es\/lehren\/\"><span>seguir leyendo &#8230;<\/span><i class=\"crycon-right-dir\"><\/i><\/a> <\/p>\n","protected":false},"author":2,"featured_media":397,"parent":0,"menu_order":0,"comment_status":"open","ping_status":"closed","template":"","meta":{"footnotes":""},"class_list":["post-396","page","type-page","status-publish","has-post-thumbnail","hentry"],"_links":{"self":[{"href":"https:\/\/reflejarte.es\/DeutschamStrand\/es\/wp-json\/wp\/v2\/pages\/396","targetHints":{"allow":["GET"]}}],"collection":[{"href":"https:\/\/reflejarte.es\/DeutschamStrand\/es\/wp-json\/wp\/v2\/pages"}],"about":[{"href":"https:\/\/reflejarte.es\/DeutschamStrand\/es\/wp-json\/wp\/v2\/types\/page"}],"author":[{"embeddable":true,"href":"https:\/\/reflejarte.es\/DeutschamStrand\/es\/wp-json\/wp\/v2\/users\/2"}],"replies":[{"embeddable":true,"href":"https:\/\/reflejarte.es\/DeutschamStrand\/es\/wp-json\/wp\/v2\/comments?post=396"}],"version-history":[{"count":2,"href":"https:\/\/reflejarte.es\/DeutschamStrand\/es\/wp-json\/wp\/v2\/pages\/396\/revisions"}],"predecessor-version":[{"id":4563,"href":"https:\/\/reflejarte.es\/DeutschamStrand\/es\/wp-json\/wp\/v2\/pages\/396\/revisions\/4563"}],"wp:featuredmedia":[{"embeddable":true,"href":"https:\/\/reflejarte.es\/DeutschamStrand\/es\/wp-json\/wp\/v2\/media\/397"}],"wp:attachment":[{"href":"https:\/\/reflejarte.es\/DeutschamStrand\/es\/wp-json\/wp\/v2\/media?parent=396"}],"curies":[{"name":"wp","href":"https:\/\/api.w.org\/{rel}","templated":true}]}}