{"id":383,"date":"2016-10-09T21:59:56","date_gmt":"2016-10-09T19:59:56","guid":{"rendered":"https:\/\/deutschamstrand.wordpress.com\/?page_id=383"},"modified":"2023-05-19T09:18:31","modified_gmt":"2023-05-19T09:18:31","slug":"bildmaterial-fuer-den-daf-kurs","status":"publish","type":"page","link":"https:\/\/reflejarte.es\/DeutschamStrand\/es\/deutsch-lernen-aprender-aleman\/bildmaterial-fuer-den-daf-kurs\/","title":{"rendered":"Materiales gr\u00e1ficos para la ense\u00f1anza de alem\u00e1n"},"content":{"rendered":"<p><a href=\"https:\/\/reflejarte.es\/DeutschamStrand\/de\/deutsch-lernen-aprender-aleman\/bildmaterial-fuer-den-daf-kurs\/\" target=\"_blank\" rel=\"noopener\"><img loading=\"lazy\" decoding=\"async\" class=\"alignleft wp-image-3689 size-full\" title=\"leer en alem\u00e1n - auf Deutsch lesen\" src=\"https:\/\/reflejarte.es\/DeutschamStrand\/es\/wp-content\/uploads\/2021\/01\/auf-Deutsch-lesen.png\" alt=\"leer en alem\u00e1n - auf Deutsch lesen\" width=\"182\" height=\"31\" srcset=\"https:\/\/reflejarte.es\/DeutschamStrand\/es\/wp-content\/uploads\/2021\/01\/auf-Deutsch-lesen.png 182w, https:\/\/reflejarte.es\/DeutschamStrand\/es\/wp-content\/uploads\/2021\/01\/auf-Deutsch-lesen-150x26.png 150w\" sizes=\"auto, (max-width: 182px) 100vw, 182px\" \/><\/a><\/p>\n<p>&nbsp;<\/p>\n<h1 style=\"text-align: center;\">Material gr\u00e1fico para la ense\u00f1anza de alem\u00e1n<\/h1>\n<h6><\/h6>\n<h6><a href=\"https:\/\/reflejarte.es\/DeutschamStrand\/es\/wp-content\/uploads\/2016\/10\/kurs-sprache_verben.jpg\"><img loading=\"lazy\" decoding=\"async\" class=\"aligncenter wp-image-387\" title=\"DaF Kurssprache: illustrierte Verben f\u00fcr den Deutschunterricht - h\u00f6ren, schreiben, lesen, sprechen, wiederholen, betrachten, beschreiben, fragen, antworten, verstehen, spielen\" src=\"https:\/\/reflejarte.es\/DeutschamStrand\/es\/wp-content\/uploads\/2016\/10\/kurs-sprache_verben.jpg\" alt=\"DaF Kurssprache: illustrierte Verben f\u00fcr den Deutschunterricht - h\u00f6ren, schreiben, lesen, sprechen, wiederholen, betrachten, beschreiben, fragen, antworten, verstehen, spielen\" width=\"477\" height=\"643\" srcset=\"https:\/\/reflejarte.es\/DeutschamStrand\/es\/wp-content\/uploads\/2016\/10\/kurs-sprache_verben.jpg 400w, https:\/\/reflejarte.es\/DeutschamStrand\/es\/wp-content\/uploads\/2016\/10\/kurs-sprache_verben-223x300.jpg 223w\" sizes=\"auto, (max-width: 477px) 100vw, 477px\" \/><\/a><\/h6>\n<h6 style=\"text-align: center;\">Cartel DaF para colgar en clase, con verbos alemanes \u00fatiles para el curso de inmersi\u00f3n:<br \/>\nh\u00f6ren (escuchar), schreiben (escribir), lesen (leer), sprechen (hablar), wiederholen (repetir), betrachten (mirar), beschreiben (describir), fragen (preguntar), antworten (contestar), verstehen (comprender), spielen (jugar)<\/h6>\n<h3 style=\"text-align: center;\"><strong>Un cartel ilustrando el vocabulario de la clase<br \/>\n<\/strong><\/h3>\n<p>Este p\u00f3ster de tama\u00f1o A4 est\u00e1 pensado para la clase de alem\u00e1n, en apoyo de una ense\u00f1anza de inmersi\u00f3n.<br \/>\nLa imagen ilustra los verbos\u00a0 illustriert die\u00a0 Verben\u00a0h\u00f6ren (escuchar), schreiben (escribir), lesen (leer), sprechen (hablar), wiederholen (repetir), betrachten (mirar), beschreiben (describir), fragen (preguntar), antworten (contestar), verstehen (comprender) y spielen (jugar).<\/p>\n<p>Demuestra que <strong><span style=\"color: #ff6600;\">con im\u00e1genes es mucho m\u00e1s f\u00e1cil transmitir conceptos concretos, una forma de explicar que facilita la asimilaci\u00f3n\u00a0 y el recuerdo.<\/span><br \/>\n<\/strong><\/p>\n<p style=\"text-align: center;\">Por eso, en Deutsch am Strand trabajamos con<br \/>\nM U C H O \u00a0\u00a0 M A T E R I A L\u00a0\u00a0 G R \u00c1 F I C O :<\/p>\n<p>&nbsp;<\/p>\n<ul class=\"lcp_catlist\" id=\"lcp_instance_0\"><li><a href=\"https:\/\/reflejarte.es\/DeutschamStrand\/es\/schnee-am-strand\/\">\u00a1Nieve en la playa!<\/a><\/li><li><a href=\"https:\/\/reflejarte.es\/DeutschamStrand\/es\/winter-im-norden\/\">Invierno en el norte<\/a><\/li><li><a href=\"https:\/\/reflejarte.es\/DeutschamStrand\/es\/abc-lied\/\">La canci\u00f3n del ABC \u00b7 mp3<\/a><\/li><li><a href=\"https:\/\/reflejarte.es\/DeutschamStrand\/es\/bauer-hans-hat-einen-hof-old-mac-donald-has-a-farm\/\">La canci\u00f3n de la granja: Bauer Hans hat einen Hof  + mp3<\/a><\/li><li><a href=\"https:\/\/reflejarte.es\/DeutschamStrand\/es\/das-pantomime-lied-%c2%b7-mp3\/\">Canci\u00f3n con pantomima \u00b7 mp3 (Cantar con gestos para practicar conjugaciones)<\/a><\/li><li><a href=\"https:\/\/reflejarte.es\/DeutschamStrand\/es\/morgens-frueh-um-6-kommt-die-kleine-hex-%c2%b7-lied-%c2%b7-mp3\/\">Canci\u00f3n de la Brujita: Morgens fr\u00fch um sechs kommt die kleine Hex&#8217; \u00b7 mp3 \u00b7 fichas<\/a><\/li><li><a href=\"https:\/\/reflejarte.es\/DeutschamStrand\/es\/audio_verbos-modales-en-aleman-conjugar-y-comprender_duerfen-sollen-muessen-wollen-koennen-moegen\/\">Los verbos modales \u00b7 conjugaci\u00f3n y uso, explicaci\u00f3n y ejemplos \u00b7 audio mp3<\/a><\/li><li><a href=\"https:\/\/reflejarte.es\/DeutschamStrand\/es\/wo-wohin-interaktive-uebung-zu-wechselpraepositionen\/\">Wo ? Wohin?  Ejercicio interactivo de las preposiciones variables en alem\u00e1n<\/a><\/li><li><a href=\"https:\/\/reflejarte.es\/DeutschamStrand\/es\/anfaengerlied-das-ist-gross-und-das-ist-klein\/\">Canci\u00f3n din\u00e1mica gestos y juegos para principiantes \u00abDas ist gro\u00df und das ist klein\u00bb<\/a><\/li><li><a href=\"https:\/\/reflejarte.es\/DeutschamStrand\/es\/didaktisches-lied-mit-gesten-basisstrukturen-cancion-gestos-conjugacion-melodie-haenschen-klein\/\">Canci\u00f3n infantil vers\u00e1til para practicar estructuras, con gestos \u00b7 Melod\u00eda de \u00abH\u00e4nschen klein\u00bb  fichas + audio<\/a><\/li><li><a href=\"https:\/\/reflejarte.es\/DeutschamStrand\/es\/streiten-comic-prosodie-satzakzent\/\">Di\u00e1logo \u00abPelear\u00bb \u00b7 c\u00f3mic \u00abStreiten!?\u00bb (ejercicio de prosodia: palabras enfatizadas) \u00b7 ficha + audio<\/a><\/li><li><a href=\"https:\/\/reflejarte.es\/DeutschamStrand\/es\/das-ist-trinken-das-ist-essen-didaktisches-lied-mit-gestik-cancion-didactica-con-gestos\/\">&#8216;Das ist trinken, das ist essen&#8217; &#8211; Canci\u00f3n did\u00e1ctica con gestos \u00b7 tem\u00e1tica COMIDA \u00b7 ficha de trabajo<\/a><\/li><li><a href=\"https:\/\/reflejarte.es\/DeutschamStrand\/es\/auge-auge-nase-mund-wir-malen-ein-maennchen\/\">Auge, Auge, Nase, Mund &#8230; Ojo, ojo, nariz, boca&#8230;  Pintamos un mu\u00f1eco (vocabulario: partes del cuerpo)<\/a><\/li><li><a href=\"https:\/\/reflejarte.es\/DeutschamStrand\/es\/kinderlied-zum-tagesablauf-aufstehen-duschen-kleider-anziehen-ich-kann-alles-schon-allein\/\">Canci\u00f3n infantil DaF sobre rutinas diarias &#8216;Aufstehen, duschen, Kleider anziehen&#8230; Ich kann alles schon allein&#8217;<\/a><\/li><li><a href=\"https:\/\/reflejarte.es\/DeutschamStrand\/es\/ein-fall-fuer-detektive-trennverbe-verbos-separables-en-aleman\/\">Un caso para detectives: los <strong>verbos separables<\/strong> del alem\u00e1n<\/a><\/li><li><a href=\"https:\/\/reflejarte.es\/DeutschamStrand\/es\/bilderwuerfel-kinderaktivitaeten-dado-didactico-actividades-infantiles\/\">Dado did\u00e1ctico, ilustrado con actividades infantiles b\u00e1sicas, para practicar estructuras verbales<\/a><\/li><li><a href=\"https:\/\/reflejarte.es\/DeutschamStrand\/es\/das-woerterspiel\/\">Das W\u00f6rterspiel: el Juego de las Palabras \u00b7 un juego de mesa muy vers\u00e1til<\/a><\/li><li><a href=\"https:\/\/reflejarte.es\/DeutschamStrand\/es\/comic-deutschkurs-curso-de-aleman-lektion-1-im-reisebuero-welt-reisen\/\">WELT-REISEN 1 \u00b7 Curso de alem\u00e1n gratuito \u00b7 C\u00d3MIC audiovisual para aprender alem\u00e1n<br>Lecci\u00f3n 1:  Im Reiseb\u00fcro WELT-REISEN<\/a><\/li><li><a href=\"https:\/\/reflejarte.es\/DeutschamStrand\/es\/welt-reisen-comic-audiovisual-zum-deutschlernen-para-aprender-aleman-lektion-2-im-reisebuero\/\">WELT-REISEN 2 \u00b7 C\u00d3MIC audiovisual para aprender alem\u00e1n<br>Lecci\u00f3n 2: Im Reiseb\u00fcro WELT-REISEN<\/a><\/li><li><a href=\"https:\/\/reflejarte.es\/DeutschamStrand\/es\/ratespiel-personen-beschreiben-farben-kleidung-quiz-describir-adjetivos-colores-vestimenta\/\">Quiz \u00bfQui\u00e9n es? <br>Juego de describir personas: colores y vestimenta A1 (+ declinaci\u00f3n de adjetivos A2 )<\/a><\/li><li><a href=\"https:\/\/reflejarte.es\/DeutschamStrand\/es\/akkusativ-spielend-ueben-mit-bilderquartett-juego-de-cartas-con-imagenes-para-acusativo\/\">Juego de las familias \u00b7 Practicar el acusativo jugando a las cartas, con vocabulario b\u00e1sico en im\u00e1genes<\/a><\/li><li><a href=\"https:\/\/reflejarte.es\/DeutschamStrand\/es\/memory-der-koerper-spielkarten-arbeitsblaetter-zum-ausdrucken_mi-cuerpo-en-aleman-fichas-imprimir\/\">Mi cuerpo  \u00b7  memory \/ juego de cartas  \u00b7  fichas para imprimir<\/a><\/li><li><a href=\"https:\/\/reflejarte.es\/DeutschamStrand\/es\/comic-deutschkurs_curso-de-aleman-lektion-3-im-reisebuero-welt-reisen\/\">WELT-REISEN 3 \u00b7 eine Reise buchen <br>Curso gratuito de iniciaci\u00f3n al alem\u00e1n en c\u00f3mic biling\u00fce \u00b7 lecci\u00f3n 3<\/a><\/li><li><a href=\"https:\/\/reflejarte.es\/DeutschamStrand\/es\/a1-0-personalpronomen-in-bild-person-geste-farbe-ton-schrift-anfaenger-kinder\/\">ich, du, er, sie, es&#8230; <b>Los pronombres personales alemanes<\/b> \u00b7 Quiz con imagen (persona, gesto, color) + sonido + graf\u00eda<\/a><\/li><li><a href=\"https:\/\/reflejarte.es\/DeutschamStrand\/es\/arbeitsblatt-weihnachtslieder-fuer-kinder-villancicos-alemanes\/\">Villancicos alemanes para ni\u00f1os y principiantes \u00b7 5 fichas de trabajo con ilustraciones, textos didactizados<\/a><\/li><li><a href=\"https:\/\/reflejarte.es\/DeutschamStrand\/es\/personenbeschreibung-lueckentext-uebung-a1-ejercicio-interactivo-partes-cuerpo-adjetivos-en-aleman\/\">Describir personas: partes del cuerpo y adjetivos \u00b7 Ejercicio interactivo de completar huecos, A1<\/a><\/li><li><a href=\"https:\/\/reflejarte.es\/DeutschamStrand\/es\/wer-ist-das-personenraten-%c2%b7-interaktiver-quiz-a1\/\">Adivina \u00bfqui\u00e9n es? Comprender descripciones de personas \u00b7 Quiz interactivo, A1<\/a><\/li><li><a href=\"https:\/\/reflejarte.es\/DeutschamStrand\/es\/koerperteile-vokabeltrainer-deutsch-el-cuerpo-en-aleman-quiz\/\">El cuerpo \u00b7 quiz \u00b7 3 entrenadores de vocabulario con im\u00e1genes+audio \u00b7 ejercicios interactivos<\/a><\/li><li><a href=\"https:\/\/reflejarte.es\/DeutschamStrand\/es\/uhrzeit-auf-deutsch-lern-quiz-interactivo-para-aprender-la-hora-en-aleman\/\">La HORA en alem\u00e1n, formal e informal.<br>Explicaci\u00f3n y ejercicios interactivos A1\/A2<\/a><\/li><li><a href=\"https:\/\/reflejarte.es\/DeutschamStrand\/es\/wechsel-praepositionen-deutsch-in-bild-text-gestik_preposiciones-variables-aleman-en-imagen-gestos-texto\/\">Las preposiciones variables del alem\u00e1n, explicadas en im\u00e1genes, textos y gestos<\/a><\/li><li><a href=\"https:\/\/reflejarte.es\/DeutschamStrand\/es\/praepositionen_einfuehrung-beispiele-merksaetze_preposiciones-introduccion-ejemplos-frases-mnemotecnicas\/\">Preposiciones, \u00bfqu\u00e9 son? \u00b7 Introducci\u00f3n, ejemplos y frases mnemot\u00e9cnicas<\/a><\/li><li><a href=\"https:\/\/reflejarte.es\/DeutschamStrand\/es\/partizip-perfekt-onlineuebung_ejercicio-interactivo-participio-perfecto-aleman\/\">Contar el pasado: el pret\u00e9rito perfecto en alem\u00e1n  &#8211; ejercicio interactivo + ficha<\/a><\/li><li><a href=\"https:\/\/reflejarte.es\/DeutschamStrand\/es\/schultag-praesens-konjugieren-uebung_ejercicio-interactivo-dia-de-cole-conjugar-en-presente-aleman\/\">Describir el presente en alem\u00e1n  &#8211; ejercicio interactivo + ficha<\/a><\/li><li><a href=\"https:\/\/reflejarte.es\/DeutschamStrand\/es\/online-uebung-zu-wechselpraepositionen-a2_preposiciones-variables-ejercicio-interactivo-nivel-a2\/\">Vacaciones y actividades de ocio \u00b7 Ejercicio online de preposiciones variables (nivel A2)<\/a><\/li><li><a href=\"https:\/\/reflejarte.es\/DeutschamStrand\/es\/der-laengste-satz-kartenspiel-deutsche-syntax-juego-de-cartas-sintaxis-alemana2\/\">\u00abLa frase m\u00e1s larga\u00bb \u00b7 Juego de cartas para descubrir las funciones sint\u00e1cticas<\/a><\/li><li><a href=\"https:\/\/reflejarte.es\/DeutschamStrand\/es\/trennbare-verben-schnelleinfuhrung_los-verbos-separables-en-aleman-introduccion-rapida\/\">Los verbos separables en alem\u00e1n: introducci\u00f3n r\u00e1pida e interactiva<\/a><\/li><\/ul>\n<p>&nbsp;<\/p>\n","protected":false},"excerpt":{"rendered":"<p>&nbsp; Material gr\u00e1fico para la ense\u00f1anza de alem\u00e1n Cartel DaF para colgar en clase, con verbos alemanes \u00fatiles para el curso de inmersi\u00f3n: h\u00f6ren (escuchar), schreiben (escribir), lesen (leer), sprechen (hablar), wiederholen (repetir), betrachten (mirar), beschreiben (describir), fragen (preguntar), antworten (contestar), verstehen (comprender), spielen (jugar) Un cartel ilustrando el vocabulario&#8230;<\/p>\n<p> <a class=\"continue-reading-link\" href=\"https:\/\/reflejarte.es\/DeutschamStrand\/es\/deutsch-lernen-aprender-aleman\/bildmaterial-fuer-den-daf-kurs\/\"><span>seguir leyendo &#8230;<\/span><i class=\"crycon-right-dir\"><\/i><\/a> <\/p>\n","protected":false},"author":2,"featured_media":387,"parent":67,"menu_order":2,"comment_status":"closed","ping_status":"closed","template":"","meta":{"footnotes":""},"class_list":["post-383","page","type-page","status-publish","has-post-thumbnail","hentry"],"_links":{"self":[{"href":"https:\/\/reflejarte.es\/DeutschamStrand\/es\/wp-json\/wp\/v2\/pages\/383","targetHints":{"allow":["GET"]}}],"collection":[{"href":"https:\/\/reflejarte.es\/DeutschamStrand\/es\/wp-json\/wp\/v2\/pages"}],"about":[{"href":"https:\/\/reflejarte.es\/DeutschamStrand\/es\/wp-json\/wp\/v2\/types\/page"}],"author":[{"embeddable":true,"href":"https:\/\/reflejarte.es\/DeutschamStrand\/es\/wp-json\/wp\/v2\/users\/2"}],"replies":[{"embeddable":true,"href":"https:\/\/reflejarte.es\/DeutschamStrand\/es\/wp-json\/wp\/v2\/comments?post=383"}],"version-history":[{"count":0,"href":"https:\/\/reflejarte.es\/DeutschamStrand\/es\/wp-json\/wp\/v2\/pages\/383\/revisions"}],"up":[{"embeddable":true,"href":"https:\/\/reflejarte.es\/DeutschamStrand\/es\/wp-json\/wp\/v2\/pages\/67"}],"wp:featuredmedia":[{"embeddable":true,"href":"https:\/\/reflejarte.es\/DeutschamStrand\/es\/wp-json\/wp\/v2\/media\/387"}],"wp:attachment":[{"href":"https:\/\/reflejarte.es\/DeutschamStrand\/es\/wp-json\/wp\/v2\/media?parent=383"}],"curies":[{"name":"wp","href":"https:\/\/api.w.org\/{rel}","templated":true}]}}