{"id":2708,"date":"2020-10-11T17:12:28","date_gmt":"2020-10-11T15:12:28","guid":{"rendered":"https:\/\/reflejarte.es\/DeutschamStrand\/cookie-richtlinie-eu\/"},"modified":"2024-03-30T15:29:29","modified_gmt":"2024-03-30T15:29:29","slug":"cookie-richtlinie-eu-impressum-contacto","status":"publish","type":"page","link":"https:\/\/reflejarte.es\/DeutschamStrand\/es\/cookie-richtlinie-eu-impressum-contacto\/","title":{"rendered":"Pol\u00edtica de cookies (EU) \u00b7 Configurar Cookies \u00b7 Impressum \u00b7 Contacto"},"content":{"rendered":"<p>&nbsp;<\/p>\n<p><span style='color: #fd6300;position: relative; top: -25px; bottom: -45px;'>\u00daltima actualizaci\u00f3n: 30\/03\/2024<\/span> <a href=\"https:\/\/reflejarte.es\/DeutschamStrand\/de\/cookie-richtlinie-eu-impressum-contacto\/\" target=\"_blank\" rel=\"noopener\"><img loading=\"lazy\" decoding=\"async\" class=\"alignright wp-image-3689 size-full\" title=\"leer en alem\u00e1n - auf Deutsch lesen\" src=\"https:\/\/reflejarte.es\/DeutschamStrand\/es\/wp-content\/uploads\/2021\/01\/auf-Deutsch-lesen.png\" alt=\"leer en alem\u00e1n - auf Deutsch lesen\" width=\"182\" height=\"31\" srcset=\"https:\/\/reflejarte.es\/DeutschamStrand\/es\/wp-content\/uploads\/2021\/01\/auf-Deutsch-lesen.png 182w, https:\/\/reflejarte.es\/DeutschamStrand\/es\/wp-content\/uploads\/2021\/01\/auf-Deutsch-lesen-150x26.png 150w\" sizes=\"auto, (max-width: 182px) 100vw, 182px\" \/><\/a><\/p>\n<h2><\/h2>\n<h2 style=\"text-align: center;\">Pol\u00edtica de cookies \u00b7 Configurar cookies<\/h2>\n<p>&nbsp;<\/p>\n<p><a href=\"https:\/\/reflejarte.es\/DeutschamStrand\/est\/datenschutzerklaerung-nutzungsbedingungen_terminos-y-condiciones-privacidad\/\">Explicaciones en espa\u00f1ol: ver nuestra Pol\u00edtica de Protecci\u00f3n de Datos, Privacidad y Cookies<\/a><\/p>\n<p>Si quieres informarte sobre las cookies que est\u00e1n en uso en esta web o para cambiar tu configuraci\u00f3n de cookies (para deshabilitarlas o aceptarlas), pulsa en el icono de la Cookie, una &#8216;galleta&#8217; roja que se ve siempre en la parte inferior izquierda de la pantalla.<\/p>\n<p>En la tabla de la siguiente Cookie Policy ves las cookies que se usan efectivamente en nuestra web Deutsch am Strand:<\/p>\n<p>&nbsp;<\/p>\n<hr \/>\n<style>\n    a.cky-banner-element {<br \/>        padding: 8px 30px;<br \/>        background: #F8F9FA;<br \/>        color: #858A8F;<br \/>        border: 1px solid #DEE2E6;<br \/>        box-sizing: border-box;<br \/>        border-radius: 2px;<br \/>        cursor: pointer;<br \/>}<br \/><\/style>\n<h1 class=\"cookie-policy-h1\" style=\"text-align: center;\">Cookie Policy<\/h1>\n<p>Effective Date: 30-Mar-2024<br \/>\nLast Updated: 30-Mar-2024<\/p>\n<p>&nbsp;<\/p>\n<h3>What are cookies?<\/h3>\n<div class=\"cookie-policy-p\">\n<p>This Cookie Policy explains what cookies are and how we use them, the types of cookies we use i.e, the information we collect using cookies and how that information is used, and how to manage the cookie settings.<\/p>\n<p>Cookies are small text files that are used to store small pieces of information. They are stored on your device when the website is loaded on your browser. These cookies help us make the website function properly, make it more secure, provide better user experience, and understand how the website performs and to analyze what works and where it needs improvement.<\/p>\n<\/div>\n<p>&nbsp;<\/p>\n<h3>How do we use cookies?<\/h3>\n<div class=\"cookie-policy-p\">\n<p>As most of the online services, our website uses first-party and third-party cookies for several purposes. First-party cookies are mostly necessary for the website to function the right way, and they do not collect any of your personally identifiable data.<\/p>\n<p>The third-party cookies used on our website are mainly for understanding how the website performs, how you interact with our website, keeping our services secure, providing advertisements that are relevant to you, and all in all providing you with a better and improved user experience and help speed up your future interactions with our website.<\/p>\n<\/div>\n<p>&nbsp;<\/p>\n<h3>Types of Cookies we use<\/h3>\n<p>&nbsp;<\/p>\n<div class=\"cky-audit-table-element\"><\/div>\n<h3 style=\"margin-bottom: 20px;\">Manage cookie preferences<\/h3>\n<p><span style=\"text-decoration: underline;\"><a class=\"cky-banner-element\">Manage Cookie Settings<\/a><\/span><\/p>\n<div>\n<p>You can change your cookie preferences any time by clicking the above button. This will let you revisit the cookie consent banner and change your preferences or withdraw your consent right away.<\/p>\n<p>In addition to this, different browsers provide different methods to block and delete cookies used by websites. You can change the settings of your browser to block\/delete the cookies. Listed below are the links to the support documents on how to manage and delete cookies from the major web browsers.<\/p>\n<p>Chrome: <a href=\"https:\/\/support.google.com\/accounts\/answer\/32050\" target=\"_blank\" rel=\"noopener\">https:\/\/support.google.com\/accounts\/answer\/32050<\/a><\/p>\n<p>Safari: <a href=\"https:\/\/support.apple.com\/en-in\/guide\/safari\/sfri11471\/mac\" target=\"_blank\" rel=\"noopener\">https:\/\/support.apple.com\/en-in\/guide\/safari\/sfri11471\/mac<\/a><\/p>\n<p>Firefox: <a href=\"https:\/\/support.mozilla.org\/en-US\/kb\/clear-cookies-and-site-data-firefox?redirectslug=delete-cookies-remove-info-websites-stored&amp;redirectlocale=en-US\" target=\"_blank\" rel=\"noopener\">https:\/\/support.mozilla.org\/en-US\/kb\/clear-cookies-and-site-data-firefox?redirectslug=delete-cookies-remove-info-websites-stored&amp;redirectlocale=en-US<\/a><\/p>\n<p>Internet Explorer: <a href=\"https:\/\/support.microsoft.com\/en-us\/topic\/how-to-delete-cookie-files-in-internet-explorer-bca9446f-d873-78de-77ba-d42645fa52fc\" target=\"_blank\" rel=\"noopener\">https:\/\/support.microsoft.com\/en-us\/topic\/how-to-delete-cookie-files-in-internet-explorer-bca9446f-d873-78de-77ba-d42645fa52fc<\/a><\/p>\n<p>If you are using any other web browser, please visit your browser\u2019s official support documents.<\/p>\n<\/div>\n<p>&nbsp;<\/p>\n<p class=\"cookie-policy-p\">Cookie Policy Generated By <a href=\"https:\/\/www.cookieyes.com\/?utm_source=CP&amp;utm_medium=footer&amp;utm_campaign=UW\" target=\"_blank\" rel=\"noopener\">CookieYes &#8211; Cookie Policy Generator<\/a>.<\/p>\n<p>&nbsp;<\/p>\n<p>&nbsp;<\/p>\n<hr \/>\n<h2 style=\"text-align: center;\">\u00a0Impressum \u00b7 Informaci\u00f3n de contacto<\/h2>\n<p>&nbsp;<\/p>\n<p style=\"text-align: center;\">Contacta con reflejArte\u00b7es a trav\u00e9s de nuestra direcci\u00f3n de email<\/p>\n<p style=\"text-align: center;\"><img loading=\"lazy\" decoding=\"async\" class=\"wp-image-896 size-full aligncenter\" src=\"https:\/\/reflejarte.es\/DeutschamStrand\/es\/wp-content\/uploads\/2018\/06\/contacto-reflejArteMail.png\" alt=\"Contacta con reflejArte.es por email - E-Mail-Kontakt zu reflejArte.es\" width=\"173\" height=\"19\" \/> o por nuestro <a href=\"https:\/\/reflejarte.es\/DeutschamStrand\/de\/kontakt\/\" target=\"_blank\" rel=\"noopener\">formulario de contacto\u00a0<\/a> (en la versi\u00f3n alemana).<\/p>\n<p style=\"text-align: center;\">reflejArte\u00b7es<br \/>\n\u00c1lamos,10. 18418 C\u00e1\u00f1ar<br \/>\nEspa\u00f1a<br \/>\nWebsite: <a href=\"https:\/\/reflejarte.es\/DeutschamStrand\/\">https:\/\/reflejarte.es\/DeutschamStrand\/<\/a><br \/>\nTe contestaremos con mucho gusto y lo m\u00e1s r\u00e1pido posible.<\/p>\n<h1><\/h1>\n<h3><\/h3>\n<h3><\/h3>\n<hr \/>\n<hr \/>\n<p><a name=\"impressum\"><\/a><\/p>\n","protected":false},"excerpt":{"rendered":"<p>&nbsp; Pol\u00edtica de cookies \u00b7 Configurar cookies &nbsp; Explicaciones en espa\u00f1ol: ver nuestra Pol\u00edtica de Protecci\u00f3n de Datos, Privacidad y Cookies Si quieres informarte sobre las cookies que est\u00e1n en uso en esta web o para cambiar tu configuraci\u00f3n de cookies (para deshabilitarlas o aceptarlas), pulsa en el icono de&#8230;<\/p>\n<p> <a class=\"continue-reading-link\" href=\"https:\/\/reflejarte.es\/DeutschamStrand\/es\/cookie-richtlinie-eu-impressum-contacto\/\"><span>seguir leyendo &#8230;<\/span><i class=\"crycon-right-dir\"><\/i><\/a> <\/p>\n","protected":false},"author":4,"featured_media":0,"parent":0,"menu_order":0,"comment_status":"closed","ping_status":"closed","template":"","meta":{"footnotes":""},"class_list":["post-2708","page","type-page","status-publish","hentry"],"_links":{"self":[{"href":"https:\/\/reflejarte.es\/DeutschamStrand\/es\/wp-json\/wp\/v2\/pages\/2708","targetHints":{"allow":["GET"]}}],"collection":[{"href":"https:\/\/reflejarte.es\/DeutschamStrand\/es\/wp-json\/wp\/v2\/pages"}],"about":[{"href":"https:\/\/reflejarte.es\/DeutschamStrand\/es\/wp-json\/wp\/v2\/types\/page"}],"author":[{"embeddable":true,"href":"https:\/\/reflejarte.es\/DeutschamStrand\/es\/wp-json\/wp\/v2\/users\/4"}],"replies":[{"embeddable":true,"href":"https:\/\/reflejarte.es\/DeutschamStrand\/es\/wp-json\/wp\/v2\/comments?post=2708"}],"version-history":[{"count":5,"href":"https:\/\/reflejarte.es\/DeutschamStrand\/es\/wp-json\/wp\/v2\/pages\/2708\/revisions"}],"predecessor-version":[{"id":4576,"href":"https:\/\/reflejarte.es\/DeutschamStrand\/es\/wp-json\/wp\/v2\/pages\/2708\/revisions\/4576"}],"wp:attachment":[{"href":"https:\/\/reflejarte.es\/DeutschamStrand\/es\/wp-json\/wp\/v2\/media?parent=2708"}],"curies":[{"name":"wp","href":"https:\/\/api.w.org\/{rel}","templated":true}]}}