{"id":2530,"date":"2020-02-27T18:12:45","date_gmt":"2020-02-27T17:12:45","guid":{"rendered":"https:\/\/reflejarte.es\/DeutschamStrand\/?page_id=2530"},"modified":"2024-03-30T18:21:18","modified_gmt":"2024-03-30T18:21:18","slug":"begleitmaterial-nach-lehrwerken_material-de-apoyo-por-metodo-de-aleman","status":"publish","type":"page","link":"https:\/\/reflejarte.es\/DeutschamStrand\/es\/begleitmaterial-nach-lehrwerken_material-de-apoyo-por-metodo-de-aleman\/","title":{"rendered":"Material de apoyo por m\u00e9todos de alem\u00e1n"},"content":{"rendered":"<p>&nbsp;<\/p>\n<p><span style='color: #fd6300;position: relative; top: -25px; bottom: -45px;'>\u00daltima actualizaci\u00f3n: 30\/03\/2024<\/span> <a href=\"https:\/\/reflejarte.es\/DeutschamStrand\/de\/begleitmaterial-nach-lehrwerken_material-de-apoyo-por-metodo-de-aleman\/\" target=\"_blank\" rel=\"noopener\"><img loading=\"lazy\" decoding=\"async\" class=\"alignright wp-image-3689 size-full\" title=\"leer en alem\u00e1n - auf Deutsch lesen\" src=\"https:\/\/reflejarte.es\/DeutschamStrand\/es\/wp-content\/uploads\/2021\/01\/auf-Deutsch-lesen.png\" alt=\"leer en alem\u00e1n - auf Deutsch lesen\" width=\"182\" height=\"31\" srcset=\"https:\/\/reflejarte.es\/DeutschamStrand\/es\/wp-content\/uploads\/2021\/01\/auf-Deutsch-lesen.png 182w, https:\/\/reflejarte.es\/DeutschamStrand\/es\/wp-content\/uploads\/2021\/01\/auf-Deutsch-lesen-150x26.png 150w\" sizes=\"auto, (max-width: 182px) 100vw, 182px\" \/><\/a><\/p>\n<p>&nbsp;<\/p>\n<h1 style=\"text-align: center;\">Material de apoyo<br \/>\npor m\u00e9todo\/libro de texto<\/h1>\n<p>&nbsp;<\/p>\n<p><img loading=\"lazy\" decoding=\"async\" class=\"aligncenter wp-image-4549\" src=\"https:\/\/reflejarte.es\/DeutschamStrand\/es\/wp-content\/uploads\/2024\/03\/Was-musst-du-machen-L4-copia.png\" alt=\"M\u00e9todo Paul, Lisa &amp; Co., editorial Hueber\" width=\"244\" height=\"172\" srcset=\"https:\/\/reflejarte.es\/DeutschamStrand\/es\/wp-content\/uploads\/2024\/03\/Was-musst-du-machen-L4-copia.png 842w, https:\/\/reflejarte.es\/DeutschamStrand\/es\/wp-content\/uploads\/2024\/03\/Was-musst-du-machen-L4-copia-300x212.png 300w, https:\/\/reflejarte.es\/DeutschamStrand\/es\/wp-content\/uploads\/2024\/03\/Was-musst-du-machen-L4-copia-768x543.png 768w, https:\/\/reflejarte.es\/DeutschamStrand\/es\/wp-content\/uploads\/2024\/03\/Was-musst-du-machen-L4-copia-150x106.png 150w\" sizes=\"auto, (max-width: 244px) 100vw, 244px\" \/><\/p>\n<h3>para Paul, Lisa &amp; Co.<img loading=\"lazy\" decoding=\"async\" class=\"alignright  wp-image-4582\" src=\"https:\/\/reflejarte.es\/DeutschamStrand\/es\/wp-content\/uploads\/2024\/03\/PaulLisaCo.jpg\" alt=\"\" width=\"132\" height=\"187\" srcset=\"https:\/\/reflejarte.es\/DeutschamStrand\/es\/wp-content\/uploads\/2024\/03\/PaulLisaCo.jpg 181w, https:\/\/reflejarte.es\/DeutschamStrand\/es\/wp-content\/uploads\/2024\/03\/PaulLisaCo-106x150.jpg 106w\" sizes=\"auto, (max-width: 132px) 100vw, 132px\" \/><\/h3>\n<ul class=\"lcp_catlist\" id=\"lcp_instance_0\"><li><a href=\"https:\/\/reflejarte.es\/DeutschamStrand\/es\/konjugation-von-haben-und-sein\/\">Conjugar HABEN y SEIN en presente \u00b7 Ejemplos, audio mp3+transcripci\u00f3n<\/a><\/li><li><a href=\"https:\/\/reflejarte.es\/DeutschamStrand\/es\/a1-0-personalpronomen-in-bild-person-geste-farbe-ton-schrift-anfaenger-kinder\/\">ich, du, er, sie, es&#8230; <b>Los pronombres personales alemanes<\/b> \u00b7 Quiz con imagen (persona, gesto, color) + sonido + graf\u00eda<\/a><\/li><li><a href=\"https:\/\/reflejarte.es\/DeutschamStrand\/es\/duerfen-koennen-oder-muessen-interaktive-uebung-zu-den-modalverben-im-deutschen\/\">\u00bfD\u00fcrfen, k\u00f6nnen o m\u00fcssen? &#8211; Ejercicio interactivo para entrenar los verbos modales del alem\u00e1n<\/a><\/li><li><a href=\"https:\/\/reflejarte.es\/DeutschamStrand\/es\/der-laengste-satz-kartenspiel-deutsche-syntax-juego-de-cartas-sintaxis-alemana2\/\">\u00abLa frase m\u00e1s larga\u00bb \u00b7 Juego de cartas para descubrir las funciones sint\u00e1cticas<\/a><\/li><\/ul>\n<p>&nbsp;<\/p>\n<p>&nbsp;<\/p>\n<h3><img loading=\"lazy\" decoding=\"async\" class=\"alignleft  wp-image-4580\" src=\"https:\/\/reflejarte.es\/DeutschamStrand\/es\/wp-content\/uploads\/2024\/03\/Beste-Freunde-A1-AB.jpg\" alt=\"\" width=\"117\" height=\"165\" srcset=\"https:\/\/reflejarte.es\/DeutschamStrand\/es\/wp-content\/uploads\/2024\/03\/Beste-Freunde-A1-AB.jpg 396w, https:\/\/reflejarte.es\/DeutschamStrand\/es\/wp-content\/uploads\/2024\/03\/Beste-Freunde-A1-AB-212x300.jpg 212w, https:\/\/reflejarte.es\/DeutschamStrand\/es\/wp-content\/uploads\/2024\/03\/Beste-Freunde-A1-AB-106x150.jpg 106w\" sizes=\"auto, (max-width: 117px) 100vw, 117px\" \/>para Beste Freunde<\/h3>\n<ul class=\"lcp_catlist\" id=\"lcp_instance_0\"><li><a href=\"https:\/\/reflejarte.es\/DeutschamStrand\/es\/duerfen-koennen-oder-muessen-interaktive-uebung-zu-den-modalverben-im-deutschen\/\">\u00bfD\u00fcrfen, k\u00f6nnen o m\u00fcssen? &#8211; Ejercicio interactivo para entrenar los verbos modales del alem\u00e1n<\/a><\/li><li><a href=\"https:\/\/reflejarte.es\/DeutschamStrand\/es\/koerperteile-vokabeltrainer-deutsch-el-cuerpo-en-aleman-quiz\/\">El cuerpo \u00b7 quiz \u00b7 3 entrenadores de vocabulario con im\u00e1genes+audio \u00b7 ejercicios interactivos<\/a><\/li><li><a href=\"https:\/\/reflejarte.es\/DeutschamStrand\/es\/der-laengste-satz-kartenspiel-deutsche-syntax-juego-de-cartas-sintaxis-alemana2\/\">\u00abLa frase m\u00e1s larga\u00bb \u00b7 Juego de cartas para descubrir las funciones sint\u00e1cticas<\/a><\/li><\/ul>\n<p>&nbsp;<\/p>\n<h3><img loading=\"lazy\" decoding=\"async\" class=\"aligncenter wp-image-2532 \" src=\"https:\/\/reflejarte.es\/DeutschamStrand\/es\/wp-content\/uploads\/2020\/02\/planetino-geht.jpg\" alt=\"m\u00e9todo Planetino\" width=\"69\" height=\"105\" srcset=\"https:\/\/reflejarte.es\/DeutschamStrand\/es\/wp-content\/uploads\/2020\/02\/planetino-geht.jpg 152w, https:\/\/reflejarte.es\/DeutschamStrand\/es\/wp-content\/uploads\/2020\/02\/planetino-geht-98x150.jpg 98w\" sizes=\"auto, (max-width: 69px) 100vw, 69px\" \/><\/h3>\n<h3>para Planetino 1<\/h3>\n<p><ul class=\"lcp_catlist\" id=\"lcp_instance_0\"><li><a href=\"https:\/\/reflejarte.es\/DeutschamStrand\/es\/konjugation-von-haben-und-sein\/\">Conjugar HABEN y SEIN en presente \u00b7 Ejemplos, audio mp3+transcripci\u00f3n<\/a><\/li><li><a href=\"https:\/\/reflejarte.es\/DeutschamStrand\/es\/a1-0-personalpronomen-in-bild-person-geste-farbe-ton-schrift-anfaenger-kinder\/\">ich, du, er, sie, es&#8230; <b>Los pronombres personales alemanes<\/b> \u00b7 Quiz con imagen (persona, gesto, color) + sonido + graf\u00eda<\/a><\/li><li><a href=\"https:\/\/reflejarte.es\/DeutschamStrand\/es\/wer-ist-das-personenraten-%c2%b7-interaktiver-quiz-a1\/\">Adivina \u00bfqui\u00e9n es? Comprender descripciones de personas \u00b7 Quiz interactivo, A1<\/a><\/li><li><a href=\"https:\/\/reflejarte.es\/DeutschamStrand\/es\/der-laengste-satz-kartenspiel-deutsche-syntax-juego-de-cartas-sintaxis-alemana2\/\">\u00abLa frase m\u00e1s larga\u00bb \u00b7 Juego de cartas para descubrir las funciones sint\u00e1cticas<\/a><\/li><\/ul><img loading=\"lazy\" decoding=\"async\" class=\"alignright  wp-image-4583\" src=\"https:\/\/reflejarte.es\/DeutschamStrand\/es\/wp-content\/uploads\/2024\/03\/Planetino1.jpg\" alt=\"\" width=\"140\" height=\"187\" srcset=\"https:\/\/reflejarte.es\/DeutschamStrand\/es\/wp-content\/uploads\/2024\/03\/Planetino1.jpg 192w, https:\/\/reflejarte.es\/DeutschamStrand\/es\/wp-content\/uploads\/2024\/03\/Planetino1-113x150.jpg 113w\" sizes=\"auto, (max-width: 140px) 100vw, 140px\" \/><\/p>\n<h3>para Planetino 2<\/h3>\n<ul class=\"lcp_catlist\" id=\"lcp_instance_0\"><li><a href=\"https:\/\/reflejarte.es\/DeutschamStrand\/es\/ein-fall-fuer-detektive-trennverbe-verbos-separables-en-aleman\/\">Un caso para detectives: los <strong>verbos separables<\/strong> del alem\u00e1n<\/a><\/li><li><a href=\"https:\/\/reflejarte.es\/DeutschamStrand\/es\/das-woerterspiel\/\">Das W\u00f6rterspiel: el Juego de las Palabras \u00b7 un juego de mesa muy vers\u00e1til<\/a><\/li><li><a href=\"https:\/\/reflejarte.es\/DeutschamStrand\/es\/memory-der-koerper-spielkarten-arbeitsblaetter-zum-ausdrucken_mi-cuerpo-en-aleman-fichas-imprimir\/\">Mi cuerpo  \u00b7  memory \/ juego de cartas  \u00b7  fichas para imprimir<\/a><\/li><li><a href=\"https:\/\/reflejarte.es\/DeutschamStrand\/es\/duerfen-koennen-oder-muessen-interaktive-uebung-zu-den-modalverben-im-deutschen\/\">\u00bfD\u00fcrfen, k\u00f6nnen o m\u00fcssen? &#8211; Ejercicio interactivo para entrenar los verbos modales del alem\u00e1n<\/a><\/li><li><a href=\"https:\/\/reflejarte.es\/DeutschamStrand\/es\/personenbeschreibung-lueckentext-uebung-a1-ejercicio-interactivo-partes-cuerpo-adjetivos-en-aleman\/\">Describir personas: partes del cuerpo y adjetivos \u00b7 Ejercicio interactivo de completar huecos, A1<\/a><\/li><li><a href=\"https:\/\/reflejarte.es\/DeutschamStrand\/es\/koerperteile-vokabeltrainer-deutsch-el-cuerpo-en-aleman-quiz\/\">El cuerpo \u00b7 quiz \u00b7 3 entrenadores de vocabulario con im\u00e1genes+audio \u00b7 ejercicios interactivos<\/a><\/li><li><a href=\"https:\/\/reflejarte.es\/DeutschamStrand\/es\/flashcard-vokabeltrainer-alltagsverben_planetino2-l24_verbos-vida-cotidiana-aleman\/\">Entrenador de vocabulario con im\u00e1genes: 10 verbos de la vida cotidiana en alem\u00e1n \u00b7 para Planetino2 L24 AB \u00dcbung 5<\/a><\/li><li><a href=\"https:\/\/reflejarte.es\/DeutschamStrand\/es\/silbenraetsel-planetino2-l24-uebung5-alltagsverben_verbos-cotidianos-sopa-de-silabas-interactiva-a1\/\">Sopa de s\u00edlabas &#8211; Verbos de la vida cotidiana &#8211; ejercicio interactivo  &#8211; A1<\/a><\/li><li><a href=\"https:\/\/reflejarte.es\/DeutschamStrand\/es\/uhrzeit-auf-deutsch-lern-quiz-interactivo-para-aprender-la-hora-en-aleman\/\">La HORA en alem\u00e1n, formal e informal.<br>Explicaci\u00f3n y ejercicios interactivos A1\/A2<\/a><\/li><\/ul>\n<p>&nbsp;<\/p>\n<h3><img loading=\"lazy\" decoding=\"async\" class=\"alignleft  wp-image-4584\" src=\"https:\/\/reflejarte.es\/DeutschamStrand\/es\/wp-content\/uploads\/2024\/03\/Tamburin.jpg\" alt=\"\" width=\"92\" height=\"118\" srcset=\"https:\/\/reflejarte.es\/DeutschamStrand\/es\/wp-content\/uploads\/2024\/03\/Tamburin.jpg 200w, https:\/\/reflejarte.es\/DeutschamStrand\/es\/wp-content\/uploads\/2024\/03\/Tamburin-117x150.jpg 117w\" sizes=\"auto, (max-width: 92px) 100vw, 92px\" \/>para Tamburin 1<\/h3>\n<ul class=\"lcp_catlist\" id=\"lcp_instance_0\"><li><a href=\"https:\/\/reflejarte.es\/DeutschamStrand\/es\/das-woerterspiel\/\">Das W\u00f6rterspiel: el Juego de las Palabras \u00b7 un juego de mesa muy vers\u00e1til<\/a><\/li><li><a href=\"https:\/\/reflejarte.es\/DeutschamStrand\/es\/memory-der-koerper-spielkarten-arbeitsblaetter-zum-ausdrucken_mi-cuerpo-en-aleman-fichas-imprimir\/\">Mi cuerpo  \u00b7  memory \/ juego de cartas  \u00b7  fichas para imprimir<\/a><\/li><li><a href=\"https:\/\/reflejarte.es\/DeutschamStrand\/es\/a1-0-personalpronomen-in-bild-person-geste-farbe-ton-schrift-anfaenger-kinder\/\">ich, du, er, sie, es&#8230; <b>Los pronombres personales alemanes<\/b> \u00b7 Quiz con imagen (persona, gesto, color) + sonido + graf\u00eda<\/a><\/li><li><a href=\"https:\/\/reflejarte.es\/DeutschamStrand\/es\/wer-ist-das-personenraten-%c2%b7-interaktiver-quiz-a1\/\">Adivina \u00bfqui\u00e9n es? Comprender descripciones de personas \u00b7 Quiz interactivo, A1<\/a><\/li><li><a href=\"https:\/\/reflejarte.es\/DeutschamStrand\/es\/koerperteile-vokabeltrainer-deutsch-el-cuerpo-en-aleman-quiz\/\">El cuerpo \u00b7 quiz \u00b7 3 entrenadores de vocabulario con im\u00e1genes+audio \u00b7 ejercicios interactivos<\/a><\/li><\/ul>\n<p><img loading=\"lazy\" decoding=\"async\" class=\"alignright size-full wp-image-4577\" src=\"https:\/\/reflejarte.es\/DeutschamStrand\/es\/wp-content\/uploads\/2024\/03\/lagune.webp\" alt=\"\" width=\"140\" height=\"177\" srcset=\"https:\/\/reflejarte.es\/DeutschamStrand\/es\/wp-content\/uploads\/2024\/03\/lagune.webp 140w, https:\/\/reflejarte.es\/DeutschamStrand\/es\/wp-content\/uploads\/2024\/03\/lagune-119x150.webp 119w\" sizes=\"auto, (max-width: 140px) 100vw, 140px\" \/><\/p>\n<p>&nbsp;<\/p>\n<h3>para Lagune 1<\/h3>\n<ul class=\"lcp_catlist\" id=\"lcp_instance_0\"><li><a href=\"https:\/\/reflejarte.es\/DeutschamStrand\/es\/ein-fall-fuer-detektive-trennverbe-verbos-separables-en-aleman\/\">Un caso para detectives: los <strong>verbos separables<\/strong> del alem\u00e1n<\/a><\/li><li><a href=\"https:\/\/reflejarte.es\/DeutschamStrand\/es\/das-wetter-dominospiel-a1-a2\/\">Das Wetter \u00b7 El tiempo en alem\u00e1n &#8211; juego de domin\u00f3 para imprimir  \u00b7 A1.3 \/ A2<\/a><\/li><li><a href=\"https:\/\/reflejarte.es\/DeutschamStrand\/es\/uebung-verben-mit-stammvokalwechsel_ejercicio-verbos-alemanes-con-cambio-de-la-vocal-radical\/\">Ein Monster sieht Liebesfilme \u00b7 Verbos con cambios de la vocal radical \u00b7 ficha de trabajo \u00b7 ejercicio interactivo<\/a><\/li><li><a href=\"https:\/\/reflejarte.es\/DeutschamStrand\/es\/konjugation-von-haben-und-sein\/\">Conjugar HABEN y SEIN en presente \u00b7 Ejemplos, audio mp3+transcripci\u00f3n<\/a><\/li><li><a href=\"https:\/\/reflejarte.es\/DeutschamStrand\/es\/duerfen-koennen-oder-muessen-interaktive-uebung-zu-den-modalverben-im-deutschen\/\">\u00bfD\u00fcrfen, k\u00f6nnen o m\u00fcssen? &#8211; Ejercicio interactivo para entrenar los verbos modales del alem\u00e1n<\/a><\/li><li><a href=\"https:\/\/reflejarte.es\/DeutschamStrand\/es\/personenbeschreibung-lueckentext-uebung-a1-ejercicio-interactivo-partes-cuerpo-adjetivos-en-aleman\/\">Describir personas: partes del cuerpo y adjetivos \u00b7 Ejercicio interactivo de completar huecos, A1<\/a><\/li><li><a href=\"https:\/\/reflejarte.es\/DeutschamStrand\/es\/wer-ist-das-personenraten-%c2%b7-interaktiver-quiz-a1\/\">Adivina \u00bfqui\u00e9n es? Comprender descripciones de personas \u00b7 Quiz interactivo, A1<\/a><\/li><li><a href=\"https:\/\/reflejarte.es\/DeutschamStrand\/es\/uhrzeit-auf-deutsch-lern-quiz-interactivo-para-aprender-la-hora-en-aleman\/\">La HORA en alem\u00e1n, formal e informal.<br>Explicaci\u00f3n y ejercicios interactivos A1\/A2<\/a><\/li><li><a href=\"https:\/\/reflejarte.es\/DeutschamStrand\/es\/wechsel-praepositionen-deutsch-in-bild-text-gestik_preposiciones-variables-aleman-en-imagen-gestos-texto\/\">Las preposiciones variables del alem\u00e1n, explicadas en im\u00e1genes, textos y gestos<\/a><\/li><li><a href=\"https:\/\/reflejarte.es\/DeutschamStrand\/es\/praepositionen_einfuehrung-beispiele-merksaetze_preposiciones-introduccion-ejemplos-frases-mnemotecnicas\/\">Preposiciones, \u00bfqu\u00e9 son? \u00b7 Introducci\u00f3n, ejemplos y frases mnemot\u00e9cnicas<\/a><\/li><li><a href=\"https:\/\/reflejarte.es\/DeutschamStrand\/es\/wo-wohin-uebung-wechselpraepositionen_interactiv_ejercicio-preposiciones-variables-aleman\/\">Wo? Wohin? \u00bfD\u00f3nde? o \u00bfHacia d\u00f3nde? \u00bfEst\u00e1tico o din\u00e1mico? Ejercicio interactivo de preposiciones variables<\/a><\/li><li><a href=\"https:\/\/reflejarte.es\/DeutschamStrand\/es\/unterschiede-zwischen_zuerst_erst_nur_diferencia-explicada-con-ejemplos\/\">La part\u00edcula &#8216;erst&#8217; &#8211; usos y significados &#8211;  explicaci\u00f3n y ejemplos<\/a><\/li><li><a href=\"https:\/\/reflejarte.es\/DeutschamStrand\/es\/der-laengste-satz-kartenspiel-deutsche-syntax-juego-de-cartas-sintaxis-alemana2\/\">\u00abLa frase m\u00e1s larga\u00bb \u00b7 Juego de cartas para descubrir las funciones sint\u00e1cticas<\/a><\/li><\/ul>\n<p>&nbsp;<\/p>\n<h3>para Lagune 2<\/h3>\n<ul class=\"lcp_catlist\" id=\"lcp_instance_0\"><li><a href=\"https:\/\/reflejarte.es\/DeutschamStrand\/es\/das-wetter-dominospiel-a1-a2\/\">Das Wetter \u00b7 El tiempo en alem\u00e1n &#8211; juego de domin\u00f3 para imprimir  \u00b7 A1.3 \/ A2<\/a><\/li><li><a href=\"https:\/\/reflejarte.es\/DeutschamStrand\/es\/unregelmaessige-starke-verben-deutsch_listado-verbos-irregulares-aleman-audio\/\">Verbos irregulares, fuertes, del alem\u00e1n \u00b7 listado con audio+pdf \u00b7 verbos base y derivados<\/a><\/li><li><a href=\"https:\/\/reflejarte.es\/DeutschamStrand\/es\/wechsel-praepositionen-deutsch-in-bild-text-gestik_preposiciones-variables-aleman-en-imagen-gestos-texto\/\">Las preposiciones variables del alem\u00e1n, explicadas en im\u00e1genes, textos y gestos<\/a><\/li><li><a href=\"https:\/\/reflejarte.es\/DeutschamStrand\/es\/praepositionen_einfuehrung-beispiele-merksaetze_preposiciones-introduccion-ejemplos-frases-mnemotecnicas\/\">Preposiciones, \u00bfqu\u00e9 son? \u00b7 Introducci\u00f3n, ejemplos y frases mnemot\u00e9cnicas<\/a><\/li><li><a href=\"https:\/\/reflejarte.es\/DeutschamStrand\/es\/wo-wohin-uebung-wechselpraepositionen_interactiv_ejercicio-preposiciones-variables-aleman\/\">Wo? Wohin? \u00bfD\u00f3nde? o \u00bfHacia d\u00f3nde? \u00bfEst\u00e1tico o din\u00e1mico? Ejercicio interactivo de preposiciones variables<\/a><\/li><li><a href=\"https:\/\/reflejarte.es\/DeutschamStrand\/es\/unterschiede-zwischen_zuerst_erst_nur_diferencia-explicada-con-ejemplos\/\">La part\u00edcula &#8216;erst&#8217; &#8211; usos y significados &#8211;  explicaci\u00f3n y ejemplos<\/a><\/li><li><a href=\"https:\/\/reflejarte.es\/DeutschamStrand\/es\/der-laengste-satz-kartenspiel-deutsche-syntax-juego-de-cartas-sintaxis-alemana2\/\">\u00abLa frase m\u00e1s larga\u00bb \u00b7 Juego de cartas para descubrir las funciones sint\u00e1cticas<\/a><\/li><\/ul>\n","protected":false},"excerpt":{"rendered":"<p>&nbsp; &nbsp; Material de apoyo por m\u00e9todo\/libro de texto &nbsp; para Paul, Lisa &amp; Co. &nbsp; &nbsp; para Beste Freunde &nbsp; para Planetino 1 para Planetino 2 &nbsp; para Tamburin 1 &nbsp; para Lagune 1 &nbsp; para Lagune 2<\/p>\n<p> <a class=\"continue-reading-link\" href=\"https:\/\/reflejarte.es\/DeutschamStrand\/es\/begleitmaterial-nach-lehrwerken_material-de-apoyo-por-metodo-de-aleman\/\"><span>seguir leyendo &#8230;<\/span><i class=\"crycon-right-dir\"><\/i><\/a> <\/p>\n","protected":false},"author":4,"featured_media":2532,"parent":0,"menu_order":0,"comment_status":"closed","ping_status":"closed","template":"","meta":{"footnotes":""},"class_list":["post-2530","page","type-page","status-publish","has-post-thumbnail","hentry"],"_links":{"self":[{"href":"https:\/\/reflejarte.es\/DeutschamStrand\/es\/wp-json\/wp\/v2\/pages\/2530","targetHints":{"allow":["GET"]}}],"collection":[{"href":"https:\/\/reflejarte.es\/DeutschamStrand\/es\/wp-json\/wp\/v2\/pages"}],"about":[{"href":"https:\/\/reflejarte.es\/DeutschamStrand\/es\/wp-json\/wp\/v2\/types\/page"}],"author":[{"embeddable":true,"href":"https:\/\/reflejarte.es\/DeutschamStrand\/es\/wp-json\/wp\/v2\/users\/4"}],"replies":[{"embeddable":true,"href":"https:\/\/reflejarte.es\/DeutschamStrand\/es\/wp-json\/wp\/v2\/comments?post=2530"}],"version-history":[{"count":5,"href":"https:\/\/reflejarte.es\/DeutschamStrand\/es\/wp-json\/wp\/v2\/pages\/2530\/revisions"}],"predecessor-version":[{"id":4585,"href":"https:\/\/reflejarte.es\/DeutschamStrand\/es\/wp-json\/wp\/v2\/pages\/2530\/revisions\/4585"}],"wp:featuredmedia":[{"embeddable":true,"href":"https:\/\/reflejarte.es\/DeutschamStrand\/es\/wp-json\/wp\/v2\/media\/2532"}],"wp:attachment":[{"href":"https:\/\/reflejarte.es\/DeutschamStrand\/es\/wp-json\/wp\/v2\/media?parent=2530"}],"curies":[{"name":"wp","href":"https:\/\/api.w.org\/{rel}","templated":true}]}}