{"id":222,"date":"2012-12-06T20:23:43","date_gmt":"2012-12-06T19:23:43","guid":{"rendered":"http:\/\/deutschamstrand.wordpress.com\/?page_id=222"},"modified":"2023-09-30T16:51:05","modified_gmt":"2023-09-30T16:51:05","slug":"links-zum-lernen","status":"publish","type":"page","link":"https:\/\/reflejarte.es\/DeutschamStrand\/es\/deutsch-lernen-aprender-aleman\/links-zum-lernen\/","title":{"rendered":"Trucos, enlaces y material para aprender alem\u00e1n, para autodidactas, profes y curiosos"},"content":{"rendered":"<p>&nbsp;<\/p>\n<p><span style='color: #fd6300;position: relative; top: -25px; bottom: -45px;'>\u00daltima actualizaci\u00f3n: 30\/09\/2023<\/span> <a href=\"https:\/\/reflejarte.es\/DeutschamStrand\/de\/deutsch-lernen-aprender-aleman\/links-zum-lernen\/\" target=\"_blank\" rel=\"noopener\"><img loading=\"lazy\" decoding=\"async\" class=\"alignright wp-image-3689 size-full\" title=\"leer en alem\u00e1n - auf Deutsch lesen\" src=\"https:\/\/reflejarte.es\/DeutschamStrand\/es\/wp-content\/uploads\/2021\/01\/auf-Deutsch-lesen.png\" alt=\"leer en alem\u00e1n - auf Deutsch lesen\" width=\"182\" height=\"31\" srcset=\"https:\/\/reflejarte.es\/DeutschamStrand\/es\/wp-content\/uploads\/2021\/01\/auf-Deutsch-lesen.png 182w, https:\/\/reflejarte.es\/DeutschamStrand\/es\/wp-content\/uploads\/2021\/01\/auf-Deutsch-lesen-150x26.png 150w\" sizes=\"auto, (max-width: 182px) 100vw, 182px\" \/><\/a><\/p>\n<p><img loading=\"lazy\" decoding=\"async\" class=\"wp-image-2899 aligncenter\" src=\"https:\/\/reflejarte.es\/DeutschamStrand\/es\/wp-content\/uploads\/2020\/11\/DaSreflejarte-Sello-600x600-1-300x300.jpg\" alt=\"Deutsch am Strand \u00b7 reflejarte.es\/DeutschamStrand\" width=\"147\" height=\"147\" srcset=\"https:\/\/reflejarte.es\/DeutschamStrand\/es\/wp-content\/uploads\/2020\/11\/DaSreflejarte-Sello-600x600-1-300x300.jpg 300w, https:\/\/reflejarte.es\/DeutschamStrand\/es\/wp-content\/uploads\/2020\/11\/DaSreflejarte-Sello-600x600-1-150x150.jpg 150w, https:\/\/reflejarte.es\/DeutschamStrand\/es\/wp-content\/uploads\/2020\/11\/DaSreflejarte-Sello-600x600-1.jpg 600w\" sizes=\"auto, (max-width: 147px) 100vw, 147px\" \/><\/p>\n<h1 style=\"text-align: center;\">D\u00f3nde encontrar material<br \/>\npara aprender alem\u00e1n<\/h1>\n<h2 style=\"text-align: center;\">\u00a0Trucos para autodidactas y profes<br \/>\npara aprender y ense\u00f1ar con eficacia<\/h2>\n<p>&nbsp;<\/p>\n<p>En esta p\u00e1gina encuentras diversos\u00a0 enlaces hacia webs interesantes que te ayudan a comprender mejor los textos alemanes aut\u00e9nticos y el lenguaje hablado.<\/p>\n<p>Hay infinidad de sitios que ofrecen material gratuito para estudiar y disfrutar aprendiendo: documentales y series televisivas, emisoras de radio, blogs, canciones en Youtube, piezas radiof\u00f3nicas y videos con transcripciones, noticias de actualidad le\u00eddas a velocidad ralentizada (Deutsche Welle), materiales para la ense\u00f1anza del Instituto Goethe y de la editorial Hueber,\u00a0 etc&#8230;.<br \/>\nSolo tienes que navegar un poco por internet o seguir los enlaces de m\u00e1s abajo.<\/p>\n<p>Con tanta oferta se te plantea la pregunta:<\/p>\n<p>&nbsp;<\/p>\n<h1 style=\"text-align: center;\">\u00bfC\u00f3mo puedo aprender alem\u00e1n con rapidez y eficacia?<\/h1>\n<h2 style=\"text-align: center;\">Trucos y consejos para aprovechar bien los materiales disponibles<\/h2>\n<p>&nbsp;<\/p>\n<p><span style=\"color: #ff6600;\">Ah\u00ed van algunos consejos \u00fatiles:<\/span><\/p>\n<p><strong>1 &#8211; Es importante que escuches mucho alem\u00e1n<\/strong><br \/>\nB\u00fascate\u00a0 <span style=\"color: #ff6600;\">pel\u00edculas\u00a0<\/span> y <span style=\"color: #ff6600;\">canciones<\/span> en alem\u00e1n que te interesen, y mejor si ya las conoces en espa\u00f1ol antes der mirarlas\/escucharlas. Si tienen subt\u00edtulos en alem\u00e1n, p\u00f3nselos para ayudarte a captar lo m\u00e1s importante (ojo: los subt\u00edtulos no suelen reproducir todo lo que se dice en una pel\u00edcula;\u00a0 y los de los reportajes televisivos suelen estar hechos por m\u00e1quinas que a menudo malinterpretan de forma estrepitosa lo que se oye!!!)<br \/>\nCu\u00e1ntas m\u00e1s veces escuches una misma pieza, mejor la entender\u00e1s. Y con cada nueva canci\u00f3n o pel\u00edcula aumentar\u00e1n tus recursos. Es un proceso lento, al principio, pero no te desesperes: la constancia es fundamental.<br \/>\n<span style=\"color: #ff6600;\">Procura repetir las nuevas expresiones y estructuras que has \u00abpillado\u00bb<\/span> e intenta decirlas cuando te encuentres en una situaci\u00f3n parecida en tu vida diaria (aunque sea mentalmente): as\u00ed se te quedan fijadas en la memoria y las tienes a tu disposici\u00f3n cuando te hagan falta.<\/p>\n<p><strong>2 &#8211; Tienes que leer mucho en alem\u00e1n<\/strong><br \/>\nLee textos (<span style=\"color: #ff6600;\">libros, c\u00f3mics, revistas, p\u00e1ginas web, &#8230;<\/span>), sobre <span style=\"color: #ff6600;\">temas que te interesen\u00a0 y que conozcas<\/span>: as\u00ed te resulta f\u00e1cil asimilar nuevo vocabulario porque las palabras se repiten a menudo.<br \/>\nTambi\u00e9n te acostumbrar\u00e1s a c\u00f3mo se forman las frases, se te meter\u00e1n las estructuras sint\u00e1cticas.<br \/>\n<span style=\"color: #ff6600;\">Conviene que empieces con textos didactizados para estudiantes de lengua extranjera, adaptados a tu nivel<\/span>, para no desanimarte.<\/p>\n<p>No te sirven los libros infantiles porque su contenido sencillo viene expresado con estructuras complejas (verbos separables).<br \/>\nCuando ya tengas m\u00e1s conocimientos, son \u00fatiles las novelas polic\u00edacas de Agata Christie, ya que hablan de situaciones concretas, tienen un hilo l\u00f3gico f\u00e1cil de seguir y apenas usan el estilo coloquial.<\/p>\n<p>&nbsp;<\/p>\n<p><strong>3 &#8211; Habla y repite mucho<\/strong><br \/>\nCanta las canciones mientras\u00a0 las est\u00e1s escuchando.<br \/>\nLee en voz alta los textos que has estudiado.<br \/>\nChatea en alem\u00e1n!<br \/>\nHabla alem\u00e1n en clase, con tus compa\u00f1eros (o incluso contigo mismo, en casa)&#8230;<\/p>\n<p>Ver\u00e1s que si practicas a menudo lo que te aconsejamos aqu\u00ed, empezar\u00e1s pronto a\u00a0 <strong>PENSAR\u00a0 y reaccionar en alem\u00e1n<\/strong>!<\/p>\n<p style=\"text-align: center;\">*******************************<\/p>\n<h2 style=\"text-align: center;\">\u00bfD\u00f3nde hay videos y audios en alem\u00e1n?<\/h2>\n<p style=\"text-align: center;\">AVISO:<br \/>\nPor cambios en las estructuras de las webs enlazadas,<br \/>\nes posible que algunos enlaces concretos hayan caducado.<br \/>\nAcudiendo a la p\u00e1gina de inicio de las webs, tambi\u00e9n puedes buscar t\u00fa mism@<\/p>\n<p>&nbsp;<\/p>\n<h2><span style=\"text-decoration: underline;\"><strong><a title=\"Goethe-Institut\" href=\"http:\/\/www.goethe.de\/\" target=\"_blank\" rel=\"noopener noreferrer\">GOETHE-INSTITUT<\/a><\/strong><\/span> \u00a0\u00a0 goethe.de<\/h2>\n<p>El Instituto Goethe es la instituci\u00f3n oficial para aprender alem\u00e1n. (De paso: Goethe fue el escritor m\u00e1s famoso de Alemania, igual que Cervantes en Espa\u00f1a).\u00a0 En la web del Instituto Goethe hay muchos\u00a0<a title=\"Goetheinstitut: interaktive Spiele\" href=\"https:\/\/www.goethe.de\/de\/spr\/ueb.html\" target=\"_blank\" rel=\"noopener noreferrer\">juegos interactivos<\/a>, cursos y ejercicios de todos los niveles,\u00a0 informaciones interesantes y <a href=\"https:\/\/www.goethe.de\/es\/spr\/ueb.html\" target=\"_blank\" rel=\"noopener\">muchas otras propuestas gratuitas<\/a>, como series de televisi\u00f3n para aprender alem\u00e1n etc&#8230;.<\/p>\n<p>\u00bfConoces la serie\u00a0 <a href=\"https:\/\/www.goethe.de\/de\/spr\/ueb\/dlb.html\" target=\"_blank\" rel=\"noopener\">Das Deutschlandlabor<\/a>\u00a0 (a partir de A2), que ofrecen junto a la Deutsche Welle?<br \/>\nMuy \u00fatiles son sobre todo\u00a0 los <a href=\"https:\/\/www.goethe.de\/de\/spr\/kup\/prf\/prf.html\" target=\"_blank\" rel=\"noopener noreferrer\">materiales para preparar los certificados A1-C2<\/a> que te permiten entrenarte con textos y audios aut\u00e9nticos.<\/p>\n<p>&nbsp;<\/p>\n<h2><a title=\"WDR-Mediathek: Dokumentarfilme mit Untertiteln auf Deutsch\" href=\"http:\/\/www.wdr.de\/mediathek\/html\/regional\/uebersicht\/untertitel.xml\" target=\"_blank\" rel=\"noopener noreferrer\"><span style=\"text-decoration: underline;\"><strong>WDR-MEDIATHEK<\/strong><\/span><\/a> \u00a0\u00a0 wdr.de<\/h2>\n<p>La\u00a0 <a title=\"WDR-Mediathek: Dokumentarfilme mit Untertiteln auf Deutsch\" href=\"http:\/\/www1.wdr.de\/mediathek\/video\/sendungen\/videos-untertitel-100.html\" target=\"_blank\" rel=\"noopener noreferrer\">Mediathek de la emisora Westdeutscher Rundfunk WDR<\/a> ofrece muchas emisiones de actualidad, directas y en podcasts, en alem\u00e1n. Hay una larga lista de videos interesantes, divertidos\u00a0 y cr\u00edticos.<\/p>\n<p>Algunos tienen\u00a0 <strong>subt\u00edtulos (Untertitel = UT = <\/strong><em>subt\u00edtulos<\/em><strong>)<\/strong> en alem\u00e1n.<\/p>\n<div style=\"padding-left: 60px;\"><strong>\u00bfC\u00f3mo poner en marcha los subt\u00edtulos ?<\/strong><\/div>\n<p style=\"padding-left: 60px;\"><b>Inicia el video. Abajo a la derecha hay un bot\u00f3n\u00a0<\/b><b> \u00abUT\u00bb <\/b><b>.<br \/>\nHaz clic en el bot\u00f3n y ver\u00e1s los subt\u00edtulos.<\/b><\/p>\n<p>&nbsp;<\/p>\n<p><strong>Programas infantiles<\/strong>: cada s\u00e1bado por la ma\u00f1ana se emite la\u00a0 <strong>Sendung mit der Maus.<\/strong> Es un programa divertido, con cotros dibujitos mudos entre los diferentes contenidos: hay siempre un interesant\u00edsimo reportaje sobre c\u00f3mo funciona algo que usamos constantemente, por ejemplo: c\u00f3mo entra la pasta de dientes en el tubo, o c\u00f3mo funciona una pantalla t\u00e1ctil, o porqu\u00e9 se usa la expresi\u00f3n &#8216;oveja negra&#8217;, o &#8216;alles in Butter&#8217;&#8230; Tiene canciones, cuentos muy imaginativos&#8230;.<br \/>\nEs para ni\u00f1os de todas las edades, pero en alem\u00e1n normal, coloquial, y no tan f\u00e1cil de entender para principiantes.<br \/>\nLa emisi\u00f3n actual se puede ver online y est\u00e1 disponible durante una semana. Y hay mucho mas videos&#8230;<br \/>\n<a href=\"https:\/\/kinder.wdr.de\/index.html\" target=\"_blank\" rel=\"noopener noreferrer\">Videos para ni\u00f1os &#8216;Die Sendung mit der Maus&#8217;, &#8216;KinderRadioKanal&#8217; etc.<\/a><\/p>\n<p>&nbsp;<\/p>\n<h2><a title=\"Deutsche Welle - Radiosendungen, Videos, H\u00f6rspiele,...\" href=\"http:\/\/www.dw.de\/\" target=\"_blank\" rel=\"noopener noreferrer\"><span style=\"text-decoration: underline;\"><strong>DEUTSCHE WELLE\u00a0 <\/strong><\/span><\/a>\u00a0 dw.com<\/h2>\n<p>La <strong><a href=\"https:\/\/dw.com\" target=\"_blank\" rel=\"noopener noreferrer\">Deutsche Welle<\/a><\/strong> (= Onda alemana) es una emisora alemana que emite noticias nacionales e internacionales,\u00a0 y otros programas,\u00a0 en diferentes idiomas, entre ellos en espa\u00f1ol y alem\u00e1n, por supuesto. Cambia el idioma a alem\u00e1n, si quieres practicar&#8230;<\/p>\n<p>Encontrar\u00e1s\u00a0 <a title=\"DW: Langsam gesprochene, aktuelle Nachrichten mit Transkriptionen\" href=\"http:\/\/www.dw.com\/de\/deutsch-lernen\/nachrichten\/s-8030\" target=\"_blank\" rel=\"noopener noreferrer\"><strong>noticias actuales<\/strong>, le\u00eddas a velocidad lenta<\/a>, con transcripciones, para descargar o como podcast. Hay todo un universo de <a href=\"https:\/\/learngerman.dw.com\/de\/deutsch-lernen\/s-9095\" target=\"_blank\" rel=\"noopener\">ofertas para aprender alem\u00e1n\u00a0<\/a> auf https:\/\/learngerman.dw.com.<br \/>\nTambi\u00e9n est\u00e1 el\u00a0 <a title=\"TV-Lifestream: Direkt-Fernsehen von der Deutschen Welle\" href=\"http:\/\/www.dw.com\/de\/media-center\/s-100813\" target=\"_blank\" rel=\"noopener noreferrer\">TV-Lifestream: televisi\u00f3n en directo de la Deutsche Welle<\/a><\/p>\n<p><a href=\"https:\/\/www.dw.com\/de\/deutsch-lernen\/s-2055\" target=\"_blank\" rel=\"noopener\">DW<\/a> ofrece tambi\u00e9n un gran n\u00famero de\u00a0<a title=\"Deutsche Welle: Audiotrainer\" href=\"http:\/\/www.dw.com\/es\/aprender-alem\u00e1n\/s-4639\" target=\"_blank\" rel=\"noopener noreferrer\"> cursos de alem\u00e1n online-Sprachkurse, con ejecicios&#8230;<\/a> , <a href=\"https:\/\/learngerman.dw.com\/de\/placementDashboard\" target=\"_blank\" rel=\"noopener\">tests de nivel<\/a>,&#8230; todo gratuito.<\/p>\n<p>Puedes aprender alem\u00e1n con la <a href=\"https:\/\/learngerman.dw.com\/de\/deine-band\/s-60637027\" target=\"_blank\" rel=\"noopener\">m\u00fasica del grupo ok.danke.tsch\u00fcs<\/a><br \/>\nHay, por ejemplo,<br \/>\n&#8211; <a href=\"https:\/\/learngerman.dw.com\/de\/deutsch-lernen\/s-9095\" target=\"_blank\" rel=\"noopener\">cursos<\/a> para\u00a0 <a href=\"https:\/\/learngerman.dw.com\/de\/anf%C3%A4nger\/s-62079021\" target=\"_blank\" rel=\"noopener\">principiantes A1 y A2<\/a>, <a href=\"https:\/\/learngerman.dw.com\/de\/fortgeschrittene\/s-62079033\" target=\"_blank\" rel=\"noopener\">avanzados B1\/B2<\/a> y <a href=\"https:\/\/learngerman.dw.com\/de\/profis\/s-62079037\" target=\"_blank\" rel=\"noopener\">&#8216;Profis&#8217; del nivel C<\/a><\/p>\n<p>&#8211; series para aprender como <a href=\"https:\/\/learngerman.dw.com\/de\/nicos-weg\/c-36519687\" target=\"_blank\" rel=\"noopener\">Nicos Weg<\/a><\/p>\n<p><a title=\"Deutsche Welle: Audiotrainer\" href=\"http:\/\/www.dw.com\/deutsch-lernen\/audiotrainer\/s-3657\" target=\"_blank\" rel=\"noopener noreferrer\">Audiotrainer<\/a>\u00a0 con archivos mp3 y pdf para descargar\u00a0 (ingl\u00e9s-alem\u00e1n)<br \/>\n&#8211; diversos\u00a0 <a href=\"https:\/\/www.dw.com\/de\/podcasts\/s-100976\">Podcasts<\/a>: \u00a0<a title=\"DW - Podcast Alltagsdeutsch \" href=\"https:\/\/learngerman.dw.com\/de\/alltagsdeutsch\/s-56744441\" target=\"_blank\" rel=\"noopener noreferrer\">Alltagsdeutsch<\/a> (= Alem\u00e1n cotidiano)\u00a0 con audios, transcripciones y el vocabulario correspondiente, que te ayuda a entender el lenguje hablado<br \/>\n&#8211; <a href=\"http:\/\/www.dw.com\/de\/deutsch-lernen\/ticket-nach-berlin\/s-32294\">Ticket nach Berlin: ein Wettbewerb<\/a>: en Ticket a Berlin: una competici\u00f3n, 2 equipos de j\u00f3venes extranjeros viajan por toda Alemania compitiendo qui\u00e9n encuentra mejor soluci\u00f3n a las tareas planteadas (con videos, transcripciones, ejercicios, &#8230; para descargar)<\/p>\n<p><a title=\"DW- Videos mit Transkriptionen, Glossar und Aufgaben zum Sehen und Downloaden\" href=\"https:\/\/learngerman.dw.com\/de\/fortgeschrittene\/s-62079033\" target=\"_blank\" rel=\"noopener noreferrer\">&#8211; Deutsch aktuell<\/a>: muchos documentales cortos en video, con transcipciones, glosario y ejercicios para ver en linea\u00a0 o descargar (niveles A2\/B1\/B2), por ejemplo:<br \/>\n&#8211; La serie\u00a0 <strong><a href=\"https:\/\/learngerman.dw.com\/de\/top-thema\/s-55861562\" target=\"_blank\" rel=\"noopener noreferrer\">TOP-Thema<\/a> <\/strong>ofrece una larga lista de archivos con audio, texto, glosario y ejercicios (con soluciones)\u00a0 para el nivel B2 desde 2007, sobre asuntos de inter\u00e9s del mundo entero.<br \/>\n<a title=\"DW TOP-Thema: Wir kaufen einen Weihnachtsbaum\" href=\"https:\/\/www.dw.com\/de\/wir-kaufen-einen-weihnachtsbaum\/a-16424667\" target=\"_blank\" rel=\"noopener noreferrer\">Wir kaufen einen Weihnachtsbaum<\/a><br \/>\n<a href=\"http:\/\/www.dw.com\/de\/donald-trumps-deutsche-wurzeln\/a-19017897\" target=\"_blank\" rel=\"noopener noreferrer\">Donald Trumps deutsche Wurzeln<br \/>\n<\/a>&#8211; Series televisivas como\u00a0 <a href=\"http:\/\/www.dw.com\/de\/deutsch-lernen\/das-deutschlandlabor\/s-32379\">Das Deutschlandlabor<\/a> (A2\/B1)\u00a0 o una <a href=\"http:\/\/www.dw.com\/de\/deutsch-lernen\/telenovela\/s-13121\">Telenovela zum Deutschlernen<\/a> (a partir de B1)\u00a0 son informativos y divertidos.<br \/>\n&#8211; y muucho m\u00e1s &#8230;<\/p>\n<p>&nbsp;<\/p>\n<h2>Alumni-Portal del DAAD<\/h2>\n<p>El DAAD (el Deutsche Akademische Austauschdienst\/ Servicio de intercambio acad\u00e9mico de Alemania) concede becas a estudiantes alemanes para que puedan desarrollar parte de su carrera en universidades extranjeras, y a estudiantes de otros pa\u00edses que quieran estudiar en Alemania.<br \/>\nEn su portal (abierto a todos) para alumnos,\u00a0 <a href=\"https:\/\/www.alumniportal-deutschland.org\/de\/digitales-lernen-und-wissen\/deutsch-lernen\" target=\"_blank\" rel=\"noopener noreferrer\">Alumni-Portal,<\/a> encuentras muchos\u00a0 <a href=\"https:\/\/www.alumniportal-deutschland.org\/de\/digitales-lernen-und-wissen\/deutsch-lernen\" target=\"_blank\" rel=\"noopener noreferrer\">videos, audios, textos y ejercicios interactivos para aprender alem\u00e1n en l\u00ednea <\/a>.<\/p>\n","protected":false},"excerpt":{"rendered":"<p>&nbsp; D\u00f3nde encontrar material para aprender alem\u00e1n \u00a0Trucos para autodidactas y profes para aprender y ense\u00f1ar con eficacia &nbsp; En esta p\u00e1gina encuentras diversos\u00a0 enlaces hacia webs interesantes que te ayudan a comprender mejor los textos alemanes aut\u00e9nticos y el lenguaje hablado. Hay infinidad de sitios que ofrecen material gratuito&#8230;<\/p>\n<p> <a class=\"continue-reading-link\" href=\"https:\/\/reflejarte.es\/DeutschamStrand\/es\/deutsch-lernen-aprender-aleman\/links-zum-lernen\/\"><span>seguir leyendo &#8230;<\/span><i class=\"crycon-right-dir\"><\/i><\/a> <\/p>\n","protected":false},"author":2,"featured_media":2899,"parent":67,"menu_order":0,"comment_status":"open","ping_status":"closed","template":"","meta":{"footnotes":""},"class_list":["post-222","page","type-page","status-publish","has-post-thumbnail","hentry"],"_links":{"self":[{"href":"https:\/\/reflejarte.es\/DeutschamStrand\/es\/wp-json\/wp\/v2\/pages\/222","targetHints":{"allow":["GET"]}}],"collection":[{"href":"https:\/\/reflejarte.es\/DeutschamStrand\/es\/wp-json\/wp\/v2\/pages"}],"about":[{"href":"https:\/\/reflejarte.es\/DeutschamStrand\/es\/wp-json\/wp\/v2\/types\/page"}],"author":[{"embeddable":true,"href":"https:\/\/reflejarte.es\/DeutschamStrand\/es\/wp-json\/wp\/v2\/users\/2"}],"replies":[{"embeddable":true,"href":"https:\/\/reflejarte.es\/DeutschamStrand\/es\/wp-json\/wp\/v2\/comments?post=222"}],"version-history":[{"count":0,"href":"https:\/\/reflejarte.es\/DeutschamStrand\/es\/wp-json\/wp\/v2\/pages\/222\/revisions"}],"up":[{"embeddable":true,"href":"https:\/\/reflejarte.es\/DeutschamStrand\/es\/wp-json\/wp\/v2\/pages\/67"}],"wp:featuredmedia":[{"embeddable":true,"href":"https:\/\/reflejarte.es\/DeutschamStrand\/es\/wp-json\/wp\/v2\/media\/2899"}],"wp:attachment":[{"href":"https:\/\/reflejarte.es\/DeutschamStrand\/es\/wp-json\/wp\/v2\/media?parent=222"}],"curies":[{"name":"wp","href":"https:\/\/api.w.org\/{rel}","templated":true}]}}