{"id":1825,"date":"2019-12-28T09:27:33","date_gmt":"2019-12-28T08:27:33","guid":{"rendered":"https:\/\/reflejarte.es\/DeutschamStrand\/?page_id=1825"},"modified":"2023-05-16T18:27:57","modified_gmt":"2023-05-16T18:27:57","slug":"nutzungsbedingungen-copyright-condiciones-de-uso","status":"publish","type":"page","link":"https:\/\/reflejarte.es\/DeutschamStrand\/es\/nutzungsbedingungen-copyright-condiciones-de-uso\/","title":{"rendered":"Derechos de autor \u00b7 Uso de los contenidos"},"content":{"rendered":"<p><a href=\"https:\/\/reflejarte.es\/DeutschamStrand\/de\/nutzungsbedingungen-copyright-condiciones-de-uso\/\" target=\"_blank\" rel=\"noopener\"><img loading=\"lazy\" decoding=\"async\" class=\"alignleft wp-image-3689 size-full\" title=\"leer en alem\u00e1n - auf Deutsch lesen\" src=\"https:\/\/reflejarte.es\/DeutschamStrand\/es\/wp-content\/uploads\/2021\/01\/auf-Deutsch-lesen.png\" alt=\"leer en alem\u00e1n - auf Deutsch lesen\" width=\"182\" height=\"31\" srcset=\"https:\/\/reflejarte.es\/DeutschamStrand\/es\/wp-content\/uploads\/2021\/01\/auf-Deutsch-lesen.png 182w, https:\/\/reflejarte.es\/DeutschamStrand\/es\/wp-content\/uploads\/2021\/01\/auf-Deutsch-lesen-150x26.png 150w\" sizes=\"auto, (max-width: 182px) 100vw, 182px\" \/><\/a><\/p>\n<p>&nbsp;<\/p>\n<h4>T\u00e9rminos y condiciones<\/h4>\n<h1 class=\"widget-title\"><strong>Aviso sobre el uso de los contenidos \u00b7 Derechos de autor<br \/>\n<\/strong><\/h1>\n<div class=\"textwidget custom-html-widget\">\n<p>Los contenidos publicados en la web de reflejarte.es\/DeutschamStrand pueden usarse gratuitamente en el \u00e1mbito privado y para labores de docencia, manteniendo las referencias a esta web incluidas en el material. Para el uso docente privado se autoriza la descarga y copia de los contenidos.<br \/>\nNo est\u00e1 permitido el uso comercial de los contenidos sin la autorizaci\u00f3n expl\u00edcita y escrita de reflejarte.es, prohibici\u00f3n que engloba la reproducci\u00f3n, distribuci\u00f3n o publicaci\u00f3n de los textos y materiales por cualquier medio tradicional, digital o virtual.<\/p>\n<\/div>\n<p>&nbsp;<\/p>\n","protected":false},"excerpt":{"rendered":"<p>&nbsp; T\u00e9rminos y condiciones Aviso sobre el uso de los contenidos \u00b7 Derechos de autor Los contenidos publicados en la web de reflejarte.es\/DeutschamStrand pueden usarse gratuitamente en el \u00e1mbito privado y para labores de docencia, manteniendo las referencias a esta web incluidas en el material. Para el uso docente privado&#8230;<\/p>\n<p> <a class=\"continue-reading-link\" href=\"https:\/\/reflejarte.es\/DeutschamStrand\/es\/nutzungsbedingungen-copyright-condiciones-de-uso\/\"><span>seguir leyendo &#8230;<\/span><i class=\"crycon-right-dir\"><\/i><\/a> <\/p>\n","protected":false},"author":4,"featured_media":0,"parent":0,"menu_order":0,"comment_status":"closed","ping_status":"closed","template":"","meta":{"footnotes":""},"class_list":["post-1825","page","type-page","status-publish","hentry"],"_links":{"self":[{"href":"https:\/\/reflejarte.es\/DeutschamStrand\/es\/wp-json\/wp\/v2\/pages\/1825","targetHints":{"allow":["GET"]}}],"collection":[{"href":"https:\/\/reflejarte.es\/DeutschamStrand\/es\/wp-json\/wp\/v2\/pages"}],"about":[{"href":"https:\/\/reflejarte.es\/DeutschamStrand\/es\/wp-json\/wp\/v2\/types\/page"}],"author":[{"embeddable":true,"href":"https:\/\/reflejarte.es\/DeutschamStrand\/es\/wp-json\/wp\/v2\/users\/4"}],"replies":[{"embeddable":true,"href":"https:\/\/reflejarte.es\/DeutschamStrand\/es\/wp-json\/wp\/v2\/comments?post=1825"}],"version-history":[{"count":0,"href":"https:\/\/reflejarte.es\/DeutschamStrand\/es\/wp-json\/wp\/v2\/pages\/1825\/revisions"}],"wp:attachment":[{"href":"https:\/\/reflejarte.es\/DeutschamStrand\/es\/wp-json\/wp\/v2\/media?parent=1825"}],"curies":[{"name":"wp","href":"https:\/\/api.w.org\/{rel}","templated":true}]}}