{"id":165,"date":"2012-11-30T12:18:13","date_gmt":"2012-11-30T11:18:13","guid":{"rendered":"http:\/\/deutschamstrand.wordpress.com\/?page_id=165"},"modified":"2024-03-24T16:39:25","modified_gmt":"2024-03-24T16:39:25","slug":"raetsel-ratespiele-quizspiele-juegos-de-quiz-y-adivinanzas","status":"publish","type":"page","link":"https:\/\/reflejarte.es\/DeutschamStrand\/es\/spiele\/raetsel-ratespiele-quizspiele-juegos-de-quiz-y-adivinanzas\/","title":{"rendered":"Aprender alem\u00e1n con  juegos de tipo quiz, adivinanzas y pasatiempos"},"content":{"rendered":"<p>&nbsp;<\/p>\n<p><span style='color: #fd6300;position: relative; top: -25px; bottom: -45px;'>\u00daltima actualizaci\u00f3n: 24\/03\/2024<\/span> <a href=\"https:\/\/reflejarte.es\/DeutschamStrand\/de\/raetsel-ratespiele-quizspiele-juegos-de-quiz-y-adivinanzas\/\" target=\"_blank\" rel=\"noopener\"><img loading=\"lazy\" decoding=\"async\" class=\"alignright wp-image-3689 size-full\" title=\"leer en alem\u00e1n - auf Deutsch lesen\" src=\"https:\/\/reflejarte.es\/DeutschamStrand\/es\/wp-content\/uploads\/2021\/01\/auf-Deutsch-lesen.png\" alt=\"leer en alem\u00e1n - auf Deutsch lesen\" width=\"182\" height=\"31\" srcset=\"https:\/\/reflejarte.es\/DeutschamStrand\/es\/wp-content\/uploads\/2021\/01\/auf-Deutsch-lesen.png 182w, https:\/\/reflejarte.es\/DeutschamStrand\/es\/wp-content\/uploads\/2021\/01\/auf-Deutsch-lesen-150x26.png 150w\" sizes=\"auto, (max-width: 182px) 100vw, 182px\" \/><\/a><\/p>\n<p>&nbsp;<\/p>\n<p>&nbsp;<\/p>\n<p style=\"text-align: center;\">R\u00e4tsel + Ratespiele<\/p>\n<h2 style=\"text-align: center;\">Aprender alem\u00e1n con<br \/>\njuegos de tipo quiz y adivinanzas, pasatiempos, crucigramas, domin\u00f3s, &#8230;<\/h2>\n<h3 style=\"text-align: center;\"><\/h3>\n<hr \/>\n<ul class=\"lcp_catlist\" id=\"lcp_instance_0\"><li><a href=\"https:\/\/reflejarte.es\/DeutschamStrand\/es\/das-wetter-dominospiel-a1-a2\/\">Das Wetter \u00b7 El tiempo en alem\u00e1n &#8211; juego de domin\u00f3 para imprimir  \u00b7 A1.3 \/ A2<\/a><\/li><li><a href=\"https:\/\/reflejarte.es\/DeutschamStrand\/es\/ein-fall-fuer-detektiv-ak-die-trennverben-im-deutschen-hauptsatz-arbeitsblatt-ficha\/\">Un caso para detective A.K. &#8211; los verbos separables en la oraci\u00f3n principal alemana<\/a><\/li><li><a href=\"https:\/\/reflejarte.es\/DeutschamStrand\/es\/ratespiel-personen-beschreiben-farben-kleidung-quiz-describir-adjetivos-colores-vestimenta\/\">Quiz \u00bfQui\u00e9n es? <br>Juego de describir personas: colores y vestimenta A1 (+ declinaci\u00f3n de adjetivos A2 )<\/a><\/li><li><a href=\"https:\/\/reflejarte.es\/DeutschamStrand\/es\/memory-der-koerper-spielkarten-arbeitsblaetter-zum-ausdrucken_mi-cuerpo-en-aleman-fichas-imprimir\/\">Mi cuerpo  \u00b7  memory \/ juego de cartas  \u00b7  fichas para imprimir<\/a><\/li><li><a href=\"https:\/\/reflejarte.es\/DeutschamStrand\/es\/koerperteile-vokabeltrainer-deutsch-el-cuerpo-en-aleman-quiz\/\">El cuerpo \u00b7 quiz \u00b7 3 entrenadores de vocabulario con im\u00e1genes+audio \u00b7 ejercicios interactivos<\/a><\/li><li><a href=\"https:\/\/reflejarte.es\/DeutschamStrand\/es\/uhrzeit-auf-deutsch-lern-quiz-interactivo-para-aprender-la-hora-en-aleman\/\">La HORA en alem\u00e1n, formal e informal.<br>Explicaci\u00f3n y ejercicios interactivos A1\/A2<\/a><\/li><\/ul>\n<hr \/>\n<h3><img loading=\"lazy\" decoding=\"async\" class=\"wp-image-169 size-thumbnail alignright\" title=\"das Kreuzwortr\u00e4tsel, -\" src=\"https:\/\/reflejarte.es\/DeutschamStrand\/es\/wp-content\/uploads\/2012\/11\/kreuzwortrc3a4tsel-150x150.jpg\" alt=\"Kreuzwortr\u00e4tsel\" width=\"150\" height=\"150\" \/><\/h3>\n<p><strong><span style=\"text-decoration: underline;\">La familia &#8211; parentescos<\/span><\/strong> \u00a0 (nivel A1)<\/p>\n<p>\u00bfC\u00f3mo se llaman los miembros de la familia?<br \/>\nUn crucigrama para imprimir con\u00a0 las denominaciones de parentesco b\u00e1sicas, de comunicArte.<br \/>\nLee las definiciones y apunta las respuestas.<br \/>\n\u00a1Ojo! En los crucigramas alemanes, la letra \u00df se sustituye por ss!<\/p>\n<p><img loading=\"lazy\" decoding=\"async\" class=\"aligncenter size-full wp-image-4285\" src=\"https:\/\/reflejarte.es\/DeutschamStrand\/es\/wp-content\/uploads\/2023\/11\/Kreuzwortratsel-Familie-1.jpg\" alt=\"Kreuzwortr\u00e4tsel Familie\" width=\"901\" height=\"607\" srcset=\"https:\/\/reflejarte.es\/DeutschamStrand\/es\/wp-content\/uploads\/2023\/11\/Kreuzwortratsel-Familie-1.jpg 901w, https:\/\/reflejarte.es\/DeutschamStrand\/es\/wp-content\/uploads\/2023\/11\/Kreuzwortratsel-Familie-1-300x202.jpg 300w, https:\/\/reflejarte.es\/DeutschamStrand\/es\/wp-content\/uploads\/2023\/11\/Kreuzwortratsel-Familie-1-768x517.jpg 768w, https:\/\/reflejarte.es\/DeutschamStrand\/es\/wp-content\/uploads\/2023\/11\/Kreuzwortratsel-Familie-1-150x101.jpg 150w\" sizes=\"auto, (max-width: 901px) 100vw, 901px\" \/><\/p>\n<p>&nbsp;<\/p>\n<p><a href=\"https:\/\/reflejarte.es\/DeutschamStrand\/es\/das-wetter-dominospiel-a1-a2\/\" target=\"_blank\" rel=\"noopener\"><strong><span style=\"text-decoration: underline;\">El tiempo &#8211; Domin\u00f3 <\/span><\/strong><\/a>\u00a0 (nivel A2)<\/p>\n<p><a href=\"https:\/\/reflejarte.es\/DeutschamStrand\/es\/das-wetter-dominospiel-a1-a2\/\" target=\"_blank\" rel=\"attachment wp-att-175 noopener noreferrer\"><img loading=\"lazy\" decoding=\"async\" class=\"alignright size-thumbnail wp-image-175\" src=\"https:\/\/reflejarte.es\/DeutschamStrand\/es\/wp-content\/uploads\/2012\/11\/regenbogen.jpg?w=150\" alt=\"der Regenbogen, die Regenb\u00f6gen\" width=\"150\" height=\"112\" \/><\/a>Un juego de domin\u00f3 imprimible para aprender c\u00f3mo se describe el tiempo en alem\u00e1n.<br \/>\nJunta(d) las expresiones que combinen correctamente.<br \/>\nEs muy importante saber hablar del tiempo, es una forma id\u00f3nea de relacionarse con desconocidos y mantener una conversaci\u00f3n social.<\/p>\n<hr \/>\n<hr \/>\n<p>&nbsp;<\/p>\n","protected":false},"excerpt":{"rendered":"<p>&nbsp; &nbsp; &nbsp; R\u00e4tsel + Ratespiele Aprender alem\u00e1n con juegos de tipo quiz y adivinanzas, pasatiempos, crucigramas, domin\u00f3s, &#8230; La familia &#8211; parentescos \u00a0 (nivel A1) \u00bfC\u00f3mo se llaman los miembros de la familia? Un crucigrama para imprimir con\u00a0 las denominaciones de parentesco b\u00e1sicas, de comunicArte. Lee las definiciones y&#8230;<\/p>\n<p> <a class=\"continue-reading-link\" href=\"https:\/\/reflejarte.es\/DeutschamStrand\/es\/spiele\/raetsel-ratespiele-quizspiele-juegos-de-quiz-y-adivinanzas\/\"><span>seguir leyendo &#8230;<\/span><i class=\"crycon-right-dir\"><\/i><\/a> <\/p>\n","protected":false},"author":2,"featured_media":169,"parent":56,"menu_order":0,"comment_status":"open","ping_status":"closed","template":"","meta":{"footnotes":""},"class_list":["post-165","page","type-page","status-publish","has-post-thumbnail","hentry"],"_links":{"self":[{"href":"https:\/\/reflejarte.es\/DeutschamStrand\/es\/wp-json\/wp\/v2\/pages\/165","targetHints":{"allow":["GET"]}}],"collection":[{"href":"https:\/\/reflejarte.es\/DeutschamStrand\/es\/wp-json\/wp\/v2\/pages"}],"about":[{"href":"https:\/\/reflejarte.es\/DeutschamStrand\/es\/wp-json\/wp\/v2\/types\/page"}],"author":[{"embeddable":true,"href":"https:\/\/reflejarte.es\/DeutschamStrand\/es\/wp-json\/wp\/v2\/users\/2"}],"replies":[{"embeddable":true,"href":"https:\/\/reflejarte.es\/DeutschamStrand\/es\/wp-json\/wp\/v2\/comments?post=165"}],"version-history":[{"count":2,"href":"https:\/\/reflejarte.es\/DeutschamStrand\/es\/wp-json\/wp\/v2\/pages\/165\/revisions"}],"predecessor-version":[{"id":4499,"href":"https:\/\/reflejarte.es\/DeutschamStrand\/es\/wp-json\/wp\/v2\/pages\/165\/revisions\/4499"}],"up":[{"embeddable":true,"href":"https:\/\/reflejarte.es\/DeutschamStrand\/es\/wp-json\/wp\/v2\/pages\/56"}],"wp:featuredmedia":[{"embeddable":true,"href":"https:\/\/reflejarte.es\/DeutschamStrand\/es\/wp-json\/wp\/v2\/media\/169"}],"wp:attachment":[{"href":"https:\/\/reflejarte.es\/DeutschamStrand\/es\/wp-json\/wp\/v2\/media?parent=165"}],"curies":[{"name":"wp","href":"https:\/\/api.w.org\/{rel}","templated":true}]}}