{"id":891,"date":"2019-11-14T20:12:58","date_gmt":"2019-11-14T19:12:58","guid":{"rendered":"https:\/\/reflejarte.es\/DeutschamStrand\/?page_id=891"},"modified":"2023-09-20T07:13:05","modified_gmt":"2023-09-20T05:13:05","slug":"datenschutzerklaerung-nutzungsbedingungen_terminos-y-condiciones-privacidad","status":"publish","type":"page","link":"https:\/\/reflejarte.es\/DeutschamStrand\/de\/datenschutzerklaerung-nutzungsbedingungen_terminos-y-condiciones-privacidad\/","title":{"rendered":"Datenschutzerkl\u00e4rung \u00b7 Nutzungsbedingungen \u00b7 Haftungsausschluss"},"content":{"rendered":"<p><a href=\"https:\/\/reflejarte.es\/DeutschamStrand\/es\/datenschutzerklaerung-nutzungsbedingungen_terminos-y-condiciones-privacidad\/\" target=\"_blank\" rel=\"noopener\"><img decoding=\"async\" class=\"alignleft wp-image-3997 size-full lazyload\" title=\"leer en espa\u00f1ol - auf Spanisch lesen\" data-src=\"https:\/\/reflejarte.es\/DeutschamStrand\/de\/wp-content\/uploads\/2023\/05\/auf-Spanisch-lesen.png\" alt=\"leer en espa\u00f1ol - auf Spanisch lesen\" width=\"182\" height=\"31\" data-srcset=\"https:\/\/reflejarte.es\/DeutschamStrand\/de\/wp-content\/uploads\/2023\/05\/auf-Spanisch-lesen.png 182w, https:\/\/reflejarte.es\/DeutschamStrand\/de\/wp-content\/uploads\/2023\/05\/auf-Spanisch-lesen-150x26.png 150w\" data-sizes=\"(max-width: 182px) 100vw, 182px\" src=\"data:image\/svg+xml;base64,PHN2ZyB3aWR0aD0iMSIgaGVpZ2h0PSIxIiB4bWxucz0iaHR0cDovL3d3dy53My5vcmcvMjAwMC9zdmciPjwvc3ZnPg==\" style=\"--smush-placeholder-width: 182px; --smush-placeholder-aspect-ratio: 182\/31;\" \/><\/a><\/p>\n<h4><\/h4>\n<h4 style=\"text-align: center;\"><a href=\"#datenschutz\">Datenschutzerkl\u00e4rung<\/a> \u00b7 <a href=\"#nutzungsbedingungen\">Nutzungsbedingungen<\/a> \u00b7 <a href=\"#haftungsausschluss\">Haftungsausschluss<\/a><\/h4>\n<p><a name=\"datenschutz\"><\/a><\/p>\n<hr \/>\n<h1 style=\"text-align: center;\">Datenschutzerkl\u00e4rung<\/h1>\n<hr \/>\n<h2>Wer wir sind<\/h2>\n<p>Deutsch am Strand ist eine Website des Kultur-Portals reflejArte\u00b7es.<br \/>\nDie Adresse unserer Website ist: https:\/\/reflejarte.es\/DeutschamStrand.<\/p>\n<hr \/>\n<h2>Welche personenbezogenen Daten wir bei reflejArte\u00b7es sammeln und warum wir sie sammeln<\/h2>\n<p>Bei reflejArte\u00b7es speichern wir so wenig pers\u00f6nliche Daten wie nur irgend m\u00f6glich: solange du dich nicht als Nutzer registrierst (diese Funktion ist bei Deutsch am Strand zur Zeit nicht aktiviert) oder Kommentare ver\u00f6ffentlichst, werden bei deinen Besuchen auf unserer Web nur allgemein technische, nicht personenbezogene Informationen gesammelt (f\u00fcr Webtraffic-Analyse und zum Schutz der Web vor unlauteren Angriffen).<br \/>\nWenn du einen Kommentar hinterl\u00e4sst oder das Kontaktformular benutzt, werden deine dort angegebenen pers\u00f6nlichen Daten bei uns gespeichert, aber in keinem Fall an Dritte weitergegeben (au\u00dfer im Falle gerichtlicher Verf\u00fcgungen) noch werden sie zu Werbezwecken missbraucht.<br \/>\nEinige Dienstleistungen, die im Portal reflejArte\u00b7es eingebaut sind (wie Webtraffic-, Anti-Spam-Plugins oder Anti-Hacker-Services), sammeln im Rahmen ihrer Funktionalit\u00e4t ebenfalls Daten wie z.B. IP-Adressen, die aber maskiert sind und den Nutzer nicht pers\u00f6nlich blo\u00dfstellen.<br \/>\nWenn du unser Portal benutzen willst, musst du mit der Registrierung dieser Daten einverstanden sein.<br \/>\n<!-- In diesem Abschnitt solltest du angeben, welche personenbezogenen Daten du von Benutzern und Besuchern deiner Website sammelst. Dies k\u00f6nnen personenbezogene Daten wie Name, E-Mail-Adresse, pers\u00f6nliche Kontoeinstellungen, Transaktionsdaten wie z. B. Kaufinformationen sowie technische Daten wie z. B. Informationen \u00fcber Cookies sein. Du musst auch jede Erfassung und Speicherung sensibler personenbezogener Daten, wie Gesundheitsdaten, deutlich machen. Zus\u00e4tzlich zur der Auflistung der Art personenbezogener Daten, die du sammelst, musst du den Grund daf\u00fcr darlegen. Diese Erkl\u00e4rungen m\u00fcssen entweder die Rechtsgrundlage der Sammlung und Speicherung von Daten erw\u00e4hnen oder die Einverst\u00e4ndniserkl\u00e4rung, in die der Benutzer eingewilligt hat. Personenbezogene Daten werden nicht nur bei Interaktionen eines Benutzers mit deiner Website erstellt. Personenbezogene Daten werden auch bei technischen Prozessen wie bei Kontaktformularen, Kommentaren, Cookies, Analysewerkzeugen und Einbettungen von Drittanbietern erzeugt. Standardm\u00e4\u00dfig sammelt WordPress keine personenbezogenen Daten \u00fcber Benutzer und sammelt nur die Daten, die im Profil eines registrierten Benutzers angezeigt werden. Einige deiner Plugins k\u00f6nnen aber zus\u00e4tzliche personenbezogene Daten sammeln, f\u00fcge die relevanten Informationen unten hinzu. --><\/p>\n<p>&nbsp;<\/p>\n<hr \/>\n<h3>Kommentare<\/h3>\n<p>Wenn Besucher Kommentare auf der Website schreiben, sammeln wir die Daten, die im Kommentar-Formular angezeigt werden, au\u00dferdem die IP-Adresse des Besuchers und den User-Agent-String (damit wird der Browser identifiziert), um die Erkennung von Spam zu unterst\u00fctzen.<\/p>\n<p>Aus deiner E-Mail-Adresse kann eine anonymisierte Zeichenfolge erstellt (auch Hash genannt) und dem Gravatar-Dienst \u00fcbergeben werden, um zu pr\u00fcfen, ob du diesen benutzt. Die Datenschutzerkl\u00e4rung des Gravatar-Dienstes findest du hier: https:\/\/automattic.com\/privacy\/. Nachdem dein Kommentar freigegeben wurde, ist dein Profilbild \u00f6ffentlich im Kontext deines Kommentars sichtbar.<\/p>\n<p>&nbsp;<\/p>\n<hr \/>\n<h3>Medien<\/h3>\n<p>Wenn du als registrierter Benutzer\u00a0 bzw. in einem Kommentar Fotos auf diese Website l\u00e4dst, solltest du vermeiden, Bilder mit einem EXIF-GPS-Standort hochzuladen. Andere Besucher der Web k\u00f6nnten deine auf dieser Website gespeicherten Fotos herunterladen und deren Standort-Informationen extrahieren.<\/p>\n<p>&nbsp;<\/p>\n<hr \/>\n<h3>Kontaktformulare<\/h3>\n<p>Wenn du unser Kontaktformular benutzt oder uns per E-Mail kontaktierst, speichern wir die von dir dort angegebenen Daten, um dir angemessen antworten zu k\u00f6nnen bzw. dir wichtige Nachrichten bez\u00fcglich deiner Anfragen und W\u00fcnsche zu senden. Deine Daten werden weder Dritten \u00fcberlassen noch werden wir sie zu Marketing-Zwecken verwenden.<br \/>\n<!-- Standardm\u00e4\u00dfig beinhaltet WordPress kein Kontaktformular. Falls du ein Kontaktformular-Plugin benutzt, nutze diesen Unterabschnitt, um anzugeben, welche personenbezogenen Daten bei der \u00dcbermittlung eines Kontaktformulars aufgezeichnet werden und wie lange du sie speicherst. Du k\u00f6nntest zum Beispiel angeben, dass \u00fcbermittelte Kontaktformulare f\u00fcr den Kundenservice f\u00fcr eine bestimmte Zeit gespeichert werden, w\u00e4hrend du solche nicht f\u00fcr Marketing-Zwecke verwendest. --><\/p>\n<p>&nbsp;<\/p>\n<hr \/>\n<h3>Cookies der Kommentar-Funktion<\/h3>\n<p>Wenn du einen Kommentar auf unserer Website schreibst, kann das eine Einwilligung sein, deinen Namen, E-Mail-Adresse und Website in Cookies zu speichern. Dies ist eine Komfortfunktion, damit du nicht, wenn du einen weiteren Kommentar schreibst, all diese Daten erneut eingeben musst. Diese Cookies werden ein Jahr lang gespeichert.<br \/>\nDu kannst diese Cookies problemlos nach Besuch unserer Website von Hand l\u00f6schen, falls deine Browsereinstellungen dies nicht beim Schlie\u00dfen des Browsers automatisch durchf\u00fchren.<\/p>\n<p>&nbsp;<\/p>\n<hr \/>\n<h3>Nutzerkonten-Cookies<\/h3>\n<p>Falls du bei uns ein Benutzerkonto hast (diese Funktion ist momentan noch nicht vorgesehen) und dich auf dieser Website anmeldest, werden wir ein tempor\u00e4res Cookie setzen, um festzustellen, ob dein Browser Cookies akzeptiert. Dieses Cookie enth\u00e4lt keine personenbezogenen Daten und wird verworfen, sobald du deinen Browser schlie\u00dft.<br \/>\nWenn du dich anmeldest, werden wir einige Cookies einrichten, um deine Anmeldeinformationen und Anzeigeoptionen zu speichern. Anmelde-Cookies verfallen nach zwei Tagen und Cookies f\u00fcr die Anzeigeoptionen nach einem Jahr. Falls du bei der Anmeldung \u201eAngemeldet bleiben\u201c ausw\u00e4hlst, wird deine Anmeldung zwei Wochen lang aufrechterhalten. Mit der Abmeldung aus deinem Konto werden die Anmelde-Cookies gel\u00f6scht.<br \/>\nWenn du als registrierter Nutzer einen Artikel bearbeitest oder ver\u00f6ffentlichst, wird ein zus\u00e4tzlicher Cookie in deinem Browser gespeichert. Dieser Cookie enth\u00e4lt keine personenbezogenen Daten und verweist nur auf die Beitrags-ID des Artikels, den du gerade bearbeitet hast. Der Cookie verf\u00e4llt nach einem Tag.<\/p>\n<p>&nbsp;<\/p>\n<hr \/>\n<h3>Eingebettete Inhalte von anderen Websites<\/h3>\n<p>Beitr\u00e4ge auf dieser Website k\u00f6nnen eventuell eingebettete Inhalte beinhalten (z. B. Online-\u00dcbungen, Videos, Bilder, Beitr\u00e4ge etc.). Eingebettete Inhalte von anderen Websites verhalten sich exakt so, als ob der Besucher die andere Website besucht h\u00e4tte.<br \/>\nDiese Websites k\u00f6nnen Daten \u00fcber dich sammeln, Cookies benutzen, zus\u00e4tzliche Tracking-Dienste von Dritten einbetten und deine Interaktion mit diesem eingebetteten Inhalt aufzeichnen, inklusive deiner Interaktion mit dem eingebetteten Inhalt, falls du ein Konto bei dieser Website hast und dort angemeldet bist. Du musst die entsprechenden Cookies akzeptieren, um diese Inhalte sehen und benutzen zu k\u00f6nnen.<\/p>\n<hr \/>\n<h3>Analysedienste<\/h3>\n<h2>Mit wem wir deine Daten teilen<\/h2>\n<p>Alle Navegationsdaten werden von <a href=\"https:\/\/www.wordfence.com\/privacy-policy\/\" target=\"_blank\" rel=\"noopener noreferrer\">Wordfence<\/a> (https:\/\/www.wordfence.com, zum Schutz der Website vor Hacker-Attacken, Malware-Infektionen und Sicherheitsl\u00fccken etc.) registriert und ausgewertet. Die \u00fcbermittelten Daten erlauben keine direkte Identifizierung einzelner Benutzer.<br \/>\n<!-- In diesem Abschnitt solltest du alle Drittanbieter mit Namen auflisten, mit denen du Daten der Website teilst, inklusive Partner, Cloud-basierte Dienstleister, Zahlungsdienstleister und Dritt-Dienstanbieter und aufzeigen, welche Daten du mit ihnen teilst und warum. Falls m\u00f6glich f\u00fcge Links zu deren eigenen Datenschutzbestimmungen hinzu. --><\/p>\n<p>&nbsp;<\/p>\n<hr \/>\n<h2>Wie lange wir deine Daten speichern<\/h2>\n<p>Wenn du einen Kommentar schreibst, wird dieser inklusive Metadaten zeitlich unbegrenzt gespeichert. Auf diese Art k\u00f6nnen wir Folgekommentare automatisch erkennen und freigeben, anstelle sie in einer Moderations-Warteschlange festzuhalten.<\/p>\n<p>F\u00fcr Benutzer, die sich auf unserer Website registrieren (Option zur Zeit inaktiv), speichern wir zus\u00e4tzlich die pers\u00f6nlichen Informationen, die sie in ihren Benutzerprofilen angeben. Alle Benutzer k\u00f6nnen jederzeit ihre pers\u00f6nlichen Informationen einsehen, ver\u00e4ndern oder l\u00f6schen (der Benutzername kann nicht ver\u00e4ndert werden). Administratoren der Website k\u00f6nnen diese Informationen ebenfalls einsehen und ver\u00e4ndern.<\/p>\n<p>&nbsp;<\/p>\n<hr \/>\n<h2>Welche Rechte du an deinen Daten hast<\/h2>\n<p>Wenn du Kommentare geschrieben hast oder ein Konto auf dieser Website besitzt, kannst du einen Export deiner personenbezogenen Daten bei uns anfordern, inklusive aller Daten, die du uns mitgeteilt hast. Dar\u00fcber hinaus kannst du die L\u00f6schung aller personenbezogenen Daten, die wir von dir gespeichert haben, anfordern. Dies umfasst nicht die Daten, die wir aufgrund administrativer, rechtlicher oder sicherheitsrelevanter Notwendigkeiten aufbewahren m\u00fcssen.<\/p>\n<p>&nbsp;<\/p>\n<hr \/>\n<h2>Wohin wir deine Daten senden<\/h2>\n<p>Besucher-Kommentare werden von einem automatisierten Dienst zur Spam-Erkennung untersucht. Bei reflejArte\u00b7es benutzen wir <a href=\"https:\/\/akismet.com\/privacy\/\" target=\"_blank\" rel=\"noopener\">Akismet<\/a>, um Spamkommentare auszufiltern. Akismet sammelt Informationen \u00fcber Besucher, die Kommentare auf Websites hinterlassen, die diesen Anti-Spam Service benutzen.<br \/>\nWenn du bei reflejarte.es einen Kommentar schreibst, speichern wir nur die Informationen, die du direkt eingegeben hat wie z.B. Namen, Benutzernamen, E-Mail-Adresse und den Kommentar selbst.<\/p>\n<hr \/>\n<h2>Wie wir deine Daten sch\u00fctzen<\/h2>\n<p><!-- --><\/p>\n<p>Bei reflejArte\u00b7es bem\u00fchen wir uns, alle Unsicherheitsfaktoren, die beim Surfen und Webinteraktionen auftreten k\u00f6nnen, so weit wie m\u00f6glich auszuschalten. Darum sammeln wir nur solche Daten, die zum effizienten Funktionieren der Website unabdingbar sind, sch\u00fctzen sie mit Verschl\u00fcsselungstechnologien und ben\u00fctzen spezielle Sicherheitsdienste, die best\u00e4ndig aktualisiert werden.<!-- In diesem Bereich solltest du erl\u00e4utern, welche Ma\u00dfnahmen du ergriffen hast, um deine Benutzerdaten zu sch\u00fctzen. Dies umfasst technische Ma\u00dfnahmen wie Verschl\u00fcsselung, Sicherheitsma\u00dfnahmen wie Zwei-Faktor-Authentifizierung und menschliche Faktoren wie Datenschutz-Schulungen f\u00fcr die Mitarbeiter. Wenn du eine Datenschutz-Folgenabsch\u00e4tzung erstellt hast, kannst du sie hier auch erw\u00e4hnen. --><br \/>\n<!--\n\n\n<h3>Welche Ma\u00dfnahmen wir bei Datenschutzverletzungen anbieten<\/h3>\n\n\nIn diesem Bereich solltest du erl\u00e4utern, welche Ma\u00dfnahmen du ergriffen hast, um mit potentiellen oder realen Datenlecks umzugehen, beispielsweise interne Reporting-Systeme, Kontaktmechanismen oder Bug-Bounty-Programme. --><\/p>\n<p>&nbsp;<\/p>\n<hr \/>\n<h2 style=\"text-align: center;\">Liste der tats\u00e4chlich eingesetzten Cookies<br \/>\nbei Deutsch amStrand\/de:<\/h2>\n<p>(erstellt von CookiesYes)<\/p>\n<div class=\"cky-audit-table-element\"><p>The below list details the cookies used in our website.<\/p><table class=\"cookielawinfo-row-cat-table cookielawinfo-classic\"><thead><tr><th class=\"cookielawinfo-column-1\">Cookie<\/th><th class=\"cookielawinfo-column-4\">Beschreibung<\/th><\/tr><\/thead><tbody><tr class=\"cookielawinfo-row\"><td class=\"cookielawinfo-column-1\">cookielawinfo-checkbox-advertisement<\/td><td class=\"cookielawinfo-column-4\">Set by the GDPR Cookie Consent plugin, this cookie is used to record the user consent for the cookies in the \"Advertisement\" category .<\/td><\/tr><tr class=\"cookielawinfo-row\"><td class=\"cookielawinfo-column-1\">cookielawinfo-checkbox-analytics<\/td><td class=\"cookielawinfo-column-4\">This cookie is set by GDPR Cookie Consent plugin. The cookie is used to store the user consent for the cookies in the category \"Analytics\".<\/td><\/tr><tr class=\"cookielawinfo-row\"><td class=\"cookielawinfo-column-1\">cookielawinfo-checkbox-functional<\/td><td class=\"cookielawinfo-column-4\">The cookie is set by GDPR cookie consent to record the user consent for the cookies in the category \"Functional\".<\/td><\/tr><tr class=\"cookielawinfo-row\"><td class=\"cookielawinfo-column-1\">cookielawinfo-checkbox-necessary<\/td><td class=\"cookielawinfo-column-4\">This cookie is set by GDPR Cookie Consent plugin. The cookies is used to store the user consent for the cookies in the category \"Necessary\".<\/td><\/tr><tr class=\"cookielawinfo-row\"><td class=\"cookielawinfo-column-1\">cookielawinfo-checkbox-others<\/td><td class=\"cookielawinfo-column-4\">This cookie is set by GDPR Cookie Consent plugin. The cookie is used to store the user consent for the cookies in the category \"Other.<\/td><\/tr><tr class=\"cookielawinfo-row\"><td class=\"cookielawinfo-column-1\">cookielawinfo-checkbox-performance<\/td><td class=\"cookielawinfo-column-4\">This cookie is set by GDPR Cookie Consent plugin. The cookie is used to store the user consent for the cookies in the category \"Performance\".<\/td><\/tr><tr class=\"cookielawinfo-row\"><td class=\"cookielawinfo-column-1\">CookieLawInfoConsent<\/td><td class=\"cookielawinfo-column-4\">Records the default button state of the corresponding category &amp; the status of CCPA. It works only in coordination with the primary cookie.<\/td><\/tr><tr class=\"cookielawinfo-row\"><td class=\"cookielawinfo-column-1\">PHPSESSID<\/td><td class=\"cookielawinfo-column-4\">This cookie is native to PHP applications. The cookie is used to store and identify a users' unique session ID for the purpose of managing user session on the website. The cookie is a session cookies and is deleted when all the browser windows are closed.<\/td><\/tr><tr class=\"cookielawinfo-row\"><td class=\"cookielawinfo-column-1\">viewed_cookie_policy<\/td><td class=\"cookielawinfo-column-4\">The cookie is set by the GDPR Cookie Consent plugin and is used to store whether or not user has consented to the use of cookies. It does not store any personal data.<\/td><\/tr><\/tbody><\/table><\/div>\n<hr \/>\n<hr \/>\n<p><a name=\"impressum\"><\/a><\/p>\n<h2 style=\"text-align: center;\">Kontakt-Informationen<\/h2>\n<p>Kontaktiere reflejArte\u00b7es \u00fcber unsere E-Mail-Adresse<br \/>\n<img decoding=\"async\" class=\"wp-image-896 alignnone lazyload\" data-src=\"https:\/\/reflejarte.es\/DeutschamStrand\/de\/wp-content\/uploads\/2018\/06\/contacto-reflejArteMail.png\" alt=\"Contacta con reflejArte.es por email - E-Mail-Kontakt zu reflejArte.es\" width=\"173\" height=\"19\" data-srcset=\"https:\/\/reflejarte.es\/DeutschamStrand\/de\/wp-content\/uploads\/2018\/06\/contacto-reflejArteMail.png 173w, https:\/\/reflejarte.es\/DeutschamStrand\/de\/wp-content\/uploads\/2018\/06\/contacto-reflejArteMail-150x16.png 150w\" data-sizes=\"(max-width: 173px) 100vw, 173px\" src=\"data:image\/svg+xml;base64,PHN2ZyB3aWR0aD0iMSIgaGVpZ2h0PSIxIiB4bWxucz0iaHR0cDovL3d3dy53My5vcmcvMjAwMC9zdmciPjwvc3ZnPg==\" style=\"--smush-placeholder-width: 173px; --smush-placeholder-aspect-ratio: 173\/19;\" \/><br \/>\nreflejArte\u00b7es<br \/>\n\u00c1lamos,10. 18418 C\u00e1\u00f1ar<br \/>\nSpanien<br \/>\nWebsite: <a href=\"https:\/\/reflejarte.es\/DeutschamStrand\/de\/\">https:\/\/reflejarte.es\/DeutschamStrand\/de\/<\/a><br \/>\nWir antworten dir gerne und so bald wie m\u00f6glich.<\/p>\n<hr \/>\n<p><a name=\"haftungsausschluss\"><\/a><\/p>\n<h2 style=\"text-align: center;\">Haftungsausschluss<\/h2>\n<p>Wir, reflejarte\u00b7es,\u00a0 \u00fcbernehmen keinerlei Verantwortung f\u00fcr Inhalte, die von Au\u00dfenstehenden in dieser Web ver\u00f6ffentlicht werden (seien es Kommentare, Antworten, Werbung, &#8230;) oder solche, die durch Einbettung fremder Inhalte in dieser Web zu finden sind, da sich dortig vorgenommene Ver\u00e4nderungen des urspr\u00fcnglichen Inhalts unserer Kenntnis entziehen k\u00f6nnen. Wir haften auch nicht f\u00fcr externe Inhalte, die durch Links mit unserer Web verkn\u00fcpft sind, da wir auf sie keinen Einfluss haben.<br \/>\nSolltest du ungeeignete Inhalte oder Verkn\u00fcpfungen in unserer Web finden, bitte benachrichtige uns per E-Mail an <img decoding=\"async\" class=\"wp-image-896 alignnone lazyload\" data-src=\"https:\/\/reflejarte.es\/DeutschamStrand\/de\/wp-content\/uploads\/2018\/06\/contacto-reflejArteMail.png\" data-sizes=\"(max-width: 173px) 100vw, 173px\" data-srcset=\"https:\/\/reflejarte.es\/DeutschamStrand\/de\/wp-content\/uploads\/2018\/06\/contacto-reflejArteMail.png 173w, https:\/\/reflejarte.es\/DeutschamStrand\/de\/wp-content\/uploads\/2018\/06\/contacto-reflejArteMail-150x16.png 150w\" alt=\"Contacta con reflejArte.es por email - E-Mail-Kontakt zu reflejArte.es\" width=\"173\" height=\"19\" src=\"data:image\/svg+xml;base64,PHN2ZyB3aWR0aD0iMSIgaGVpZ2h0PSIxIiB4bWxucz0iaHR0cDovL3d3dy53My5vcmcvMjAwMC9zdmciPjwvc3ZnPg==\" style=\"--smush-placeholder-width: 173px; --smush-placeholder-aspect-ratio: 173\/19;\" \/> ,\u00a0 damit wir das Problem beheben k\u00f6nnen.<\/p>\n<p>&nbsp;<\/p>\n<p>&nbsp;<\/p>\n<p>&nbsp;<\/p>\n<hr \/>\n<hr \/>\n<p><a name=\"nutzungsbedingungen\"><\/a><\/p>\n<h1 class=\"widget-title\" style=\"text-align: center;\"><strong>Nutzungsbedingungen \u00b7 Urheberrecht<br \/>\n<\/strong><\/h1>\n<div class=\"textwidget custom-html-widget\">\n<p>Die Inhalte von reflejarte.es\/DeutschamStrand werden f\u00fcr den pers\u00f6nlichen Gebrauch im Sprachunterricht ver\u00f6ffentlicht, d\u00fcrfen aber ohne ausdr\u00fcckliche schriftliche Genehmigung von reflejarte.es nicht kommerziell genutzt werden: es ist unzul\u00e4ssig, die Texte und Materialien au\u00dferhalb der privaten Nutzung zu reproduzieren, zu verteilen oder zu ver\u00f6ffentlichen, weder in traditioneller noch in digitaler bzw. virtueller Weise.<br \/>\nSprachlehrer und -lerner k\u00f6nnen das hier vorgestellte Material frei im Unterricht verwenden und es f\u00fcr diesen Zweck kostenlos downloaden und vervielf\u00e4ltigen. Im Material enthaltene Hinweise auf die Web von reflejArte und Deutsch am Strand d\u00fcrfen dabei nicht entfernt werden.<\/p>\n<\/div>\n<p>&nbsp;<\/p>\n<p>&nbsp;<\/p>\n<p><!--\n\n\n<h3>Welche automatisierte Entscheidungsfindung und\/oder Profilerstellung wir mit Benutzerdaten durchf\u00fchren<\/h3>\n\n\nFalls deine Website einen Dienst anbietet, der automatisierte Entscheidungsfindung beinhaltet, z. B. f\u00fcr Kreditanfragen von Benutzern oder das Sammeln ihrer Daten f\u00fcr ein Werbeprofil, musst du diese Information \u00f6ffentlich machen und Informationen dar\u00fcber anbieten, wie diese Informationen genutzt werden, welche Entscheidungen aufgrund dieser Daten getroffen werden und welche Rechte Benutzer innerhalb dieses Prozesses ohne menschlichen Eingriff haben. --><br \/>\n<!--\n\n\n<h3>Industrielle aufsichtsrechtliche Regulierungsanforderungen<\/h3>\n\n\nWenn du einer regulierten Branche angeh\u00f6rst oder zus\u00e4tzlichen Datenschutzgesetzen unterliegst, bist du m\u00f6glicherweise verpflichtet, diese Informationen hier offenzulegen. --><\/p>\n","protected":false},"excerpt":{"rendered":"<p>Datenschutzerkl\u00e4rung \u00b7 Nutzungsbedingungen \u00b7 Haftungsausschluss Datenschutzerkl\u00e4rung Wer wir sind Deutsch am Strand ist eine Website des Kultur-Portals reflejArte\u00b7es. Die Adresse unserer Website ist: https:\/\/reflejarte.es\/DeutschamStrand. Welche personenbezogenen Daten wir bei reflejArte\u00b7es sammeln und warum wir sie sammeln Bei reflejArte\u00b7es speichern wir so wenig pers\u00f6nliche Daten wie nur irgend m\u00f6glich: solange du&#8230;<\/p>\n<p> <a class=\"continue-reading-link\" href=\"https:\/\/reflejarte.es\/DeutschamStrand\/de\/datenschutzerklaerung-nutzungsbedingungen_terminos-y-condiciones-privacidad\/\"><span>weiterlesen &#8230;<\/span><i class=\"crycon-right-dir\"><\/i><\/a> <\/p>\n","protected":false},"author":1,"featured_media":0,"parent":0,"menu_order":0,"comment_status":"closed","ping_status":"closed","template":"","meta":{"footnotes":""},"class_list":["post-891","page","type-page","status-publish","hentry"],"_links":{"self":[{"href":"https:\/\/reflejarte.es\/DeutschamStrand\/de\/wp-json\/wp\/v2\/pages\/891","targetHints":{"allow":["GET"]}}],"collection":[{"href":"https:\/\/reflejarte.es\/DeutschamStrand\/de\/wp-json\/wp\/v2\/pages"}],"about":[{"href":"https:\/\/reflejarte.es\/DeutschamStrand\/de\/wp-json\/wp\/v2\/types\/page"}],"author":[{"embeddable":true,"href":"https:\/\/reflejarte.es\/DeutschamStrand\/de\/wp-json\/wp\/v2\/users\/1"}],"replies":[{"embeddable":true,"href":"https:\/\/reflejarte.es\/DeutschamStrand\/de\/wp-json\/wp\/v2\/comments?post=891"}],"version-history":[{"count":46,"href":"https:\/\/reflejarte.es\/DeutschamStrand\/de\/wp-json\/wp\/v2\/pages\/891\/revisions"}],"predecessor-version":[{"id":4076,"href":"https:\/\/reflejarte.es\/DeutschamStrand\/de\/wp-json\/wp\/v2\/pages\/891\/revisions\/4076"}],"wp:attachment":[{"href":"https:\/\/reflejarte.es\/DeutschamStrand\/de\/wp-json\/wp\/v2\/media?parent=891"}],"curies":[{"name":"wp","href":"https:\/\/api.w.org\/{rel}","templated":true}]}}