{"id":72,"date":"2016-10-20T17:53:25","date_gmt":"2016-10-20T15:53:25","guid":{"rendered":"http:\/\/deutschamstrand.wordpress.com\/?page_id=72"},"modified":"2023-05-21T00:05:58","modified_gmt":"2023-05-20T22:05:58","slug":"brettspiele","status":"publish","type":"page","link":"https:\/\/reflejarte.es\/DeutschamStrand\/de\/spiele\/brettspiele\/","title":{"rendered":"Brettspiele, Kartenspiele etc."},"content":{"rendered":"<h1>Brettspiele, Kartenspiele etc.<\/h1>\n<h3>Spielst du gerne?<a href=\"http:\/\/deutschamstrand.wordpress.com\/spiele\/brettspiele\/spielen\/#main\" rel=\"attachment wp-att-105\"><img decoding=\"async\" class=\"wp-image-105 alignleft lazyload\" style=\"--smush-placeholder-width: 91px; --smush-placeholder-aspect-ratio: 91\/86;border: 0 none;\" title=\"Auf Deutsch spielen mit Deutsch am Strand\" data-src=\"https:\/\/reflejarte.es\/DeutschamStrand\/deu\/wp-content\/uploads\/2012\/11\/spielen.gif\" alt=\"Auf Deutsch spielen mit Deutsch am Strand\" width=\"91\" height=\"86\" src=\"data:image\/svg+xml;base64,PHN2ZyB3aWR0aD0iMSIgaGVpZ2h0PSIxIiB4bWxucz0iaHR0cDovL3d3dy53My5vcmcvMjAwMC9zdmciPjwvc3ZnPg==\" \/><\/a><\/h3>\n<p>Hier findest du Brett-Spiele, Karten-Spiele und andere lustige Spiele zum Deutschlernen.<br \/>\nBeim Spielen musst du sprechen, und beim Sprechen lernst du Deutsch!<br \/>\nSo einfach ist das.\u00a0\u00a0 Also: Viel Spa\u00df beim Spielen!<\/p>\n<p><a href=\"http:\/\/deutschamstrand.wordpress.com\/spiele\/brettspiele\/\"><img decoding=\"async\" class=\"alignleft lazyload\" style=\"--smush-placeholder-width: 56px; --smush-placeholder-aspect-ratio: 56\/56;margin: 10px; border: 0 none;\" title=\"der W\u00fcrfel, die W\u00fcrfel - Du bist dran mit W\u00fcrfeln ! Brettspiele von Deutsch am Strand\" data-src=\"https:\/\/reflejarte.es\/DeutschamStrand\/deu\/wp-content\/uploads\/2012\/11\/wc3bcrfel.jpg?w=57&amp;h=57\" alt=\"Du bist dran mit W\u00fcrfeln ! Brettspiele von Deutsch am Strand\" width=\"56\" height=\"56\" src=\"data:image\/svg+xml;base64,PHN2ZyB3aWR0aD0iMSIgaGVpZ2h0PSIxIiB4bWxucz0iaHR0cDovL3d3dy53My5vcmcvMjAwMC9zdmciPjwvc3ZnPg==\" \/><\/a><strong>Was sind <span style=\"color: #ff9900;\">Bret<\/span><\/strong><strong><span style=\"color: #ff9900;\">tspiele<\/span>?\u00a0<\/strong><a href=\"http:\/\/deutschamstrand.wordpress.com\/spiele\/brettspiele\/menscharegerdichnicht\/#main\" rel=\"attachment wp-att-109\"><img decoding=\"async\" class=\"alignright wp-image-109 lazyload\" style=\"--smush-placeholder-width: 59px; --smush-placeholder-aspect-ratio: 59\/59;border: 0 none;\" title=\"Das Mensch-\u00e4rgere-dich-nicht-Spiel \" data-src=\"https:\/\/reflejarte.es\/DeutschamStrand\/deu\/wp-content\/uploads\/2012\/11\/menschc3a4regerdichnicht.jpg\" alt=\"Brettspiele zum Deutschlernen von Deutsch am Strand\" width=\"59\" height=\"59\" data-srcset=\"https:\/\/reflejarte.es\/DeutschamStrand\/de\/wp-content\/uploads\/2012\/11\/menschc3a4regerdichnicht.jpg 176w, https:\/\/reflejarte.es\/DeutschamStrand\/de\/wp-content\/uploads\/2012\/11\/menschc3a4regerdichnicht-150x150.jpg 150w\" data-sizes=\"(max-width: 59px) 100vw, 59px\" src=\"data:image\/svg+xml;base64,PHN2ZyB3aWR0aD0iMSIgaGVpZ2h0PSIxIiB4bWxucz0iaHR0cDovL3d3dy53My5vcmcvMjAwMC9zdmciPjwvc3ZnPg==\" \/><\/a><\/p>\n<p>Ihr sitzt am Tisch und habt ein Spielbrett.<br \/>\nIhr w\u00fcrfelt und spielt mit Figuren (z.B. Mensch-\u00e4rgere-dich-nicht).<\/p>\n<p>&nbsp;<\/p>\n<p>&nbsp;<\/p>\n<ul class=\"lcp_catlist\" id=\"lcp_instance_0\"><li><a href=\"https:\/\/reflejarte.es\/DeutschamStrand\/de\/das-woerterspiel\/\">Das W\u00f6rterspiel \u00b7 Ein Brettspiel mit vielen Einsatzm\u00f6glichkeiten<\/a><\/li><li><a href=\"https:\/\/reflejarte.es\/DeutschamStrand\/de\/memory-der-koerper-spielkarten-arbeitsblaetter-zum-ausdrucken_mi-cuerpo-en-aleman-fichas-imprimir\/\">Memory &#8222;Mein K\u00f6rper&#8220; \u00b7 Spielkarten\/Arbeitsbl\u00e4tter zum Ausdrucken<\/a><\/li><li><a href=\"https:\/\/reflejarte.es\/DeutschamStrand\/de\/partizip-perfekt-onlineuebung_ejercicio-interactivo-participio-perfecto-aleman\/\">Erz\u00e4hlen in der Vergangenheit: das Perfekt \u00b7 Online\u00fcbung + Arbeitsblatt<\/a><\/li><li><a href=\"https:\/\/reflejarte.es\/DeutschamStrand\/de\/schultag-praesens-konjugieren-uebung_ejercicio-interactivo-dia-de-cole-conjugar-en-presente-aleman\/\">Tagesablauf beschreiben im Pr\u00e4sens \u00b7 Online\u00fcbung + Arbeitsblatt<\/a><\/li><\/ul>\n<ul class=\"lcp_catlist\" id=\"lcp_instance_0\"><li><a href=\"https:\/\/reflejarte.es\/DeutschamStrand\/de\/das-wetter-dominospiel-a1-a2\/\">Das Wetter &#8211; Dominospiel zum Ausdrucken \u00b7 A1.3 \/ A2<\/a><\/li><\/ul>\n<ul class=\"lcp_catlist\" id=\"lcp_instance_0\"><li><a href=\"https:\/\/reflejarte.es\/DeutschamStrand\/de\/akkusativ-spielend-ueben-mit-bilderquartett-juego-de-cartas-con-imagenes-para-acusativo\/\">Akkusativ spielend \u00fcben mit Bilderquartett   &#8222;Ich m\u00f6chte den\/die\/das &#8230;&#8220;<\/a><\/li><li><a href=\"https:\/\/reflejarte.es\/DeutschamStrand\/de\/memory-der-koerper-spielkarten-arbeitsblaetter-zum-ausdrucken_mi-cuerpo-en-aleman-fichas-imprimir\/\">Memory &#8222;Mein K\u00f6rper&#8220; \u00b7 Spielkarten\/Arbeitsbl\u00e4tter zum Ausdrucken<\/a><\/li><li><a href=\"https:\/\/reflejarte.es\/DeutschamStrand\/de\/der-laengste-satz-kartenspiel-deutsche-syntax-juego-de-cartas-sintaxis-alemana\/\">Der l\u00e4ngste Satz &#8211; motivierendes Kartenspiel zum Erkennen von Satzteilen (Syntagmen)<\/a><\/li><\/ul>\n<p>&nbsp;<\/p>\n<h3><\/h3>\n<p>&nbsp;<\/p>\n","protected":false},"excerpt":{"rendered":"<p>Brettspiele, Kartenspiele etc. Spielst du gerne? Hier findest du Brett-Spiele, Karten-Spiele und andere lustige Spiele zum Deutschlernen. Beim Spielen musst du sprechen, und beim Sprechen lernst du Deutsch! So einfach ist das.\u00a0\u00a0 Also: Viel Spa\u00df beim Spielen! Was sind Brettspiele?\u00a0 Ihr sitzt am Tisch und habt ein Spielbrett. Ihr w\u00fcrfelt&#8230;<\/p>\n<p> <a class=\"continue-reading-link\" href=\"https:\/\/reflejarte.es\/DeutschamStrand\/de\/spiele\/brettspiele\/\"><span>weiterlesen &#8230;<\/span><i class=\"crycon-right-dir\"><\/i><\/a> <\/p>\n","protected":false},"author":4,"featured_media":105,"parent":56,"menu_order":0,"comment_status":"open","ping_status":"closed","template":"","meta":{"footnotes":""},"class_list":["post-72","page","type-page","status-publish","has-post-thumbnail","hentry"],"_links":{"self":[{"href":"https:\/\/reflejarte.es\/DeutschamStrand\/de\/wp-json\/wp\/v2\/pages\/72","targetHints":{"allow":["GET"]}}],"collection":[{"href":"https:\/\/reflejarte.es\/DeutschamStrand\/de\/wp-json\/wp\/v2\/pages"}],"about":[{"href":"https:\/\/reflejarte.es\/DeutschamStrand\/de\/wp-json\/wp\/v2\/types\/page"}],"author":[{"embeddable":true,"href":"https:\/\/reflejarte.es\/DeutschamStrand\/de\/wp-json\/wp\/v2\/users\/4"}],"replies":[{"embeddable":true,"href":"https:\/\/reflejarte.es\/DeutschamStrand\/de\/wp-json\/wp\/v2\/comments?post=72"}],"version-history":[{"count":12,"href":"https:\/\/reflejarte.es\/DeutschamStrand\/de\/wp-json\/wp\/v2\/pages\/72\/revisions"}],"predecessor-version":[{"id":3882,"href":"https:\/\/reflejarte.es\/DeutschamStrand\/de\/wp-json\/wp\/v2\/pages\/72\/revisions\/3882"}],"up":[{"embeddable":true,"href":"https:\/\/reflejarte.es\/DeutschamStrand\/de\/wp-json\/wp\/v2\/pages\/56"}],"wp:featuredmedia":[{"embeddable":true,"href":"https:\/\/reflejarte.es\/DeutschamStrand\/de\/wp-json\/wp\/v2\/media\/105"}],"wp:attachment":[{"href":"https:\/\/reflejarte.es\/DeutschamStrand\/de\/wp-json\/wp\/v2\/media?parent=72"}],"curies":[{"name":"wp","href":"https:\/\/api.w.org\/{rel}","templated":true}]}}