{"id":67,"date":"2012-11-25T17:44:25","date_gmt":"2012-11-25T16:44:25","guid":{"rendered":"http:\/\/deutschamstrand.wordpress.com\/?page_id=67"},"modified":"2023-05-24T13:39:56","modified_gmt":"2023-05-24T11:39:56","slug":"deutsch-lernen-aprender-aleman","status":"publish","type":"page","link":"https:\/\/reflejarte.es\/DeutschamStrand\/de\/deutsch-lernen-aprender-aleman\/","title":{"rendered":"\u00dcbungen zum Deutschlernen"},"content":{"rendered":"<p><a href=\"https:\/\/reflejarte.es\/DeutschamStrand\/es\/deutsch-lernen-aprender-aleman\/\" target=\"_blank\" rel=\"noopener\"><img decoding=\"async\" class=\"alignleft wp-image-3997 size-full lazyload\" title=\"leer en espa\u00f1ol - auf Spanisch lesen\" data-src=\"https:\/\/reflejarte.es\/DeutschamStrand\/de\/wp-content\/uploads\/2023\/05\/auf-Spanisch-lesen.png\" alt=\"leer en espa\u00f1ol - auf Spanisch lesen\" width=\"182\" height=\"31\" data-srcset=\"https:\/\/reflejarte.es\/DeutschamStrand\/de\/wp-content\/uploads\/2023\/05\/auf-Spanisch-lesen.png 182w, https:\/\/reflejarte.es\/DeutschamStrand\/de\/wp-content\/uploads\/2023\/05\/auf-Spanisch-lesen-150x26.png 150w\" data-sizes=\"(max-width: 182px) 100vw, 182px\" src=\"data:image\/svg+xml;base64,PHN2ZyB3aWR0aD0iMSIgaGVpZ2h0PSIxIiB4bWxucz0iaHR0cDovL3d3dy53My5vcmcvMjAwMC9zdmciPjwvc3ZnPg==\" style=\"--smush-placeholder-width: 182px; --smush-placeholder-aspect-ratio: 182\/31;\" \/><\/a><\/p>\n<h1><\/h1>\n<p>&nbsp;<\/p>\n<h1 style=\"text-align: center;\">Ideen und \u00dcbungen<br \/>\nzum Deutschlernen<\/h1>\n<p style=\"text-align: center;\"><img decoding=\"async\" class=\"aligncenter lazyload\" style=\"--smush-placeholder-width: 150px; --smush-placeholder-aspect-ratio: 150\/150;border: 0 none;\" title=\"Eine Sprache ist ein buntes Puzzle! Puzzle spielen macht Spa\u00df!\" data-src=\"https:\/\/reflejarte.es\/DeutschamStrand\/de\/wp-content\/uploads\/2012\/11\/tangram_diagram.png?w=150\" alt=\"Eine Sprache ist ein buntes Puzzle! Puzzle spielen macht Spa\u00df!\" width=\"150\" height=\"150\" src=\"data:image\/svg+xml;base64,PHN2ZyB3aWR0aD0iMSIgaGVpZ2h0PSIxIiB4bWxucz0iaHR0cDovL3d3dy53My5vcmcvMjAwMC9zdmciPjwvc3ZnPg==\" \/>Eine Sprache ist ein buntes Puzzle.<br \/>\nDu hast viele Puzzle-Teile.<br \/>\nDu kannst die Teile anders kombinieren<br \/>\nund etwas Neues damit sagen.<\/p>\n<p style=\"text-align: center;\">Puzzle spielen macht Spa\u00df!<\/p>\n<p style=\"text-align: center;\">Hier gibt es Ideen und <a href=\"#ejercicios\">eine Liste von \u00dcbungen<\/a>, um besser Deutsch zu lernen.<br \/>\nSprachen lernen ist interessant.<br \/>\nInteraktive Aufgaben, Arbeitsbl\u00e4tter und Spiele von Deutsch am Strand<br \/>\nzum <strong>Sprechen, Lesen, Schreiben, Verstehen, <\/strong>&#8230;<br \/>\nmit vielen Bildern<br \/>\nViel Spa\u00df!<\/p>\n<hr \/>\n<p><a name=\"ejercicios\"><\/a><\/p>\n<p style=\"text-align: center;\">Kategorie: \u00dcBUNGEN<\/p>\n<ul class=\"lcp_catlist\" id=\"lcp_instance_0\"><li><a href=\"https:\/\/reflejarte.es\/DeutschamStrand\/de\/die-trennbaren-verben-im-deutschen-eine-interaktive-schnelleinfuehrung\/\">Die trennbaren Verben im Deutschen: eine interaktive Schnelleinf\u00fchrung<\/a><\/li><li><a href=\"https:\/\/reflejarte.es\/DeutschamStrand\/de\/der-laengste-satz-kartenspiel-deutsche-syntax-juego-de-cartas-sintaxis-alemana\/\">Der l\u00e4ngste Satz &#8211; motivierendes Kartenspiel zum Erkennen von Satzteilen (Syntagmen)<\/a><\/li><li><a href=\"https:\/\/reflejarte.es\/DeutschamStrand\/de\/training-zur-fehlersuche-und-selbstkorrektur_ejercicio-interactivo-para-entrenar-la-autocorreccion\/\">Wie finde ich die Fehler in meinen Texten? Online-\u00dcbung zur Eigenkorrektur + Pdf-Arbeitsblatt<\/a><\/li><li><a href=\"https:\/\/reflejarte.es\/DeutschamStrand\/de\/online-uebung-zu-wechselpraepositionen-a2_preposiciones-variables-ejercicio-interactivo-nivel-a2\/\">Ferienziele und  Freizeitaktivit\u00e4ten &#8211; Wechselpr\u00e4positionen f\u00fcr Fortgeschrittene (A2)<\/a><\/li><li><a href=\"https:\/\/reflejarte.es\/DeutschamStrand\/de\/schultag-praesens-konjugieren-uebung_ejercicio-interactivo-dia-de-cole-conjugar-en-presente-aleman\/\">Tagesablauf beschreiben im Pr\u00e4sens \u00b7 Online\u00fcbung + Arbeitsblatt<\/a><\/li><li><a href=\"https:\/\/reflejarte.es\/DeutschamStrand\/de\/partizip-perfekt-onlineuebung_ejercicio-interactivo-participio-perfecto-aleman\/\">Erz\u00e4hlen in der Vergangenheit: das Perfekt \u00b7 Online\u00fcbung + Arbeitsblatt<\/a><\/li><li><a href=\"https:\/\/reflejarte.es\/DeutschamStrand\/de\/unterschiede-zwischen_zuerst_erst_nur_diferencia-explicada-con-ejemplos\/\">Das W\u00f6rtchen &#8218;erst&#8216; &#8211; Gebrauch und Bedeutungen &#8211;  Erkl\u00e4rungen, Beispiele und interaktive \u00dcbungen + Pdf<\/a><\/li><li><a href=\"https:\/\/reflejarte.es\/DeutschamStrand\/de\/wo-wohin-uebung-wechselpraepositionen_interactiv_ejercicio-preposiciones-variables-aleman\/\">Statisch oder dynamisch? Wo oder Wohin? Interaktive \u00dcbung zu den Wechselpr\u00e4positionen<\/a><\/li><li><a href=\"https:\/\/reflejarte.es\/DeutschamStrand\/de\/uhrzeit-auf-deutsch-lern-quiz-interactivo-para-aprender-la-hora-en-aleman\/\">Die Uhrzeit auf Deutsch, formell und umgangssprachlich<br>Erkl\u00e4rung und interaktive \u00dcbungen A1\/A2<\/a><\/li><li><a href=\"https:\/\/reflejarte.es\/DeutschamStrand\/de\/silbenraetsel-planetino2-l24-uebung5-alltagsverben_verbos-cotidianos-sopa-de-silabas-interactiva-a1\/\">Silbenr\u00e4tsel &#8211; Planetino2 L24 \u00dc5 AB &#8211; interaktive \u00dcbung mit Alltagsverben &#8211; A1<\/a><\/li><li><a href=\"https:\/\/reflejarte.es\/DeutschamStrand\/de\/flashcard-vokabeltrainer-alltagsverben_planetino2-l24_verbos-vida-cotidiana-aleman\/\">Flashcard-Vokabeltrainer: 10 wichtige Verben f\u00fcr den Alltag in Bild und Text<\/a><\/li><li><a href=\"https:\/\/reflejarte.es\/DeutschamStrand\/de\/koerperteile-vokabeltrainer-deutsch-el-cuerpo-en-aleman-quiz\/\">Der K\u00f6rper \u00b7 Quiz \u00b7 Vokabeltrainer mit Bildern+Audio \u00b7 interaktive \u00dcbungen<\/a><\/li><li><a href=\"https:\/\/reflejarte.es\/DeutschamStrand\/de\/wer-ist-das-personenraten-%c2%b7-interaktiver-quiz-a1\/\">Wer ist das? Personenraten \u00b7 interaktives Quiz, A1<\/a><\/li><li><a href=\"https:\/\/reflejarte.es\/DeutschamStrand\/de\/personenbeschreibung-lueckentext-uebung-a1-ejercicio-interactivo-partes-cuerpo-adjetivos-en-aleman\/\">Leute beschreiben: K\u00f6rperteile und Adjektive \u00b7 interaktive L\u00fcckentext-\u00dcbung, A1<\/a><\/li><li><a href=\"https:\/\/reflejarte.es\/DeutschamStrand\/de\/duerfen-koennen-oder-muessen-interaktive-uebung-zu-den-modalverben-im-deutschen\/\">\u00bfD\u00fcrfen, k\u00f6nnen o m\u00fcssen? &#8211; Ejercicio interactivo para entrenar los verbos modales del alem\u00e1n<\/a><\/li><li><a href=\"https:\/\/reflejarte.es\/DeutschamStrand\/de\/deutsch-zahlen-von-0-bis-1000-contar-en-aleman-mp3-audio\/\">WELT-REISEN \u00b7 Die Zahlen von 0 bis 1000 \u00b7 Audio mp3 + interaktive \u00dcbungen<\/a><\/li><li><a href=\"https:\/\/reflejarte.es\/DeutschamStrand\/de\/a1-0-personalpronomen-in-bild-person-geste-farbe-ton-schrift-anfaenger-kinder\/\">ich, du, er, sie, es&#8230; <b>Personalpronomen-Quiz<\/b> in Bild (Person, Geste, Farbe) + Ton + Schrift<\/a><\/li><li><a href=\"https:\/\/reflejarte.es\/DeutschamStrand\/de\/konjugation-von-haben-und-sein\/\">Pr\u00e4sens-Konjugation von HABEN und SEIN \u00b7 Beispiele, Audio mp3+Transkription<\/a><\/li><li><a href=\"https:\/\/reflejarte.es\/DeutschamStrand\/de\/uebung-verben-mit-stammvokalwechsel_ejercicio-verbos-alemanes-con-cambio-de-la-vocal-radical\/\">Ein Monster sieht Liebesfilme \u00b7 Verben mit Stammvokalwechsel \u00b7 Arbeitsblatt \/ interaktive \u00dcbung<\/a><\/li><li><a href=\"https:\/\/reflejarte.es\/DeutschamStrand\/de\/akkusativ-spielend-ueben-mit-bilderquartett-juego-de-cartas-con-imagenes-para-acusativo\/\">Akkusativ spielend \u00fcben mit Bilderquartett   &#8222;Ich m\u00f6chte den\/die\/das &#8230;&#8220;<\/a><\/li><li><a href=\"https:\/\/reflejarte.es\/DeutschamStrand\/de\/ratespiel-personen-beschreiben-farben-kleidung-quiz-describir-adjetivos-colores-vestimenta\/\">Wer ist das? Personen beschreiben<br>Quizspiel zum \u00dcben von Farben und Kleidung A1 (+ Adjektivdeklination A2)<\/a><\/li><li><a href=\"https:\/\/reflejarte.es\/DeutschamStrand\/de\/welt-reisen-comic-audiovisual-zum-deutschlernen-para-aprender-aleman-lektion-2-im-reisebuero\/\">WELT-REISEN 2 \u00b7 audiovisueller COMIC zum Deutschlernen \u00b7<br>Lektion 2:  Im Reiseb\u00fcro WELT-REISEN<\/a><\/li><li><a href=\"https:\/\/reflejarte.es\/DeutschamStrand\/de\/ein-fall-fuer-detektiv-ak-die-trennverben-im-deutschen-hauptsatz-arbeitsblatt-ficha\/\">Ein Fall f\u00fcr Detektiv AK &#8211; die Trennverben im deutschen Hauptsatz<\/a><\/li><li><a href=\"https:\/\/reflejarte.es\/DeutschamStrand\/de\/das-wetter-dominospiel-a1-a2\/\">Das Wetter &#8211; Dominospiel zum Ausdrucken \u00b7 A1.3 \/ A2<\/a><\/li><li><a href=\"https:\/\/reflejarte.es\/DeutschamStrand\/de\/bilderwuerfel-kinderaktivitaeten-dado-didactico-actividades-infantiles\/\">Ein Bilder-W\u00fcrfel mit Kinderaktivit\u00e4ten zum spielerischen \u00dcben &#8211; Verbstrukturen<\/a><\/li><li><a href=\"https:\/\/reflejarte.es\/DeutschamStrand\/de\/ein-fall-fuer-detektive-trennverbe-verbos-separables-en-aleman\/\">Ein Fall f\u00fcr Detektive: die <strong>trennbaren Verben<\/strong> im Deutschen<\/a><\/li><li><a href=\"https:\/\/reflejarte.es\/DeutschamStrand\/de\/streiten-comic-prosodie-satzakzent\/\">Streiten !? \u00b7 Comic-Dialog (Intonations\u00fcbung: Akzentuierung, Satzakzent) mit Audio<\/a><\/li><li><a href=\"https:\/\/reflejarte.es\/DeutschamStrand\/de\/didaktisches-lied-mit-gesten-basisstrukturen-cancion-gestos-conjugacion-melodie-haenschen-klein\/\">Kinderlied mit Gesten zum \u00dcben von Basis-Strukturen (Melodie: H\u00e4nschen klein, umgetextet) + Audio<\/a><\/li><li><a href=\"https:\/\/reflejarte.es\/DeutschamStrand\/de\/wo-wohin-interaktive-uebung-zu-wechselpraepositionen\/\">Wo? Wohin?  Interaktive \u00dcbung zu Wechselpr\u00e4positionen<\/a><\/li><li><a href=\"https:\/\/reflejarte.es\/DeutschamStrand\/de\/morgens-frueh-um-6-kommt-die-kleine-hex-%c2%b7-lied-%c2%b7-mp3\/\">Morgens fr\u00fch um 6 kommt die kleine Hex&#8216; \u00b7 Lied \u00b7 mp3 \u00b7 Arbeitsbl\u00e4tter<\/a><\/li><\/ul>\n<p>&nbsp;<\/p>\n<p>&nbsp;<\/p>\n<p>&nbsp;<\/p>\n<p>&nbsp;<\/p>\n<p>&nbsp;<\/p>\n<hr \/>\n<hr \/>\n","protected":false},"excerpt":{"rendered":"<p>&nbsp; Ideen und \u00dcbungen zum Deutschlernen Eine Sprache ist ein buntes Puzzle. Du hast viele Puzzle-Teile. Du kannst die Teile anders kombinieren und etwas Neues damit sagen. Puzzle spielen macht Spa\u00df! Hier gibt es Ideen und eine Liste von \u00dcbungen, um besser Deutsch zu lernen. Sprachen lernen ist interessant. Interaktive&#8230;<\/p>\n<p> <a class=\"continue-reading-link\" href=\"https:\/\/reflejarte.es\/DeutschamStrand\/de\/deutsch-lernen-aprender-aleman\/\"><span>weiterlesen &#8230;<\/span><i class=\"crycon-right-dir\"><\/i><\/a> <\/p>\n","protected":false},"author":4,"featured_media":0,"parent":0,"menu_order":2,"comment_status":"open","ping_status":"open","template":"","meta":{"footnotes":""},"class_list":["post-67","page","type-page","status-publish","hentry"],"_links":{"self":[{"href":"https:\/\/reflejarte.es\/DeutschamStrand\/de\/wp-json\/wp\/v2\/pages\/67","targetHints":{"allow":["GET"]}}],"collection":[{"href":"https:\/\/reflejarte.es\/DeutschamStrand\/de\/wp-json\/wp\/v2\/pages"}],"about":[{"href":"https:\/\/reflejarte.es\/DeutschamStrand\/de\/wp-json\/wp\/v2\/types\/page"}],"author":[{"embeddable":true,"href":"https:\/\/reflejarte.es\/DeutschamStrand\/de\/wp-json\/wp\/v2\/users\/4"}],"replies":[{"embeddable":true,"href":"https:\/\/reflejarte.es\/DeutschamStrand\/de\/wp-json\/wp\/v2\/comments?post=67"}],"version-history":[{"count":22,"href":"https:\/\/reflejarte.es\/DeutschamStrand\/de\/wp-json\/wp\/v2\/pages\/67\/revisions"}],"predecessor-version":[{"id":4035,"href":"https:\/\/reflejarte.es\/DeutschamStrand\/de\/wp-json\/wp\/v2\/pages\/67\/revisions\/4035"}],"wp:attachment":[{"href":"https:\/\/reflejarte.es\/DeutschamStrand\/de\/wp-json\/wp\/v2\/media?parent=67"}],"curies":[{"name":"wp","href":"https:\/\/api.w.org\/{rel}","templated":true}]}}