{"id":56,"date":"2012-11-25T14:25:49","date_gmt":"2012-11-25T13:25:49","guid":{"rendered":"http:\/\/deutschamstrand.wordpress.com\/?page_id=56"},"modified":"2023-11-16T13:33:19","modified_gmt":"2023-11-16T12:33:19","slug":"spiele","status":"publish","type":"page","link":"https:\/\/reflejarte.es\/DeutschamStrand\/de\/spiele\/","title":{"rendered":"Spiele"},"content":{"rendered":"<p>&nbsp;<\/p>\n<p><span style='color: #fd6300;position: relative; top: -25px; bottom: -45px;'>Letzte Aktualisierung: 16.11.2023<\/span><a href=\"https:\/\/reflejarte.es\/DeutschamStrand\/es\/spiele\/\" target=\"_blank\" rel=\"noopener\"><img decoding=\"async\" class=\"wp-image-3997 size-full alignright lazyload\" title=\"leer la versi\u00f3n espa\u00f1ola, con explicaciones para no-nativos del alem\u00e1n\" data-src=\"https:\/\/reflejarte.es\/DeutschamStrand\/de\/wp-content\/uploads\/2023\/05\/auf-Spanisch-lesen.png\" alt=\"auf Spanisch lesen\" width=\"182\" height=\"31\" data-srcset=\"https:\/\/reflejarte.es\/DeutschamStrand\/de\/wp-content\/uploads\/2023\/05\/auf-Spanisch-lesen.png 182w, https:\/\/reflejarte.es\/DeutschamStrand\/de\/wp-content\/uploads\/2023\/05\/auf-Spanisch-lesen-150x26.png 150w\" data-sizes=\"(max-width: 182px) 100vw, 182px\" src=\"data:image\/svg+xml;base64,PHN2ZyB3aWR0aD0iMSIgaGVpZ2h0PSIxIiB4bWxucz0iaHR0cDovL3d3dy53My5vcmcvMjAwMC9zdmciPjwvc3ZnPg==\" style=\"--smush-placeholder-width: 182px; --smush-placeholder-aspect-ratio: 182\/31;\" \/><\/a><\/p>\n<h2><\/h2>\n<h2 style=\"text-align: center;\">Spielst du gerne?<img decoding=\"async\" class=\"alignright wp-image-42 lazyload\" title=\"Spielend Deutsch lernen f\u00fcr Kinder am Strand 2011\" data-src=\"https:\/\/reflejarte.es\/DeutschamStrand\/de\/wp-content\/uploads\/2012\/11\/legohaus.png?w=300\" alt=\"Spielend Deutsch lernen f\u00fcr Kinder am Strand 2011\" width=\"179\" height=\"146\" src=\"data:image\/svg+xml;base64,PHN2ZyB3aWR0aD0iMSIgaGVpZ2h0PSIxIiB4bWxucz0iaHR0cDovL3d3dy53My5vcmcvMjAwMC9zdmciPjwvc3ZnPg==\" style=\"--smush-placeholder-width: 179px; --smush-placeholder-aspect-ratio: 179\/146;\" \/><\/h2>\n<p>Hier gibt es viele Spiele zum Deutschlernen.\u00a0 Beim Spielen musst du sprechen, und beim Sprechen lernst du Deutsch! So einfach ist das.<\/p>\n<p>Also: Viel Spa\u00df beim Spielen!<\/p>\n<hr \/>\n<p><img decoding=\"async\" class=\"wp-image-109 alignleft lazyload\" data-src=\"https:\/\/reflejarte.es\/DeutschamStrand\/de\/wp-content\/uploads\/2012\/11\/menschc3a4regerdichnicht.jpg\" alt=\"Brettspiele zum Deutschlernen von Deutsch am Strand\" width=\"73\" height=\"73\" data-srcset=\"https:\/\/reflejarte.es\/DeutschamStrand\/de\/wp-content\/uploads\/2012\/11\/menschc3a4regerdichnicht.jpg 176w, https:\/\/reflejarte.es\/DeutschamStrand\/de\/wp-content\/uploads\/2012\/11\/menschc3a4regerdichnicht-150x150.jpg 150w\" data-sizes=\"(max-width: 73px) 100vw, 73px\" src=\"data:image\/svg+xml;base64,PHN2ZyB3aWR0aD0iMSIgaGVpZ2h0PSIxIiB4bWxucz0iaHR0cDovL3d3dy53My5vcmcvMjAwMC9zdmciPjwvc3ZnPg==\" style=\"--smush-placeholder-width: 73px; --smush-placeholder-aspect-ratio: 73\/73;\" \/><\/p>\n<p><span style=\"text-decoration: underline;\"><strong>Brettspiele<\/strong><\/span>\u00a0 <a href=\"http:\/\/deutschamstrand.wordpress.com\/spiele\/brettspiele\/\"><img decoding=\"async\" class=\"wp-image-102 alignleft lazyload\" title=\"Du bist dran mit W\u00fcrfeln ! Brettspiele von Deutsch am Strand\" data-src=\"https:\/\/reflejarte.es\/DeutschamStrand\/de\/wp-content\/uploads\/2012\/11\/wc3bcrfel.jpg\" alt=\"Du bist dran mit W\u00fcrfeln ! Brettspiele von Deutsch am Strand\" width=\"57\" height=\"57\" src=\"data:image\/svg+xml;base64,PHN2ZyB3aWR0aD0iMSIgaGVpZ2h0PSIxIiB4bWxucz0iaHR0cDovL3d3dy53My5vcmcvMjAwMC9zdmciPjwvc3ZnPg==\" style=\"--smush-placeholder-width: 57px; --smush-placeholder-aspect-ratio: 57\/57;\" \/><\/a><\/p>\n<p>= Ihr sitzt am Tisch und spielt mit\u00a0 W\u00fcrfeln und Figuren (z.B. Mensch-\u00e4rgere-dich-nicht)<\/p>\n<ul class=\"lcp_catlist\" id=\"lcp_instance_0\"><li><a href=\"https:\/\/reflejarte.es\/DeutschamStrand\/de\/das-woerterspiel\/\">Das W\u00f6rterspiel \u00b7 Ein Brettspiel mit vielen Einsatzm\u00f6glichkeiten<\/a><\/li><li><a href=\"https:\/\/reflejarte.es\/DeutschamStrand\/de\/memory-der-koerper-spielkarten-arbeitsblaetter-zum-ausdrucken_mi-cuerpo-en-aleman-fichas-imprimir\/\">Memory &#8222;Mein K\u00f6rper&#8220; \u00b7 Spielkarten\/Arbeitsbl\u00e4tter zum Ausdrucken<\/a><\/li><li><a href=\"https:\/\/reflejarte.es\/DeutschamStrand\/de\/partizip-perfekt-onlineuebung_ejercicio-interactivo-participio-perfecto-aleman\/\">Erz\u00e4hlen in der Vergangenheit: das Perfekt \u00b7 Online\u00fcbung + Arbeitsblatt<\/a><\/li><li><a href=\"https:\/\/reflejarte.es\/DeutschamStrand\/de\/schultag-praesens-konjugieren-uebung_ejercicio-interactivo-dia-de-cole-conjugar-en-presente-aleman\/\">Tagesablauf beschreiben im Pr\u00e4sens \u00b7 Online\u00fcbung + Arbeitsblatt<\/a><\/li><\/ul>\n<hr \/>\n<p><img decoding=\"async\" class=\"size-thumbnail wp-image-2331 alignleft lazyload\" data-src=\"https:\/\/reflejarte.es\/DeutschamStrand\/de\/wp-content\/uploads\/2020\/02\/Bilderquartett-Akkusativ1-107x150.jpg\" alt=\"Bilderquartett \u00b7 Akkusativ \u00fcben 1\" width=\"107\" height=\"150\" data-srcset=\"https:\/\/reflejarte.es\/DeutschamStrand\/de\/wp-content\/uploads\/2020\/02\/Bilderquartett-Akkusativ1-107x150.jpg 107w, https:\/\/reflejarte.es\/DeutschamStrand\/de\/wp-content\/uploads\/2020\/02\/Bilderquartett-Akkusativ1-213x300.jpg 213w, https:\/\/reflejarte.es\/DeutschamStrand\/de\/wp-content\/uploads\/2020\/02\/Bilderquartett-Akkusativ1.jpg 300w\" data-sizes=\"(max-width: 107px) 100vw, 107px\" src=\"data:image\/svg+xml;base64,PHN2ZyB3aWR0aD0iMSIgaGVpZ2h0PSIxIiB4bWxucz0iaHR0cDovL3d3dy53My5vcmcvMjAwMC9zdmciPjwvc3ZnPg==\" style=\"--smush-placeholder-width: 107px; --smush-placeholder-aspect-ratio: 107\/150;\" \/><\/p>\n<p>&nbsp;<\/p>\n<p><strong>Kartenspiele<\/strong> und <strong>Memoryspiele<br \/>\n<\/strong>Wer bekommt die meisten Karten?<\/p>\n<ul class=\"lcp_catlist\" id=\"lcp_instance_0\"><li><a href=\"https:\/\/reflejarte.es\/DeutschamStrand\/de\/akkusativ-spielend-ueben-mit-bilderquartett-juego-de-cartas-con-imagenes-para-acusativo\/\">Akkusativ spielend \u00fcben mit Bilderquartett   &#8222;Ich m\u00f6chte den\/die\/das &#8230;&#8220;<\/a><\/li><li><a href=\"https:\/\/reflejarte.es\/DeutschamStrand\/de\/memory-der-koerper-spielkarten-arbeitsblaetter-zum-ausdrucken_mi-cuerpo-en-aleman-fichas-imprimir\/\">Memory &#8222;Mein K\u00f6rper&#8220; \u00b7 Spielkarten\/Arbeitsbl\u00e4tter zum Ausdrucken<\/a><\/li><li><a href=\"https:\/\/reflejarte.es\/DeutschamStrand\/de\/der-laengste-satz-kartenspiel-deutsche-syntax-juego-de-cartas-sintaxis-alemana\/\">Der l\u00e4ngste Satz &#8211; motivierendes Kartenspiel zum Erkennen von Satzteilen (Syntagmen)<\/a><\/li><\/ul>\n<ul class=\"lcp_catlist\" id=\"lcp_instance_0\"><li><a href=\"https:\/\/reflejarte.es\/DeutschamStrand\/de\/anfaengerlied-das-ist-gross-und-das-ist-klein\/\">Dynamisches Anf\u00e4ngerlied mit Gesten, Bildern + Aktivit\u00e4ten &#8222;Das ist gro\u00df und das ist klein&#8220;<\/a><\/li><li><a href=\"https:\/\/reflejarte.es\/DeutschamStrand\/de\/das-ist-trinken-das-ist-essen-didaktisches-lied-mit-gestik-cancion-didactica-con-gestos\/\">Das ist Trinken, das ist Essen &#8211; Didaktisches Lied mit Gestik (Arbeitsblatt)<\/a><\/li><li><a href=\"https:\/\/reflejarte.es\/DeutschamStrand\/de\/memory-der-koerper-spielkarten-arbeitsblaetter-zum-ausdrucken_mi-cuerpo-en-aleman-fichas-imprimir\/\">Memory &#8222;Mein K\u00f6rper&#8220; \u00b7 Spielkarten\/Arbeitsbl\u00e4tter zum Ausdrucken<\/a><\/li><\/ul>\n<hr \/>\n<p><a href=\"http:\/\/deutschamstrand.wordpress.com\/spiele\/ratespiele\"><img decoding=\"async\" class=\"alignleft wp-image-150 lazyload\" title=\"Ratespiel-Kleidung-Farben\" data-src=\"https:\/\/reflejarte.es\/DeutschamStrand\/de\/wp-content\/uploads\/2012\/11\/ratespiel-kleidung-farben.gif?w=105\" alt=\"Ratespiel-Kleidung-Farben\" width=\"92\" height=\"130\" src=\"data:image\/svg+xml;base64,PHN2ZyB3aWR0aD0iMSIgaGVpZ2h0PSIxIiB4bWxucz0iaHR0cDovL3d3dy53My5vcmcvMjAwMC9zdmciPjwvc3ZnPg==\" style=\"--smush-placeholder-width: 92px; --smush-placeholder-aspect-ratio: 92\/130;\" \/><\/a><span style=\"text-decoration: underline;\"><strong>Ratespiele<\/strong><\/span>\u00a0 =\u00a0 Bei Ratespielen sucht ihr die L\u00f6sung von einem R\u00e4tsel.<br \/>\nEin Spieler denkt sich ein R\u00e4tsel aus. Die anderen Spieler raten, was es ist.<\/p>\n<ul class=\"lcp_catlist\" id=\"lcp_instance_0\"><li><a href=\"https:\/\/reflejarte.es\/DeutschamStrand\/de\/das-pantomime-lied-%c2%b7-mp3\/\">Das Pantomime-Lied \u00b7 mp3 (Bewegungsspiel mit Konjugationen)<\/a><\/li><li><a href=\"https:\/\/reflejarte.es\/DeutschamStrand\/de\/der-quizsessel-kein-streit-bei-wettbewerben-el-sillon-del-turno-para-juegos-tipo-quiz\/\">Der &#8218;Quizsessel&#8216;: kein Streit bei Wettbewerben<\/a><\/li><li><a href=\"https:\/\/reflejarte.es\/DeutschamStrand\/de\/ein-fall-fuer-detektiv-ak-die-trennverben-im-deutschen-hauptsatz-arbeitsblatt-ficha\/\">Ein Fall f\u00fcr Detektiv AK &#8211; die Trennverben im deutschen Hauptsatz<\/a><\/li><li><a href=\"https:\/\/reflejarte.es\/DeutschamStrand\/de\/ratespiel-personen-beschreiben-farben-kleidung-quiz-describir-adjetivos-colores-vestimenta\/\">Wer ist das? Personen beschreiben<br>Quizspiel zum \u00dcben von Farben und Kleidung A1 (+ Adjektivdeklination A2)<\/a><\/li><li><a href=\"https:\/\/reflejarte.es\/DeutschamStrand\/de\/memory-der-koerper-spielkarten-arbeitsblaetter-zum-ausdrucken_mi-cuerpo-en-aleman-fichas-imprimir\/\">Memory &#8222;Mein K\u00f6rper&#8220; \u00b7 Spielkarten\/Arbeitsbl\u00e4tter zum Ausdrucken<\/a><\/li><li><a href=\"https:\/\/reflejarte.es\/DeutschamStrand\/de\/koerperteile-vokabeltrainer-deutsch-el-cuerpo-en-aleman-quiz\/\">Der K\u00f6rper \u00b7 Quiz \u00b7 Vokabeltrainer mit Bildern+Audio \u00b7 interaktive \u00dcbungen<\/a><\/li><\/ul>\n<hr \/>\n<p>&nbsp;<\/p>\n<p><strong><img decoding=\"async\" class=\"size-thumbnail wp-image-542 alignleft lazyload\" data-src=\"https:\/\/reflejarte.es\/DeutschamStrand\/de\/wp-content\/uploads\/2017\/01\/3a-150x101.jpg\" alt=\"Streiten\" width=\"150\" height=\"101\" data-srcset=\"https:\/\/reflejarte.es\/DeutschamStrand\/de\/wp-content\/uploads\/2017\/01\/3a-150x101.jpg 150w, https:\/\/reflejarte.es\/DeutschamStrand\/de\/wp-content\/uploads\/2017\/01\/3a-300x202.jpg 300w, https:\/\/reflejarte.es\/DeutschamStrand\/de\/wp-content\/uploads\/2017\/01\/3a-223x150.jpg 223w, https:\/\/reflejarte.es\/DeutschamStrand\/de\/wp-content\/uploads\/2017\/01\/3a.jpg 328w\" data-sizes=\"(max-width: 150px) 100vw, 150px\" src=\"data:image\/svg+xml;base64,PHN2ZyB3aWR0aD0iMSIgaGVpZ2h0PSIxIiB4bWxucz0iaHR0cDovL3d3dy53My5vcmcvMjAwMC9zdmciPjwvc3ZnPg==\" style=\"--smush-placeholder-width: 150px; --smush-placeholder-aspect-ratio: 150\/101;\" \/><\/strong><\/p>\n<p><strong>Rollenspiele<\/strong>\u00a0 =\u00a0 Ihr spielt eine Situation,\u00a0\u00a0 &#8218;Einkaufen&#8216;, zum Beispiel:\u00a0 Ein Mitspieler ist der Verk\u00e4ufer und die anderen sind die Kunden. Die Kunden m\u00f6chten Sachen kaufen. Sie fragen, was die Sachen kosten und sie bezahlen mit Spielgeld.<\/p>\n<ul class=\"lcp_catlist\" id=\"lcp_instance_0\"><li><a href=\"https:\/\/reflejarte.es\/DeutschamStrand\/de\/bauer-hans-hat-einen-hof-old-mac-donald-has-a-farm\/\">Lied: Bauer Hans hat einen Hof  + mp3<\/a><\/li><li><a href=\"https:\/\/reflejarte.es\/DeutschamStrand\/de\/streiten-comic-prosodie-satzakzent\/\">Streiten !? \u00b7 Comic-Dialog (Intonations\u00fcbung: Akzentuierung, Satzakzent) mit Audio<\/a><\/li><li><a href=\"https:\/\/reflejarte.es\/DeutschamStrand\/de\/ein-fall-fuer-detektiv-ak-die-trennverben-im-deutschen-hauptsatz-arbeitsblatt-ficha\/\">Ein Fall f\u00fcr Detektiv AK &#8211; die Trennverben im deutschen Hauptsatz<\/a><\/li><li><a href=\"https:\/\/reflejarte.es\/DeutschamStrand\/de\/comic-deutschkurs-curso-de-aleman-lektion-1-im-reisebuero-welt-reisen\/\">WELT-REISEN 1 \u00b7 Gratis-Deutschkurs \u00b7 audiovisuell Deutschlernen mit COMICs \u00b7<br>Lektion 1:  Im Reiseb\u00fcro WELT-REISEN<\/a><\/li><li><a href=\"https:\/\/reflejarte.es\/DeutschamStrand\/de\/welt-reisen-comic-audiovisual-zum-deutschlernen-para-aprender-aleman-lektion-2-im-reisebuero\/\">WELT-REISEN 2 \u00b7 audiovisueller COMIC zum Deutschlernen \u00b7<br>Lektion 2:  Im Reiseb\u00fcro WELT-REISEN<\/a><\/li><li><a href=\"https:\/\/reflejarte.es\/DeutschamStrand\/de\/memory-der-koerper-spielkarten-arbeitsblaetter-zum-ausdrucken_mi-cuerpo-en-aleman-fichas-imprimir\/\">Memory &#8222;Mein K\u00f6rper&#8220; \u00b7 Spielkarten\/Arbeitsbl\u00e4tter zum Ausdrucken<\/a><\/li><li><a href=\"https:\/\/reflejarte.es\/DeutschamStrand\/de\/comic-deutschkurs_curso-de-aleman-lektion-3-im-reisebuero-welt-reisen\/\">WELT-REISEN 3 \u00b7 audiovisueller Deutschkurs \u00b7 Gratis \u00b7 Deutsch lernen mit COMICs <br>Lektion 3:  Im Reiseb\u00fcro WELT-REISEN \u00b7 eine Reise buchen<\/a><\/li><li><a href=\"https:\/\/reflejarte.es\/DeutschamStrand\/de\/welt-reisen-%c2%b7-wie-lerne-ich-deutsch-mit-dem-daf-comic-anfaengerkurs\/\">WELT-REISEN \u00b7 Wie lerne ich Deutsch mit dem DaF-Comic-Anf\u00e4ngerkurs?<\/a><\/li><\/ul>\n<hr \/>\n<p><strong><img decoding=\"async\" class=\"size-thumbnail wp-image-333 alignleft lazyload\" data-src=\"https:\/\/reflejarte.es\/DeutschamStrand\/de\/wp-content\/uploads\/2013\/09\/pantomimelied-150x150.gif\" alt=\"Das Pantomime-Lied\" width=\"150\" height=\"150\" src=\"data:image\/svg+xml;base64,PHN2ZyB3aWR0aD0iMSIgaGVpZ2h0PSIxIiB4bWxucz0iaHR0cDovL3d3dy53My5vcmcvMjAwMC9zdmciPjwvc3ZnPg==\" style=\"--smush-placeholder-width: 150px; --smush-placeholder-aspect-ratio: 150\/150;\" \/>\u00a0 Bewegungsspiele = <\/strong>Ihr singt mit Gesten oder macht Pantomimen<\/p>\n<ul class=\"lcp_catlist\" id=\"lcp_instance_0\"><li><a href=\"https:\/\/reflejarte.es\/DeutschamStrand\/de\/das-pantomime-lied-%c2%b7-mp3\/\">Das Pantomime-Lied \u00b7 mp3 (Bewegungsspiel mit Konjugationen)<\/a><\/li><li><a href=\"https:\/\/reflejarte.es\/DeutschamStrand\/de\/morgens-frueh-um-6-kommt-die-kleine-hex-%c2%b7-lied-%c2%b7-mp3\/\">Morgens fr\u00fch um 6 kommt die kleine Hex&#8216; \u00b7 Lied \u00b7 mp3 \u00b7 Arbeitsbl\u00e4tter<\/a><\/li><li><a href=\"https:\/\/reflejarte.es\/DeutschamStrand\/de\/anfaengerlied-das-ist-gross-und-das-ist-klein\/\">Dynamisches Anf\u00e4ngerlied mit Gesten, Bildern + Aktivit\u00e4ten &#8222;Das ist gro\u00df und das ist klein&#8220;<\/a><\/li><li><a href=\"https:\/\/reflejarte.es\/DeutschamStrand\/de\/der-quizsessel-kein-streit-bei-wettbewerben-el-sillon-del-turno-para-juegos-tipo-quiz\/\">Der &#8218;Quizsessel&#8216;: kein Streit bei Wettbewerben<\/a><\/li><li><a href=\"https:\/\/reflejarte.es\/DeutschamStrand\/de\/didaktisches-lied-mit-gesten-basisstrukturen-cancion-gestos-conjugacion-melodie-haenschen-klein\/\">Kinderlied mit Gesten zum \u00dcben von Basis-Strukturen (Melodie: H\u00e4nschen klein, umgetextet) + Audio<\/a><\/li><li><a href=\"https:\/\/reflejarte.es\/DeutschamStrand\/de\/das-ist-trinken-das-ist-essen-didaktisches-lied-mit-gestik-cancion-didactica-con-gestos\/\">Das ist Trinken, das ist Essen &#8211; Didaktisches Lied mit Gestik (Arbeitsblatt)<\/a><\/li><li><a href=\"https:\/\/reflejarte.es\/DeutschamStrand\/de\/auge-auge-nase-mund-wir-malen-ein-maennchen\/\">Auge, Auge, Nase, Mund &#8230; Wir malen ein M\u00e4nnchen (Vokabular K\u00f6rperteile)<\/a><\/li><li><a href=\"https:\/\/reflejarte.es\/DeutschamStrand\/de\/kinderlied-zum-tagesablauf-aufstehen-duschen-kleider-anziehen-ich-kann-alles-schon-allein\/\">Kinderlied zum Tagesablauf: &#8218;Aufstehen, duschen, Kleider anziehen&#8230; Ich kann alles schon allein&#8216;<\/a><\/li><li><a href=\"https:\/\/reflejarte.es\/DeutschamStrand\/de\/bilderwuerfel-kinderaktivitaeten-dado-didactico-actividades-infantiles\/\">Ein Bilder-W\u00fcrfel mit Kinderaktivit\u00e4ten zum spielerischen \u00dcben &#8211; Verbstrukturen<\/a><\/li><li><a href=\"https:\/\/reflejarte.es\/DeutschamStrand\/de\/memory-der-koerper-spielkarten-arbeitsblaetter-zum-ausdrucken_mi-cuerpo-en-aleman-fichas-imprimir\/\">Memory &#8222;Mein K\u00f6rper&#8220; \u00b7 Spielkarten\/Arbeitsbl\u00e4tter zum Ausdrucken<\/a><\/li><li><a href=\"https:\/\/reflejarte.es\/DeutschamStrand\/de\/a1-0-personalpronomen-in-bild-person-geste-farbe-ton-schrift-anfaenger-kinder\/\">ich, du, er, sie, es&#8230; <b>Personalpronomen-Quiz<\/b> in Bild (Person, Geste, Farbe) + Ton + Schrift<\/a><\/li><li><a href=\"https:\/\/reflejarte.es\/DeutschamStrand\/de\/arbeitsblatt-weihnachtslieder-fuer-kinder-villancicos-alemanes\/\">Winter- und Weihnachtslieder f\u00fcr Kinder und Anf\u00e4nger \u00b7 5 bebilderte Arbeitsbl\u00e4tter<\/a><\/li><\/ul>\n<h2><\/h2>\n<hr \/>\n<h2 data-wp-editing=\"1\"><img decoding=\"async\" class=\"alignleft wp-image-169 size-thumbnail lazyload\" data-src=\"https:\/\/reflejarte.es\/DeutschamStrand\/de\/wp-content\/uploads\/2012\/11\/kreuzwortrc3a4tsel.jpg?w=106\" alt=\"Kreuzwortr\u00e4tsel\" width=\"106\" height=\"150\" src=\"data:image\/svg+xml;base64,PHN2ZyB3aWR0aD0iMSIgaGVpZ2h0PSIxIiB4bWxucz0iaHR0cDovL3d3dy53My5vcmcvMjAwMC9zdmciPjwvc3ZnPg==\" style=\"--smush-placeholder-width: 106px; --smush-placeholder-aspect-ratio: 106\/150;\" \/><\/h2>\n<p><a href=\"https:\/\/reflejarte.es\/DeutschamStrand\/de\/spiele\/raetsel-ratespiele-quizspiele-juegos-de-quiz-y-adivinanzas\/\"><span style=\"text-decoration: underline;\"><strong>R\u00e4tsel<\/strong><\/span><\/a><\/p>\n<p>Wortspiele, Kreuzwortr\u00e4tsel &#8230; f\u00fcr einen oder mehrere Spieler.<\/p>\n<p>&nbsp;<\/p>\n<hr \/>\n<h2 style=\"text-align: center;\">ALLE SPIELE<\/h2>\n<p style=\"text-align: center;\">Bewegungsspiele \u00b7 Brettspiele \u00b7 Dominospiele<br \/>\nKartenspiele \u00b7 Memory \u00b7 Ratespiele \u00b7 Rollenspiele \u00b7 W\u00fcrfelspiele<\/p>\n<ul class=\"lcp_catlist\" id=\"lcp_instance_0\"><li><a href=\"https:\/\/reflejarte.es\/DeutschamStrand\/de\/bauer-hans-hat-einen-hof-old-mac-donald-has-a-farm\/\">Lied: Bauer Hans hat einen Hof  + mp3<\/a><\/li><li><a href=\"https:\/\/reflejarte.es\/DeutschamStrand\/de\/das-pantomime-lied-%c2%b7-mp3\/\">Das Pantomime-Lied \u00b7 mp3 (Bewegungsspiel mit Konjugationen)<\/a><\/li><li><a href=\"https:\/\/reflejarte.es\/DeutschamStrand\/de\/morgens-frueh-um-6-kommt-die-kleine-hex-%c2%b7-lied-%c2%b7-mp3\/\">Morgens fr\u00fch um 6 kommt die kleine Hex&#8216; \u00b7 Lied \u00b7 mp3 \u00b7 Arbeitsbl\u00e4tter<\/a><\/li><li><a href=\"https:\/\/reflejarte.es\/DeutschamStrand\/de\/anfaengerlied-das-ist-gross-und-das-ist-klein\/\">Dynamisches Anf\u00e4ngerlied mit Gesten, Bildern + Aktivit\u00e4ten &#8222;Das ist gro\u00df und das ist klein&#8220;<\/a><\/li><li><a href=\"https:\/\/reflejarte.es\/DeutschamStrand\/de\/der-quizsessel-kein-streit-bei-wettbewerben-el-sillon-del-turno-para-juegos-tipo-quiz\/\">Der &#8218;Quizsessel&#8216;: kein Streit bei Wettbewerben<\/a><\/li><li><a href=\"https:\/\/reflejarte.es\/DeutschamStrand\/de\/didaktisches-lied-mit-gesten-basisstrukturen-cancion-gestos-conjugacion-melodie-haenschen-klein\/\">Kinderlied mit Gesten zum \u00dcben von Basis-Strukturen (Melodie: H\u00e4nschen klein, umgetextet) + Audio<\/a><\/li><li><a href=\"https:\/\/reflejarte.es\/DeutschamStrand\/de\/streiten-comic-prosodie-satzakzent\/\">Streiten !? \u00b7 Comic-Dialog (Intonations\u00fcbung: Akzentuierung, Satzakzent) mit Audio<\/a><\/li><li><a href=\"https:\/\/reflejarte.es\/DeutschamStrand\/de\/das-ist-trinken-das-ist-essen-didaktisches-lied-mit-gestik-cancion-didactica-con-gestos\/\">Das ist Trinken, das ist Essen &#8211; Didaktisches Lied mit Gestik (Arbeitsblatt)<\/a><\/li><li><a href=\"https:\/\/reflejarte.es\/DeutschamStrand\/de\/auge-auge-nase-mund-wir-malen-ein-maennchen\/\">Auge, Auge, Nase, Mund &#8230; Wir malen ein M\u00e4nnchen (Vokabular K\u00f6rperteile)<\/a><\/li><li><a href=\"https:\/\/reflejarte.es\/DeutschamStrand\/de\/kinderlied-zum-tagesablauf-aufstehen-duschen-kleider-anziehen-ich-kann-alles-schon-allein\/\">Kinderlied zum Tagesablauf: &#8218;Aufstehen, duschen, Kleider anziehen&#8230; Ich kann alles schon allein&#8216;<\/a><\/li><li><a href=\"https:\/\/reflejarte.es\/DeutschamStrand\/de\/bilderwuerfel-kinderaktivitaeten-dado-didactico-actividades-infantiles\/\">Ein Bilder-W\u00fcrfel mit Kinderaktivit\u00e4ten zum spielerischen \u00dcben &#8211; Verbstrukturen<\/a><\/li><li><a href=\"https:\/\/reflejarte.es\/DeutschamStrand\/de\/das-wetter-dominospiel-a1-a2\/\">Das Wetter &#8211; Dominospiel zum Ausdrucken \u00b7 A1.3 \/ A2<\/a><\/li><li><a href=\"https:\/\/reflejarte.es\/DeutschamStrand\/de\/ein-fall-fuer-detektiv-ak-die-trennverben-im-deutschen-hauptsatz-arbeitsblatt-ficha\/\">Ein Fall f\u00fcr Detektiv AK &#8211; die Trennverben im deutschen Hauptsatz<\/a><\/li><li><a href=\"https:\/\/reflejarte.es\/DeutschamStrand\/de\/das-woerterspiel\/\">Das W\u00f6rterspiel \u00b7 Ein Brettspiel mit vielen Einsatzm\u00f6glichkeiten<\/a><\/li><li><a href=\"https:\/\/reflejarte.es\/DeutschamStrand\/de\/comic-deutschkurs-curso-de-aleman-lektion-1-im-reisebuero-welt-reisen\/\">WELT-REISEN 1 \u00b7 Gratis-Deutschkurs \u00b7 audiovisuell Deutschlernen mit COMICs \u00b7<br>Lektion 1:  Im Reiseb\u00fcro WELT-REISEN<\/a><\/li><li><a href=\"https:\/\/reflejarte.es\/DeutschamStrand\/de\/welt-reisen-comic-audiovisual-zum-deutschlernen-para-aprender-aleman-lektion-2-im-reisebuero\/\">WELT-REISEN 2 \u00b7 audiovisueller COMIC zum Deutschlernen \u00b7<br>Lektion 2:  Im Reiseb\u00fcro WELT-REISEN<\/a><\/li><li><a href=\"https:\/\/reflejarte.es\/DeutschamStrand\/de\/ratespiel-personen-beschreiben-farben-kleidung-quiz-describir-adjetivos-colores-vestimenta\/\">Wer ist das? Personen beschreiben<br>Quizspiel zum \u00dcben von Farben und Kleidung A1 (+ Adjektivdeklination A2)<\/a><\/li><li><a href=\"https:\/\/reflejarte.es\/DeutschamStrand\/de\/akkusativ-spielend-ueben-mit-bilderquartett-juego-de-cartas-con-imagenes-para-acusativo\/\">Akkusativ spielend \u00fcben mit Bilderquartett   &#8222;Ich m\u00f6chte den\/die\/das &#8230;&#8220;<\/a><\/li><li><a href=\"https:\/\/reflejarte.es\/DeutschamStrand\/de\/memory-der-koerper-spielkarten-arbeitsblaetter-zum-ausdrucken_mi-cuerpo-en-aleman-fichas-imprimir\/\">Memory &#8222;Mein K\u00f6rper&#8220; \u00b7 Spielkarten\/Arbeitsbl\u00e4tter zum Ausdrucken<\/a><\/li><li><a href=\"https:\/\/reflejarte.es\/DeutschamStrand\/de\/comic-deutschkurs_curso-de-aleman-lektion-3-im-reisebuero-welt-reisen\/\">WELT-REISEN 3 \u00b7 audiovisueller Deutschkurs \u00b7 Gratis \u00b7 Deutsch lernen mit COMICs <br>Lektion 3:  Im Reiseb\u00fcro WELT-REISEN \u00b7 eine Reise buchen<\/a><\/li><li><a href=\"https:\/\/reflejarte.es\/DeutschamStrand\/de\/a1-0-personalpronomen-in-bild-person-geste-farbe-ton-schrift-anfaenger-kinder\/\">ich, du, er, sie, es&#8230; <b>Personalpronomen-Quiz<\/b> in Bild (Person, Geste, Farbe) + Ton + Schrift<\/a><\/li><li><a href=\"https:\/\/reflejarte.es\/DeutschamStrand\/de\/arbeitsblatt-weihnachtslieder-fuer-kinder-villancicos-alemanes\/\">Winter- und Weihnachtslieder f\u00fcr Kinder und Anf\u00e4nger \u00b7 5 bebilderte Arbeitsbl\u00e4tter<\/a><\/li><li><a href=\"https:\/\/reflejarte.es\/DeutschamStrand\/de\/deutsch-zahlen-von-0-bis-1000-contar-en-aleman-mp3-audio\/\">WELT-REISEN \u00b7 Die Zahlen von 0 bis 1000 \u00b7 Audio mp3 + interaktive \u00dcbungen<\/a><\/li><li><a href=\"https:\/\/reflejarte.es\/DeutschamStrand\/de\/wer-ist-das-personenraten-%c2%b7-interaktiver-quiz-a1\/\">Wer ist das? Personenraten \u00b7 interaktives Quiz, A1<\/a><\/li><li><a href=\"https:\/\/reflejarte.es\/DeutschamStrand\/de\/koerperteile-vokabeltrainer-deutsch-el-cuerpo-en-aleman-quiz\/\">Der K\u00f6rper \u00b7 Quiz \u00b7 Vokabeltrainer mit Bildern+Audio \u00b7 interaktive \u00dcbungen<\/a><\/li><li><a href=\"https:\/\/reflejarte.es\/DeutschamStrand\/de\/uhrzeit-auf-deutsch-lern-quiz-interactivo-para-aprender-la-hora-en-aleman\/\">Die Uhrzeit auf Deutsch, formell und umgangssprachlich<br>Erkl\u00e4rung und interaktive \u00dcbungen A1\/A2<\/a><\/li><li><a href=\"https:\/\/reflejarte.es\/DeutschamStrand\/de\/partizip-perfekt-onlineuebung_ejercicio-interactivo-participio-perfecto-aleman\/\">Erz\u00e4hlen in der Vergangenheit: das Perfekt \u00b7 Online\u00fcbung + Arbeitsblatt<\/a><\/li><li><a href=\"https:\/\/reflejarte.es\/DeutschamStrand\/de\/schultag-praesens-konjugieren-uebung_ejercicio-interactivo-dia-de-cole-conjugar-en-presente-aleman\/\">Tagesablauf beschreiben im Pr\u00e4sens \u00b7 Online\u00fcbung + Arbeitsblatt<\/a><\/li><li><a href=\"https:\/\/reflejarte.es\/DeutschamStrand\/de\/online-uebung-zu-wechselpraepositionen-a2_preposiciones-variables-ejercicio-interactivo-nivel-a2\/\">Ferienziele und  Freizeitaktivit\u00e4ten &#8211; Wechselpr\u00e4positionen f\u00fcr Fortgeschrittene (A2)<\/a><\/li><li><a href=\"https:\/\/reflejarte.es\/DeutschamStrand\/de\/der-laengste-satz-kartenspiel-deutsche-syntax-juego-de-cartas-sintaxis-alemana\/\">Der l\u00e4ngste Satz &#8211; motivierendes Kartenspiel zum Erkennen von Satzteilen (Syntagmen)<\/a><\/li><li><a href=\"https:\/\/reflejarte.es\/DeutschamStrand\/de\/welt-reisen-%c2%b7-wie-lerne-ich-deutsch-mit-dem-daf-comic-anfaengerkurs\/\">WELT-REISEN \u00b7 Wie lerne ich Deutsch mit dem DaF-Comic-Anf\u00e4ngerkurs?<\/a><\/li><\/ul>\n","protected":false},"excerpt":{"rendered":"<p>&nbsp; Spielst du gerne? Hier gibt es viele Spiele zum Deutschlernen.\u00a0 Beim Spielen musst du sprechen, und beim Sprechen lernst du Deutsch! So einfach ist das. Also: Viel Spa\u00df beim Spielen! Brettspiele\u00a0 = Ihr sitzt am Tisch und spielt mit\u00a0 W\u00fcrfeln und Figuren (z.B. Mensch-\u00e4rgere-dich-nicht) &nbsp; Kartenspiele und Memoryspiele Wer&#8230;<\/p>\n<p> <a class=\"continue-reading-link\" href=\"https:\/\/reflejarte.es\/DeutschamStrand\/de\/spiele\/\"><span>weiterlesen &#8230;<\/span><i class=\"crycon-right-dir\"><\/i><\/a> <\/p>\n","protected":false},"author":3,"featured_media":0,"parent":0,"menu_order":1,"comment_status":"open","ping_status":"closed","template":"","meta":{"footnotes":""},"class_list":["post-56","page","type-page","status-publish","hentry"],"_links":{"self":[{"href":"https:\/\/reflejarte.es\/DeutschamStrand\/de\/wp-json\/wp\/v2\/pages\/56","targetHints":{"allow":["GET"]}}],"collection":[{"href":"https:\/\/reflejarte.es\/DeutschamStrand\/de\/wp-json\/wp\/v2\/pages"}],"about":[{"href":"https:\/\/reflejarte.es\/DeutschamStrand\/de\/wp-json\/wp\/v2\/types\/page"}],"author":[{"embeddable":true,"href":"https:\/\/reflejarte.es\/DeutschamStrand\/de\/wp-json\/wp\/v2\/users\/3"}],"replies":[{"embeddable":true,"href":"https:\/\/reflejarte.es\/DeutschamStrand\/de\/wp-json\/wp\/v2\/comments?post=56"}],"version-history":[{"count":15,"href":"https:\/\/reflejarte.es\/DeutschamStrand\/de\/wp-json\/wp\/v2\/pages\/56\/revisions"}],"predecessor-version":[{"id":4468,"href":"https:\/\/reflejarte.es\/DeutschamStrand\/de\/wp-json\/wp\/v2\/pages\/56\/revisions\/4468"}],"wp:attachment":[{"href":"https:\/\/reflejarte.es\/DeutschamStrand\/de\/wp-json\/wp\/v2\/media?parent=56"}],"curies":[{"name":"wp","href":"https:\/\/api.w.org\/{rel}","templated":true}]}}