{"id":5,"date":"2012-11-21T09:52:57","date_gmt":"2012-11-21T08:52:57","guid":{"rendered":"http:\/\/deutschamstrand.wordpress.com\/?page_id=2"},"modified":"2023-09-20T09:23:55","modified_gmt":"2023-09-20T07:23:55","slug":"blog-fuer-deutschschueler","status":"publish","type":"page","link":"https:\/\/reflejarte.es\/DeutschamStrand\/de\/blog-fuer-deutschschueler\/","title":{"rendered":"Sch\u00fclerblog"},"content":{"rendered":"<p><a href=\"https:\/\/www.laplayaidiomas.com\/\" target=\"_blank\" rel=\"noopener\"><img decoding=\"async\" class=\"alignleft wp-image-20 lazyload\" style=\"--smush-placeholder-width: 494px; --smush-placeholder-aspect-ratio: 494\/136;margin-left: 10px; border: 0 none; margin-top: 0; margin-bottom: 10px;\" title=\"Deutsch am Strand in La Cala del Moral\" data-src=\"https:\/\/reflejarte.es\/DeutschamStrand\/de\/wp-content\/uploads\/2012\/11\/deutschamstrand.gif?w=300\" alt=\"Wir lernen Deutsch bei LA PLAYA IDIOMAS\" width=\"494\" height=\"136\" src=\"data:image\/svg+xml;base64,PHN2ZyB3aWR0aD0iMSIgaGVpZ2h0PSIxIiB4bWxucz0iaHR0cDovL3d3dy53My5vcmcvMjAwMC9zdmciPjwvc3ZnPg==\" \/><\/a>DEUTSCH AM STRAND<br \/>\nist der<br \/>\nBlog f\u00fcr Deutsch<br \/>\nbei LA PLAYA IDIOMAS.<br \/>\nLernst du auch Deutsch?<\/p>\n<p style=\"text-align: left;\">Hier schreiben wir Texte und Kommentare \u00fcber Hobbys, Schule, Freizeit, Fu\u00dfball, Musik, Geschichte, La Cala del Moral, M\u00e1laga, Andalusien, Spanien, Deutschland, Europa und den Rest der Welt&#8230;<br \/>\nWir erz\u00e4hlen Geschichten, machen Foto-Stories und Comics, erfinden Spiele und l\u00f6sen R\u00e4tsel &#8230;<br \/>\nWer sind WIR?<br \/>\nHier pr\u00e4sentieren wir uns!<\/p>\n<div id=\"attachment_38\" style=\"width: 235px\" class=\"wp-caption alignleft\"><img decoding=\"async\" aria-describedby=\"caption-attachment-38\" class=\"wp-image-38 size-medium lazyload\" title=\"LA PLAYA: hier lernen wir Deutsch\" data-src=\"https:\/\/reflejarte.es\/DeutschamStrand\/de\/wp-content\/uploads\/2012\/11\/la-playa-el-mar-img_2914-225x300.jpg\" alt=\"LA PLAYA: hier lernen wir Deutsch\" width=\"225\" height=\"300\" data-srcset=\"https:\/\/reflejarte.es\/DeutschamStrand\/de\/wp-content\/uploads\/2012\/11\/la-playa-el-mar-img_2914-225x300.jpg 225w, https:\/\/reflejarte.es\/DeutschamStrand\/de\/wp-content\/uploads\/2012\/11\/la-playa-el-mar-img_2914.jpg 300w\" data-sizes=\"(max-width: 225px) 100vw, 225px\" src=\"data:image\/svg+xml;base64,PHN2ZyB3aWR0aD0iMSIgaGVpZ2h0PSIxIiB4bWxucz0iaHR0cDovL3d3dy53My5vcmcvMjAwMC9zdmciPjwvc3ZnPg==\" style=\"--smush-placeholder-width: 225px; --smush-placeholder-aspect-ratio: 225\/300;\" \/><p id=\"caption-attachment-38\" class=\"wp-caption-text\">LA PLAYA: hier lernen wir Deutsch<\/p><\/div>\n<p>Hallo! Wir sind Deutsch-Sch\u00fcler aus Andalusien.<br \/>\nWir\u00a0sind in La Cala del Moral,\u00a0in M\u00e1laga.<br \/>\nUnsere Schule \u00a0hei\u00dft LA PLAYA.<br \/>\nWir sind\u00a0 <span style=\"color: #339966;\"><span style=\"color: #000000;\">der<\/span> Deutschkurs f\u00fcr Jugendliche.<\/span><br \/>\nWir schreiben \u00fcber Hobbys:<br \/>\nFu\u00dfball, Geschichte, Surfen, Reiten, Videospiele, B\u00fccher, La Cala, M\u00e1laga, Musik, &#8230;<br \/>\nWie sind wir? Lies die Kommentare:<\/p>\n<p>&nbsp;<\/p>\n<p style=\"text-align: center;\">F\u00fcr deinen Kommentar:<br \/>\n<strong>deutsche Buchstaben zum Kopieren!<\/strong><br \/>\n\u00e4 \u00f6 \u00fc \u00c4 \u00d6 \u00dc \u00df<\/p>\n","protected":false},"excerpt":{"rendered":"<p>DEUTSCH AM STRAND ist der Blog f\u00fcr Deutsch bei LA PLAYA IDIOMAS. Lernst du auch Deutsch? Hier schreiben wir Texte und Kommentare \u00fcber Hobbys, Schule, Freizeit, Fu\u00dfball, Musik, Geschichte, La Cala del Moral, M\u00e1laga, Andalusien, Spanien, Deutschland, Europa und den Rest der Welt&#8230; Wir erz\u00e4hlen Geschichten, machen Foto-Stories und Comics,&#8230;<\/p>\n<p> <a class=\"continue-reading-link\" href=\"https:\/\/reflejarte.es\/DeutschamStrand\/de\/blog-fuer-deutschschueler\/\"><span>weiterlesen &#8230;<\/span><i class=\"crycon-right-dir\"><\/i><\/a> <\/p>\n","protected":false},"author":4,"featured_media":0,"parent":0,"menu_order":0,"comment_status":"open","ping_status":"closed","template":"","meta":{"footnotes":""},"class_list":["post-5","page","type-page","status-publish","hentry"],"_links":{"self":[{"href":"https:\/\/reflejarte.es\/DeutschamStrand\/de\/wp-json\/wp\/v2\/pages\/5","targetHints":{"allow":["GET"]}}],"collection":[{"href":"https:\/\/reflejarte.es\/DeutschamStrand\/de\/wp-json\/wp\/v2\/pages"}],"about":[{"href":"https:\/\/reflejarte.es\/DeutschamStrand\/de\/wp-json\/wp\/v2\/types\/page"}],"author":[{"embeddable":true,"href":"https:\/\/reflejarte.es\/DeutschamStrand\/de\/wp-json\/wp\/v2\/users\/4"}],"replies":[{"embeddable":true,"href":"https:\/\/reflejarte.es\/DeutschamStrand\/de\/wp-json\/wp\/v2\/comments?post=5"}],"version-history":[{"count":11,"href":"https:\/\/reflejarte.es\/DeutschamStrand\/de\/wp-json\/wp\/v2\/pages\/5\/revisions"}],"predecessor-version":[{"id":4099,"href":"https:\/\/reflejarte.es\/DeutschamStrand\/de\/wp-json\/wp\/v2\/pages\/5\/revisions\/4099"}],"wp:attachment":[{"href":"https:\/\/reflejarte.es\/DeutschamStrand\/de\/wp-json\/wp\/v2\/media?parent=5"}],"curies":[{"name":"wp","href":"https:\/\/api.w.org\/{rel}","templated":true}]}}