{"id":383,"date":"2016-10-09T21:59:56","date_gmt":"2016-10-09T19:59:56","guid":{"rendered":"https:\/\/deutschamstrand.wordpress.com\/?page_id=383"},"modified":"2023-09-20T10:02:31","modified_gmt":"2023-09-20T08:02:31","slug":"bildmaterial-fuer-den-daf-kurs","status":"publish","type":"page","link":"https:\/\/reflejarte.es\/DeutschamStrand\/de\/deutsch-lernen-aprender-aleman\/bildmaterial-fuer-den-daf-kurs\/","title":{"rendered":"Bildmaterial f\u00fcr den DaF-Kurs"},"content":{"rendered":"<p><a href=\"https:\/\/reflejarte.es\/DeutschamStrand\/es\/bildmaterial-fuer-den-daf-kurs\/\" target=\"_blank\" rel=\"noopener\"><img decoding=\"async\" class=\"wp-image-3997 size-full alignleft lazyload\" title=\"leer la versi\u00f3n espa\u00f1ola, con explicaciones para no-nativos del alem\u00e1n\" data-src=\"https:\/\/reflejarte.es\/DeutschamStrand\/de\/wp-content\/uploads\/2023\/05\/auf-Spanisch-lesen.png\" alt=\"auf Spanisch lesen\" width=\"182\" height=\"31\" data-srcset=\"https:\/\/reflejarte.es\/DeutschamStrand\/de\/wp-content\/uploads\/2023\/05\/auf-Spanisch-lesen.png 182w, https:\/\/reflejarte.es\/DeutschamStrand\/de\/wp-content\/uploads\/2023\/05\/auf-Spanisch-lesen-150x26.png 150w\" data-sizes=\"(max-width: 182px) 100vw, 182px\" src=\"data:image\/svg+xml;base64,PHN2ZyB3aWR0aD0iMSIgaGVpZ2h0PSIxIiB4bWxucz0iaHR0cDovL3d3dy53My5vcmcvMjAwMC9zdmciPjwvc3ZnPg==\" style=\"--smush-placeholder-width: 182px; --smush-placeholder-aspect-ratio: 182\/31;\" \/><\/a><\/p>\n<h1><\/h1>\n<h1 style=\"text-align: center;\">Bildmaterial f\u00fcr den DaF-Kurs<\/h1>\n<div id=\"attachment_3569\" style=\"width: 770px\" class=\"wp-caption aligncenter\"><a href=\"https:\/\/reflejarte.es\/DeutschamStrand\/de\/deutsch-lernen-aprender-aleman\/bildmaterial-fuer-den-daf-kurs\/grafik_kurssprache-deutschamstrand\/\" rel=\"attachment wp-att-3569\"><img decoding=\"async\" aria-describedby=\"caption-attachment-3569\" class=\"size-large wp-image-3569 lazyload\" data-src=\"https:\/\/reflejarte.es\/DeutschamStrand\/de\/wp-content\/uploads\/2022\/05\/Grafik_Kurssprache-DeutschamStrand-760x1024.png\" alt=\"DaF Kurssprache: illustrierte Verben f\u00fcr den Deutschunterricht\" width=\"760\" height=\"1024\" data-srcset=\"https:\/\/reflejarte.es\/DeutschamStrand\/de\/wp-content\/uploads\/2022\/05\/Grafik_Kurssprache-DeutschamStrand-760x1024.png 760w, https:\/\/reflejarte.es\/DeutschamStrand\/de\/wp-content\/uploads\/2022\/05\/Grafik_Kurssprache-DeutschamStrand-223x300.png 223w, https:\/\/reflejarte.es\/DeutschamStrand\/de\/wp-content\/uploads\/2022\/05\/Grafik_Kurssprache-DeutschamStrand-111x150.png 111w, https:\/\/reflejarte.es\/DeutschamStrand\/de\/wp-content\/uploads\/2022\/05\/Grafik_Kurssprache-DeutschamStrand-768x1035.png 768w, https:\/\/reflejarte.es\/DeutschamStrand\/de\/wp-content\/uploads\/2022\/05\/Grafik_Kurssprache-DeutschamStrand.png 814w\" data-sizes=\"(max-width: 760px) 100vw, 760px\" src=\"data:image\/svg+xml;base64,PHN2ZyB3aWR0aD0iMSIgaGVpZ2h0PSIxIiB4bWxucz0iaHR0cDovL3d3dy53My5vcmcvMjAwMC9zdmciPjwvc3ZnPg==\" style=\"--smush-placeholder-width: 760px; --smush-placeholder-aspect-ratio: 760\/1024;\" \/><\/a><p id=\"caption-attachment-3569\" class=\"wp-caption-text\">Bild Kurssprache DaF: n\u00fctzliche Verben f\u00fcr den Unterricht<\/p><\/div>\n<h6 style=\"text-align: center;\">DaF Kurssprache &#8211; Plakat f\u00fcr den Klassenraum:<br \/>\nVerben f\u00fcr den Deutschunterricht &#8211; h\u00f6ren, schreiben, lesen, sprechen, wiederholen, betrachten, beschreiben, fragen, antworten, verstehen, spielen<\/h6>\n<h3><\/h3>\n<h3 style=\"text-align: center;\"><strong>Ein Plakat zur Kurssprache<\/strong><\/h3>\n<p>Dieses A4-Poster f\u00fcr den Kursraum unterst\u00fctzt den m\u00f6glichst einsprachigen Unterricht.<br \/>\nDas Bild\u00a0 illustriert die\u00a0 Verben\u00a0 <strong>h\u00f6ren, schreiben, lesen, sprechen, wiederholen, betrachten, beschreiben, fragen, antworten, verstehen, spielen<\/strong>.<\/p>\n<p style=\"text-align: center;\">Es zeigt: <span style=\"color: #ff6600;\"><strong>mit Bildern lassen sich konkrete Konzepte am einfachsten verdeutlichen, assimilieren und erinnern.<\/strong><\/span><\/p>\n<p style=\"text-align: center;\">Darum gibt es bei Deutsch am Strand<br \/>\nV I E L\u00a0\u00a0 B I L D M A T E R I A L :<\/p>\n<p>&nbsp;<\/p>\n<ul class=\"lcp_catlist\" id=\"lcp_instance_0\"><li><a href=\"https:\/\/reflejarte.es\/DeutschamStrand\/de\/schnee-am-strand\/\">Schnee am Strand!<\/a><\/li><li><a href=\"https:\/\/reflejarte.es\/DeutschamStrand\/de\/winter-im-norden\/\">Winter im Norden<\/a><\/li><li><a href=\"https:\/\/reflejarte.es\/DeutschamStrand\/de\/abc-lied\/\">ABC-Lied \u00b7 mp3<\/a><\/li><li><a href=\"https:\/\/reflejarte.es\/DeutschamStrand\/de\/bauer-hans-hat-einen-hof-old-mac-donald-has-a-farm\/\">Lied: Bauer Hans hat einen Hof  + mp3<\/a><\/li><li><a href=\"https:\/\/reflejarte.es\/DeutschamStrand\/de\/das-pantomime-lied-%c2%b7-mp3\/\">Das Pantomime-Lied \u00b7 mp3 (Bewegungsspiel mit Konjugationen)<\/a><\/li><li><a href=\"https:\/\/reflejarte.es\/DeutschamStrand\/de\/morgens-frueh-um-6-kommt-die-kleine-hex-%c2%b7-lied-%c2%b7-mp3\/\">Morgens fr\u00fch um 6 kommt die kleine Hex&#8216; \u00b7 Lied \u00b7 mp3 \u00b7 Arbeitsbl\u00e4tter<\/a><\/li><li><a href=\"https:\/\/reflejarte.es\/DeutschamStrand\/de\/audio_verbos-modales-en-aleman-conjugar-y-comprender_duerfen-sollen-muessen-wollen-koennen-moegen\/\">Modalverben-Konjugation mit Erkl\u00e4rungen zur Wortstellung und Beispielen \u00b7 Audio<\/a><\/li><li><a href=\"https:\/\/reflejarte.es\/DeutschamStrand\/de\/wo-wohin-interaktive-uebung-zu-wechselpraepositionen\/\">Wo? Wohin?  Interaktive \u00dcbung zu Wechselpr\u00e4positionen<\/a><\/li><li><a href=\"https:\/\/reflejarte.es\/DeutschamStrand\/de\/anfaengerlied-das-ist-gross-und-das-ist-klein\/\">Dynamisches Anf\u00e4ngerlied mit Gesten, Bildern + Aktivit\u00e4ten &#8222;Das ist gro\u00df und das ist klein&#8220;<\/a><\/li><li><a href=\"https:\/\/reflejarte.es\/DeutschamStrand\/de\/didaktisches-lied-mit-gesten-basisstrukturen-cancion-gestos-conjugacion-melodie-haenschen-klein\/\">Kinderlied mit Gesten zum \u00dcben von Basis-Strukturen (Melodie: H\u00e4nschen klein, umgetextet) + Audio<\/a><\/li><li><a href=\"https:\/\/reflejarte.es\/DeutschamStrand\/de\/streiten-comic-prosodie-satzakzent\/\">Streiten !? \u00b7 Comic-Dialog (Intonations\u00fcbung: Akzentuierung, Satzakzent) mit Audio<\/a><\/li><li><a href=\"https:\/\/reflejarte.es\/DeutschamStrand\/de\/das-ist-trinken-das-ist-essen-didaktisches-lied-mit-gestik-cancion-didactica-con-gestos\/\">Das ist Trinken, das ist Essen &#8211; Didaktisches Lied mit Gestik (Arbeitsblatt)<\/a><\/li><li><a href=\"https:\/\/reflejarte.es\/DeutschamStrand\/de\/auge-auge-nase-mund-wir-malen-ein-maennchen\/\">Auge, Auge, Nase, Mund &#8230; Wir malen ein M\u00e4nnchen (Vokabular K\u00f6rperteile)<\/a><\/li><li><a href=\"https:\/\/reflejarte.es\/DeutschamStrand\/de\/kinderlied-zum-tagesablauf-aufstehen-duschen-kleider-anziehen-ich-kann-alles-schon-allein\/\">Kinderlied zum Tagesablauf: &#8218;Aufstehen, duschen, Kleider anziehen&#8230; Ich kann alles schon allein&#8216;<\/a><\/li><li><a href=\"https:\/\/reflejarte.es\/DeutschamStrand\/de\/ein-fall-fuer-detektive-trennverbe-verbos-separables-en-aleman\/\">Ein Fall f\u00fcr Detektive: die <strong>trennbaren Verben<\/strong> im Deutschen<\/a><\/li><li><a href=\"https:\/\/reflejarte.es\/DeutschamStrand\/de\/bilderwuerfel-kinderaktivitaeten-dado-didactico-actividades-infantiles\/\">Ein Bilder-W\u00fcrfel mit Kinderaktivit\u00e4ten zum spielerischen \u00dcben &#8211; Verbstrukturen<\/a><\/li><li><a href=\"https:\/\/reflejarte.es\/DeutschamStrand\/de\/das-woerterspiel\/\">Das W\u00f6rterspiel \u00b7 Ein Brettspiel mit vielen Einsatzm\u00f6glichkeiten<\/a><\/li><li><a href=\"https:\/\/reflejarte.es\/DeutschamStrand\/de\/comic-deutschkurs-curso-de-aleman-lektion-1-im-reisebuero-welt-reisen\/\">WELT-REISEN 1 \u00b7 Gratis-Deutschkurs \u00b7 audiovisuell Deutschlernen mit COMICs \u00b7<br>Lektion 1:  Im Reiseb\u00fcro WELT-REISEN<\/a><\/li><li><a href=\"https:\/\/reflejarte.es\/DeutschamStrand\/de\/welt-reisen-comic-audiovisual-zum-deutschlernen-para-aprender-aleman-lektion-2-im-reisebuero\/\">WELT-REISEN 2 \u00b7 audiovisueller COMIC zum Deutschlernen \u00b7<br>Lektion 2:  Im Reiseb\u00fcro WELT-REISEN<\/a><\/li><li><a href=\"https:\/\/reflejarte.es\/DeutschamStrand\/de\/ratespiel-personen-beschreiben-farben-kleidung-quiz-describir-adjetivos-colores-vestimenta\/\">Wer ist das? Personen beschreiben<br>Quizspiel zum \u00dcben von Farben und Kleidung A1 (+ Adjektivdeklination A2)<\/a><\/li><li><a href=\"https:\/\/reflejarte.es\/DeutschamStrand\/de\/akkusativ-spielend-ueben-mit-bilderquartett-juego-de-cartas-con-imagenes-para-acusativo\/\">Akkusativ spielend \u00fcben mit Bilderquartett   &#8222;Ich m\u00f6chte den\/die\/das &#8230;&#8220;<\/a><\/li><li><a href=\"https:\/\/reflejarte.es\/DeutschamStrand\/de\/memory-der-koerper-spielkarten-arbeitsblaetter-zum-ausdrucken_mi-cuerpo-en-aleman-fichas-imprimir\/\">Memory &#8222;Mein K\u00f6rper&#8220; \u00b7 Spielkarten\/Arbeitsbl\u00e4tter zum Ausdrucken<\/a><\/li><li><a href=\"https:\/\/reflejarte.es\/DeutschamStrand\/de\/comic-deutschkurs_curso-de-aleman-lektion-3-im-reisebuero-welt-reisen\/\">WELT-REISEN 3 \u00b7 audiovisueller Deutschkurs \u00b7 Gratis \u00b7 Deutsch lernen mit COMICs <br>Lektion 3:  Im Reiseb\u00fcro WELT-REISEN \u00b7 eine Reise buchen<\/a><\/li><li><a href=\"https:\/\/reflejarte.es\/DeutschamStrand\/de\/a1-0-personalpronomen-in-bild-person-geste-farbe-ton-schrift-anfaenger-kinder\/\">ich, du, er, sie, es&#8230; <b>Personalpronomen-Quiz<\/b> in Bild (Person, Geste, Farbe) + Ton + Schrift<\/a><\/li><li><a href=\"https:\/\/reflejarte.es\/DeutschamStrand\/de\/arbeitsblatt-weihnachtslieder-fuer-kinder-villancicos-alemanes\/\">Winter- und Weihnachtslieder f\u00fcr Kinder und Anf\u00e4nger \u00b7 5 bebilderte Arbeitsbl\u00e4tter<\/a><\/li><li><a href=\"https:\/\/reflejarte.es\/DeutschamStrand\/de\/personenbeschreibung-lueckentext-uebung-a1-ejercicio-interactivo-partes-cuerpo-adjetivos-en-aleman\/\">Leute beschreiben: K\u00f6rperteile und Adjektive \u00b7 interaktive L\u00fcckentext-\u00dcbung, A1<\/a><\/li><li><a href=\"https:\/\/reflejarte.es\/DeutschamStrand\/de\/wer-ist-das-personenraten-%c2%b7-interaktiver-quiz-a1\/\">Wer ist das? Personenraten \u00b7 interaktives Quiz, A1<\/a><\/li><li><a href=\"https:\/\/reflejarte.es\/DeutschamStrand\/de\/koerperteile-vokabeltrainer-deutsch-el-cuerpo-en-aleman-quiz\/\">Der K\u00f6rper \u00b7 Quiz \u00b7 Vokabeltrainer mit Bildern+Audio \u00b7 interaktive \u00dcbungen<\/a><\/li><li><a href=\"https:\/\/reflejarte.es\/DeutschamStrand\/de\/uhrzeit-auf-deutsch-lern-quiz-interactivo-para-aprender-la-hora-en-aleman\/\">Die Uhrzeit auf Deutsch, formell und umgangssprachlich<br>Erkl\u00e4rung und interaktive \u00dcbungen A1\/A2<\/a><\/li><li><a href=\"https:\/\/reflejarte.es\/DeutschamStrand\/de\/wechsel-praepositionen-deutsch-in-bild-text-gestik_preposiciones-variables-aleman-en-imagen-gestos-texto\/\">Die deutschen Wechsel-Pr\u00e4positionen, erkl\u00e4rt mit Bildern, Beispielen und Gesten<\/a><\/li><li><a href=\"https:\/\/reflejarte.es\/DeutschamStrand\/de\/praepositionen_einfuehrung-beispiele-merksaetze_preposiciones-introduccion-ejemplos-frases-mnemotecnicas\/\">Was sind Pr\u00e4positionen?  \u00b7 Einf\u00fchrung, Beispiele und Merks\u00e4tze<\/a><\/li><li><a href=\"https:\/\/reflejarte.es\/DeutschamStrand\/de\/bildmaterial_material-grafico_daf-kurssprache-plakat-fuer-den-klassenraum\/\">Bildmaterial zum Download f\u00fcr den Deutschkurs<\/a><\/li><li><a href=\"https:\/\/reflejarte.es\/DeutschamStrand\/de\/partizip-perfekt-onlineuebung_ejercicio-interactivo-participio-perfecto-aleman\/\">Erz\u00e4hlen in der Vergangenheit: das Perfekt \u00b7 Online\u00fcbung + Arbeitsblatt<\/a><\/li><li><a href=\"https:\/\/reflejarte.es\/DeutschamStrand\/de\/schultag-praesens-konjugieren-uebung_ejercicio-interactivo-dia-de-cole-conjugar-en-presente-aleman\/\">Tagesablauf beschreiben im Pr\u00e4sens \u00b7 Online\u00fcbung + Arbeitsblatt<\/a><\/li><li><a href=\"https:\/\/reflejarte.es\/DeutschamStrand\/de\/online-uebung-zu-wechselpraepositionen-a2_preposiciones-variables-ejercicio-interactivo-nivel-a2\/\">Ferienziele und  Freizeitaktivit\u00e4ten &#8211; Wechselpr\u00e4positionen f\u00fcr Fortgeschrittene (A2)<\/a><\/li><li><a href=\"https:\/\/reflejarte.es\/DeutschamStrand\/de\/faltbuchlein-weihnachtslieder-mit-bildern_librito-plegable-6-villancicos-alemanes-ilustrados\/\">Faltb\u00fcchlein basteln: 6 Weihnachtslieder mit Bildern zum Ausdrucken<\/a><\/li><\/ul>\n","protected":false},"excerpt":{"rendered":"<p>Bildmaterial f\u00fcr den DaF-Kurs DaF Kurssprache &#8211; Plakat f\u00fcr den Klassenraum: Verben f\u00fcr den Deutschunterricht &#8211; h\u00f6ren, schreiben, lesen, sprechen, wiederholen, betrachten, beschreiben, fragen, antworten, verstehen, spielen Ein Plakat zur Kurssprache Dieses A4-Poster f\u00fcr den Kursraum unterst\u00fctzt den m\u00f6glichst einsprachigen Unterricht. Das Bild\u00a0 illustriert die\u00a0 Verben\u00a0 h\u00f6ren, schreiben, lesen, sprechen,&#8230;<\/p>\n<p> <a class=\"continue-reading-link\" href=\"https:\/\/reflejarte.es\/DeutschamStrand\/de\/deutsch-lernen-aprender-aleman\/bildmaterial-fuer-den-daf-kurs\/\"><span>weiterlesen &#8230;<\/span><i class=\"crycon-right-dir\"><\/i><\/a> <\/p>\n","protected":false},"author":4,"featured_media":387,"parent":67,"menu_order":2,"comment_status":"closed","ping_status":"closed","template":"","meta":{"footnotes":""},"class_list":["post-383","page","type-page","status-publish","has-post-thumbnail","hentry"],"_links":{"self":[{"href":"https:\/\/reflejarte.es\/DeutschamStrand\/de\/wp-json\/wp\/v2\/pages\/383","targetHints":{"allow":["GET"]}}],"collection":[{"href":"https:\/\/reflejarte.es\/DeutschamStrand\/de\/wp-json\/wp\/v2\/pages"}],"about":[{"href":"https:\/\/reflejarte.es\/DeutschamStrand\/de\/wp-json\/wp\/v2\/types\/page"}],"author":[{"embeddable":true,"href":"https:\/\/reflejarte.es\/DeutschamStrand\/de\/wp-json\/wp\/v2\/users\/4"}],"replies":[{"embeddable":true,"href":"https:\/\/reflejarte.es\/DeutschamStrand\/de\/wp-json\/wp\/v2\/comments?post=383"}],"version-history":[{"count":9,"href":"https:\/\/reflejarte.es\/DeutschamStrand\/de\/wp-json\/wp\/v2\/pages\/383\/revisions"}],"predecessor-version":[{"id":4113,"href":"https:\/\/reflejarte.es\/DeutschamStrand\/de\/wp-json\/wp\/v2\/pages\/383\/revisions\/4113"}],"up":[{"embeddable":true,"href":"https:\/\/reflejarte.es\/DeutschamStrand\/de\/wp-json\/wp\/v2\/pages\/67"}],"wp:featuredmedia":[{"embeddable":true,"href":"https:\/\/reflejarte.es\/DeutschamStrand\/de\/wp-json\/wp\/v2\/media\/387"}],"wp:attachment":[{"href":"https:\/\/reflejarte.es\/DeutschamStrand\/de\/wp-json\/wp\/v2\/media?parent=383"}],"curies":[{"name":"wp","href":"https:\/\/api.w.org\/{rel}","templated":true}]}}