{"id":2530,"date":"2020-02-27T18:12:45","date_gmt":"2020-02-27T17:12:45","guid":{"rendered":"https:\/\/reflejarte.es\/DeutschamStrand\/?page_id=2530"},"modified":"2023-09-20T07:09:49","modified_gmt":"2023-09-20T05:09:49","slug":"begleitmaterial-nach-lehrwerken_material-de-apoyo-por-metodo-de-aleman","status":"publish","type":"page","link":"https:\/\/reflejarte.es\/DeutschamStrand\/de\/begleitmaterial-nach-lehrwerken_material-de-apoyo-por-metodo-de-aleman\/","title":{"rendered":"Begleitmaterial nach Lehrwerken"},"content":{"rendered":"<p><a href=\"https:\/\/reflejarte.es\/DeutschamStrand\/es\/begleitmaterial-nach-lehrwerken_material-de-apoyo-por-metodo-de-aleman\/\" target=\"_blank\" rel=\"noopener\"><img decoding=\"async\" class=\"wp-image-3997 size-full alignleft lazyload\" title=\"leer la versi\u00f3n espa\u00f1ola, con explicaciones para no-nativos del alem\u00e1n\" data-src=\"https:\/\/reflejarte.es\/DeutschamStrand\/de\/wp-content\/uploads\/2023\/05\/auf-Spanisch-lesen.png\" alt=\"auf Spanisch lesen\" width=\"182\" height=\"31\" data-srcset=\"https:\/\/reflejarte.es\/DeutschamStrand\/de\/wp-content\/uploads\/2023\/05\/auf-Spanisch-lesen.png 182w, https:\/\/reflejarte.es\/DeutschamStrand\/de\/wp-content\/uploads\/2023\/05\/auf-Spanisch-lesen-150x26.png 150w\" data-sizes=\"(max-width: 182px) 100vw, 182px\" src=\"data:image\/svg+xml;base64,PHN2ZyB3aWR0aD0iMSIgaGVpZ2h0PSIxIiB4bWxucz0iaHR0cDovL3d3dy53My5vcmcvMjAwMC9zdmciPjwvc3ZnPg==\" style=\"--smush-placeholder-width: 182px; --smush-placeholder-aspect-ratio: 182\/31;\" \/><\/a><\/p>\n<h1 style=\"text-align: center;\">Begleit- und Zusatzmaterial<\/h1>\n<h1 style=\"text-align: center;\">nach Lehrwerken<\/h1>\n<h3><img decoding=\"async\" class=\"size-thumbnail wp-image-2532 aligncenter lazyload\" data-src=\"https:\/\/reflejarte.es\/DeutschamStrand\/de\/wp-content\/uploads\/2020\/02\/planetino-geht-98x150.jpg\" alt=\"Lehrwerk Planetino\" width=\"98\" height=\"150\" data-srcset=\"https:\/\/reflejarte.es\/DeutschamStrand\/de\/wp-content\/uploads\/2020\/02\/planetino-geht-98x150.jpg 98w, https:\/\/reflejarte.es\/DeutschamStrand\/de\/wp-content\/uploads\/2020\/02\/planetino-geht.jpg 152w\" data-sizes=\"(max-width: 98px) 100vw, 98px\" src=\"data:image\/svg+xml;base64,PHN2ZyB3aWR0aD0iMSIgaGVpZ2h0PSIxIiB4bWxucz0iaHR0cDovL3d3dy53My5vcmcvMjAwMC9zdmciPjwvc3ZnPg==\" style=\"--smush-placeholder-width: 98px; --smush-placeholder-aspect-ratio: 98\/150;\" \/><\/h3>\n<h3>zu Planetino 1<\/h3>\n<ul class=\"lcp_catlist\" id=\"lcp_instance_0\"><li><a href=\"https:\/\/reflejarte.es\/DeutschamStrand\/de\/konjugation-von-haben-und-sein\/\">Pr\u00e4sens-Konjugation von HABEN und SEIN \u00b7 Beispiele, Audio mp3+Transkription<\/a><\/li><li><a href=\"https:\/\/reflejarte.es\/DeutschamStrand\/de\/a1-0-personalpronomen-in-bild-person-geste-farbe-ton-schrift-anfaenger-kinder\/\">ich, du, er, sie, es&#8230; <b>Personalpronomen-Quiz<\/b> in Bild (Person, Geste, Farbe) + Ton + Schrift<\/a><\/li><li><a href=\"https:\/\/reflejarte.es\/DeutschamStrand\/de\/wer-ist-das-personenraten-%c2%b7-interaktiver-quiz-a1\/\">Wer ist das? Personenraten \u00b7 interaktives Quiz, A1<\/a><\/li><\/ul>\n<p>&nbsp;<\/p>\n<h3>zu Planetino 2<\/h3>\n<ul class=\"lcp_catlist\" id=\"lcp_instance_0\"><li><a href=\"https:\/\/reflejarte.es\/DeutschamStrand\/de\/ein-fall-fuer-detektive-trennverbe-verbos-separables-en-aleman\/\">Ein Fall f\u00fcr Detektive: die <strong>trennbaren Verben<\/strong> im Deutschen<\/a><\/li><li><a href=\"https:\/\/reflejarte.es\/DeutschamStrand\/de\/das-woerterspiel\/\">Das W\u00f6rterspiel \u00b7 Ein Brettspiel mit vielen Einsatzm\u00f6glichkeiten<\/a><\/li><li><a href=\"https:\/\/reflejarte.es\/DeutschamStrand\/de\/memory-der-koerper-spielkarten-arbeitsblaetter-zum-ausdrucken_mi-cuerpo-en-aleman-fichas-imprimir\/\">Memory &#8222;Mein K\u00f6rper&#8220; \u00b7 Spielkarten\/Arbeitsbl\u00e4tter zum Ausdrucken<\/a><\/li><li><a href=\"https:\/\/reflejarte.es\/DeutschamStrand\/de\/deutsch-zahlen-von-0-bis-1000-contar-en-aleman-mp3-audio\/\">WELT-REISEN \u00b7 Die Zahlen von 0 bis 1000 \u00b7 Audio mp3 + interaktive \u00dcbungen<\/a><\/li><li><a href=\"https:\/\/reflejarte.es\/DeutschamStrand\/de\/duerfen-koennen-oder-muessen-interaktive-uebung-zu-den-modalverben-im-deutschen\/\">\u00bfD\u00fcrfen, k\u00f6nnen o m\u00fcssen? &#8211; Ejercicio interactivo para entrenar los verbos modales del alem\u00e1n<\/a><\/li><li><a href=\"https:\/\/reflejarte.es\/DeutschamStrand\/de\/personenbeschreibung-lueckentext-uebung-a1-ejercicio-interactivo-partes-cuerpo-adjetivos-en-aleman\/\">Leute beschreiben: K\u00f6rperteile und Adjektive \u00b7 interaktive L\u00fcckentext-\u00dcbung, A1<\/a><\/li><li><a href=\"https:\/\/reflejarte.es\/DeutschamStrand\/de\/koerperteile-vokabeltrainer-deutsch-el-cuerpo-en-aleman-quiz\/\">Der K\u00f6rper \u00b7 Quiz \u00b7 Vokabeltrainer mit Bildern+Audio \u00b7 interaktive \u00dcbungen<\/a><\/li><li><a href=\"https:\/\/reflejarte.es\/DeutschamStrand\/de\/flashcard-vokabeltrainer-alltagsverben_planetino2-l24_verbos-vida-cotidiana-aleman\/\">Flashcard-Vokabeltrainer: 10 wichtige Verben f\u00fcr den Alltag in Bild und Text<\/a><\/li><li><a href=\"https:\/\/reflejarte.es\/DeutschamStrand\/de\/silbenraetsel-planetino2-l24-uebung5-alltagsverben_verbos-cotidianos-sopa-de-silabas-interactiva-a1\/\">Silbenr\u00e4tsel &#8211; Planetino2 L24 \u00dc5 AB &#8211; interaktive \u00dcbung mit Alltagsverben &#8211; A1<\/a><\/li><li><a href=\"https:\/\/reflejarte.es\/DeutschamStrand\/de\/uhrzeit-auf-deutsch-lern-quiz-interactivo-para-aprender-la-hora-en-aleman\/\">Die Uhrzeit auf Deutsch, formell und umgangssprachlich<br>Erkl\u00e4rung und interaktive \u00dcbungen A1\/A2<\/a><\/li><\/ul>\n<p>&nbsp;<\/p>\n<h3>zu Tamburin 1<\/h3>\n<ul class=\"lcp_catlist\" id=\"lcp_instance_0\"><li><a href=\"https:\/\/reflejarte.es\/DeutschamStrand\/de\/das-woerterspiel\/\">Das W\u00f6rterspiel \u00b7 Ein Brettspiel mit vielen Einsatzm\u00f6glichkeiten<\/a><\/li><li><a href=\"https:\/\/reflejarte.es\/DeutschamStrand\/de\/memory-der-koerper-spielkarten-arbeitsblaetter-zum-ausdrucken_mi-cuerpo-en-aleman-fichas-imprimir\/\">Memory &#8222;Mein K\u00f6rper&#8220; \u00b7 Spielkarten\/Arbeitsbl\u00e4tter zum Ausdrucken<\/a><\/li><li><a href=\"https:\/\/reflejarte.es\/DeutschamStrand\/de\/a1-0-personalpronomen-in-bild-person-geste-farbe-ton-schrift-anfaenger-kinder\/\">ich, du, er, sie, es&#8230; <b>Personalpronomen-Quiz<\/b> in Bild (Person, Geste, Farbe) + Ton + Schrift<\/a><\/li><li><a href=\"https:\/\/reflejarte.es\/DeutschamStrand\/de\/wer-ist-das-personenraten-%c2%b7-interaktiver-quiz-a1\/\">Wer ist das? Personenraten \u00b7 interaktives Quiz, A1<\/a><\/li><li><a href=\"https:\/\/reflejarte.es\/DeutschamStrand\/de\/koerperteile-vokabeltrainer-deutsch-el-cuerpo-en-aleman-quiz\/\">Der K\u00f6rper \u00b7 Quiz \u00b7 Vokabeltrainer mit Bildern+Audio \u00b7 interaktive \u00dcbungen<\/a><\/li><\/ul>\n<p>&nbsp;<\/p>\n<h3>zu Lagune 1<\/h3>\n<ul class=\"lcp_catlist\" id=\"lcp_instance_0\"><li><a href=\"https:\/\/reflejarte.es\/DeutschamStrand\/de\/das-wetter-dominospiel-a1-a2\/\">Das Wetter &#8211; Dominospiel zum Ausdrucken \u00b7 A1.3 \/ A2<\/a><\/li><li><a href=\"https:\/\/reflejarte.es\/DeutschamStrand\/de\/uebung-verben-mit-stammvokalwechsel_ejercicio-verbos-alemanes-con-cambio-de-la-vocal-radical\/\">Ein Monster sieht Liebesfilme \u00b7 Verben mit Stammvokalwechsel \u00b7 Arbeitsblatt \/ interaktive \u00dcbung<\/a><\/li><li><a href=\"https:\/\/reflejarte.es\/DeutschamStrand\/de\/konjugation-von-haben-und-sein\/\">Pr\u00e4sens-Konjugation von HABEN und SEIN \u00b7 Beispiele, Audio mp3+Transkription<\/a><\/li><li><a href=\"https:\/\/reflejarte.es\/DeutschamStrand\/de\/deutsch-zahlen-von-0-bis-1000-contar-en-aleman-mp3-audio\/\">WELT-REISEN \u00b7 Die Zahlen von 0 bis 1000 \u00b7 Audio mp3 + interaktive \u00dcbungen<\/a><\/li><li><a href=\"https:\/\/reflejarte.es\/DeutschamStrand\/de\/duerfen-koennen-oder-muessen-interaktive-uebung-zu-den-modalverben-im-deutschen\/\">\u00bfD\u00fcrfen, k\u00f6nnen o m\u00fcssen? &#8211; Ejercicio interactivo para entrenar los verbos modales del alem\u00e1n<\/a><\/li><li><a href=\"https:\/\/reflejarte.es\/DeutschamStrand\/de\/personenbeschreibung-lueckentext-uebung-a1-ejercicio-interactivo-partes-cuerpo-adjetivos-en-aleman\/\">Leute beschreiben: K\u00f6rperteile und Adjektive \u00b7 interaktive L\u00fcckentext-\u00dcbung, A1<\/a><\/li><li><a href=\"https:\/\/reflejarte.es\/DeutschamStrand\/de\/wer-ist-das-personenraten-%c2%b7-interaktiver-quiz-a1\/\">Wer ist das? Personenraten \u00b7 interaktives Quiz, A1<\/a><\/li><li><a href=\"https:\/\/reflejarte.es\/DeutschamStrand\/de\/flashcard-vokabeltrainer-alltagsverben_planetino2-l24_verbos-vida-cotidiana-aleman\/\">Flashcard-Vokabeltrainer: 10 wichtige Verben f\u00fcr den Alltag in Bild und Text<\/a><\/li><li><a href=\"https:\/\/reflejarte.es\/DeutschamStrand\/de\/uhrzeit-auf-deutsch-lern-quiz-interactivo-para-aprender-la-hora-en-aleman\/\">Die Uhrzeit auf Deutsch, formell und umgangssprachlich<br>Erkl\u00e4rung und interaktive \u00dcbungen A1\/A2<\/a><\/li><li><a href=\"https:\/\/reflejarte.es\/DeutschamStrand\/de\/wechsel-praepositionen-deutsch-in-bild-text-gestik_preposiciones-variables-aleman-en-imagen-gestos-texto\/\">Die deutschen Wechsel-Pr\u00e4positionen, erkl\u00e4rt mit Bildern, Beispielen und Gesten<\/a><\/li><li><a href=\"https:\/\/reflejarte.es\/DeutschamStrand\/de\/praepositionen_einfuehrung-beispiele-merksaetze_preposiciones-introduccion-ejemplos-frases-mnemotecnicas\/\">Was sind Pr\u00e4positionen?  \u00b7 Einf\u00fchrung, Beispiele und Merks\u00e4tze<\/a><\/li><li><a href=\"https:\/\/reflejarte.es\/DeutschamStrand\/de\/wo-wohin-uebung-wechselpraepositionen_interactiv_ejercicio-preposiciones-variables-aleman\/\">Statisch oder dynamisch? Wo oder Wohin? Interaktive \u00dcbung zu den Wechselpr\u00e4positionen<\/a><\/li><li><a href=\"https:\/\/reflejarte.es\/DeutschamStrand\/de\/unterschiede-zwischen_zuerst_erst_nur_diferencia-explicada-con-ejemplos\/\">Das W\u00f6rtchen &#8218;erst&#8216; &#8211; Gebrauch und Bedeutungen &#8211;  Erkl\u00e4rungen, Beispiele und interaktive \u00dcbungen + Pdf<\/a><\/li><li><a href=\"https:\/\/reflejarte.es\/DeutschamStrand\/de\/online-uebung-zu-wechselpraepositionen-a2_preposiciones-variables-ejercicio-interactivo-nivel-a2\/\">Ferienziele und  Freizeitaktivit\u00e4ten &#8211; Wechselpr\u00e4positionen f\u00fcr Fortgeschrittene (A2)<\/a><\/li><li><a href=\"https:\/\/reflejarte.es\/DeutschamStrand\/de\/training-zur-fehlersuche-und-selbstkorrektur_ejercicio-interactivo-para-entrenar-la-autocorreccion\/\">Wie finde ich die Fehler in meinen Texten? Online-\u00dcbung zur Eigenkorrektur + Pdf-Arbeitsblatt<\/a><\/li><\/ul>\n<p>&nbsp;<\/p>\n<h3>zu Lagune 2<\/h3>\n<ul class=\"lcp_catlist\" id=\"lcp_instance_0\"><li><a href=\"https:\/\/reflejarte.es\/DeutschamStrand\/de\/das-wetter-dominospiel-a1-a2\/\">Das Wetter &#8211; Dominospiel zum Ausdrucken \u00b7 A1.3 \/ A2<\/a><\/li><li><a href=\"https:\/\/reflejarte.es\/DeutschamStrand\/de\/unregelmaessige-starke-verben-deutsch_listado-verbos-irregulares-aleman-audio\/\">Unregelm\u00e4\u00dfige Verben im Deutschen \u00b7 Liste der starken Grundverben+Ableitungen \u00b7 Audio \u00b7 Pdf<\/a><\/li><li><a href=\"https:\/\/reflejarte.es\/DeutschamStrand\/de\/wechsel-praepositionen-deutsch-in-bild-text-gestik_preposiciones-variables-aleman-en-imagen-gestos-texto\/\">Die deutschen Wechsel-Pr\u00e4positionen, erkl\u00e4rt mit Bildern, Beispielen und Gesten<\/a><\/li><li><a href=\"https:\/\/reflejarte.es\/DeutschamStrand\/de\/praepositionen_einfuehrung-beispiele-merksaetze_preposiciones-introduccion-ejemplos-frases-mnemotecnicas\/\">Was sind Pr\u00e4positionen?  \u00b7 Einf\u00fchrung, Beispiele und Merks\u00e4tze<\/a><\/li><li><a href=\"https:\/\/reflejarte.es\/DeutschamStrand\/de\/wo-wohin-uebung-wechselpraepositionen_interactiv_ejercicio-preposiciones-variables-aleman\/\">Statisch oder dynamisch? Wo oder Wohin? Interaktive \u00dcbung zu den Wechselpr\u00e4positionen<\/a><\/li><li><a href=\"https:\/\/reflejarte.es\/DeutschamStrand\/de\/unterschiede-zwischen_zuerst_erst_nur_diferencia-explicada-con-ejemplos\/\">Das W\u00f6rtchen &#8218;erst&#8216; &#8211; Gebrauch und Bedeutungen &#8211;  Erkl\u00e4rungen, Beispiele und interaktive \u00dcbungen + Pdf<\/a><\/li><li><a href=\"https:\/\/reflejarte.es\/DeutschamStrand\/de\/online-uebung-zu-wechselpraepositionen-a2_preposiciones-variables-ejercicio-interactivo-nivel-a2\/\">Ferienziele und  Freizeitaktivit\u00e4ten &#8211; Wechselpr\u00e4positionen f\u00fcr Fortgeschrittene (A2)<\/a><\/li><li><a href=\"https:\/\/reflejarte.es\/DeutschamStrand\/de\/training-zur-fehlersuche-und-selbstkorrektur_ejercicio-interactivo-para-entrenar-la-autocorreccion\/\">Wie finde ich die Fehler in meinen Texten? Online-\u00dcbung zur Eigenkorrektur + Pdf-Arbeitsblatt<\/a><\/li><\/ul>\n","protected":false},"excerpt":{"rendered":"<p>Begleit- und Zusatzmaterial nach Lehrwerken zu Planetino 1 &nbsp; zu Planetino 2 &nbsp; zu Tamburin 1 &nbsp; zu Lagune 1 &nbsp; zu Lagune 2<\/p>\n<p> <a class=\"continue-reading-link\" href=\"https:\/\/reflejarte.es\/DeutschamStrand\/de\/begleitmaterial-nach-lehrwerken_material-de-apoyo-por-metodo-de-aleman\/\"><span>weiterlesen &#8230;<\/span><i class=\"crycon-right-dir\"><\/i><\/a> <\/p>\n","protected":false},"author":1,"featured_media":2532,"parent":0,"menu_order":0,"comment_status":"closed","ping_status":"closed","template":"","meta":{"footnotes":""},"class_list":["post-2530","page","type-page","status-publish","has-post-thumbnail","hentry"],"_links":{"self":[{"href":"https:\/\/reflejarte.es\/DeutschamStrand\/de\/wp-json\/wp\/v2\/pages\/2530","targetHints":{"allow":["GET"]}}],"collection":[{"href":"https:\/\/reflejarte.es\/DeutschamStrand\/de\/wp-json\/wp\/v2\/pages"}],"about":[{"href":"https:\/\/reflejarte.es\/DeutschamStrand\/de\/wp-json\/wp\/v2\/types\/page"}],"author":[{"embeddable":true,"href":"https:\/\/reflejarte.es\/DeutschamStrand\/de\/wp-json\/wp\/v2\/users\/1"}],"replies":[{"embeddable":true,"href":"https:\/\/reflejarte.es\/DeutschamStrand\/de\/wp-json\/wp\/v2\/comments?post=2530"}],"version-history":[{"count":5,"href":"https:\/\/reflejarte.es\/DeutschamStrand\/de\/wp-json\/wp\/v2\/pages\/2530\/revisions"}],"predecessor-version":[{"id":4075,"href":"https:\/\/reflejarte.es\/DeutschamStrand\/de\/wp-json\/wp\/v2\/pages\/2530\/revisions\/4075"}],"wp:featuredmedia":[{"embeddable":true,"href":"https:\/\/reflejarte.es\/DeutschamStrand\/de\/wp-json\/wp\/v2\/media\/2532"}],"wp:attachment":[{"href":"https:\/\/reflejarte.es\/DeutschamStrand\/de\/wp-json\/wp\/v2\/media?parent=2530"}],"curies":[{"name":"wp","href":"https:\/\/api.w.org\/{rel}","templated":true}]}}