{"id":222,"date":"2012-12-06T20:23:43","date_gmt":"2012-12-06T19:23:43","guid":{"rendered":"http:\/\/deutschamstrand.wordpress.com\/?page_id=222"},"modified":"2023-09-30T18:54:25","modified_gmt":"2023-09-30T16:54:25","slug":"links-zum-lernen","status":"publish","type":"page","link":"https:\/\/reflejarte.es\/DeutschamStrand\/de\/deutsch-lernen-aprender-aleman\/links-zum-lernen\/","title":{"rendered":"Links und Tipps zum Deutsch-Lernen"},"content":{"rendered":"<p>&nbsp;<\/p>\n<p>&nbsp;<\/p>\n<p><span style='color: #fd6300;position: relative; top: -25px; bottom: -45px;'>Letzte Aktualisierung: 30.09.2023<\/span><a href=\"https:\/\/reflejarte.es\/DeutschamStrand\/es\/deutsch-lernen-aprender-aleman\/links-zum-lernen\/\" target=\"_blank\" rel=\"noopener\"><img decoding=\"async\" class=\"alignright wp-image-3997 size-full lazyload\" title=\"leer en espa\u00f1ol - auf Spanisch lesen\" data-src=\"https:\/\/reflejarte.es\/DeutschamStrand\/de\/wp-content\/uploads\/2023\/05\/auf-Spanisch-lesen.png\" alt=\"leer en espa\u00f1ol - auf Spanisch lesen\" width=\"182\" height=\"31\" data-srcset=\"https:\/\/reflejarte.es\/DeutschamStrand\/de\/wp-content\/uploads\/2023\/05\/auf-Spanisch-lesen.png 182w, https:\/\/reflejarte.es\/DeutschamStrand\/de\/wp-content\/uploads\/2023\/05\/auf-Spanisch-lesen-150x26.png 150w\" data-sizes=\"(max-width: 182px) 100vw, 182px\" src=\"data:image\/svg+xml;base64,PHN2ZyB3aWR0aD0iMSIgaGVpZ2h0PSIxIiB4bWxucz0iaHR0cDovL3d3dy53My5vcmcvMjAwMC9zdmciPjwvc3ZnPg==\" style=\"--smush-placeholder-width: 182px; --smush-placeholder-aspect-ratio: 182\/31;\" \/><\/a><\/p>\n<h1><\/h1>\n<h1><img decoding=\"async\" class=\"aligncenter size-full wp-image-3730 lazyload\" data-src=\"https:\/\/reflejarte.es\/DeutschamStrand\/de\/wp-content\/uploads\/2022\/06\/DeutschamStrandreflejarte\u00b7es.png\" alt=\"DeutschamStrand@reflejarte\u00b7es\" width=\"100\" height=\"100\" src=\"data:image\/svg+xml;base64,PHN2ZyB3aWR0aD0iMSIgaGVpZ2h0PSIxIiB4bWxucz0iaHR0cDovL3d3dy53My5vcmcvMjAwMC9zdmciPjwvc3ZnPg==\" style=\"--smush-placeholder-width: 100px; --smush-placeholder-aspect-ratio: 100\/100;\" \/><\/h1>\n<h1 style=\"text-align: center;\">Tipps, Tricks und Links<br \/>\nzum Deutsch-Lernen<\/h1>\n<p>Unten auf dieser Seite findest du Links zu interessanten Webseiten.<br \/>\nSie helfen dir, authentische Sprache und Texte besser zu verstehen.<br \/>\nEs gibt so viele Dokumentar-Filme und Fernsehprogramme, Radiosender, Blogs, Songs und Lieder auf Youtube, H\u00f6rspiele von der Deutschen Welle, Lernmaterial vom Goetheinstitut, on-line-\u00dcbungen vom Hueber-Verlag, Videos etc&#8230;.<br \/>\nDu musst nur ein bisschen im Internet surfen oder den unten aufgef\u00fchrten Links folgen!<br \/>\n<span style=\"color: #ff6600;\">Hier ein paar gute Tipps zur Frage&#8230;<\/span><\/p>\n<h1 style=\"text-align: center;\">Wie kann ich schnell und effektiv Deutsch lernen?<\/h1>\n<h2 style=\"text-align: center;\">Tricks und Ratschl\u00e4ge,<br \/>\nwie man das verf\u00fcgbare Material gut nutzt<\/h2>\n<p>&nbsp;<\/p>\n<p><strong>1 &#8211; Du musst viel Deutsch h\u00f6ren<\/strong><br \/>\nSuch <span style=\"color: #ff6600;\">Filme<\/span> und <span style=\"color: #ff6600;\">Songs<\/span>, die dich interessieren oder die du schon kennst (am besten <span style=\"color: #ff6600;\">mit Untertiteln auf Deutsch<\/span>):<br \/>\nH\u00f6r und sieh sie so oft wie m\u00f6glich, bis du sie auswendig kennst!<br \/>\nViele W\u00f6rter, Ausdr\u00fccke und Strukturen wiederholen sich sehr oft, und sie pr\u00e4gen sich dir gut ein. So kannst du sie dann in passenden Situationen ganz automatisch sagen!<\/p>\n<p><strong>2 &#8211; Du musst viel lesen<\/strong><br \/>\nLies Texte (<span style=\"color: #ff6600;\">B\u00fccher, Comics, Zeitschriften, Webseiten<\/span>&#8230;), \u00fcber <span style=\"color: #ff6600;\">Themen, die dich interessieren <\/span>und die du kennst: so ist es einfach, neues Vokabular zu lernen!<br \/>\nDie W\u00f6rter, Ausdr\u00fccke und Strukturen kannst du dann in \u00e4hnlichen Situationen m\u00fchelos benutzen!<\/p>\n<p><strong>3 &#8211; Du musst viel sprechen<\/strong><br \/>\nSing die Lieder mit, wenn du sie h\u00f6rst.<br \/>\nLies Texte laut.<br \/>\nChatte auf Deutsch!<br \/>\nSprich Deutsch im Unterricht&#8230;<\/p>\n<p style=\"text-align: left;\">All diese \u00dcbungen trainieren dich und du beginnst bald, automatisch <strong>auf Deutsch<\/strong> zu <strong>DENKEN<\/strong>!<\/p>\n<p style=\"text-align: center;\"><a href=\"https:\/\/reflejarte.es\/DeutschamStrand\/de\/wie-kann-ich-schnell-und-effektiv-deutsch-lernen_como-aprender-aleman-con-rapidez-y-eficacia\/\" target=\"_blank\" rel=\"noopener\">Hier gibts noch mehr Tipps, wie du jede Sprache effektiv und schnell lernen kannst<\/a><\/p>\n<p>&nbsp;<\/p>\n<p style=\"text-align: center;\">*******************************<\/p>\n<h2 style=\"text-align: center;\">Wo finde ich Videos und Audios auf Deutsch ?<\/h2>\n<p style=\"text-align: center;\">Hinweis:<br \/>\nmanche Inhalte werden aufgrund von Umstrukturierungen der verlinkten Webs<br \/>\nm\u00f6glicherweise nicht mehr angeboten!<\/p>\n<p>&nbsp;<\/p>\n<h5><span style=\"text-decoration: underline;\"><strong><a title=\"Goethe-Institut\" href=\"http:\/\/www.goethe.de\/\" target=\"_blank\" rel=\"noopener noreferrer\">GOETHE-INSTITUT<\/a><\/strong><\/span><\/h5>\n<p>Das Goethe-Institut ist das offizielle Deutsch-Lern-Institut (Goethe ist der ber\u00fchmteste Schriftsteller Deutschlands, so wie Cervantes in Spanien).\u00a0 Auf der Web vom Goetheinstitut gibt es viele<a title=\"Goetheinstitut: interaktive Spiele\" href=\"https:\/\/www.goethe.de\/de\/spr\/ueb.html\" target=\"_blank\" rel=\"noopener noreferrer\"> interaktive Spiele<\/a>, eine <a href=\"https:\/\/www.goethe.de\/de\/spr\/ueb\/vok.html\" target=\"_blank\" rel=\"noopener noreferrer\">Vokabeltrainer-App<\/a>, interessante Informationen\u00a0 und andere Angebote wie TV-Serien zum Deutschlernen, Songs etc.<\/p>\n<p>Sehr n\u00fctzlich sind auch die\u00a0 <a href=\"https:\/\/www.goethe.de\/de\/spr\/kup\/prf\/prf.html\" target=\"_blank\" rel=\"noopener noreferrer\"><em><strong>\u00dcbungsmaterialien<\/strong><\/em> f\u00fcr die Pr\u00fcfungsvorbereitung der Zertifikate A1-C2<\/a> mit echten Pr\u00fcfungsbeispielen.<\/p>\n<h5><a title=\"WDR-Mediathek: Dokumentarfilme mit Untertiteln auf Deutsch\" href=\"http:\/\/www.wdr.de\/mediathek\/html\/regional\/uebersicht\/untertitel.xml\" target=\"_blank\" rel=\"noopener noreferrer\"><span style=\"text-decoration: underline;\"><strong>WDR-MEDIATHEK<\/strong><\/span><\/a><\/h5>\n<p>Die <a title=\"WDR-Mediathek: Dokumentarfilme mit Untertiteln auf Deutsch\" href=\"http:\/\/www1.wdr.de\/mediathek\/video\/sendungen\/videos-untertitel-100.html\" target=\"_blank\" rel=\"noopener noreferrer\">Mediathek vom Westdeutschen Rundfunk WDR<\/a> bietet viele aktuelle Sendungen auf Deutsch mit UNtertiteln (UT). Die Videos sind interessant und kritisch. Und die Liste der Filme ist lang!<\/p>\n<p>Ein Video \u00fcber<strong> Bier und Bierbrauereien<\/strong>: &#8218;Prost, NRW! Das Land der Biere&#8216;.<br \/>\nWie wird Bier gemacht (gebraut)? \u00a0Was trinken die Deutschen lieber: Alt, Pils, K\u00f6lsch, Export, &#8230; ? Ein interessanter Film zur Bier-Geschichte und -Tradition, zu neuen Biersorten und zu den Trinkgewohnheiten der Deutschen in Nordrhein-Westfalen (Gegend um Dortmund, D\u00fcsseldorf, K\u00f6ln&#8230;)<br \/>\n<a href=\"https:\/\/www1.wdr.de\/suche\/index.jsp?bis=&amp;pageNumber=2&amp;q=Biere&amp;sort=date&amp;von=#customForm-cptblock-wdrsucheinclude100\" target=\"_blank\" rel=\"noopener noreferrer\">Prost, NRW! Das Land der Biere<\/a><\/p>\n<p>Manche Sendungen haben <strong>Untertitel (UT = subt\u00edtulos) auf Deutsch<\/strong>!<\/p>\n<div style=\"padding-left: 60px;\"><strong>Wie starte ich die Untertitel ?<\/strong><\/div>\n<p style=\"padding-left: 60px;\"><b>Starte das Video im Player. Unten rechts ist\u00a0 <\/b><b>ein Button &#8222;UT&#8220; (<\/b><b>in der Player-Leiste).<br \/>\nDu klickst auf den Button und dann siehst du die Untertitel.<\/b><\/p>\n<p>Interessante <strong>Programme f\u00fcr Kinder<\/strong>: jeden Samstag Morgen kommt die\u00a0<strong>\u00a0Sendung mit der Maus.<\/strong>\u00a0Ihr k\u00f6nnt die aktuelle Sendung\u00a0eine Woche lang sehen. Und noch viele Videos mehr&#8230;\u00a0 <a href=\"http:\/\/www1.wdr.de\/wdr\/fuer-kinder\/\" target=\"_blank\" rel=\"noopener noreferrer\">Videos f\u00fcr Kinder &#8218;Die Sendung mit der Maus&#8216;, &#8218;KinderRadioKanal&#8216; etc.<\/a><\/p>\n<p>&nbsp;<\/p>\n<h5><a title=\"Deutsche Welle - Radiosendungen, Videos, H\u00f6rspiele,...\" href=\"http:\/\/www.dw.de\/\" target=\"_blank\" rel=\"noopener noreferrer\"><span style=\"text-decoration: underline;\"><strong>DEUTSCHE WELLE\u00a0 <\/strong><\/span><\/a>\u00a0 dw.com<\/h5>\n<p>Deutsche Welle ist ein Radiosender aus Deutschland, der in vielen Sprachen internationale Nachrichten und andere Programme sendet. Nat\u00fcrlich auch auf Deutsch.<br \/>\nEs gibt dort\u00a0 <a title=\"DW: Langsam gesprochene, aktuelle Nachrichten mit Transkriptionen\" href=\"http:\/\/www.dw.com\/de\/deutsch-lernen\/nachrichten\/s-8030\" target=\"_blank\" rel=\"noopener noreferrer\">aktuelle <strong>Nachrichten<\/strong>, extra langsam gesprochen<\/a>, mit Transkriptionen, zum Downloaden oder als Podcast!<br \/>\nUnd den\u00a0 <a title=\"TV-Lifestream: Direkt-Fernsehen von der Deutschen Welle\" href=\"http:\/\/www.dw.com\/de\/media-center\/s-100813\" target=\"_blank\" rel=\"noopener noreferrer\">TV-Lifestream: Direkt-Fernsehen von der Deutschen Welle<\/a><\/p>\n<p>Au\u00dferdem bietet die DW auch viele<a title=\"Deutsche Welle: Audiotrainer\" href=\"http:\/\/www.dw.com\/es\/aprender-alem\u00e1n\/s-4639\" target=\"_blank\" rel=\"noopener noreferrer\"> online-Sprachkurse und \u00dcbungen<\/a> an (gratis!):<\/p>\n<p>&#8211; einen <a title=\"Deutsche Welle: Audiotrainer\" href=\"http:\/\/www.dw.de\/deutsch-lernen\/audiotrainer\/s-3657\" target=\"_blank\" rel=\"noopener noreferrer\">Audiotrainer<\/a>\u00a0 mit mp3 und pdf-Dateien zum Downloaden (englisch-deutsch)<br \/>\n&#8211; diverse <a href=\"http:\/\/www.dw.com\/de\/media-center\/podcasts\/s-100976\">Podcasts<\/a>: \u00a0<a title=\"DW - Podcast Alltagsdeutsch \" href=\"http:\/\/rss.dw.de\/xml\/DKpodcast_alltagsdeutsch_de\" target=\"_blank\" rel=\"noopener noreferrer\">Alltagsdeutsch<\/a> mit Audio, Transkription und Vokabular zu gesprochenem Deutsch<br \/>\n&#8211; <a href=\"http:\/\/www.dw.com\/de\/deutsch-lernen\/ticket-nach-berlin\/s-32294\">Ticket nach Berlin: ein Wettbewerb<\/a>: 2 Teams reisen durch Deutschland und l\u00f6sen Aufgaben (mit Videos, Transkriptionen, \u00dcbungen&#8230; zum Downloaden)<\/p>\n<p><a title=\"DW- Videos mit Transkriptionen, Glossar und Aufgaben zum Sehen und Downloaden\" href=\"https:\/\/learngerman.dw.com\/de\/fortgeschrittene\/s-62079033\" target=\"_blank\" rel=\"noopener noreferrer\">&#8211; Deutsch aktuell<\/a> : viele Dokumentarfilm-Videos mit Transkriptionen, Glossar und Aufgaben zum Sehen, H\u00f6ren und Downloaden (Sprachniveau A2\/B1\/B2), wie zum Beispiel:<br \/>\n&#8211; die Serie\u00a0 TOP-Thema bietet eine lange Liste von Titeln an \u00fcber interessante Themen aus aller Welt, mit Audios, Texten, Glossar sowie \u00dcbungen (mit L\u00f6sungen) f\u00fcr die B2-Stufe. Such in der Archivliste (seit 2007) und du findest Themen wie:<br \/>\n<a title=\"DW TOP-Thema: Wir kaufen einen Weihnachtsbaum\" href=\"http:\/\/www.dw.de\/wir-kaufen-einen-weihnachtsbaum\/a-16424667\" target=\"_blank\" rel=\"noopener noreferrer\">Wir kaufen einen Weihnachtsbaum<br \/>\n<\/a><a href=\"http:\/\/www.dw.com\/de\/donald-trumps-deutsche-wurzeln\/a-19017897\" target=\"_blank\" rel=\"noopener noreferrer\">Donald Trumps deutsche Wurzeln<\/a><\/p>\n<p>&#8211; Serien wie\u00a0\u00a0<a href=\"http:\/\/www.dw.com\/de\/deutsch-lernen\/das-deutschlandlabor\/s-32379\">Das Deutschlandlabor(A2\/B1) <\/a>, eine <a href=\"http:\/\/www.dw.com\/de\/deutsch-lernen\/telenovela\/s-13121\">Telenovela zum Deutschlernen<\/a> (ab B1) sind informativ und spannend.<br \/>\n&#8211; und noch viel mehr&#8230;<\/p>\n<h5><\/h5>\n<h5>Das <strong>Alumni-Portal vom DAAD<\/strong><\/h5>\n<p>Der DAAD (der Deutsche Akademische Austauschdienst\/ Servicio de intercambio acad\u00e9mico de Alemania) vergibt Stipendien an deutsche Studenten, die in einem anderen Land studieren wollen und an ausl\u00e4ndische Studenten, die in Deutschland studieren.<br \/>\nIm <strong>Alumni-Portal<\/strong> gibt es viele <a href=\"https:\/\/www.alumniportal-deutschland.org\/deutsche-sprache\/online-deutsch-lernen\/\" target=\"_blank\" rel=\"noopener noreferrer\">interessante online-\u00dcbungen und Videos zum Deutschlernen<\/a>.<\/p>\n","protected":false},"excerpt":{"rendered":"<p>&nbsp; &nbsp; Tipps, Tricks und Links zum Deutsch-Lernen Unten auf dieser Seite findest du Links zu interessanten Webseiten. Sie helfen dir, authentische Sprache und Texte besser zu verstehen. Es gibt so viele Dokumentar-Filme und Fernsehprogramme, Radiosender, Blogs, Songs und Lieder auf Youtube, H\u00f6rspiele von der Deutschen Welle, Lernmaterial vom Goetheinstitut,&#8230;<\/p>\n<p> <a class=\"continue-reading-link\" href=\"https:\/\/reflejarte.es\/DeutschamStrand\/de\/deutsch-lernen-aprender-aleman\/links-zum-lernen\/\"><span>weiterlesen &#8230;<\/span><i class=\"crycon-right-dir\"><\/i><\/a> <\/p>\n","protected":false},"author":4,"featured_media":0,"parent":67,"menu_order":0,"comment_status":"open","ping_status":"closed","template":"","meta":{"footnotes":""},"class_list":["post-222","page","type-page","status-publish","hentry"],"_links":{"self":[{"href":"https:\/\/reflejarte.es\/DeutschamStrand\/de\/wp-json\/wp\/v2\/pages\/222","targetHints":{"allow":["GET"]}}],"collection":[{"href":"https:\/\/reflejarte.es\/DeutschamStrand\/de\/wp-json\/wp\/v2\/pages"}],"about":[{"href":"https:\/\/reflejarte.es\/DeutschamStrand\/de\/wp-json\/wp\/v2\/types\/page"}],"author":[{"embeddable":true,"href":"https:\/\/reflejarte.es\/DeutschamStrand\/de\/wp-json\/wp\/v2\/users\/4"}],"replies":[{"embeddable":true,"href":"https:\/\/reflejarte.es\/DeutschamStrand\/de\/wp-json\/wp\/v2\/comments?post=222"}],"version-history":[{"count":30,"href":"https:\/\/reflejarte.es\/DeutschamStrand\/de\/wp-json\/wp\/v2\/pages\/222\/revisions"}],"predecessor-version":[{"id":4342,"href":"https:\/\/reflejarte.es\/DeutschamStrand\/de\/wp-json\/wp\/v2\/pages\/222\/revisions\/4342"}],"up":[{"embeddable":true,"href":"https:\/\/reflejarte.es\/DeutschamStrand\/de\/wp-json\/wp\/v2\/pages\/67"}],"wp:attachment":[{"href":"https:\/\/reflejarte.es\/DeutschamStrand\/de\/wp-json\/wp\/v2\/media?parent=222"}],"curies":[{"name":"wp","href":"https:\/\/api.w.org\/{rel}","templated":true}]}}