{"id":200,"date":"2012-12-05T12:58:12","date_gmt":"2012-12-05T11:58:12","guid":{"rendered":"http:\/\/deutschamstrand.wordpress.com\/?page_id=200"},"modified":"2023-09-20T09:28:45","modified_gmt":"2023-09-20T07:28:45","slug":"playa-reisen","status":"publish","type":"page","link":"https:\/\/reflejarte.es\/DeutschamStrand\/de\/blog-fuer-deutschschueler\/playa-reisen\/","title":{"rendered":"PLAYA-Reisen, das virtuelle Reiseb\u00fcro"},"content":{"rendered":"<p><strong>PLAYA-Reisen<\/strong> ist unser virtuelles Reiseb\u00fcro.<br \/>\nHier\u00a0 gibt es Informationen f\u00fcr Reisen nach Deutschland, Spanien und Andalusien.<br \/>\nDie Texte sind von den verschiedenen Deutschkursen.<\/p>\n<p>Viel Spa\u00df beim Lesen und Reisen!<\/p>\n<h1 style=\"text-align: center;\">*****<br \/>\n2 Reiseprospekte vom Kurs A 1.2<\/h1>\n<p><img decoding=\"async\" class=\"aligncenter size-full wp-image-253 lazyload\" data-src=\"https:\/\/reflejarte.es\/DeutschamStrand\/de\/wp-content\/uploads\/2012\/12\/claim_fr.gif\" alt=\"Freiburg im Breisgau\" width=\"215\" height=\"70\" src=\"data:image\/svg+xml;base64,PHN2ZyB3aWR0aD0iMSIgaGVpZ2h0PSIxIiB4bWxucz0iaHR0cDovL3d3dy53My5vcmcvMjAwMC9zdmciPjwvc3ZnPg==\" style=\"--smush-placeholder-width: 215px; --smush-placeholder-aspect-ratio: 215\/70;\" \/><\/p>\n<h2 align=\"center\"><span style=\"color: #ff6600;\"><b><span style=\"color: #e0631f;\">URLAUBSREISE<\/span> <span style=\"color: #333333;\">NACH <span style=\"color: #d0612f;\">FREIBURG<\/span><\/span><\/b><\/span><\/h2>\n<h2 align=\"center\"><b>\u00a0<\/b><b>IM S\u00dcDEN DEUTSCHLANDS<\/b><\/h2>\n<p><img decoding=\"async\" class=\"alignleft size-full wp-image-254 lazyload\" style=\"--smush-placeholder-width: 150px; --smush-placeholder-aspect-ratio: 150\/185;border: 0 none; margin: 10px;\" data-src=\"https:\/\/reflejarte.es\/DeutschamStrand\/de\/wp-content\/uploads\/2012\/12\/souvenirs_plakat.jpg\" alt=\"Freiburg\" width=\"150\" height=\"185\" src=\"data:image\/svg+xml;base64,PHN2ZyB3aWR0aD0iMSIgaGVpZ2h0PSIxIiB4bWxucz0iaHR0cDovL3d3dy53My5vcmcvMjAwMC9zdmciPjwvc3ZnPg==\" \/><\/p>\n<p style=\"text-align: justify;\">Haben Sie eine Woche frei? M\u00f6chten Sie den S\u00fcden Deutschlands kennen lernen?<\/p>\n<p style=\"text-align: justify;\">Dann kommen Sie mit uns nach Freiburg! Eine wunderbare alte Stadt im S\u00fcden von Deutschland, im Schwarzwald, neben Frankreich und der Schweiz. Genie\u03b2en Sie die Seilbahnfahrt auf den Schauinsland! Wandern Sie mit uns im Schwarzwald. Genie\u03b2en Sie die K\u00fcche und die Weine vom Tuniberg. Erholen Sie sich und vergessen Sie den Stress.<\/p>\n<p>Eine Luxusreise f\u00fcr alle Geldbeutel.<\/p>\n<h1 style=\"text-align: right;\"><span style=\"color: #ff6600;\"><img decoding=\"async\" class=\"alignleft size-full wp-image-260 lazyload\" style=\"--smush-placeholder-width: 150px; --smush-placeholder-aspect-ratio: 150\/150;border: 0 none; margin: 10px;\" title=\"Freiburgs historisches Kaufhaus\" data-src=\"https:\/\/reflejarte.es\/DeutschamStrand\/de\/wp-content\/uploads\/2012\/12\/histkaufhaus.jpg\" alt=\"Freiburgs historisches Kaufhaus\" width=\"150\" height=\"150\" src=\"data:image\/svg+xml;base64,PHN2ZyB3aWR0aD0iMSIgaGVpZ2h0PSIxIiB4bWxucz0iaHR0cDovL3d3dy53My5vcmcvMjAwMC9zdmciPjwvc3ZnPg==\" \/>nur\u00a0 699,99 \u20ac\u00a0\u00a0<\/span><\/h1>\n<p><b><span style=\"text-decoration: underline;\">Was ist im Preis inbegriffen?<\/span><br \/>\n<\/b><\/p>\n<ul>\n<li>An-\u00a0 und Abreise mit einem Luxusbus.<\/li>\n<li>6 \u00dcbernachtungen im 4 Sterne Hotel. Halbpension.<\/li>\n<li>Ausfl\u00fcge in den Schwarzwald, zum Weinberg \u201cSylvana\u201d und Stadtf\u00fchrung.\n<ul>\n<li><span style=\"text-decoration: underline;\">Stadtf\u00fchrung &#8211; Sehensw\u00fcrdigkeiten in Freiburg<\/span> &#8211; : Besuchen Sie das M\u00fcnster mit seinem Markt. Gehen Sie durch die historische Altstadt; da gibt es das alte und das neue Rathaus, die typischen \u201c B\u00e4chle\u201d, das Kaufhaus aus der Gotik und den Schlossberg.<span style=\"text-decoration: underline;\"><img decoding=\"async\" class=\"alignleft size-full wp-image-255 lazyload\" style=\"--smush-placeholder-width: 150px; --smush-placeholder-aspect-ratio: 150\/123;border: 0 none; margin: 10px;\" title=\"Schwarzwald-Trachtenpuppen\" data-src=\"https:\/\/reflejarte.es\/DeutschamStrand\/de\/wp-content\/uploads\/2012\/12\/souvenirs_puppen.jpg\" alt=\"Schwarzwald-Trachtenpuppen\" width=\"150\" height=\"123\" src=\"data:image\/svg+xml;base64,PHN2ZyB3aWR0aD0iMSIgaGVpZ2h0PSIxIiB4bWxucz0iaHR0cDovL3d3dy53My5vcmcvMjAwMC9zdmciPjwvc3ZnPg==\" \/><\/span><\/li>\n<li><span style=\"text-decoration: underline;\">Der Schwarzwald<\/span>: Es gibt hier mehr als 23.000 Kilometer Wanderwege. Wandern Sie mit uns auf dem sch\u00f6nsten Weg. Dort, erwartet Sie die frischeste Bergluft.<\/li>\n<li><span style=\"text-decoration: underline;\">Der Weinberg \u201cSylvana\u201d: <\/span>Besuchen Sie mit uns den Weinberg Sylvana und probieren Sie den typischen Wein.<\/li>\n<\/ul>\n<\/li>\n<\/ul>\n<p><img decoding=\"async\" class=\"alignleft size-full wp-image-257 lazyload\" style=\"--smush-placeholder-width: 150px; --smush-placeholder-aspect-ratio: 150\/150;border: 0 none; margin: 10px;\" title=\"Brunnen am Schwabentor\" data-src=\"https:\/\/reflejarte.es\/DeutschamStrand\/de\/wp-content\/uploads\/2012\/12\/brunnenfwtm_tourismus.jpg\" alt=\"Brunnen am Schwabentor\" width=\"150\" height=\"150\" src=\"data:image\/svg+xml;base64,PHN2ZyB3aWR0aD0iMSIgaGVpZ2h0PSIxIiB4bWxucz0iaHR0cDovL3d3dy53My5vcmcvMjAwMC9zdmciPjwvc3ZnPg==\" \/><\/p>\n<p><b><span style=\"text-decoration: underline;\">Was k\u00f6nnen Sie noch erleben in Freiburg?<\/span><\/b><\/p>\n<ul>\n<li><i>Wir helfen Ihnen mit Informationen f\u00fcr Ihre Freiburg-Spazierg\u00e4nge.<\/i><\/li>\n<li><i>Wir vermitteln Ihnen: Fahrpl\u00e4ne und Fahrkarten.<\/i><\/li>\n<li><i>Wir vermitteln Ihnen die Tickets f\u00fcr das Mineral-Thermalbad Freiburg. Lassen Sie sich verw\u00f6hnen in Freiburgs sch\u00f6ner Therme.<\/i><\/li>\n<li><i>Kulinarische Ausfl\u00fcge: <\/i>Probieren Sie das typische Essen vom Schwarzwald, den Schwarzw\u00e4lder Schinken, die Schwarzw\u00e4lder Kirchetorte und den Spargel vom Tuniberg.<\/li>\n<li><i>Shopping: <\/i>In der Kaiser-Joseph-Stra\u03b2e, der Haupteinkaufsstra\u03b2e, k\u00f6nnen Sie eine Vielzahl von Gesch\u00e4ften finden. In der Rathausgasse k\u00f6nnen Sie Gold und Silberwaren finden, sowie Schuhe und Mode und vieles mehr. Und nicht zuletzt, k\u00f6nnen Sie die Freiburger \u201cMarkthalle\u201d in der Gr\u00fcw\u00e4lderstra\u03b2e besuchen.<\/li>\n<\/ul>\n<p style=\"text-align: center;\"><strong><i>\u00a0<\/i><span style=\"color: #ff6600;\">Wir versprechen Ihnen eine Erlebnis-Reise.<\/span><\/strong><\/p>\n<h1 style=\"text-align: center;\">*****<\/h1>\n<p style=\"text-align: center;\">HABEN SIE EINE WOCHE FREI?<\/p>\n<p style=\"text-align: center;\"><strong>M\u00d6CHTEN SIE DEN S\u00dcDEN VON DEUTSCHLAND KENNENLERNEN?<\/strong><\/p>\n<h2 style=\"text-align: center;\"><strong>DANN KOMMEN SIE MIT UNS NACH <span style=\"color: #ff6600;\">FREIBURG<\/span>!!<\/strong><\/h2>\n<p style=\"text-align: center;\"><strong>WIR VERSPRECHEN IHNEN EINE ERLEBNISREISE<\/strong>!!<\/p>\n<p>Geniessen Sie eine wunderbare alte Stadt: <img decoding=\"async\" class=\"alignright size-thumbnail wp-image-263 lazyload\" style=\"--smush-placeholder-width: 150px; --smush-placeholder-aspect-ratio: 150\/98;border: 0 none; margin: 10px;\" title=\"Rathaus Freiburg\" data-src=\"https:\/\/reflejarte.es\/DeutschamStrand\/de\/wp-content\/uploads\/2012\/12\/rathaus.jpg?w=150\" alt=\"Rathaus Freiburg\" width=\"150\" height=\"98\" data-srcset=\"https:\/\/reflejarte.es\/DeutschamStrand\/de\/wp-content\/uploads\/2012\/12\/rathaus.jpg 560w, https:\/\/reflejarte.es\/DeutschamStrand\/de\/wp-content\/uploads\/2012\/12\/rathaus-300x197.jpg 300w\" data-sizes=\"(max-width: 150px) 100vw, 150px\" src=\"data:image\/svg+xml;base64,PHN2ZyB3aWR0aD0iMSIgaGVpZ2h0PSIxIiB4bWxucz0iaHR0cDovL3d3dy53My5vcmcvMjAwMC9zdmciPjwvc3ZnPg==\" \/><\/p>\n<p>Freiburg mit seinem M\u00fcnster, seinem Markt, seinem Kaufhaus, seinem Rathaus, seinen B\u00e4chle\u2026<\/p>\n<p>Wandern Sie mit uns im Schwarzwald.<\/p>\n<p>Geniessen Sie die K\u00fcche und die Weine von Freiburg.<\/p>\n<p><b><span style=\"color: #db6523;\">Eine Luxusreise f\u00fcr alle Geldbeutel!!!<img decoding=\"async\" class=\"alignright size-thumbnail wp-image-258 lazyload\" title=\"Chardonayreben vom Kaiserstuhl\" data-src=\"https:\/\/reflejarte.es\/DeutschamStrand\/de\/wp-content\/uploads\/2012\/12\/chardonayreben.jpg?w=150\" alt=\"Chardonayreben vom Kaiserstuhl\" width=\"150\" height=\"129\" data-srcset=\"https:\/\/reflejarte.es\/DeutschamStrand\/de\/wp-content\/uploads\/2012\/12\/chardonayreben.jpg 460w, https:\/\/reflejarte.es\/DeutschamStrand\/de\/wp-content\/uploads\/2012\/12\/chardonayreben-300x258.jpg 300w\" data-sizes=\"(max-width: 150px) 100vw, 150px\" src=\"data:image\/svg+xml;base64,PHN2ZyB3aWR0aD0iMSIgaGVpZ2h0PSIxIiB4bWxucz0iaHR0cDovL3d3dy53My5vcmcvMjAwMC9zdmciPjwvc3ZnPg==\" style=\"--smush-placeholder-width: 150px; --smush-placeholder-aspect-ratio: 150\/129;\" \/><\/span><br \/>\nWas ist im Preis inbegriffen?:<\/b><\/p>\n<p>&#8211;\u00a0\u00a0\u00a0\u00a0\u00a0\u00a0\u00a0\u00a0 <b>An und Abreise<\/b><\/p>\n<p>&#8211;\u00a0\u00a0\u00a0\u00a0\u00a0\u00a0\u00a0\u00a0 <b>6 \u00dcbernachtungen im 4 Sterne Hotel. Halbpension<\/b><\/p>\n<p>&#8211;\u00a0\u00a0\u00a0\u00a0\u00a0\u00a0\u00a0\u00a0 <b>Ausfl\u00fcge in den Schwarzwald und zum Weinberg \u201cSylvaner\u201d<\/b><\/p>\n<p>&#8211;\u00a0\u00a0\u00a0\u00a0\u00a0\u00a0\u00a0\u00a0 <b>Stadtf\u00fchrung. <img decoding=\"async\" class=\"alignright size-thumbnail wp-image-259 lazyload\" title=\"Ausflug in den Schwarzwald\" data-src=\"https:\/\/reflejarte.es\/DeutschamStrand\/de\/wp-content\/uploads\/2012\/12\/fwtm_ausflug_schwarzwald.jpg?w=150\" alt=\"Ausflug in den Schwarzwald\" width=\"150\" height=\"150\" data-srcset=\"https:\/\/reflejarte.es\/DeutschamStrand\/de\/wp-content\/uploads\/2012\/12\/fwtm_ausflug_schwarzwald.jpg 450w, https:\/\/reflejarte.es\/DeutschamStrand\/de\/wp-content\/uploads\/2012\/12\/fwtm_ausflug_schwarzwald-150x150.jpg 150w, https:\/\/reflejarte.es\/DeutschamStrand\/de\/wp-content\/uploads\/2012\/12\/fwtm_ausflug_schwarzwald-300x300.jpg 300w\" data-sizes=\"(max-width: 150px) 100vw, 150px\" src=\"data:image\/svg+xml;base64,PHN2ZyB3aWR0aD0iMSIgaGVpZ2h0PSIxIiB4bWxucz0iaHR0cDovL3d3dy53My5vcmcvMjAwMC9zdmciPjwvc3ZnPg==\" style=\"--smush-placeholder-width: 150px; --smush-placeholder-aspect-ratio: 150\/150;\" \/><\/b><\/p>\n<p>Freiburg ist eine sch\u00f6ne Stadt in Baden, im S\u00fcden von Deutschland, neben Frankreich und der Schweiz. Im Schwarzwald.<\/p>\n<p>Besuchen Sie das gotische M\u00fcnster mit seinem Markt. Gehen Sie durh die historische Altstadt: da gibt es das alte und das neue Rathaus, die typischen \u201cB\u00e4chle\u201d, die Stadttore aus dem Mittelalter, das historische Kaufhaus aus der Gotik und den Schlossberg.<\/p>\n<p>Nehmen Sie die Seilbahn zum Schauinsland.<img decoding=\"async\" class=\"alignright size-thumbnail wp-image-261 lazyload\" title=\"Schauinslandbahn\" data-src=\"https:\/\/reflejarte.es\/DeutschamStrand\/de\/wp-content\/uploads\/2012\/12\/inc-template-schauinslandbahn-de-aktionen-baustellenmarketing-schauinslandbahn-termin-jpg156x1741352109061schauinslandbahn-termin.jpg?w=134\" alt=\"Schauinslandbahn\" width=\"134\" height=\"150\" src=\"data:image\/svg+xml;base64,PHN2ZyB3aWR0aD0iMSIgaGVpZ2h0PSIxIiB4bWxucz0iaHR0cDovL3d3dy53My5vcmcvMjAwMC9zdmciPjwvc3ZnPg==\" style=\"--smush-placeholder-width: 134px; --smush-placeholder-aspect-ratio: 134\/150;\" \/><\/p>\n<p><img decoding=\"async\" class=\"alignleft size-full wp-image-252 lazyload\" style=\"--smush-placeholder-width: 139px; --smush-placeholder-aspect-ratio: 139\/177;border: 0 none; margin: 10px;\" title=\"ein Freiburger 'B\u00e4chle'\" data-src=\"https:\/\/reflejarte.es\/DeutschamStrand\/de\/wp-content\/uploads\/2012\/12\/shopping.jpg\" alt=\"ein Freiburger 'B\u00e4chle'\" width=\"139\" height=\"177\" src=\"data:image\/svg+xml;base64,PHN2ZyB3aWR0aD0iMSIgaGVpZ2h0PSIxIiB4bWxucz0iaHR0cDovL3d3dy53My5vcmcvMjAwMC9zdmciPjwvc3ZnPg==\" \/>Besuchen Sie Freiburg zu Fuss. Fast die ganze Innenstadt Freiburgs ist Fussg\u00e4ngerzone. Rad ist auch eine gute Wahl. Mehr als 400 Kilometer Radverkehrnetz. Und mit Bussen und Bahnen k\u00f6nnen Sie in Stadt und Region schnell, sicher und bequem voran.<\/p>\n<p>Essen und Trinken. Freiburg bietet f\u00fcr jeden Gaumen und Geldbeutel etwas. \u00dcberall k\u00f6nnen Sie die badische K\u00fcche und den badischen Wein kennenlernen. Gegen Ende April beginnt die kulinarische Hochsaison (2 Monate). Sie k\u00f6nnen die \u201cSpargel vom Tuniberg\u201d kosten.<img decoding=\"async\" class=\"alignright size-thumbnail wp-image-262 lazyload\" style=\"--smush-placeholder-width: 150px; --smush-placeholder-aspect-ratio: 150\/40;border: 0 none; margin-top: 10px; margin-bottom: 10px;\" title=\"Weinberg am Kaiserstuhl\" data-src=\"https:\/\/reflejarte.es\/DeutschamStrand\/de\/wp-content\/uploads\/2012\/12\/kaiserstuhl-weinberge.jpg?w=150\" alt=\"Weinberg am Kaiserstuhl\" width=\"150\" height=\"40\" data-srcset=\"https:\/\/reflejarte.es\/DeutschamStrand\/de\/wp-content\/uploads\/2012\/12\/kaiserstuhl-weinberge.jpg 972w, https:\/\/reflejarte.es\/DeutschamStrand\/de\/wp-content\/uploads\/2012\/12\/kaiserstuhl-weinberge-300x81.jpg 300w, https:\/\/reflejarte.es\/DeutschamStrand\/de\/wp-content\/uploads\/2012\/12\/kaiserstuhl-weinberge-768x209.jpg 768w\" data-sizes=\"(max-width: 150px) 100vw, 150px\" src=\"data:image\/svg+xml;base64,PHN2ZyB3aWR0aD0iMSIgaGVpZ2h0PSIxIiB4bWxucz0iaHR0cDovL3d3dy53My5vcmcvMjAwMC9zdmciPjwvc3ZnPg==\" \/><\/p>\n<p><b><i>\u00a0\u00a0\u00a0\u00a0\u00a0\u00a0\u00a0\u00a0\u00a0\u00a0\u00a0\u00a0\u00a0\u00a0\u00a0\u00a0\u00a0\u00a0\u00a0\u00a0\u00a0\u00a0\u00a0\u00a0\u00a0\u00a0\u00a0\u00a0\u00a0\u00a0\u00a0\u00a0\u00a0\u00a0 UND ALLES F\u00dcR <\/i><\/b><\/p>\n<p><b><i>\u00a0\u00a0\u00a0\u00a0\u00a0\u00a0\u00a0\u00a0\u00a0\u00a0\u00a0\u00a0\u00a0\u00a0\u00a0\u00a0\u00a0\u00a0\u00a0\u00a0\u00a0\u00a0\u00a0\u00a0\u00a0\u00a0\u00a0\u00a0\u00a0\u00a0\u00a0\u00a0\u00a0\u00a0\u00a0\u00a0\u00a0\u00a0\u00a0\u00a0\u00a0\u00a0\u00a0\u00a0\u00a0\u00a0\u00a0\u00a0\u00a0\u00a0\u00a0 <span style=\"color: #ff6600;\">NUR <span style=\"color: #000000;\">699\u20ac<\/span> PRO PERSON<\/span>!!!!!<\/i><\/b><\/p>\n<p style=\"text-align: center;\">\n","protected":false},"excerpt":{"rendered":"<p>PLAYA-Reisen ist unser virtuelles Reiseb\u00fcro. Hier\u00a0 gibt es Informationen f\u00fcr Reisen nach Deutschland, Spanien und Andalusien. Die Texte sind von den verschiedenen Deutschkursen. Viel Spa\u00df beim Lesen und Reisen! ***** 2 Reiseprospekte vom Kurs A 1.2 URLAUBSREISE NACH FREIBURG \u00a0IM S\u00dcDEN DEUTSCHLANDS Haben Sie eine Woche frei? M\u00f6chten Sie den&#8230;<\/p>\n<p> <a class=\"continue-reading-link\" href=\"https:\/\/reflejarte.es\/DeutschamStrand\/de\/blog-fuer-deutschschueler\/playa-reisen\/\"><span>weiterlesen &#8230;<\/span><i class=\"crycon-right-dir\"><\/i><\/a> <\/p>\n","protected":false},"author":4,"featured_media":0,"parent":5,"menu_order":2,"comment_status":"open","ping_status":"closed","template":"","meta":{"footnotes":""},"class_list":["post-200","page","type-page","status-publish","hentry"],"_links":{"self":[{"href":"https:\/\/reflejarte.es\/DeutschamStrand\/de\/wp-json\/wp\/v2\/pages\/200","targetHints":{"allow":["GET"]}}],"collection":[{"href":"https:\/\/reflejarte.es\/DeutschamStrand\/de\/wp-json\/wp\/v2\/pages"}],"about":[{"href":"https:\/\/reflejarte.es\/DeutschamStrand\/de\/wp-json\/wp\/v2\/types\/page"}],"author":[{"embeddable":true,"href":"https:\/\/reflejarte.es\/DeutschamStrand\/de\/wp-json\/wp\/v2\/users\/4"}],"replies":[{"embeddable":true,"href":"https:\/\/reflejarte.es\/DeutschamStrand\/de\/wp-json\/wp\/v2\/comments?post=200"}],"version-history":[{"count":2,"href":"https:\/\/reflejarte.es\/DeutschamStrand\/de\/wp-json\/wp\/v2\/pages\/200\/revisions"}],"predecessor-version":[{"id":4101,"href":"https:\/\/reflejarte.es\/DeutschamStrand\/de\/wp-json\/wp\/v2\/pages\/200\/revisions\/4101"}],"up":[{"embeddable":true,"href":"https:\/\/reflejarte.es\/DeutschamStrand\/de\/wp-json\/wp\/v2\/pages\/5"}],"wp:attachment":[{"href":"https:\/\/reflejarte.es\/DeutschamStrand\/de\/wp-json\/wp\/v2\/media?parent=200"}],"curies":[{"name":"wp","href":"https:\/\/api.w.org\/{rel}","templated":true}]}}