{"id":1825,"date":"2019-12-28T09:27:33","date_gmt":"2019-12-28T08:27:33","guid":{"rendered":"https:\/\/reflejarte.es\/DeutschamStrand\/?page_id=1825"},"modified":"2023-09-20T09:22:56","modified_gmt":"2023-09-20T07:22:56","slug":"nutzungsbedingungen-copyright-condiciones-de-uso","status":"publish","type":"page","link":"https:\/\/reflejarte.es\/DeutschamStrand\/de\/nutzungsbedingungen-copyright-condiciones-de-uso\/","title":{"rendered":"Nutzungsbedingungen \u00b7 Copyright \u00b7 Urheberrecht \u00b7 Impressum"},"content":{"rendered":"<p><a href=\"https:\/\/reflejarte.es\/DeutschamStrand\/es\/nutzungsbedingungen-copyright-condiciones-de-uso\/\" target=\"_blank\" rel=\"noopener\"><img decoding=\"async\" class=\"alignleft wp-image-3997 size-full lazyload\" title=\"leer en espa\u00f1ol - auf Spanisch lesen\" data-src=\"https:\/\/reflejarte.es\/DeutschamStrand\/de\/wp-content\/uploads\/2023\/05\/auf-Spanisch-lesen.png\" alt=\"leer en espa\u00f1ol - auf Spanisch lesen\" width=\"182\" height=\"31\" data-srcset=\"https:\/\/reflejarte.es\/DeutschamStrand\/de\/wp-content\/uploads\/2023\/05\/auf-Spanisch-lesen.png 182w, https:\/\/reflejarte.es\/DeutschamStrand\/de\/wp-content\/uploads\/2023\/05\/auf-Spanisch-lesen-150x26.png 150w\" data-sizes=\"(max-width: 182px) 100vw, 182px\" src=\"data:image\/svg+xml;base64,PHN2ZyB3aWR0aD0iMSIgaGVpZ2h0PSIxIiB4bWxucz0iaHR0cDovL3d3dy53My5vcmcvMjAwMC9zdmciPjwvc3ZnPg==\" style=\"--smush-placeholder-width: 182px; --smush-placeholder-aspect-ratio: 182\/31;\" \/><\/a><\/p>\n<h4><\/h4>\n<h4><\/h4>\n<h4 style=\"text-align: center;\">Nutzungsbedingungen \u00b7 Impressum \u00b7\u00a0 Kontakt<\/h4>\n<h1 class=\"widget-title\" style=\"text-align: center;\"><strong>Benutzungshinweis \u00b7 Urheberrecht<br \/>\n<\/strong><\/h1>\n<div class=\"textwidget custom-html-widget\">\n<p>Die Inhalte von reflejarte.es\/DeutschamStrand werden f\u00fcr den pers\u00f6nlichen Gebrauch im Sprachunterricht ver\u00f6ffentlicht, d\u00fcrfen aber ohne ausdr\u00fcckliche schriftliche Genehmigung von reflejarte.es nicht kommerziell genutzt werden: es ist unzul\u00e4ssig, die Texte und Materialien au\u00dferhalb der privaten Nutzung zu reproduzieren, zu verteilen oder zu ver\u00f6ffentlichen, weder in traditioneller noch in digitaler bzw. virtueller Weise.<br \/>\nSprachlehrende und -lernende k\u00f6nnen das hier vorgestellte Material frei im Unterricht verwenden und es f\u00fcr diesen Zweck kostenlos downloaden und vervielf\u00e4ltigen. Im Material enthaltene Hinweise auf die Web von reflejArte und Deutsch am Strand d\u00fcrfen dabei nicht entfernt werden.<\/p>\n<p>&nbsp;<\/p>\n<\/div>\n<hr \/>\n<h2 style=\"text-align: center;\">Impressum \u00b7 Kontakt-Informationen<\/h2>\n<p>Kontaktiere reflejArte\u00b7es \u00fcber unsere E-Mail-Adresse<br \/>\n<img decoding=\"async\" class=\"wp-image-896 alignnone ls-is-cached lazyloaded\" src=\"https:\/\/reflejarte.es\/DeutschamStrand\/de\/wp-content\/uploads\/2018\/06\/contacto-reflejArteMail.png\" sizes=\"(max-width: 173px) 100vw, 173px\" srcset=\"https:\/\/reflejarte.es\/DeutschamStrand\/de\/wp-content\/uploads\/2018\/06\/contacto-reflejArteMail.png 173w, https:\/\/reflejarte.es\/DeutschamStrand\/de\/wp-content\/uploads\/2018\/06\/contacto-reflejArteMail-150x16.png 150w\" alt=\"Contacta con reflejArte.es por email - E-Mail-Kontakt zu reflejArte.es\" width=\"173\" height=\"19\" data-srcset=\"https:\/\/reflejarte.es\/DeutschamStrand\/de\/wp-content\/uploads\/2018\/06\/contacto-reflejArteMail.png 173w, https:\/\/reflejarte.es\/DeutschamStrand\/de\/wp-content\/uploads\/2018\/06\/contacto-reflejArteMail-150x16.png 150w\" data-src=\"https:\/\/reflejarte.es\/DeutschamStrand\/de\/wp-content\/uploads\/2018\/06\/contacto-reflejArteMail.png\" data-sizes=\"(max-width: 173px) 100vw, 173px\" \/>\u00a0 oder unser\u00a0 <a href=\"https:\/\/reflejarte.es\/DeutschamStrand\/de\/kontakt\/\">Kontaktformular<\/a><br \/>\nreflejArte\u00b7es<br \/>\n\u00c1lamos, 8. 18418 C\u00e1\u00f1ar<br \/>\nSpanien<br \/>\nWebsite: <a href=\"https:\/\/reflejarte.es\/DeutschamStrand\/de\/\">https:\/\/reflejarte.es\/DeutschamStrand\/de<\/a><br \/>\nWir antworten dir gerne und so bald wie m\u00f6glich.<\/p>\n","protected":false},"excerpt":{"rendered":"<p>Nutzungsbedingungen \u00b7 Impressum \u00b7\u00a0 Kontakt Benutzungshinweis \u00b7 Urheberrecht Die Inhalte von reflejarte.es\/DeutschamStrand werden f\u00fcr den pers\u00f6nlichen Gebrauch im Sprachunterricht ver\u00f6ffentlicht, d\u00fcrfen aber ohne ausdr\u00fcckliche schriftliche Genehmigung von reflejarte.es nicht kommerziell genutzt werden: es ist unzul\u00e4ssig, die Texte und Materialien au\u00dferhalb der privaten Nutzung zu reproduzieren, zu verteilen oder zu ver\u00f6ffentlichen,&#8230;<\/p>\n<p> <a class=\"continue-reading-link\" href=\"https:\/\/reflejarte.es\/DeutschamStrand\/de\/nutzungsbedingungen-copyright-condiciones-de-uso\/\"><span>weiterlesen &#8230;<\/span><i class=\"crycon-right-dir\"><\/i><\/a> <\/p>\n","protected":false},"author":1,"featured_media":0,"parent":0,"menu_order":0,"comment_status":"closed","ping_status":"closed","template":"","meta":{"footnotes":""},"class_list":["post-1825","page","type-page","status-publish","hentry"],"_links":{"self":[{"href":"https:\/\/reflejarte.es\/DeutschamStrand\/de\/wp-json\/wp\/v2\/pages\/1825","targetHints":{"allow":["GET"]}}],"collection":[{"href":"https:\/\/reflejarte.es\/DeutschamStrand\/de\/wp-json\/wp\/v2\/pages"}],"about":[{"href":"https:\/\/reflejarte.es\/DeutschamStrand\/de\/wp-json\/wp\/v2\/types\/page"}],"author":[{"embeddable":true,"href":"https:\/\/reflejarte.es\/DeutschamStrand\/de\/wp-json\/wp\/v2\/users\/1"}],"replies":[{"embeddable":true,"href":"https:\/\/reflejarte.es\/DeutschamStrand\/de\/wp-json\/wp\/v2\/comments?post=1825"}],"version-history":[{"count":10,"href":"https:\/\/reflejarte.es\/DeutschamStrand\/de\/wp-json\/wp\/v2\/pages\/1825\/revisions"}],"predecessor-version":[{"id":4098,"href":"https:\/\/reflejarte.es\/DeutschamStrand\/de\/wp-json\/wp\/v2\/pages\/1825\/revisions\/4098"}],"wp:attachment":[{"href":"https:\/\/reflejarte.es\/DeutschamStrand\/de\/wp-json\/wp\/v2\/media?parent=1825"}],"curies":[{"name":"wp","href":"https:\/\/api.w.org\/{rel}","templated":true}]}}