{"id":165,"date":"2012-11-30T12:18:13","date_gmt":"2012-11-30T11:18:13","guid":{"rendered":"http:\/\/deutschamstrand.wordpress.com\/?page_id=165"},"modified":"2023-11-16T12:20:21","modified_gmt":"2023-11-16T11:20:21","slug":"raetsel-ratespiele-quizspiele-juegos-de-quiz-y-adivinanzas","status":"publish","type":"page","link":"https:\/\/reflejarte.es\/DeutschamStrand\/de\/spiele\/raetsel-ratespiele-quizspiele-juegos-de-quiz-y-adivinanzas\/","title":{"rendered":"R\u00e4tsel + Ratespiele"},"content":{"rendered":"<p>&nbsp;<\/p>\n<p><span style='color: #fd6300;position: relative; top: -25px; bottom: -45px;'>Letzte Aktualisierung: 16.11.2023<\/span><a href=\"https:\/\/reflejarte.es\/DeutschamStrand\/es\/raetsel-ratespiele-quizspiele-juegos-de-quiz-y-adivinanzas\/\" target=\"_blank\" rel=\"noopener\"><img decoding=\"async\" class=\"wp-image-3997 size-full alignright lazyload\" title=\"leer la versi\u00f3n espa\u00f1ola, con explicaciones para no-nativos del alem\u00e1n\" data-src=\"https:\/\/reflejarte.es\/DeutschamStrand\/de\/wp-content\/uploads\/2023\/05\/auf-Spanisch-lesen.png\" alt=\"auf Spanisch lesen\" width=\"182\" height=\"31\" data-srcset=\"https:\/\/reflejarte.es\/DeutschamStrand\/de\/wp-content\/uploads\/2023\/05\/auf-Spanisch-lesen.png 182w, https:\/\/reflejarte.es\/DeutschamStrand\/de\/wp-content\/uploads\/2023\/05\/auf-Spanisch-lesen-150x26.png 150w\" data-sizes=\"(max-width: 182px) 100vw, 182px\" src=\"data:image\/svg+xml;base64,PHN2ZyB3aWR0aD0iMSIgaGVpZ2h0PSIxIiB4bWxucz0iaHR0cDovL3d3dy53My5vcmcvMjAwMC9zdmciPjwvc3ZnPg==\" style=\"--smush-placeholder-width: 182px; --smush-placeholder-aspect-ratio: 182\/31;\" \/><\/a><\/p>\n<h1><\/h1>\n<h1 style=\"text-align: center;\">R\u00e4tsel + Ratespiele<\/h1>\n<h2 style=\"text-align: center;\">Quizspiele, Kreuzwortr\u00e4tsel, Dominospiele, &#8230;<\/h2>\n<h3 style=\"text-align: center;\">Beitr\u00e4ge und externe Links<\/h3>\n<p>&nbsp;<\/p>\n<ul class=\"lcp_catlist\" id=\"lcp_instance_0\"><li><a href=\"https:\/\/reflejarte.es\/DeutschamStrand\/de\/das-wetter-dominospiel-a1-a2\/\">Das Wetter &#8211; Dominospiel zum Ausdrucken \u00b7 A1.3 \/ A2<\/a><\/li><li><a href=\"https:\/\/reflejarte.es\/DeutschamStrand\/de\/ein-fall-fuer-detektiv-ak-die-trennverben-im-deutschen-hauptsatz-arbeitsblatt-ficha\/\">Ein Fall f\u00fcr Detektiv AK &#8211; die Trennverben im deutschen Hauptsatz<\/a><\/li><li><a href=\"https:\/\/reflejarte.es\/DeutschamStrand\/de\/ratespiel-personen-beschreiben-farben-kleidung-quiz-describir-adjetivos-colores-vestimenta\/\">Wer ist das? Personen beschreiben<br>Quizspiel zum \u00dcben von Farben und Kleidung A1 (+ Adjektivdeklination A2)<\/a><\/li><li><a href=\"https:\/\/reflejarte.es\/DeutschamStrand\/de\/memory-der-koerper-spielkarten-arbeitsblaetter-zum-ausdrucken_mi-cuerpo-en-aleman-fichas-imprimir\/\">Memory &#8222;Mein K\u00f6rper&#8220; \u00b7 Spielkarten\/Arbeitsbl\u00e4tter zum Ausdrucken<\/a><\/li><li><a href=\"https:\/\/reflejarte.es\/DeutschamStrand\/de\/koerperteile-vokabeltrainer-deutsch-el-cuerpo-en-aleman-quiz\/\">Der K\u00f6rper \u00b7 Quiz \u00b7 Vokabeltrainer mit Bildern+Audio \u00b7 interaktive \u00dcbungen<\/a><\/li><li><a href=\"https:\/\/reflejarte.es\/DeutschamStrand\/de\/uhrzeit-auf-deutsch-lern-quiz-interactivo-para-aprender-la-hora-en-aleman\/\">Die Uhrzeit auf Deutsch, formell und umgangssprachlich<br>Erkl\u00e4rung und interaktive \u00dcbungen A1\/A2<\/a><\/li><\/ul>\n<hr \/>\n<p>&nbsp;<\/p>\n<h3><img decoding=\"async\" class=\"wp-image-169 alignright lazyload\" title=\"das Kreuzwortr\u00e4tsel, -\" data-src=\"https:\/\/reflejarte.es\/DeutschamStrand\/de\/wp-content\/uploads\/2012\/11\/kreuzwortrc3a4tsel.jpg\" alt=\"das Kreuzwortr\u00e4tsel, -\" width=\"110\" height=\"156\" src=\"data:image\/svg+xml;base64,PHN2ZyB3aWR0aD0iMSIgaGVpZ2h0PSIxIiB4bWxucz0iaHR0cDovL3d3dy53My5vcmcvMjAwMC9zdmciPjwvc3ZnPg==\" style=\"--smush-placeholder-width: 110px; --smush-placeholder-aspect-ratio: 110\/156;\" \/><\/h3>\n<p><strong><span style=\"text-decoration: underline;\">Die Familie <\/span><\/strong>\u00a0 (A1)<\/p>\n<p>Wie hei\u00dfen die Leute in der Familie?<br \/>\nEin Kreuzwortr\u00e4tsel mit Verwandtschaftsbezeichnungen von comunicArte.<br \/>\nDu liest die Definitionen und schreibst deine Antworten.<br \/>\nEin Tipp: in den deutschen Kreuzwortr\u00e4tseln ersetzt man den Buchstaben \u00df durch ss!<\/p>\n<p><img decoding=\"async\" class=\"aligncenter size-full wp-image-4461 lazyload\" data-src=\"https:\/\/reflejarte.es\/DeutschamStrand\/de\/wp-content\/uploads\/2023\/11\/Kreuzwortraetsel-Familie.jpg\" alt=\"Kreuzwortr\u00e4tsel Familienbezeichnungen\" width=\"901\" height=\"607\" data-srcset=\"https:\/\/reflejarte.es\/DeutschamStrand\/de\/wp-content\/uploads\/2023\/11\/Kreuzwortraetsel-Familie.jpg 901w, https:\/\/reflejarte.es\/DeutschamStrand\/de\/wp-content\/uploads\/2023\/11\/Kreuzwortraetsel-Familie-300x202.jpg 300w, https:\/\/reflejarte.es\/DeutschamStrand\/de\/wp-content\/uploads\/2023\/11\/Kreuzwortraetsel-Familie-150x101.jpg 150w, https:\/\/reflejarte.es\/DeutschamStrand\/de\/wp-content\/uploads\/2023\/11\/Kreuzwortraetsel-Familie-768x517.jpg 768w\" data-sizes=\"(max-width: 901px) 100vw, 901px\" src=\"data:image\/svg+xml;base64,PHN2ZyB3aWR0aD0iMSIgaGVpZ2h0PSIxIiB4bWxucz0iaHR0cDovL3d3dy53My5vcmcvMjAwMC9zdmciPjwvc3ZnPg==\" style=\"--smush-placeholder-width: 901px; --smush-placeholder-aspect-ratio: 901\/607;\" \/><\/p>\n<hr \/>\n<p><strong><span style=\"text-decoration: underline;\"><a title=\"Das Wetter-Domino. Wie beschreibt man das Wetter auf Deutsch?\" href=\"https:\/\/reflejarte.es\/DeutschamStrand\/de\/das-wetter-dominospiel-a1-a2\/\" target=\"_blank\" rel=\"noopener noreferrer\">Das Wetter &#8211; interaktives Domino<\/a><\/span><\/strong>\u00a0 (A2) <a href=\"https:\/\/reflejarte.es\/DeutschamStrand\/de\/das-wetter-dominospiel-a1-a2\/\" target=\"_blank\" rel=\"attachment noopener wp-att-175 noreferrer\"><img decoding=\"async\" class=\"alignright wp-image-175 size-thumbnail lazyload\" data-src=\"https:\/\/reflejarte.es\/DeutschamStrand\/de\/wp-content\/uploads\/2012\/11\/regenbogen.jpg?w=150\" alt=\"der Regenbogen, die Regenb\u00f6gen\" width=\"150\" height=\"112\" src=\"data:image\/svg+xml;base64,PHN2ZyB3aWR0aD0iMSIgaGVpZ2h0PSIxIiB4bWxucz0iaHR0cDovL3d3dy53My5vcmcvMjAwMC9zdmciPjwvc3ZnPg==\" style=\"--smush-placeholder-width: 150px; --smush-placeholder-aspect-ratio: 150\/112;\" \/><\/a><\/p>\n<p>Wie beschreibt man das Wetter auf Deutsch?<br \/>\nEin Domino-Spiel\u00a0 zum Ausdrucken, von comunicArte.<br \/>\nSucht die zusammenpassenden Ausdr\u00fccke.<\/p>\n<p>Es ist sehr wichtig, \u00fcber das Wetter sprechen zu k\u00f6nnen.<br \/>\nEs ist ein Thema, das f\u00fcr alle verst\u00e4ndlich ist und jeden betrifft, aber es ist nichts Pers\u00f6nliches. Darum eignet sich das Thema Wetter besonders f\u00fcr die Konversation mit unbekannten Personen.<\/p>\n<hr \/>\n<hr \/>\n<p>&nbsp;<\/p>\n","protected":false},"excerpt":{"rendered":"<p>&nbsp; R\u00e4tsel + Ratespiele Quizspiele, Kreuzwortr\u00e4tsel, Dominospiele, &#8230; Beitr\u00e4ge und externe Links &nbsp; &nbsp; Die Familie \u00a0 (A1) Wie hei\u00dfen die Leute in der Familie? Ein Kreuzwortr\u00e4tsel mit Verwandtschaftsbezeichnungen von comunicArte. Du liest die Definitionen und schreibst deine Antworten. Ein Tipp: in den deutschen Kreuzwortr\u00e4tseln ersetzt man den Buchstaben \u00df&#8230;<\/p>\n<p> <a class=\"continue-reading-link\" href=\"https:\/\/reflejarte.es\/DeutschamStrand\/de\/spiele\/raetsel-ratespiele-quizspiele-juegos-de-quiz-y-adivinanzas\/\"><span>weiterlesen &#8230;<\/span><i class=\"crycon-right-dir\"><\/i><\/a> <\/p>\n","protected":false},"author":4,"featured_media":169,"parent":56,"menu_order":0,"comment_status":"open","ping_status":"closed","template":"","meta":{"footnotes":""},"class_list":["post-165","page","type-page","status-publish","has-post-thumbnail","hentry"],"_links":{"self":[{"href":"https:\/\/reflejarte.es\/DeutschamStrand\/de\/wp-json\/wp\/v2\/pages\/165","targetHints":{"allow":["GET"]}}],"collection":[{"href":"https:\/\/reflejarte.es\/DeutschamStrand\/de\/wp-json\/wp\/v2\/pages"}],"about":[{"href":"https:\/\/reflejarte.es\/DeutschamStrand\/de\/wp-json\/wp\/v2\/types\/page"}],"author":[{"embeddable":true,"href":"https:\/\/reflejarte.es\/DeutschamStrand\/de\/wp-json\/wp\/v2\/users\/4"}],"replies":[{"embeddable":true,"href":"https:\/\/reflejarte.es\/DeutschamStrand\/de\/wp-json\/wp\/v2\/comments?post=165"}],"version-history":[{"count":14,"href":"https:\/\/reflejarte.es\/DeutschamStrand\/de\/wp-json\/wp\/v2\/pages\/165\/revisions"}],"predecessor-version":[{"id":4466,"href":"https:\/\/reflejarte.es\/DeutschamStrand\/de\/wp-json\/wp\/v2\/pages\/165\/revisions\/4466"}],"up":[{"embeddable":true,"href":"https:\/\/reflejarte.es\/DeutschamStrand\/de\/wp-json\/wp\/v2\/pages\/56"}],"wp:featuredmedia":[{"embeddable":true,"href":"https:\/\/reflejarte.es\/DeutschamStrand\/de\/wp-json\/wp\/v2\/media\/169"}],"wp:attachment":[{"href":"https:\/\/reflejarte.es\/DeutschamStrand\/de\/wp-json\/wp\/v2\/media?parent=165"}],"curies":[{"name":"wp","href":"https:\/\/api.w.org\/{rel}","templated":true}]}}